{"id":6742,"date":"2022-02-23T18:53:40","date_gmt":"2022-02-23T18:53:40","guid":{"rendered":"https:\/\/mundo.seashell.pt\/?post_type=product&#038;p=6742"},"modified":"2022-02-23T18:53:43","modified_gmt":"2022-02-23T18:53:43","slug":"herbal-essences-mascara-025l","status":"publish","type":"product","link":"https:\/\/mundo.seashell.pt\/?product=herbal-essences-mascara-025l","title":{"rendered":"Herbal Essences M\u00e1scara 250ml"},"content":{"rendered":"<p>Agora, associ\u00e1mo-nos aos Royal Botanic Gardens, Kew, uma autoridade mundial no que diz respeito \u00e0s plantas, para apoiar os verdadeiros produtos bot\u00e2nicos. A bio:renew da Herbal Essences \u00d3leo de Arg\u00e3o de Marrocos \u00e9 uma m\u00e1scara de origem 90% natural*, com ingredientes naturais e um antioxidante ativo que ajuda a purificar e proteger o cabelo.<br \/>* \u00e1gua purificada e produtos com ingredientes de origem natural, pouco processados.<\/p>\n<p>Agora, associ\u00e1mo-nos aos Royal Botanic Gardens, Kew, uma autoridade mundial no que diz respeito \u00e0s plantas, para apoiar os verdadeiros produtos bot\u00e2nicos. A bio:renew da Herbal Essences \u00d3leo de Arg\u00e3o de Marrocos \u00e9 uma m\u00e1scara de origem 90% natural*, com ingredientes naturais e um antioxidante ativo que ajuda a purificar e proteger o cabelo.<br \/>* \u00e1gua purificada e produtos com ingredientes de origem natural, pouco processados.<\/p>\n<h3>Benef\u00edcios:<\/h3>\n<p>&#8211; Parceria com os Royal Botanic Gardens, Kew, uma autoridade mundial no que diz respeito \u00e0s plantas, para apoiar os verdadeiros produtos bot\u00e2nicos;<br \/>&#8211; Esta m\u00e1scara tem 0% de corantes e parafina;<br \/>&#8211; 90% de ingredientes de origem natural* (*\u00e1gua purificada e materiais com ingredientes provenientes de fontes naturais, com pouco tratamento);<br \/>&#8211; A m\u00e1scara \u00d3leo de Arg\u00e3o de Marrocos ajuda a restaurar a suavidade;<br \/>&#8211; pH equilibrado e delicado para cabelo com colora\u00e7\u00e3o.<\/p>\n<p>Conselhos de utiliza\u00e7\u00e3o:<\/p>\n<p>Aplique a m\u00e1scara abundantemente no cabelo molhado. Deixe atuar durante 3 minutos e depois enxague.<\/p>\n<p><\/p>\n<p><\/p><\/p>\n","protected":false},"excerpt":{"rendered":"<p>Agora, associ\u00e1mo-nos aos Royal Botanic Gardens, Kew, uma autoridade mundial no que diz respeito \u00e0s plantas, para apoiar os verdadeiros produtos bot\u00e2nicos. A bio:renew da Herbal Essences \u00d3leo de Arg\u00e3o de Marrocos \u00e9 uma m\u00e1scara de origem 90% natural*, com ingredientes naturais e um antioxidante ativo que ajuda a purificar e proteger o cabelo.<\/p>\n","protected":false},"featured_media":6743,"template":"","meta":{"spay_email":""},"product_cat":[15],"product_tag":[],"class_list":{"0":"post-6742","1":"product","2":"type-product","3":"status-publish","4":"has-post-thumbnail","6":"product_cat-sem-categoria","8":"first","9":"instock","10":"taxable","11":"shipping-taxable","12":"purchasable","13":"product-type-simple"},"acf":[],"jetpack-related-posts":[{"id":6718,"url":"https:\/\/mundo.seashell.pt\/?product=herbal-essences-champo-025l","url_meta":{"origin":6742,"position":0},"title":"Herbal Essences Champ\u00f4 250ml","date":"Fevereiro 23, 2022","format":false,"excerpt":"Agora, associ\u00e1mo-nos aos Royal Botanic Gardens, Kew, uma autoridade mundial no que diz respeito \u00e0s plantas, para apoiar os verdadeiros produtos bot\u00e2nicos. O bio:renew da Herbal Essences \u00e9 um champ\u00f4 de origem 90% natural*, com ingredientes naturais e um antioxidante ativo que ajuda a purificar e a proteger o cabelo.*\u2026","rel":"","context":"Similar post","img":{"alt_text":"","src":"https:\/\/i0.wp.com\/mundo.seashell.pt\/wp-content\/uploads\/2022\/02\/HERBAL_CHAMPO__HIDRATA_LEITE_COCO_250ML_8001841964744.png?resize=350%2C200&ssl=1","width":350,"height":200},"classes":[]},{"id":6732,"url":"https:\/\/mundo.seashell.pt\/?product=herbal-essences-concidionador-feminino-02l","url_meta":{"origin":6742,"position":1},"title":"Herbal Essences Concidionador Feminino 200ml","date":"Fevereiro 23, 2022","format":false,"excerpt":"Agora, associ\u00e1mo-nos aos Royal Botanic Gardens, Kew, uma autoridade mundial no que diz respeito \u00e0s plantas, para apoiar os verdadeiros produtos bot\u00e2nicos. O Herbal Essences Leite de Coco \u00e9 um Champ\u00f4 de origem 90% natural*, com ingredientes naturais e um antioxidante ativo que ajuda a purificar e proteger o cabelo.Benef\u00edcios:","rel":"","context":"Similar post","img":{"alt_text":"","src":"https:\/\/i0.wp.com\/mundo.seashell.pt\/wp-content\/uploads\/2022\/02\/HERBAL_CONDICIONADOR_HIDRATA_LEITE_COCO_200ML_8001841964621.png?resize=350%2C200&ssl=1","width":350,"height":200},"classes":[]},{"id":6744,"url":"https:\/\/mundo.seashell.pt\/?product=herbal-essences-oleo-reparador-010l","url_meta":{"origin":6742,"position":2},"title":"Herbal Essences \u00d3leo Reparador 100ml","date":"Fevereiro 23, 2022","format":false,"excerpt":"\u00d3leo Reparador Herbal Essences A f\u00f3rmula de mistura do \u00f3leo de fase dupla suaviza o cabelo para evitar que este se parta, ajuda a reparar o cabelo danificado (repara os danos causados pelo styling) e torna-o naturalmente brilhante. Benef\u00edcios: - \u00d3leo de cabelo com \u00f3leo de arg\u00e3o e alo\u00e9;- F\u00f3rmula\u2026","rel":"","context":"Similar post","img":{"alt_text":"","src":"https:\/\/i0.wp.com\/mundo.seashell.pt\/wp-content\/uploads\/2022\/02\/HERBAL_O_LEO_ARGAO_100ML_8001841535944.png?resize=350%2C200&ssl=1","width":350,"height":200},"classes":[]},{"id":6700,"url":"https:\/\/mundo.seashell.pt\/?product=toalhitas-suaves-50-unidades","url_meta":{"origin":6742,"position":3},"title":"Toalhitas Suaves &#8211; 50 unidades","date":"Fevereiro 23, 2022","format":false,"excerpt":"NIVEA Toalhitas de Limpeza Suaves 3 em 1 Removem a maquilhagem e a m\u00e1scara waterproof, e limpam delicadamente. Tecido derivado de plantas e f\u00f3rmula sem micropl\u00e1sticos F\u00f3rmula de cuidado enriquecida com \u00d3leo de Am\u00eandoa Natural e feita com ingredientes de origem natural para uma utiliza\u00e7\u00e3o di\u00e1ria. Hidrata...","rel":"","context":"Similar post","img":{"alt_text":"","src":"https:\/\/i0.wp.com\/mundo.seashell.pt\/wp-content\/uploads\/2022\/02\/82316-06600-08_Toalhitas_de_Limpeza_Suaves_Pele_SS_L2P1_4005900450074.png?resize=350%2C200&ssl=1","width":350,"height":200},"classes":[]},{"id":6910,"url":"https:\/\/mundo.seashell.pt\/?product=colgate-herbal-75ml","url_meta":{"origin":6742,"position":4},"title":"Colgate Herbal 75ml","date":"Fevereiro 23, 2022","format":false,"excerpt":"Colgate Herbal cont\u00e9m uma combina\u00e7\u00e3o de sais minerais com uma mistura \u00fanica de extractos de plantas com propriedades reconhecidas.Descri\u00e7\u00e3o: Combina o conhecimento cient\u00edfico da Colgate sobre higiene oral com as propriedades das melhores plantas da natureza, para dentes e gengivas mais saud\u00e1veis. Tipo de produto:","rel":"","context":"Similar post","img":{"alt_text":"","src":"https:\/\/i0.wp.com\/mundo.seashell.pt\/wp-content\/uploads\/2022\/02\/Colgate_Herbal_75ml_8714789064406.png?resize=350%2C200&ssl=1","width":350,"height":200},"classes":[]},{"id":5649,"url":"https:\/\/mundo.seashell.pt\/?product=lotion-cream-800ml","url_meta":{"origin":6742,"position":5},"title":"Sab\u00e3o de M\u00e3os Lotion Cream","date":"Fevereiro 23, 2022","format":false,"excerpt":"Sab\u00e3o de m\u00e3os natural em creme perfumado","rel":"","context":"Similar post","img":{"alt_text":"","src":"https:\/\/i0.wp.com\/mundo.seashell.pt\/wp-content\/uploads\/2022\/02\/lotion_cream.jpg?resize=350%2C200&ssl=1","width":350,"height":200},"classes":[]}],"_links":{"self":[{"href":"https:\/\/mundo.seashell.pt\/index.php?rest_route=\/wp\/v2\/product\/6742","targetHints":{"allow":["GET"]}}],"collection":[{"href":"https:\/\/mundo.seashell.pt\/index.php?rest_route=\/wp\/v2\/product"}],"about":[{"href":"https:\/\/mundo.seashell.pt\/index.php?rest_route=\/wp\/v2\/types\/product"}],"wp:featuredmedia":[{"embeddable":true,"href":"https:\/\/mundo.seashell.pt\/index.php?rest_route=\/wp\/v2\/media\/6743"}],"wp:attachment":[{"href":"https:\/\/mundo.seashell.pt\/index.php?rest_route=%2Fwp%2Fv2%2Fmedia&parent=6742"}],"wp:term":[{"taxonomy":"product_cat","embeddable":true,"href":"https:\/\/mundo.seashell.pt\/index.php?rest_route=%2Fwp%2Fv2%2Fproduct_cat&post=6742"},{"taxonomy":"product_tag","embeddable":true,"href":"https:\/\/mundo.seashell.pt\/index.php?rest_route=%2Fwp%2Fv2%2Fproduct_tag&post=6742"}],"curies":[{"name":"wp","href":"https:\/\/api.w.org\/{rel}","templated":true}]}}