{"id":6738,"date":"2022-02-23T18:53:32","date_gmt":"2022-02-23T18:53:32","guid":{"rendered":"https:\/\/mundo.seashell.pt\/?post_type=product&#038;p=6738"},"modified":"2022-02-23T18:53:35","modified_gmt":"2022-02-23T18:53:35","slug":"tresemme-mascara-03l","status":"publish","type":"product","link":"https:\/\/mundo.seashell.pt\/?product=tresemme-mascara-03l","title":{"rendered":"Tresemm\u00e9 M\u00e1scara 300ml"},"content":{"rendered":"<h3>Benef\u00edcios:<\/h3>\n<p>&#8211; Cabelo cuidado com Qualidade Profissional, em casa;<br \/>&#8211; Para cabelos pintados e secos;<br \/>&#8211; Suficientemente suave para utilizar em cabelos pintados.<\/p>\n<h3>Conselhos de utiliza\u00e7\u00e3o:<\/h3>\n<p>1.Come\u00e7ar sempre o seu penteado com o Champ\u00f4 Liso Keratina e o Condicionador Liso Keratina de TRESemm\u00e9;<br \/>2.Aplicar uma quantidade generosa, distribuindo uniformemente desde o meio \u00e0s pontas do cabelo. Espalhar em todo o cabelo desde a raiz. Passar com um pente de dentes largos ou com os dedos para suavizar e desembara\u00e7ar;<br \/>3.Deixar atuar 3-5 minutos e passa por \u00e1gua abundante. Utilizar como tratamento semanal ou sempre que precisar;<br \/>4.Sugest\u00e3o do cabeleireiro: Para um brilho extra, utilizar ainda o \u00d3leo de Brilho Liso Keratina, do meio at\u00e9 \u00e0s pontas.<\/p>\n","protected":false},"excerpt":{"rendered":"<p>Benef\u00edcios:<br \/>\n&#8211; Cabelo cuidado com Qualidade Profissional, em casa;- Para cabelos pintados e secos;- Suficientemente suave para utilizar em cabelos pintados.<br \/>\nConselhos de utiliza\u00e7\u00e3o:<br \/>\n1.Come\u00e7ar sempre o seu penteado com o Champ\u00f4 Liso Keratina e o Condicionador Liso Keratina de TRESemm\u00e9;2.Aplicar uma quantidad&#8230;<\/p>\n","protected":false},"featured_media":6739,"template":"","meta":{"spay_email":""},"product_cat":[15],"product_tag":[],"class_list":{"0":"post-6738","1":"product","2":"type-product","3":"status-publish","4":"has-post-thumbnail","6":"product_cat-sem-categoria","8":"first","9":"instock","10":"taxable","11":"shipping-taxable","12":"purchasable","13":"product-type-simple"},"acf":[],"jetpack-related-posts":[{"id":7180,"url":"https:\/\/mundo.seashell.pt\/?product=tresemme-hidratacao-intensa-500ml","url_meta":{"origin":6738,"position":0},"title":"Tresemm\u00e9 Hidrata\u00e7\u00e3o Intensa 500ml","date":"Fevereiro 23, 2022","format":false,"excerpt":"Benef\u00edcios: - Cabelo cuidado com Qualidade Profissional, em casa;- Para cabelos pintados e secos;- Suficientemente suave para utilizar em cabelos pintados. Conselhos de utiliza\u00e7\u00e3o: 1.Come\u00e7ar sempre o seu penteado com o Champ\u00f4 Liso Keratina e o Condicionador Liso Keratina de TRESemm\u00e9;2.Aplicar uma quantidad...","rel":"","context":"Similar post","img":{"alt_text":"","src":"https:\/\/i0.wp.com\/mundo.seashell.pt\/wp-content\/uploads\/2022\/02\/transferir__5_.png?resize=350%2C200&ssl=1","width":350,"height":200},"classes":[]},{"id":6726,"url":"https:\/\/mundo.seashell.pt\/?product=tresemme-champo-feminino-05l","url_meta":{"origin":6738,"position":1},"title":"Tr\u00e9semme Champ\u00f4 Feminino 500ml","date":"Fevereiro 23, 2022","format":false,"excerpt":"Formulado para uma utiliza\u00e7\u00e3o di\u00e1ria, o champ\u00f4 limpa e elimina suavemente os res\u00edduos que reduzem o brilho do seu cabelo deixando-o f\u00e1cil de pentear e com um aspeto saud\u00e1vel. Cabelo cuidado com Qualidade Profissional, em casa. Benef\u00edcios: - Formulada para uma utiliza\u00e7\u00e3o di\u00e1ria;- Cabelo cuidado com Qualidade Profissional, e...","rel":"","context":"Similar post","img":{"alt_text":"","src":"https:\/\/i0.wp.com\/mundo.seashell.pt\/wp-content\/uploads\/2022\/02\/TRESEMME_Champo__Cuidado_Cla_ssico_500ml_8710447170908.png?resize=350%2C200&ssl=1","width":350,"height":200},"classes":[]},{"id":6736,"url":"https:\/\/mundo.seashell.pt\/?product=tresemme-condicionador-05l","url_meta":{"origin":6738,"position":2},"title":"Tresemm\u00e9 Condicionador 500ml","date":"Fevereiro 23, 2022","format":false,"excerpt":"O Condicionador TRESemm\u00e9, formulado com Vitamina B1, confere uma excelente hidrata\u00e7\u00e3o aos carac\u00f3is e reposi\u00e7\u00e3o de nutrientes, atuando nas zonas mais profundas dos fios dos cabelos. Ideal para cabelos encaracolados ou ondulados, que precisam de um cuidado extra, este avan\u00e7ado sistema de hidrata\u00e7\u00e3o com Vitamina B12 \u00e9 recomendado para utiliza\u00e7\u00e3o...","rel":"","context":"Similar post","img":{"alt_text":"","src":"https:\/\/i0.wp.com\/mundo.seashell.pt\/wp-content\/uploads\/2022\/02\/tresemme__cuidado_cla_ssico.png?resize=350%2C200&ssl=1","width":350,"height":200},"classes":[]},{"id":6752,"url":"https:\/\/mundo.seashell.pt\/?product=tresemme-espuma-caracois-hidratados-02l","url_meta":{"origin":6738,"position":3},"title":"Tresemm\u00e9 Espuma Carac\u00f3is Hidratados 200ml","date":"Fevereiro 23, 2022","format":false,"excerpt":"Pretende melhorar a sua imagem e real\u00e7ar a sua beleza, Espuma Tresemme ser\u00e1 uma grande ajuda para atingir os seus objetivos. A mousse Botanique hidrata, suaviza e define os carac\u00f3is, para um cabelo sa\u00fadavel e male\u00e1vel. Com \u00e1gua de cacto e de coco, a mousse Botanique permite manusear o cabelo\u2026","rel":"","context":"Similar post","img":{"alt_text":"","src":"https:\/\/i0.wp.com\/mundo.seashell.pt\/wp-content\/uploads\/2022\/02\/Tresemme____Caraco_is_Hidratados_200ml__.png?resize=350%2C200&ssl=1","width":350,"height":200},"classes":[]},{"id":6740,"url":"https:\/\/mundo.seashell.pt\/?product=pantene-mascara-03l","url_meta":{"origin":6738,"position":4},"title":"Pantene M\u00e1scara 300ml","date":"Fevereiro 23, 2022","format":false,"excerpt":"O nosso cuidado reparador nutritivo com micronutrientes ajuda a hidratar o cabelo em profundidade. Tipo de cabelo: Danificados - Protege o seu cabelo contra danos causados pela modela\u00e7\u00e3o;- D\u00e1 um aspeto saud\u00e1vel e vigoroso ao cabelo seco e danificado, deixando-o suave e brilhante;- Cuidado intensivo que ajuda a c...","rel":"","context":"Similar post","img":{"alt_text":"","src":"https:\/\/i0.wp.com\/mundo.seashell.pt\/wp-content\/uploads\/2022\/02\/PANTENE_MA_SCARA_CARACO_IS_PERFEITOS_300ML__5410076527632.png?resize=350%2C200&ssl=1","width":350,"height":200},"classes":[]},{"id":6760,"url":"https:\/\/mundo.seashell.pt\/?product=nivea-laca-025l","url_meta":{"origin":6738,"position":5},"title":"Nivea Laca 250ml","date":"Fevereiro 23, 2022","format":false,"excerpt":"Laca de Cabelo Styling Diamond Gloss Com Hair Protection Factor \u2013 para um brilho diamante e uma fixa\u00e7\u00e3o extra forte 24h. Proporciona uma agrad\u00e1vel sensa\u00e7\u00e3o no cabelo devido \u00e0 f\u00f3rmula com Nutri-Essence que cuida, fortalece e protege o seu cabelo.Benef\u00edcios: - Cuida e n\u00e3o seca o cabelo, proporcionando um deslumbrante\u2026","rel":"","context":"Similar post","img":{"alt_text":"","src":"https:\/\/i0.wp.com\/mundo.seashell.pt\/wp-content\/uploads\/2022\/02\/86808-05100-55_Laca_Diamond_Gloss_Care_4005808678587.png?resize=350%2C200&ssl=1","width":350,"height":200},"classes":[]}],"_links":{"self":[{"href":"https:\/\/mundo.seashell.pt\/index.php?rest_route=\/wp\/v2\/product\/6738","targetHints":{"allow":["GET"]}}],"collection":[{"href":"https:\/\/mundo.seashell.pt\/index.php?rest_route=\/wp\/v2\/product"}],"about":[{"href":"https:\/\/mundo.seashell.pt\/index.php?rest_route=\/wp\/v2\/types\/product"}],"wp:featuredmedia":[{"embeddable":true,"href":"https:\/\/mundo.seashell.pt\/index.php?rest_route=\/wp\/v2\/media\/6739"}],"wp:attachment":[{"href":"https:\/\/mundo.seashell.pt\/index.php?rest_route=%2Fwp%2Fv2%2Fmedia&parent=6738"}],"wp:term":[{"taxonomy":"product_cat","embeddable":true,"href":"https:\/\/mundo.seashell.pt\/index.php?rest_route=%2Fwp%2Fv2%2Fproduct_cat&post=6738"},{"taxonomy":"product_tag","embeddable":true,"href":"https:\/\/mundo.seashell.pt\/index.php?rest_route=%2Fwp%2Fv2%2Fproduct_tag&post=6738"}],"curies":[{"name":"wp","href":"https:\/\/api.w.org\/{rel}","templated":true}]}}