{"id":6736,"date":"2022-02-23T18:53:31","date_gmt":"2022-02-23T18:53:31","guid":{"rendered":"https:\/\/mundo.seashell.pt\/?post_type=product&#038;p=6736"},"modified":"2022-02-23T18:53:32","modified_gmt":"2022-02-23T18:53:32","slug":"tresemme-condicionador-05l","status":"publish","type":"product","link":"https:\/\/mundo.seashell.pt\/?product=tresemme-condicionador-05l","title":{"rendered":"Tresemm\u00e9 Condicionador 500ml"},"content":{"rendered":"<p>O Condicionador TRESemm\u00e9, formulado com Vitamina B1, confere uma excelente hidrata\u00e7\u00e3o aos carac\u00f3is e reposi\u00e7\u00e3o de nutrientes, atuando nas zonas mais profundas dos fios dos cabelos. Ideal para cabelos encaracolados ou ondulados, que precisam de um cuidado extra, este avan\u00e7ado sistema de hidrata\u00e7\u00e3o com Vitamina B12 \u00e9 recomendado para utiliza\u00e7\u00e3o di\u00e1ria e ajuda a desembara\u00e7ar o cabelo, definir os carac\u00f3is e acabar com o encrespamento. Para carac\u00f3is perfeitos, todos os dias. Cabelo cuidado com Qualidade Profissional, em casa.<\/p>\n<h3>Benef\u00edcios:<\/h3>\n<p>Formulado para uma utiliza\u00e7\u00e3o di\u00e1ria. Cabelo cuidado com Qualidade Profissional, em casa.<\/p>\n<h3>Conselhos de utiliza\u00e7\u00e3o:<\/h3>\n<p>1. Come\u00e7ar por lavar o cabelo com o Champ\u00f4 TRESemm\u00e9 Carac\u00f3is Hidratados;<br \/>2. Aplicar uma quantidade generosa de condicionador na palma da m\u00e3o aplicar o produto no cabelo h\u00famido, concentrando-o do meio at\u00e9 \u00e0s pontas do cabelo;<br \/>3. Deixar atuar 2-3 minutos e depois passa por \u00e1gua abundante e secar com os seus produtos de styling de TRESemm\u00e9 preferidos.<\/p>\n<p><\/p>\n<p><\/p>\n","protected":false},"excerpt":{"rendered":"<p>O Condicionador TRESemm\u00e9, formulado com Vitamina B1, confere uma excelente hidrata\u00e7\u00e3o aos carac\u00f3is e reposi\u00e7\u00e3o de nutrientes, atuando nas zonas mais profundas dos fios dos cabelos. Ideal para cabelos encaracolados ou ondulados, que precisam de um cuidado extra, este avan\u00e7ado sistema de hidrata\u00e7\u00e3o com Vitamina B12 \u00e9 recomendado para utiliza\u00e7\u00e3o&#8230;<\/p>\n","protected":false},"featured_media":6737,"template":"","meta":{"spay_email":""},"product_cat":[15],"product_tag":[],"class_list":{"0":"post-6736","1":"product","2":"type-product","3":"status-publish","4":"has-post-thumbnail","6":"product_cat-sem-categoria","8":"first","9":"instock","10":"taxable","11":"shipping-taxable","12":"purchasable","13":"product-type-simple"},"acf":[],"jetpack-related-posts":[{"id":6752,"url":"https:\/\/mundo.seashell.pt\/?product=tresemme-espuma-caracois-hidratados-02l","url_meta":{"origin":6736,"position":0},"title":"Tresemm\u00e9 Espuma Carac\u00f3is Hidratados 200ml","date":"Fevereiro 23, 2022","format":false,"excerpt":"Pretende melhorar a sua imagem e real\u00e7ar a sua beleza, Espuma Tresemme ser\u00e1 uma grande ajuda para atingir os seus objetivos. A mousse Botanique hidrata, suaviza e define os carac\u00f3is, para um cabelo sa\u00fadavel e male\u00e1vel. Com \u00e1gua de cacto e de coco, a mousse Botanique permite manusear o cabelo\u2026","rel":"","context":"Similar post","img":{"alt_text":"","src":"https:\/\/i0.wp.com\/mundo.seashell.pt\/wp-content\/uploads\/2022\/02\/Tresemme____Caraco_is_Hidratados_200ml__.png?resize=350%2C200&ssl=1","width":350,"height":200},"classes":[]},{"id":7180,"url":"https:\/\/mundo.seashell.pt\/?product=tresemme-hidratacao-intensa-500ml","url_meta":{"origin":6736,"position":1},"title":"Tresemm\u00e9 Hidrata\u00e7\u00e3o Intensa 500ml","date":"Fevereiro 23, 2022","format":false,"excerpt":"Benef\u00edcios: - Cabelo cuidado com Qualidade Profissional, em casa;- Para cabelos pintados e secos;- Suficientemente suave para utilizar em cabelos pintados. Conselhos de utiliza\u00e7\u00e3o: 1.Come\u00e7ar sempre o seu penteado com o Champ\u00f4 Liso Keratina e o Condicionador Liso Keratina de TRESemm\u00e9;2.Aplicar uma quantidad...","rel":"","context":"Similar post","img":{"alt_text":"","src":"https:\/\/i0.wp.com\/mundo.seashell.pt\/wp-content\/uploads\/2022\/02\/transferir__5_.png?resize=350%2C200&ssl=1","width":350,"height":200},"classes":[]},{"id":6726,"url":"https:\/\/mundo.seashell.pt\/?product=tresemme-champo-feminino-05l","url_meta":{"origin":6736,"position":2},"title":"Tr\u00e9semme Champ\u00f4 Feminino 500ml","date":"Fevereiro 23, 2022","format":false,"excerpt":"Formulado para uma utiliza\u00e7\u00e3o di\u00e1ria, o champ\u00f4 limpa e elimina suavemente os res\u00edduos que reduzem o brilho do seu cabelo deixando-o f\u00e1cil de pentear e com um aspeto saud\u00e1vel. Cabelo cuidado com Qualidade Profissional, em casa. Benef\u00edcios: - Formulada para uma utiliza\u00e7\u00e3o di\u00e1ria;- Cabelo cuidado com Qualidade Profissional, e...","rel":"","context":"Similar post","img":{"alt_text":"","src":"https:\/\/i0.wp.com\/mundo.seashell.pt\/wp-content\/uploads\/2022\/02\/TRESEMME_Champo__Cuidado_Cla_ssico_500ml_8710447170908.png?resize=350%2C200&ssl=1","width":350,"height":200},"classes":[]},{"id":6734,"url":"https:\/\/mundo.seashell.pt\/?product=pantene-condicionador-feminino-02l","url_meta":{"origin":6736,"position":3},"title":"Pantene Condicionador Feminino 200ml","date":"Fevereiro 23, 2022","format":false,"excerpt":"O condicionador Pantene Pro-V Carac\u00f3is Perfeitos recarrega o cabelo com Nutrientes Pro-V ativos para fortalec\u00ea-lo. Ajuda a definir carac\u00f3is e controlar o frisado. Tipo de cabelo: Carac\u00f3isBenef\u00edcios: - Transforma as ondas rebeldes em carac\u00f3is definidos, brilhantes e flex\u00edveis;- Deixa o cabelo hidratado, suav...","rel":"","context":"Similar post","img":{"alt_text":"","src":"https:\/\/i0.wp.com\/mundo.seashell.pt\/wp-content\/uploads\/2022\/02\/PANTENE_CONDICIONADOR_CARACO_IS_DEFINIDOS_200ML_8001090722737.png?resize=350%2C200&ssl=1","width":350,"height":200},"classes":[]},{"id":6738,"url":"https:\/\/mundo.seashell.pt\/?product=tresemme-mascara-03l","url_meta":{"origin":6736,"position":4},"title":"Tresemm\u00e9 M\u00e1scara 300ml","date":"Fevereiro 23, 2022","format":false,"excerpt":"Benef\u00edcios: - Cabelo cuidado com Qualidade Profissional, em casa;- Para cabelos pintados e secos;- Suficientemente suave para utilizar em cabelos pintados. Conselhos de utiliza\u00e7\u00e3o: 1.Come\u00e7ar sempre o seu penteado com o Champ\u00f4 Liso Keratina e o Condicionador Liso Keratina de TRESemm\u00e9;2.Aplicar uma quantidad...","rel":"","context":"Similar post","img":{"alt_text":"","src":"https:\/\/i0.wp.com\/mundo.seashell.pt\/wp-content\/uploads\/2022\/02\/Tresemme__Repara_e_Fortalece_300ml.png?resize=350%2C200&ssl=1","width":350,"height":200},"classes":[]},{"id":6746,"url":"https:\/\/mundo.seashell.pt\/?product=pantene-oleo-reparador-010l","url_meta":{"origin":6736,"position":5},"title":"Pantene \u00d3leo Reparador 100ml","date":"Fevereiro 23, 2022","format":false,"excerpt":"\u00d3leo nutritivo di\u00e1rio que hidrata profundamente, suaviza o cabelo e previne a perda de prote\u00edna. Perfeito para cabelo seco e danificado. Utilize diariamente para um cabelo cheio de vida. Tipo de cabelo: SecosBenef\u00edcios: - \u00d3leo de cabelo com \u00f3leo de coco essencial para um cabelo profundamente hidratado e suave;","rel":"","context":"Similar post","img":{"alt_text":"","src":"https:\/\/i0.wp.com\/mundo.seashell.pt\/wp-content\/uploads\/2022\/02\/PANTENE_OLEO_ARGAO_100ML_8001841890173.png?resize=350%2C200&ssl=1","width":350,"height":200},"classes":[]}],"_links":{"self":[{"href":"https:\/\/mundo.seashell.pt\/index.php?rest_route=\/wp\/v2\/product\/6736","targetHints":{"allow":["GET"]}}],"collection":[{"href":"https:\/\/mundo.seashell.pt\/index.php?rest_route=\/wp\/v2\/product"}],"about":[{"href":"https:\/\/mundo.seashell.pt\/index.php?rest_route=\/wp\/v2\/types\/product"}],"wp:featuredmedia":[{"embeddable":true,"href":"https:\/\/mundo.seashell.pt\/index.php?rest_route=\/wp\/v2\/media\/6737"}],"wp:attachment":[{"href":"https:\/\/mundo.seashell.pt\/index.php?rest_route=%2Fwp%2Fv2%2Fmedia&parent=6736"}],"wp:term":[{"taxonomy":"product_cat","embeddable":true,"href":"https:\/\/mundo.seashell.pt\/index.php?rest_route=%2Fwp%2Fv2%2Fproduct_cat&post=6736"},{"taxonomy":"product_tag","embeddable":true,"href":"https:\/\/mundo.seashell.pt\/index.php?rest_route=%2Fwp%2Fv2%2Fproduct_tag&post=6736"}],"curies":[{"name":"wp","href":"https:\/\/api.w.org\/{rel}","templated":true}]}}