{"id":6734,"date":"2022-02-23T18:53:28","date_gmt":"2022-02-23T18:53:28","guid":{"rendered":"https:\/\/mundo.seashell.pt\/?post_type=product&#038;p=6734"},"modified":"2022-02-23T18:53:30","modified_gmt":"2022-02-23T18:53:30","slug":"pantene-condicionador-feminino-02l","status":"publish","type":"product","link":"https:\/\/mundo.seashell.pt\/?product=pantene-condicionador-feminino-02l","title":{"rendered":"Pantene Condicionador Feminino 200ml"},"content":{"rendered":"<p>O condicionador Pantene Pro-V Carac\u00f3is Perfeitos recarrega o cabelo com Nutrientes Pro-V ativos para fortalec\u00ea-lo. Ajuda a definir carac\u00f3is e controlar o frisado.<\/p>\n<h3>Tipo de cabelo:<\/h3>\n<p>Carac\u00f3is<\/p>\n<h3>Benef\u00edcios:<\/h3>\n<p>&#8211; Transforma as ondas rebeldes em carac\u00f3is definidos, brilhantes e flex\u00edveis;<br \/>&#8211; Deixa o cabelo hidratado, suave e flex\u00edvel;<br \/>&#8211; Ajuda a manter o cabelo resistente contra os danos causados pelo styling;<br \/>&#8211; Cabelo frisado e rebelde.<\/p>\n<h3>Conselhos de utiliza\u00e7\u00e3o:<\/h3>\n<p>1. Aplicar no cabelo<br \/>2. Enxaguar bem<br \/>3. Secar e pentear<\/p>\n","protected":false},"excerpt":{"rendered":"<p>O condicionador Pantene Pro-V Carac\u00f3is Perfeitos recarrega o cabelo com Nutrientes Pro-V ativos para fortalec\u00ea-lo. Ajuda a definir carac\u00f3is e controlar o frisado.<br \/>\nTipo de cabelo:<br \/>\nCarac\u00f3isBenef\u00edcios:<br \/>\n&#8211; Transforma as ondas rebeldes em carac\u00f3is definidos, brilhantes e flex\u00edveis;- Deixa o cabelo hidratado, suav&#8230;<\/p>\n","protected":false},"featured_media":6735,"template":"","meta":{"spay_email":""},"product_cat":[15],"product_tag":[],"class_list":{"0":"post-6734","1":"product","2":"type-product","3":"status-publish","4":"has-post-thumbnail","6":"product_cat-sem-categoria","8":"first","9":"instock","10":"taxable","11":"shipping-taxable","12":"purchasable","13":"product-type-simple"},"acf":[],"jetpack-related-posts":[{"id":6750,"url":"https:\/\/mundo.seashell.pt\/?product=pantene-espuma-02l","url_meta":{"origin":6734,"position":0},"title":"Pantene Espuma 200ml","date":"Fevereiro 23, 2022","format":false,"excerpt":"Benef\u00edcios: - Defina ondas ou carac\u00f3is perfeitos e com movimento durante todo o dia;- Transforma as ondas rebeldes em carac\u00f3is maravilhosamente definidos e flex\u00edveis;- Ajuda a proteger os carac\u00f3is do efeito frisado durante todo o dia;- Deixa o cabelo brilhante. Conselhos de utiliza\u00e7\u00e3o: - Aplique no cabelo ...","rel":"","context":"Similar post","img":{"alt_text":"","src":"https:\/\/i0.wp.com\/mundo.seashell.pt\/wp-content\/uploads\/2022\/02\/PANTENE_ESPUMA_CARACO_IS_DEFINIDOS_200ML_5410076533817.png?resize=350%2C200&ssl=1","width":350,"height":200},"classes":[]},{"id":6756,"url":"https:\/\/mundo.seashell.pt\/?product=pantene-laca-03l","url_meta":{"origin":6734,"position":1},"title":"Pantene Laca 300ml","date":"Fevereiro 23, 2022","format":false,"excerpt":"Defina ondas ou carac\u00f3is perfeitos e com movimento durante todo o dia. Transforma as ondas rebeldes em carac\u00f3is maravilhosamente definidos e flex\u00edveis.Benef\u00edcios: - Ajuda a proteger os carac\u00f3is do efeito frisado durante todo o dia;- Deixa o cabelo brilhante. Conselhos de utiliza\u00e7\u00e3o: Aplique no cabelo limpo e ...","rel":"","context":"Similar post","img":{"alt_text":"","src":"https:\/\/i0.wp.com\/mundo.seashell.pt\/wp-content\/uploads\/2022\/02\/PANTENE_LACA_CARACO_IS_DEFINIDOS_E_SUAVES_300ML_5410076532698.png?resize=350%2C200&ssl=1","width":350,"height":200},"classes":[]},{"id":6746,"url":"https:\/\/mundo.seashell.pt\/?product=pantene-oleo-reparador-010l","url_meta":{"origin":6734,"position":2},"title":"Pantene \u00d3leo Reparador 100ml","date":"Fevereiro 23, 2022","format":false,"excerpt":"\u00d3leo nutritivo di\u00e1rio que hidrata profundamente, suaviza o cabelo e previne a perda de prote\u00edna. Perfeito para cabelo seco e danificado. Utilize diariamente para um cabelo cheio de vida. Tipo de cabelo: SecosBenef\u00edcios: - \u00d3leo de cabelo com \u00f3leo de coco essencial para um cabelo profundamente hidratado e suave;","rel":"","context":"Similar post","img":{"alt_text":"","src":"https:\/\/i0.wp.com\/mundo.seashell.pt\/wp-content\/uploads\/2022\/02\/PANTENE_OLEO_ARGAO_100ML_8001841890173.png?resize=350%2C200&ssl=1","width":350,"height":200},"classes":[]},{"id":6736,"url":"https:\/\/mundo.seashell.pt\/?product=tresemme-condicionador-05l","url_meta":{"origin":6734,"position":3},"title":"Tresemm\u00e9 Condicionador 500ml","date":"Fevereiro 23, 2022","format":false,"excerpt":"O Condicionador TRESemm\u00e9, formulado com Vitamina B1, confere uma excelente hidrata\u00e7\u00e3o aos carac\u00f3is e reposi\u00e7\u00e3o de nutrientes, atuando nas zonas mais profundas dos fios dos cabelos. Ideal para cabelos encaracolados ou ondulados, que precisam de um cuidado extra, este avan\u00e7ado sistema de hidrata\u00e7\u00e3o com Vitamina B12 \u00e9 recomendado para utiliza\u00e7\u00e3o...","rel":"","context":"Similar post","img":{"alt_text":"","src":"https:\/\/i0.wp.com\/mundo.seashell.pt\/wp-content\/uploads\/2022\/02\/tresemme__cuidado_cla_ssico.png?resize=350%2C200&ssl=1","width":350,"height":200},"classes":[]},{"id":6716,"url":"https:\/\/mundo.seashell.pt\/?product=pantene-champo-0255l","url_meta":{"origin":6734,"position":4},"title":"Pantene Champ\u00f4 255ml","date":"Fevereiro 23, 2022","format":false,"excerpt":"O champ\u00f4 Pantene Pro-V Cuidado Cl\u00e1ssico limpa com suavidade ao mesmo tempo que recarrega o cabelo com Nutrientes Pro-V ativos que o protegem contra os danos causados pelo styling e deixam-no com aspeto saud\u00e1vel. Tipo de cabelo: Normais Benef\u00edcios: - Garante uma nutri\u00e7\u00e3o equilibrada para cabelo normal a misto;","rel":"","context":"Similar post","img":{"alt_text":"","src":"https:\/\/i0.wp.com\/mundo.seashell.pt\/wp-content\/uploads\/2022\/02\/PANTENE_CHAMPO__CLASSIC_250ML__8001090722973.png?resize=350%2C200&ssl=1","width":350,"height":200},"classes":[]},{"id":6752,"url":"https:\/\/mundo.seashell.pt\/?product=tresemme-espuma-caracois-hidratados-02l","url_meta":{"origin":6734,"position":5},"title":"Tresemm\u00e9 Espuma Carac\u00f3is Hidratados 200ml","date":"Fevereiro 23, 2022","format":false,"excerpt":"Pretende melhorar a sua imagem e real\u00e7ar a sua beleza, Espuma Tresemme ser\u00e1 uma grande ajuda para atingir os seus objetivos. A mousse Botanique hidrata, suaviza e define os carac\u00f3is, para um cabelo sa\u00fadavel e male\u00e1vel. Com \u00e1gua de cacto e de coco, a mousse Botanique permite manusear o cabelo\u2026","rel":"","context":"Similar post","img":{"alt_text":"","src":"https:\/\/i0.wp.com\/mundo.seashell.pt\/wp-content\/uploads\/2022\/02\/Tresemme____Caraco_is_Hidratados_200ml__.png?resize=350%2C200&ssl=1","width":350,"height":200},"classes":[]}],"_links":{"self":[{"href":"https:\/\/mundo.seashell.pt\/index.php?rest_route=\/wp\/v2\/product\/6734","targetHints":{"allow":["GET"]}}],"collection":[{"href":"https:\/\/mundo.seashell.pt\/index.php?rest_route=\/wp\/v2\/product"}],"about":[{"href":"https:\/\/mundo.seashell.pt\/index.php?rest_route=\/wp\/v2\/types\/product"}],"wp:featuredmedia":[{"embeddable":true,"href":"https:\/\/mundo.seashell.pt\/index.php?rest_route=\/wp\/v2\/media\/6735"}],"wp:attachment":[{"href":"https:\/\/mundo.seashell.pt\/index.php?rest_route=%2Fwp%2Fv2%2Fmedia&parent=6734"}],"wp:term":[{"taxonomy":"product_cat","embeddable":true,"href":"https:\/\/mundo.seashell.pt\/index.php?rest_route=%2Fwp%2Fv2%2Fproduct_cat&post=6734"},{"taxonomy":"product_tag","embeddable":true,"href":"https:\/\/mundo.seashell.pt\/index.php?rest_route=%2Fwp%2Fv2%2Fproduct_tag&post=6734"}],"curies":[{"name":"wp","href":"https:\/\/api.w.org\/{rel}","templated":true}]}}