{"id":6732,"date":"2022-02-23T18:53:23","date_gmt":"2022-02-23T18:53:23","guid":{"rendered":"https:\/\/mundo.seashell.pt\/?post_type=product&#038;p=6732"},"modified":"2022-02-23T18:53:26","modified_gmt":"2022-02-23T18:53:26","slug":"herbal-essences-concidionador-feminino-02l","status":"publish","type":"product","link":"https:\/\/mundo.seashell.pt\/?product=herbal-essences-concidionador-feminino-02l","title":{"rendered":"Herbal Essences Concidionador Feminino 200ml"},"content":{"rendered":"<p>Agora, associ\u00e1mo-nos aos Royal Botanic Gardens, Kew, uma autoridade mundial no que diz respeito \u00e0s plantas, para apoiar os verdadeiros produtos bot\u00e2nicos. O Herbal Essences Leite de Coco \u00e9 um Champ\u00f4 de origem 90% natural*, com ingredientes naturais e um antioxidante ativo que ajuda a purificar e proteger o cabelo.<\/p>\n<h3>Benef\u00edcios:<\/h3>\n<p>&#8211; Parceria com os Royal Botanic Gardens, Kew, uma autoridade mundial no que diz respeito \u00e0s plantas, para apoiar os verdadeiros produtos bot\u00e2nicos;<br \/>&#8211; Este condicionador tem 0% de colorantes e parafina;<br \/>&#8211; 90% de ingredientes de origem natural*;<br \/>&#8211; O condicionador Leite de Coco ajuda a hidratar o cabelo;<br \/>&#8211; pH equilibrado e delicado para cabelo com colora\u00e7\u00e3o.<br \/>(*\u00e1gua purificada e materiais com ingredientes provenientes de fontes naturais, com pouco tratamento)<\/p>\n<h3>Conselhos de utiliza\u00e7\u00e3o:<\/h3>\n<p>Aplique abundantemente o condicionador no cabelo molhado, da raiz at\u00e9 \u00e0s pontas, desfrute do aroma e, em seguida, enxague.<\/p>\n<p><\/p>\n<p><\/p>\n","protected":false},"excerpt":{"rendered":"<p>Agora, associ\u00e1mo-nos aos Royal Botanic Gardens, Kew, uma autoridade mundial no que diz respeito \u00e0s plantas, para apoiar os verdadeiros produtos bot\u00e2nicos. O Herbal Essences Leite de Coco \u00e9 um Champ\u00f4 de origem 90% natural*, com ingredientes naturais e um antioxidante ativo que ajuda a purificar e proteger o cabelo.Benef\u00edcios:<\/p>\n","protected":false},"featured_media":6733,"template":"","meta":{"spay_email":""},"product_cat":[15],"product_tag":[],"class_list":{"0":"post-6732","1":"product","2":"type-product","3":"status-publish","4":"has-post-thumbnail","6":"product_cat-sem-categoria","8":"first","9":"instock","10":"taxable","11":"shipping-taxable","12":"purchasable","13":"product-type-simple"},"acf":[],"jetpack-related-posts":[{"id":6718,"url":"https:\/\/mundo.seashell.pt\/?product=herbal-essences-champo-025l","url_meta":{"origin":6732,"position":0},"title":"Herbal Essences Champ\u00f4 250ml","date":"Fevereiro 23, 2022","format":false,"excerpt":"Agora, associ\u00e1mo-nos aos Royal Botanic Gardens, Kew, uma autoridade mundial no que diz respeito \u00e0s plantas, para apoiar os verdadeiros produtos bot\u00e2nicos. O bio:renew da Herbal Essences \u00e9 um champ\u00f4 de origem 90% natural*, com ingredientes naturais e um antioxidante ativo que ajuda a purificar e a proteger o cabelo.*\u2026","rel":"","context":"Similar post","img":{"alt_text":"","src":"https:\/\/i0.wp.com\/mundo.seashell.pt\/wp-content\/uploads\/2022\/02\/HERBAL_CHAMPO__HIDRATA_LEITE_COCO_250ML_8001841964744.png?resize=350%2C200&ssl=1","width":350,"height":200},"classes":[]},{"id":6742,"url":"https:\/\/mundo.seashell.pt\/?product=herbal-essences-mascara-025l","url_meta":{"origin":6732,"position":1},"title":"Herbal Essences M\u00e1scara 250ml","date":"Fevereiro 23, 2022","format":false,"excerpt":"Agora, associ\u00e1mo-nos aos Royal Botanic Gardens, Kew, uma autoridade mundial no que diz respeito \u00e0s plantas, para apoiar os verdadeiros produtos bot\u00e2nicos. A bio:renew da Herbal Essences \u00d3leo de Arg\u00e3o de Marrocos \u00e9 uma m\u00e1scara de origem 90% natural*, com ingredientes naturais e um antioxidante ativo que ajuda a purificar\u2026","rel":"","context":"Similar post","img":{"alt_text":"","src":"https:\/\/i0.wp.com\/mundo.seashell.pt\/wp-content\/uploads\/2022\/02\/HERBAL_MA_SCARA_LEITE_DE_COCO_250ML_8001841275376.png?resize=350%2C200&ssl=1","width":350,"height":200},"classes":[]},{"id":6744,"url":"https:\/\/mundo.seashell.pt\/?product=herbal-essences-oleo-reparador-010l","url_meta":{"origin":6732,"position":2},"title":"Herbal Essences \u00d3leo Reparador 100ml","date":"Fevereiro 23, 2022","format":false,"excerpt":"\u00d3leo Reparador Herbal Essences A f\u00f3rmula de mistura do \u00f3leo de fase dupla suaviza o cabelo para evitar que este se parta, ajuda a reparar o cabelo danificado (repara os danos causados pelo styling) e torna-o naturalmente brilhante. Benef\u00edcios: - \u00d3leo de cabelo com \u00f3leo de arg\u00e3o e alo\u00e9;- F\u00f3rmula\u2026","rel":"","context":"Similar post","img":{"alt_text":"","src":"https:\/\/i0.wp.com\/mundo.seashell.pt\/wp-content\/uploads\/2022\/02\/HERBAL_O_LEO_ARGAO_100ML_8001841535944.png?resize=350%2C200&ssl=1","width":350,"height":200},"classes":[]},{"id":6752,"url":"https:\/\/mundo.seashell.pt\/?product=tresemme-espuma-caracois-hidratados-02l","url_meta":{"origin":6732,"position":3},"title":"Tresemm\u00e9 Espuma Carac\u00f3is Hidratados 200ml","date":"Fevereiro 23, 2022","format":false,"excerpt":"Pretende melhorar a sua imagem e real\u00e7ar a sua beleza, Espuma Tresemme ser\u00e1 uma grande ajuda para atingir os seus objetivos. A mousse Botanique hidrata, suaviza e define os carac\u00f3is, para um cabelo sa\u00fadavel e male\u00e1vel. Com \u00e1gua de cacto e de coco, a mousse Botanique permite manusear o cabelo\u2026","rel":"","context":"Similar post","img":{"alt_text":"","src":"https:\/\/i0.wp.com\/mundo.seashell.pt\/wp-content\/uploads\/2022\/02\/Tresemme____Caraco_is_Hidratados_200ml__.png?resize=350%2C200&ssl=1","width":350,"height":200},"classes":[]},{"id":6910,"url":"https:\/\/mundo.seashell.pt\/?product=colgate-herbal-75ml","url_meta":{"origin":6732,"position":4},"title":"Colgate Herbal 75ml","date":"Fevereiro 23, 2022","format":false,"excerpt":"Colgate Herbal cont\u00e9m uma combina\u00e7\u00e3o de sais minerais com uma mistura \u00fanica de extractos de plantas com propriedades reconhecidas.Descri\u00e7\u00e3o: Combina o conhecimento cient\u00edfico da Colgate sobre higiene oral com as propriedades das melhores plantas da natureza, para dentes e gengivas mais saud\u00e1veis. Tipo de produto:","rel":"","context":"Similar post","img":{"alt_text":"","src":"https:\/\/i0.wp.com\/mundo.seashell.pt\/wp-content\/uploads\/2022\/02\/Colgate_Herbal_75ml_8714789064406.png?resize=350%2C200&ssl=1","width":350,"height":200},"classes":[]},{"id":6736,"url":"https:\/\/mundo.seashell.pt\/?product=tresemme-condicionador-05l","url_meta":{"origin":6732,"position":5},"title":"Tresemm\u00e9 Condicionador 500ml","date":"Fevereiro 23, 2022","format":false,"excerpt":"O Condicionador TRESemm\u00e9, formulado com Vitamina B1, confere uma excelente hidrata\u00e7\u00e3o aos carac\u00f3is e reposi\u00e7\u00e3o de nutrientes, atuando nas zonas mais profundas dos fios dos cabelos. Ideal para cabelos encaracolados ou ondulados, que precisam de um cuidado extra, este avan\u00e7ado sistema de hidrata\u00e7\u00e3o com Vitamina B12 \u00e9 recomendado para utiliza\u00e7\u00e3o...","rel":"","context":"Similar post","img":{"alt_text":"","src":"https:\/\/i0.wp.com\/mundo.seashell.pt\/wp-content\/uploads\/2022\/02\/tresemme__cuidado_cla_ssico.png?resize=350%2C200&ssl=1","width":350,"height":200},"classes":[]}],"_links":{"self":[{"href":"https:\/\/mundo.seashell.pt\/index.php?rest_route=\/wp\/v2\/product\/6732","targetHints":{"allow":["GET"]}}],"collection":[{"href":"https:\/\/mundo.seashell.pt\/index.php?rest_route=\/wp\/v2\/product"}],"about":[{"href":"https:\/\/mundo.seashell.pt\/index.php?rest_route=\/wp\/v2\/types\/product"}],"wp:featuredmedia":[{"embeddable":true,"href":"https:\/\/mundo.seashell.pt\/index.php?rest_route=\/wp\/v2\/media\/6733"}],"wp:attachment":[{"href":"https:\/\/mundo.seashell.pt\/index.php?rest_route=%2Fwp%2Fv2%2Fmedia&parent=6732"}],"wp:term":[{"taxonomy":"product_cat","embeddable":true,"href":"https:\/\/mundo.seashell.pt\/index.php?rest_route=%2Fwp%2Fv2%2Fproduct_cat&post=6732"},{"taxonomy":"product_tag","embeddable":true,"href":"https:\/\/mundo.seashell.pt\/index.php?rest_route=%2Fwp%2Fv2%2Fproduct_tag&post=6732"}],"curies":[{"name":"wp","href":"https:\/\/api.w.org\/{rel}","templated":true}]}}