{"id":6722,"date":"2022-02-23T18:52:55","date_gmt":"2022-02-23T18:52:55","guid":{"rendered":"https:\/\/mundo.seashell.pt\/?post_type=product&#038;p=6722"},"modified":"2022-02-23T18:52:58","modified_gmt":"2022-02-23T18:52:58","slug":"nivea-men-champo-025l","status":"publish","type":"product","link":"https:\/\/mundo.seashell.pt\/?product=nivea-men-champo-025l","title":{"rendered":"Nivea Men Champ\u00f4 250ml"},"content":{"rendered":"<h3>Tipo de cabelo:<\/h3>\n<p>Normais<\/p>\n<h3>Tipo de produto:<\/h3>\n<p>Champ\u00f4<\/p>\n<h3>Benef\u00edcios:<\/h3>\n<p>&#8211; Fortalece visivelmente o cabelo;<br \/>&#8211; Proporciona volume e vigor ao cabelo;<br \/>&#8211; Suave e delicado com o cabelo e o couro cabeludo;<br \/>&#8211; Adequado a uma utiliza\u00e7\u00e3o di\u00e1ria.<\/p>\n<h3>Conselhos de utiliza\u00e7\u00e3o:<\/h3>\n<p>Aplicar no cabelo molhado, massajar suavemente e passar abundantemente por \u00e1gua.<\/p>\n<p><\/p>\n","protected":false},"excerpt":{"rendered":"<p>Tipo de cabelo:<br \/>\nNormais<br \/>\nTipo de produto:<br \/>\nChamp\u00f4Benef\u00edcios:<br \/>\n&#8211; Fortalece visivelmente o cabelo;- Proporciona volume e vigor ao cabelo;- Suave e delicado com o cabelo e o couro cabeludo;- Adequado a uma utiliza\u00e7\u00e3o di\u00e1ria.<br \/>\nConselhos de utiliza\u00e7\u00e3o:<br \/>\nAplicar no cabelo molhado, mass&#8230;<\/p>\n","protected":false},"featured_media":6723,"template":"","meta":{"spay_email":""},"product_cat":[15],"product_tag":[],"class_list":{"0":"post-6722","1":"product","2":"type-product","3":"status-publish","4":"has-post-thumbnail","6":"product_cat-sem-categoria","8":"first","9":"instock","10":"taxable","11":"shipping-taxable","12":"purchasable","13":"product-type-simple"},"acf":[],"jetpack-related-posts":[{"id":6714,"url":"https:\/\/mundo.seashell.pt\/?product=hs-champo-025l","url_meta":{"origin":6722,"position":0},"title":"H&#038;S Champ\u00f4 250 ml","date":"Fevereiro 23, 2022","format":false,"excerpt":"O champ\u00f4 h&s Champ\u00f4 anticaspa combate a causa principal da caspa, para uma prote\u00e7\u00e3o de at\u00e9 72 horas contra a descama\u00e7\u00e3o, secura e comich\u00e3o (caspa vis\u00edvel, com o uso regular; comich\u00e3o devido \u00e0 caspa).A sua f\u00f3rmula avan\u00e7ada foi testada dermatologicamente, tem um pH equilibrado e \u00e9 refor\u00e7ada com antioxidantes para\u2026","rel":"","context":"Similar post","img":{"alt_text":"","src":"https:\/\/i0.wp.com\/mundo.seashell.pt\/wp-content\/uploads\/2022\/02\/H_S_CHAMPO__CLASSIC_255ML__8001841998817.png?resize=350%2C200&ssl=1","width":350,"height":200},"classes":[]},{"id":6724,"url":"https:\/\/mundo.seashell.pt\/?product=linic-men-champo-0225l","url_meta":{"origin":6722,"position":1},"title":"Linic Men Champ\u00f4 225ml","date":"Fevereiro 23, 2022","format":false,"excerpt":"Linic \u00a0Legends -\u00a0Um champ\u00f4 criado por uma lenda s\u00f3 podia ser imbat\u00edvel. Legend by CR7 \u00e9 implac\u00e1vel no combate \u00e0 caspa e tem uma fragr\u00e2ncia \u00fanica e duradoura, escolhida pelo pr\u00f3prio CR7. Esta f\u00f3rmula inovadora cont\u00e9m sal marinho, que melhora a textura e o volume do cabelo, e carv\u00e3o ativo\u2026","rel":"","context":"Similar post","img":{"alt_text":"","src":"https:\/\/i0.wp.com\/mundo.seashell.pt\/wp-content\/uploads\/2022\/02\/LINIC_CH._MEN_LEGEND_CR7_225ML.png?resize=350%2C200&ssl=1","width":350,"height":200},"classes":[]},{"id":6726,"url":"https:\/\/mundo.seashell.pt\/?product=tresemme-champo-feminino-05l","url_meta":{"origin":6722,"position":2},"title":"Tr\u00e9semme Champ\u00f4 Feminino 500ml","date":"Fevereiro 23, 2022","format":false,"excerpt":"Formulado para uma utiliza\u00e7\u00e3o di\u00e1ria, o champ\u00f4 limpa e elimina suavemente os res\u00edduos que reduzem o brilho do seu cabelo deixando-o f\u00e1cil de pentear e com um aspeto saud\u00e1vel. Cabelo cuidado com Qualidade Profissional, em casa. Benef\u00edcios: - Formulada para uma utiliza\u00e7\u00e3o di\u00e1ria;- Cabelo cuidado com Qualidade Profissional, e...","rel":"","context":"Similar post","img":{"alt_text":"","src":"https:\/\/i0.wp.com\/mundo.seashell.pt\/wp-content\/uploads\/2022\/02\/TRESEMME_Champo__Cuidado_Cla_ssico_500ml_8710447170908.png?resize=350%2C200&ssl=1","width":350,"height":200},"classes":[]},{"id":6730,"url":"https:\/\/mundo.seashell.pt\/?product=nivea-champo-micelar-feminino-04l","url_meta":{"origin":6722,"position":3},"title":"N\u00edvea Champ\u00f4 Micelar Feminino 400ml","date":"Fevereiro 23, 2022","format":false,"excerpt":"Nivea Micellar Champ\u00f4 para Cabelo e Couro Cabeludo Normal a Oleoso, mant\u00e9m o cabelo limpo, sem oleosidade e um couro cabeludo equilibrado. A f\u00f3rmula com tecnologia micelar remove eficazmente as impurezas e os res\u00edduos, garantindo um cabelo e couro cabeludo saud\u00e1veis. Tipo de cabelo: OleososBenef\u00edcios: - F\u00f3rmula...","rel":"","context":"Similar post","img":{"alt_text":"","src":"https:\/\/i0.wp.com\/mundo.seashell.pt\/wp-content\/uploads\/2022\/02\/NIVEA_Shampoo_Micelar_Purificante_400_ml_4005900453563.png?resize=350%2C200&ssl=1","width":350,"height":200},"classes":[]},{"id":6728,"url":"https:\/\/mundo.seashell.pt\/?product=linic-champo-feminino-0225l","url_meta":{"origin":6722,"position":4},"title":"Linic Champ\u00f4 Feminino 225ml","date":"Fevereiro 23, 2022","format":false,"excerpt":"O champ\u00f4 Linic Men Controlo de Oleosidade limpa profundamente removendo a oleosidade, a caspa e as bact\u00e9rias enquanto mant\u00e9m o couro cabeludo saud\u00e1vel. Com extratos de mentol para uma sensa\u00e7\u00e3o refrescante. Use diariamente para melhores resultados. Tipo de cabelo: OleososBenef\u00edcios: - Remove a oleosidade dos por...","rel":"","context":"Similar post","img":{"alt_text":"","src":"https:\/\/i0.wp.com\/mundo.seashell.pt\/wp-content\/uploads\/2022\/02\/LINIC_CH._FEM_CONT.OLEOSIDADE_225ML.png?resize=350%2C200&ssl=1","width":350,"height":200},"classes":[]},{"id":6764,"url":"https:\/\/mundo.seashell.pt\/?product=nivea-men-gel-craft-150ml","url_meta":{"origin":6722,"position":5},"title":"Nivea Men Gel Craft 150ml","date":"Fevereiro 23, 2022","format":false,"excerpt":"Nivea Men Gel Aqua oferece uma fixa\u00e7\u00e3o extra forte com uma fragr\u00e2ncia fresco e masculino.Descri\u00e7\u00e3o: \u00c9 f\u00e1cil de aplicar e deixa um efeito cabelo molhado sem ficar oleoso. A f\u00f3rmula com vitamina E natural mant\u00e9m o cabelo saud\u00e1vel e forte sem o deixar seco. O gel de cabelo extra forte\u2026","rel":"","context":"Similar post","img":{"alt_text":"","src":"https:\/\/i0.wp.com\/mundo.seashell.pt\/wp-content\/uploads\/2022\/02\/89033-06600-53_Gel_Aqua_Shine_Men_4005808262069.png?resize=350%2C200&ssl=1","width":350,"height":200},"classes":[]}],"_links":{"self":[{"href":"https:\/\/mundo.seashell.pt\/index.php?rest_route=\/wp\/v2\/product\/6722","targetHints":{"allow":["GET"]}}],"collection":[{"href":"https:\/\/mundo.seashell.pt\/index.php?rest_route=\/wp\/v2\/product"}],"about":[{"href":"https:\/\/mundo.seashell.pt\/index.php?rest_route=\/wp\/v2\/types\/product"}],"wp:featuredmedia":[{"embeddable":true,"href":"https:\/\/mundo.seashell.pt\/index.php?rest_route=\/wp\/v2\/media\/6723"}],"wp:attachment":[{"href":"https:\/\/mundo.seashell.pt\/index.php?rest_route=%2Fwp%2Fv2%2Fmedia&parent=6722"}],"wp:term":[{"taxonomy":"product_cat","embeddable":true,"href":"https:\/\/mundo.seashell.pt\/index.php?rest_route=%2Fwp%2Fv2%2Fproduct_cat&post=6722"},{"taxonomy":"product_tag","embeddable":true,"href":"https:\/\/mundo.seashell.pt\/index.php?rest_route=%2Fwp%2Fv2%2Fproduct_tag&post=6722"}],"curies":[{"name":"wp","href":"https:\/\/api.w.org\/{rel}","templated":true}]}}