{"id":6720,"date":"2022-02-23T18:52:53","date_gmt":"2022-02-23T18:52:53","guid":{"rendered":"https:\/\/mundo.seashell.pt\/?post_type=product&#038;p=6720"},"modified":"2022-02-23T18:52:55","modified_gmt":"2022-02-23T18:52:55","slug":"palmolive-champo-035l","status":"publish","type":"product","link":"https:\/\/mundo.seashell.pt\/?product=palmolive-champo-035l","title":{"rendered":"Palmolive Champ\u00f4 350ml"},"content":{"rendered":"<h3>Champ\u00f4 Anti Caspa Palmolive Naturals<\/h3>\n<p>Quantidade: 350mL<\/p>\n<p>O Champ\u00f4 Palmolive Naturals combate eficazmente a caspa e previne o reaparecimento. A f\u00f3rmula \u00fanica, enriquecida com extractos 100% naturais de menta selvagem e urtiga branca purificam delicadamente o couro cabeludo, ajudando a aliviar a comich\u00e3o e a caspa. Para um couro cabeludo saud\u00e1vel e cabelo brilhante todos os dias.<\/p>\n<h4>Benef\u00edcio(s)<\/h4>\n<p>Enriquecido com extratos naturais<\/p>\n<h4>Fragr\u00e2ncia<\/h4>\n<p>Frescura e Limpeza<\/p>\n<p><\/p>\n","protected":false},"excerpt":{"rendered":"<p>Champ\u00f4 Anti Caspa Palmolive Naturals<br \/>\nQuantidade: 350mL<br \/>\nO Champ\u00f4 Palmolive Naturals combate eficazmente a caspa e previne o reaparecimento. A f\u00f3rmula \u00fanica, enriquecida com extractos 100% naturais de menta selvagem e urtiga branca purificam delicadamente o couro cabeludo, ajudando a aliviar a comich\u00e3o e a caspa. Para um couro c&#8230;<\/p>\n","protected":false},"featured_media":6721,"template":"","meta":{"spay_email":""},"product_cat":[15],"product_tag":[],"class_list":{"0":"post-6720","1":"product","2":"type-product","3":"status-publish","4":"has-post-thumbnail","6":"product_cat-sem-categoria","8":"first","9":"instock","10":"taxable","11":"shipping-taxable","12":"purchasable","13":"product-type-simple"},"acf":[],"jetpack-related-posts":[{"id":6724,"url":"https:\/\/mundo.seashell.pt\/?product=linic-men-champo-0225l","url_meta":{"origin":6720,"position":0},"title":"Linic Men Champ\u00f4 225ml","date":"Fevereiro 23, 2022","format":false,"excerpt":"Linic \u00a0Legends -\u00a0Um champ\u00f4 criado por uma lenda s\u00f3 podia ser imbat\u00edvel. Legend by CR7 \u00e9 implac\u00e1vel no combate \u00e0 caspa e tem uma fragr\u00e2ncia \u00fanica e duradoura, escolhida pelo pr\u00f3prio CR7. Esta f\u00f3rmula inovadora cont\u00e9m sal marinho, que melhora a textura e o volume do cabelo, e carv\u00e3o ativo\u2026","rel":"","context":"Similar post","img":{"alt_text":"","src":"https:\/\/i0.wp.com\/mundo.seashell.pt\/wp-content\/uploads\/2022\/02\/LINIC_CH._MEN_LEGEND_CR7_225ML.png?resize=350%2C200&ssl=1","width":350,"height":200},"classes":[]},{"id":6714,"url":"https:\/\/mundo.seashell.pt\/?product=hs-champo-025l","url_meta":{"origin":6720,"position":1},"title":"H&#038;S Champ\u00f4 250 ml","date":"Fevereiro 23, 2022","format":false,"excerpt":"O champ\u00f4 h&s Champ\u00f4 anticaspa combate a causa principal da caspa, para uma prote\u00e7\u00e3o de at\u00e9 72 horas contra a descama\u00e7\u00e3o, secura e comich\u00e3o (caspa vis\u00edvel, com o uso regular; comich\u00e3o devido \u00e0 caspa).A sua f\u00f3rmula avan\u00e7ada foi testada dermatologicamente, tem um pH equilibrado e \u00e9 refor\u00e7ada com antioxidantes para\u2026","rel":"","context":"Similar post","img":{"alt_text":"","src":"https:\/\/i0.wp.com\/mundo.seashell.pt\/wp-content\/uploads\/2022\/02\/H_S_CHAMPO__CLASSIC_255ML__8001841998817.png?resize=350%2C200&ssl=1","width":350,"height":200},"classes":[]},{"id":6728,"url":"https:\/\/mundo.seashell.pt\/?product=linic-champo-feminino-0225l","url_meta":{"origin":6720,"position":2},"title":"Linic Champ\u00f4 Feminino 225ml","date":"Fevereiro 23, 2022","format":false,"excerpt":"O champ\u00f4 Linic Men Controlo de Oleosidade limpa profundamente removendo a oleosidade, a caspa e as bact\u00e9rias enquanto mant\u00e9m o couro cabeludo saud\u00e1vel. Com extratos de mentol para uma sensa\u00e7\u00e3o refrescante. Use diariamente para melhores resultados. Tipo de cabelo: OleososBenef\u00edcios: - Remove a oleosidade dos por...","rel":"","context":"Similar post","img":{"alt_text":"","src":"https:\/\/i0.wp.com\/mundo.seashell.pt\/wp-content\/uploads\/2022\/02\/LINIC_CH._FEM_CONT.OLEOSIDADE_225ML.png?resize=350%2C200&ssl=1","width":350,"height":200},"classes":[]},{"id":6730,"url":"https:\/\/mundo.seashell.pt\/?product=nivea-champo-micelar-feminino-04l","url_meta":{"origin":6720,"position":3},"title":"N\u00edvea Champ\u00f4 Micelar Feminino 400ml","date":"Fevereiro 23, 2022","format":false,"excerpt":"Nivea Micellar Champ\u00f4 para Cabelo e Couro Cabeludo Normal a Oleoso, mant\u00e9m o cabelo limpo, sem oleosidade e um couro cabeludo equilibrado. A f\u00f3rmula com tecnologia micelar remove eficazmente as impurezas e os res\u00edduos, garantindo um cabelo e couro cabeludo saud\u00e1veis. Tipo de cabelo: OleososBenef\u00edcios: - F\u00f3rmula...","rel":"","context":"Similar post","img":{"alt_text":"","src":"https:\/\/i0.wp.com\/mundo.seashell.pt\/wp-content\/uploads\/2022\/02\/NIVEA_Shampoo_Micelar_Purificante_400_ml_4005900453563.png?resize=350%2C200&ssl=1","width":350,"height":200},"classes":[]},{"id":6726,"url":"https:\/\/mundo.seashell.pt\/?product=tresemme-champo-feminino-05l","url_meta":{"origin":6720,"position":4},"title":"Tr\u00e9semme Champ\u00f4 Feminino 500ml","date":"Fevereiro 23, 2022","format":false,"excerpt":"Formulado para uma utiliza\u00e7\u00e3o di\u00e1ria, o champ\u00f4 limpa e elimina suavemente os res\u00edduos que reduzem o brilho do seu cabelo deixando-o f\u00e1cil de pentear e com um aspeto saud\u00e1vel. Cabelo cuidado com Qualidade Profissional, em casa. Benef\u00edcios: - Formulada para uma utiliza\u00e7\u00e3o di\u00e1ria;- Cabelo cuidado com Qualidade Profissional, e...","rel":"","context":"Similar post","img":{"alt_text":"","src":"https:\/\/i0.wp.com\/mundo.seashell.pt\/wp-content\/uploads\/2022\/02\/TRESEMME_Champo__Cuidado_Cla_ssico_500ml_8710447170908.png?resize=350%2C200&ssl=1","width":350,"height":200},"classes":[]},{"id":6722,"url":"https:\/\/mundo.seashell.pt\/?product=nivea-men-champo-025l","url_meta":{"origin":6720,"position":5},"title":"Nivea Men Champ\u00f4 250ml","date":"Fevereiro 23, 2022","format":false,"excerpt":"Tipo de cabelo: Normais Tipo de produto: Champ\u00f4Benef\u00edcios: - Fortalece visivelmente o cabelo;- Proporciona volume e vigor ao cabelo;- Suave e delicado com o cabelo e o couro cabeludo;- Adequado a uma utiliza\u00e7\u00e3o di\u00e1ria. Conselhos de utiliza\u00e7\u00e3o: Aplicar no cabelo molhado, mass...","rel":"","context":"Similar post","img":{"alt_text":"","src":"https:\/\/i0.wp.com\/mundo.seashell.pt\/wp-content\/uploads\/2022\/02\/81423-06600-54_Shampoo_Strong_Power_Men_4005808255818.png?resize=350%2C200&ssl=1","width":350,"height":200},"classes":[]}],"_links":{"self":[{"href":"https:\/\/mundo.seashell.pt\/index.php?rest_route=\/wp\/v2\/product\/6720","targetHints":{"allow":["GET"]}}],"collection":[{"href":"https:\/\/mundo.seashell.pt\/index.php?rest_route=\/wp\/v2\/product"}],"about":[{"href":"https:\/\/mundo.seashell.pt\/index.php?rest_route=\/wp\/v2\/types\/product"}],"wp:featuredmedia":[{"embeddable":true,"href":"https:\/\/mundo.seashell.pt\/index.php?rest_route=\/wp\/v2\/media\/6721"}],"wp:attachment":[{"href":"https:\/\/mundo.seashell.pt\/index.php?rest_route=%2Fwp%2Fv2%2Fmedia&parent=6720"}],"wp:term":[{"taxonomy":"product_cat","embeddable":true,"href":"https:\/\/mundo.seashell.pt\/index.php?rest_route=%2Fwp%2Fv2%2Fproduct_cat&post=6720"},{"taxonomy":"product_tag","embeddable":true,"href":"https:\/\/mundo.seashell.pt\/index.php?rest_route=%2Fwp%2Fv2%2Fproduct_tag&post=6720"}],"curies":[{"name":"wp","href":"https:\/\/api.w.org\/{rel}","templated":true}]}}