{"id":6718,"date":"2022-02-23T18:52:51","date_gmt":"2022-02-23T18:52:51","guid":{"rendered":"https:\/\/mundo.seashell.pt\/?post_type=product&#038;p=6718"},"modified":"2022-02-23T18:52:53","modified_gmt":"2022-02-23T18:52:53","slug":"herbal-essences-champo-025l","status":"publish","type":"product","link":"https:\/\/mundo.seashell.pt\/?product=herbal-essences-champo-025l","title":{"rendered":"Herbal Essences Champ\u00f4 250ml"},"content":{"rendered":"<p>Agora, associ\u00e1mo-nos aos Royal Botanic Gardens, Kew, uma autoridade mundial no que diz respeito \u00e0s plantas, para apoiar os verdadeiros produtos bot\u00e2nicos. O bio:renew da Herbal Essences \u00e9 um champ\u00f4 de origem 90% natural*, com ingredientes naturais e um antioxidante ativo que ajuda a purificar e a proteger o cabelo.<br \/>* \u00e1gua purificada e produtos com ingredientes de origem natural, pouco processados.<\/p>\n<h3>Tipo de cabelo:<\/h3>\n<p>Secos<\/p>\n<h3>Benef\u00edcios:<\/h3>\n<p>&#8211; Parceria com os Royal Botanic Gardens, Kew, uma autoridade mundial no que diz respeito \u00e0s plantas, para apoiar os verdadeiros produtos bot\u00e2nicos;<br \/>&#8211; Este champ\u00f4 tem 0% de parabenos, colorantes e silicones;<br \/>-90% de ingredientes de origem natural* (*\u00e1gua purificada e materiais com ingredientes provenientes de fontes naturais, com pouco tratamento);<br \/>-O champ\u00f4 Leite de Coco ajuda a hidratar o cabelo;<br \/>-pH equilibrado e delicado para cabelo com colora\u00e7\u00e3o.<\/p>\n<h3>Conselhos de utiliza\u00e7\u00e3o:<\/h3>\n<p>Aplique abundantemente o champ\u00f4 no cabelo molhado, massaje at\u00e9 formar uma espuma cremosa, desfrute do aroma e, em seguida, enxague.<\/p>\n","protected":false},"excerpt":{"rendered":"<p>Agora, associ\u00e1mo-nos aos Royal Botanic Gardens, Kew, uma autoridade mundial no que diz respeito \u00e0s plantas, para apoiar os verdadeiros produtos bot\u00e2nicos. O bio:renew da Herbal Essences \u00e9 um champ\u00f4 de origem 90% natural*, com ingredientes naturais e um antioxidante ativo que ajuda a purificar e a proteger o cabelo.* \u00e1gua purificada e prod&#8230;<\/p>\n","protected":false},"featured_media":6719,"template":"","meta":{"spay_email":""},"product_cat":[15],"product_tag":[],"class_list":{"0":"post-6718","1":"product","2":"type-product","3":"status-publish","4":"has-post-thumbnail","6":"product_cat-sem-categoria","8":"first","9":"instock","10":"taxable","11":"shipping-taxable","12":"purchasable","13":"product-type-simple"},"acf":[],"jetpack-related-posts":[{"id":6732,"url":"https:\/\/mundo.seashell.pt\/?product=herbal-essences-concidionador-feminino-02l","url_meta":{"origin":6718,"position":0},"title":"Herbal Essences Concidionador Feminino 200ml","date":"Fevereiro 23, 2022","format":false,"excerpt":"Agora, associ\u00e1mo-nos aos Royal Botanic Gardens, Kew, uma autoridade mundial no que diz respeito \u00e0s plantas, para apoiar os verdadeiros produtos bot\u00e2nicos. O Herbal Essences Leite de Coco \u00e9 um Champ\u00f4 de origem 90% natural*, com ingredientes naturais e um antioxidante ativo que ajuda a purificar e proteger o cabelo.Benef\u00edcios:","rel":"","context":"Similar post","img":{"alt_text":"","src":"https:\/\/i0.wp.com\/mundo.seashell.pt\/wp-content\/uploads\/2022\/02\/HERBAL_CONDICIONADOR_HIDRATA_LEITE_COCO_200ML_8001841964621.png?resize=350%2C200&ssl=1","width":350,"height":200},"classes":[]},{"id":6742,"url":"https:\/\/mundo.seashell.pt\/?product=herbal-essences-mascara-025l","url_meta":{"origin":6718,"position":1},"title":"Herbal Essences M\u00e1scara 250ml","date":"Fevereiro 23, 2022","format":false,"excerpt":"Agora, associ\u00e1mo-nos aos Royal Botanic Gardens, Kew, uma autoridade mundial no que diz respeito \u00e0s plantas, para apoiar os verdadeiros produtos bot\u00e2nicos. A bio:renew da Herbal Essences \u00d3leo de Arg\u00e3o de Marrocos \u00e9 uma m\u00e1scara de origem 90% natural*, com ingredientes naturais e um antioxidante ativo que ajuda a purificar\u2026","rel":"","context":"Similar post","img":{"alt_text":"","src":"https:\/\/i0.wp.com\/mundo.seashell.pt\/wp-content\/uploads\/2022\/02\/HERBAL_MA_SCARA_LEITE_DE_COCO_250ML_8001841275376.png?resize=350%2C200&ssl=1","width":350,"height":200},"classes":[]},{"id":6744,"url":"https:\/\/mundo.seashell.pt\/?product=herbal-essences-oleo-reparador-010l","url_meta":{"origin":6718,"position":2},"title":"Herbal Essences \u00d3leo Reparador 100ml","date":"Fevereiro 23, 2022","format":false,"excerpt":"\u00d3leo Reparador Herbal Essences A f\u00f3rmula de mistura do \u00f3leo de fase dupla suaviza o cabelo para evitar que este se parta, ajuda a reparar o cabelo danificado (repara os danos causados pelo styling) e torna-o naturalmente brilhante. Benef\u00edcios: - \u00d3leo de cabelo com \u00f3leo de arg\u00e3o e alo\u00e9;- F\u00f3rmula\u2026","rel":"","context":"Similar post","img":{"alt_text":"","src":"https:\/\/i0.wp.com\/mundo.seashell.pt\/wp-content\/uploads\/2022\/02\/HERBAL_O_LEO_ARGAO_100ML_8001841535944.png?resize=350%2C200&ssl=1","width":350,"height":200},"classes":[]},{"id":6720,"url":"https:\/\/mundo.seashell.pt\/?product=palmolive-champo-035l","url_meta":{"origin":6718,"position":3},"title":"Palmolive Champ\u00f4 350ml","date":"Fevereiro 23, 2022","format":false,"excerpt":"Champ\u00f4 Anti Caspa Palmolive Naturals Quantidade: 350mL O Champ\u00f4 Palmolive Naturals combate eficazmente a caspa e previne o reaparecimento. A f\u00f3rmula \u00fanica, enriquecida com extractos 100% naturais de menta selvagem e urtiga branca purificam delicadamente o couro cabeludo, ajudando a aliviar a comich\u00e3o e a caspa. Para um couro c...","rel":"","context":"Similar post","img":{"alt_text":"","src":"https:\/\/i0.wp.com\/mundo.seashell.pt\/wp-content\/uploads\/2022\/02\/Palmolive_Shampoo_Anti_Caspa_350ml_8714789880495.png?resize=350%2C200&ssl=1","width":350,"height":200},"classes":[]},{"id":6728,"url":"https:\/\/mundo.seashell.pt\/?product=linic-champo-feminino-0225l","url_meta":{"origin":6718,"position":4},"title":"Linic Champ\u00f4 Feminino 225ml","date":"Fevereiro 23, 2022","format":false,"excerpt":"O champ\u00f4 Linic Men Controlo de Oleosidade limpa profundamente removendo a oleosidade, a caspa e as bact\u00e9rias enquanto mant\u00e9m o couro cabeludo saud\u00e1vel. Com extratos de mentol para uma sensa\u00e7\u00e3o refrescante. Use diariamente para melhores resultados. Tipo de cabelo: OleososBenef\u00edcios: - Remove a oleosidade dos por...","rel":"","context":"Similar post","img":{"alt_text":"","src":"https:\/\/i0.wp.com\/mundo.seashell.pt\/wp-content\/uploads\/2022\/02\/LINIC_CH._FEM_CONT.OLEOSIDADE_225ML.png?resize=350%2C200&ssl=1","width":350,"height":200},"classes":[]},{"id":6730,"url":"https:\/\/mundo.seashell.pt\/?product=nivea-champo-micelar-feminino-04l","url_meta":{"origin":6718,"position":5},"title":"N\u00edvea Champ\u00f4 Micelar Feminino 400ml","date":"Fevereiro 23, 2022","format":false,"excerpt":"Nivea Micellar Champ\u00f4 para Cabelo e Couro Cabeludo Normal a Oleoso, mant\u00e9m o cabelo limpo, sem oleosidade e um couro cabeludo equilibrado. A f\u00f3rmula com tecnologia micelar remove eficazmente as impurezas e os res\u00edduos, garantindo um cabelo e couro cabeludo saud\u00e1veis. Tipo de cabelo: OleososBenef\u00edcios: - F\u00f3rmula...","rel":"","context":"Similar post","img":{"alt_text":"","src":"https:\/\/i0.wp.com\/mundo.seashell.pt\/wp-content\/uploads\/2022\/02\/NIVEA_Shampoo_Micelar_Purificante_400_ml_4005900453563.png?resize=350%2C200&ssl=1","width":350,"height":200},"classes":[]}],"_links":{"self":[{"href":"https:\/\/mundo.seashell.pt\/index.php?rest_route=\/wp\/v2\/product\/6718","targetHints":{"allow":["GET"]}}],"collection":[{"href":"https:\/\/mundo.seashell.pt\/index.php?rest_route=\/wp\/v2\/product"}],"about":[{"href":"https:\/\/mundo.seashell.pt\/index.php?rest_route=\/wp\/v2\/types\/product"}],"wp:featuredmedia":[{"embeddable":true,"href":"https:\/\/mundo.seashell.pt\/index.php?rest_route=\/wp\/v2\/media\/6719"}],"wp:attachment":[{"href":"https:\/\/mundo.seashell.pt\/index.php?rest_route=%2Fwp%2Fv2%2Fmedia&parent=6718"}],"wp:term":[{"taxonomy":"product_cat","embeddable":true,"href":"https:\/\/mundo.seashell.pt\/index.php?rest_route=%2Fwp%2Fv2%2Fproduct_cat&post=6718"},{"taxonomy":"product_tag","embeddable":true,"href":"https:\/\/mundo.seashell.pt\/index.php?rest_route=%2Fwp%2Fv2%2Fproduct_tag&post=6718"}],"curies":[{"name":"wp","href":"https:\/\/api.w.org\/{rel}","templated":true}]}}