{"id":6716,"date":"2022-02-23T18:52:35","date_gmt":"2022-02-23T18:52:35","guid":{"rendered":"https:\/\/mundo.seashell.pt\/?post_type=product&#038;p=6716"},"modified":"2022-02-23T18:52:37","modified_gmt":"2022-02-23T18:52:37","slug":"pantene-champo-0255l","status":"publish","type":"product","link":"https:\/\/mundo.seashell.pt\/?product=pantene-champo-0255l","title":{"rendered":"Pantene Champ\u00f4 255ml"},"content":{"rendered":"<p>O champ\u00f4 Pantene Pro-V Cuidado Cl\u00e1ssico limpa com suavidade ao mesmo tempo que recarrega o cabelo com Nutrientes Pro-V ativos que o protegem contra os danos causados pelo styling e deixam-no com aspeto saud\u00e1vel.<\/p>\n<h3>Tipo de cabelo:<\/h3>\n<p>Normais<\/p>\n<h3>Benef\u00edcios:<\/h3>\n<p>&#8211; Garante uma nutri\u00e7\u00e3o equilibrada para cabelo normal a misto;<br \/>&#8211; Real\u00e7a o brilho para um aspeto saud\u00e1vel;<br \/>&#8211; Deixa o cabelo solto e f\u00e1cil de controlar.<\/p>\n<h3>Conselhos de utiliza\u00e7\u00e3o:<\/h3>\n<p>1. Fazer espuma<br \/>2. Enxaguar bem<br \/>3. Usar condicionador<\/p>\n<p><\/p>\n<p><\/p>\n","protected":false},"excerpt":{"rendered":"<p>O champ\u00f4 Pantene Pro-V Cuidado Cl\u00e1ssico limpa com suavidade ao mesmo tempo que recarrega o cabelo com Nutrientes Pro-V ativos que o protegem contra os danos causados pelo styling e deixam-no com aspeto saud\u00e1vel.<br \/>\nTipo de cabelo:<br \/>\nNormais<br \/>\nBenef\u00edcios:<br \/>\n&#8211; Garante uma nutri\u00e7\u00e3o equilibrada para cabelo normal a misto;<\/p>\n","protected":false},"featured_media":6717,"template":"","meta":{"spay_email":""},"product_cat":[15],"product_tag":[],"class_list":{"0":"post-6716","1":"product","2":"type-product","3":"status-publish","4":"has-post-thumbnail","6":"product_cat-sem-categoria","8":"first","9":"instock","10":"taxable","11":"shipping-taxable","12":"purchasable","13":"product-type-simple"},"acf":[],"jetpack-related-posts":[{"id":6734,"url":"https:\/\/mundo.seashell.pt\/?product=pantene-condicionador-feminino-02l","url_meta":{"origin":6716,"position":0},"title":"Pantene Condicionador Feminino 200ml","date":"Fevereiro 23, 2022","format":false,"excerpt":"O condicionador Pantene Pro-V Carac\u00f3is Perfeitos recarrega o cabelo com Nutrientes Pro-V ativos para fortalec\u00ea-lo. Ajuda a definir carac\u00f3is e controlar o frisado. Tipo de cabelo: Carac\u00f3isBenef\u00edcios: - Transforma as ondas rebeldes em carac\u00f3is definidos, brilhantes e flex\u00edveis;- Deixa o cabelo hidratado, suav...","rel":"","context":"Similar post","img":{"alt_text":"","src":"https:\/\/i0.wp.com\/mundo.seashell.pt\/wp-content\/uploads\/2022\/02\/PANTENE_CONDICIONADOR_CARACO_IS_DEFINIDOS_200ML_8001090722737.png?resize=350%2C200&ssl=1","width":350,"height":200},"classes":[]},{"id":6740,"url":"https:\/\/mundo.seashell.pt\/?product=pantene-mascara-03l","url_meta":{"origin":6716,"position":1},"title":"Pantene M\u00e1scara 300ml","date":"Fevereiro 23, 2022","format":false,"excerpt":"O nosso cuidado reparador nutritivo com micronutrientes ajuda a hidratar o cabelo em profundidade. Tipo de cabelo: Danificados - Protege o seu cabelo contra danos causados pela modela\u00e7\u00e3o;- D\u00e1 um aspeto saud\u00e1vel e vigoroso ao cabelo seco e danificado, deixando-o suave e brilhante;- Cuidado intensivo que ajuda a c...","rel":"","context":"Similar post","img":{"alt_text":"","src":"https:\/\/i0.wp.com\/mundo.seashell.pt\/wp-content\/uploads\/2022\/02\/PANTENE_MA_SCARA_CARACO_IS_PERFEITOS_300ML__5410076527632.png?resize=350%2C200&ssl=1","width":350,"height":200},"classes":[]},{"id":6726,"url":"https:\/\/mundo.seashell.pt\/?product=tresemme-champo-feminino-05l","url_meta":{"origin":6716,"position":2},"title":"Tr\u00e9semme Champ\u00f4 Feminino 500ml","date":"Fevereiro 23, 2022","format":false,"excerpt":"Formulado para uma utiliza\u00e7\u00e3o di\u00e1ria, o champ\u00f4 limpa e elimina suavemente os res\u00edduos que reduzem o brilho do seu cabelo deixando-o f\u00e1cil de pentear e com um aspeto saud\u00e1vel. Cabelo cuidado com Qualidade Profissional, em casa. Benef\u00edcios: - Formulada para uma utiliza\u00e7\u00e3o di\u00e1ria;- Cabelo cuidado com Qualidade Profissional, e...","rel":"","context":"Similar post","img":{"alt_text":"","src":"https:\/\/i0.wp.com\/mundo.seashell.pt\/wp-content\/uploads\/2022\/02\/TRESEMME_Champo__Cuidado_Cla_ssico_500ml_8710447170908.png?resize=350%2C200&ssl=1","width":350,"height":200},"classes":[]},{"id":6730,"url":"https:\/\/mundo.seashell.pt\/?product=nivea-champo-micelar-feminino-04l","url_meta":{"origin":6716,"position":3},"title":"N\u00edvea Champ\u00f4 Micelar Feminino 400ml","date":"Fevereiro 23, 2022","format":false,"excerpt":"Nivea Micellar Champ\u00f4 para Cabelo e Couro Cabeludo Normal a Oleoso, mant\u00e9m o cabelo limpo, sem oleosidade e um couro cabeludo equilibrado. A f\u00f3rmula com tecnologia micelar remove eficazmente as impurezas e os res\u00edduos, garantindo um cabelo e couro cabeludo saud\u00e1veis. Tipo de cabelo: OleososBenef\u00edcios: - F\u00f3rmula...","rel":"","context":"Similar post","img":{"alt_text":"","src":"https:\/\/i0.wp.com\/mundo.seashell.pt\/wp-content\/uploads\/2022\/02\/NIVEA_Shampoo_Micelar_Purificante_400_ml_4005900453563.png?resize=350%2C200&ssl=1","width":350,"height":200},"classes":[]},{"id":6714,"url":"https:\/\/mundo.seashell.pt\/?product=hs-champo-025l","url_meta":{"origin":6716,"position":4},"title":"H&#038;S Champ\u00f4 250 ml","date":"Fevereiro 23, 2022","format":false,"excerpt":"O champ\u00f4 h&s Champ\u00f4 anticaspa combate a causa principal da caspa, para uma prote\u00e7\u00e3o de at\u00e9 72 horas contra a descama\u00e7\u00e3o, secura e comich\u00e3o (caspa vis\u00edvel, com o uso regular; comich\u00e3o devido \u00e0 caspa).A sua f\u00f3rmula avan\u00e7ada foi testada dermatologicamente, tem um pH equilibrado e \u00e9 refor\u00e7ada com antioxidantes para\u2026","rel":"","context":"Similar post","img":{"alt_text":"","src":"https:\/\/i0.wp.com\/mundo.seashell.pt\/wp-content\/uploads\/2022\/02\/H_S_CHAMPO__CLASSIC_255ML__8001841998817.png?resize=350%2C200&ssl=1","width":350,"height":200},"classes":[]},{"id":6748,"url":"https:\/\/mundo.seashell.pt\/?product=pantene-serum-selador-de-pontas-75ml","url_meta":{"origin":6716,"position":5},"title":"Pantene Serum Selador de Pontas 75ml","date":"Fevereiro 23, 2022","format":false,"excerpt":"Pantene Serum Selador de Pontas - 75ml","rel":"","context":"Similar post","img":{"alt_text":"","src":"https:\/\/i0.wp.com\/mundo.seashell.pt\/wp-content\/uploads\/2022\/02\/PANTENE_SERUM_SELADOR_DE_PONTAS_75ML_8001841889573.png?resize=350%2C200&ssl=1","width":350,"height":200},"classes":[]}],"_links":{"self":[{"href":"https:\/\/mundo.seashell.pt\/index.php?rest_route=\/wp\/v2\/product\/6716","targetHints":{"allow":["GET"]}}],"collection":[{"href":"https:\/\/mundo.seashell.pt\/index.php?rest_route=\/wp\/v2\/product"}],"about":[{"href":"https:\/\/mundo.seashell.pt\/index.php?rest_route=\/wp\/v2\/types\/product"}],"wp:featuredmedia":[{"embeddable":true,"href":"https:\/\/mundo.seashell.pt\/index.php?rest_route=\/wp\/v2\/media\/6717"}],"wp:attachment":[{"href":"https:\/\/mundo.seashell.pt\/index.php?rest_route=%2Fwp%2Fv2%2Fmedia&parent=6716"}],"wp:term":[{"taxonomy":"product_cat","embeddable":true,"href":"https:\/\/mundo.seashell.pt\/index.php?rest_route=%2Fwp%2Fv2%2Fproduct_cat&post=6716"},{"taxonomy":"product_tag","embeddable":true,"href":"https:\/\/mundo.seashell.pt\/index.php?rest_route=%2Fwp%2Fv2%2Fproduct_tag&post=6716"}],"curies":[{"name":"wp","href":"https:\/\/api.w.org\/{rel}","templated":true}]}}