{"id":6714,"date":"2022-02-23T18:52:32","date_gmt":"2022-02-23T18:52:32","guid":{"rendered":"https:\/\/mundo.seashell.pt\/?post_type=product&#038;p=6714"},"modified":"2022-02-23T18:52:34","modified_gmt":"2022-02-23T18:52:34","slug":"hs-champo-025l","status":"publish","type":"product","link":"https:\/\/mundo.seashell.pt\/?product=hs-champo-025l","title":{"rendered":"H&#038;S Champ\u00f4 250 ml"},"content":{"rendered":"<p>O champ\u00f4 h&#038;s Champ\u00f4 anticaspa combate a causa principal da caspa, para uma prote\u00e7\u00e3o de at\u00e9 72 horas contra a descama\u00e7\u00e3o, secura e comich\u00e3o (caspa vis\u00edvel, com o uso regular; comich\u00e3o devido \u00e0 caspa).<br \/>A sua f\u00f3rmula avan\u00e7ada foi testada dermatologicamente, tem um pH equilibrado e \u00e9 refor\u00e7ada com antioxidantes para um cabelo e couro cabeludo 100% livres de caspa, clinicamente comprovado (com uso regular).<br \/>O champ\u00f4 anticaspa Classic limpa em profundidade o seu cabelo, mantendo-o fresco e bem hidratado.<br \/>h&#038;s \u00e9 a marca de champ\u00f4 n\u00famero 1 do mundo (c\u00e1lculo P&#038;G com base nas vendas externas anuais da categoria de champ\u00f4) e cuida do planeta: frasco recicl\u00e1vel (excluindo tampa e dependendo das instala\u00e7\u00f5es de reciclagem).<\/p>\n<h3>Tipo de cabelo:<\/h3>\n<p>Anticaspa<\/p>\n<h3>Tipo de produto:<\/h3>\n<p>Champ\u00f4<\/p>\n<h3>Benef\u00edcios:<\/h3>\n<p>&#8211; At\u00e9 72 horas de prote\u00e7\u00e3o contra a caspa, secura e comich\u00e3o (caspa vis\u00edvel, com uso regular) (devido \u00e0 caspa).<br \/>&#8211; Combate a causa da caspa para um cabelo at\u00e9 100% livre de caspa, clinicamente comprovado (com uso regular).<br \/>&#8211; Testado dermatologicamente, pH equilibrado e refor\u00e7ado com antioxidantes para cuidados delicados do couro cabeludo e do cabelo.<br \/>&#8211; O champ\u00f4 anticaspa Classic limpa o seu cabelo, mantendo-o fresco e bem hidratado.<br \/>&#8211; Melhor em conjunto. Utilize com o condicionador h&#038;s que hidrata profundamente o cabelo e o couro cabeludo para um cabelo bonito.<br \/>&#8211; A marca n.\u00ba 1 de champ\u00f4 em todo o mundo (c\u00e1lculo P&#038;G com base nas vendas externas anuais na categoria de champ\u00f4).<br \/>&#8211; Bom para o planeta: frasco recicl\u00e1vel (excluindo tampa e dependendo das instala\u00e7\u00f5es de reciclagem).<\/p>\n<h3>Conselhos de utiliza\u00e7\u00e3o:<\/h3>\n<p>Aplicar sobre o cabelo molhado, massajar suavemente por todo o couro cabeludo. Passar abundantemente por \u00e1gua.<\/p>\n<p><\/p>\n","protected":false},"excerpt":{"rendered":"<p>O champ\u00f4 h&#038;s Champ\u00f4 anticaspa combate a causa principal da caspa, para uma prote\u00e7\u00e3o de at\u00e9 72 horas contra a descama\u00e7\u00e3o, secura e comich\u00e3o (caspa vis\u00edvel, com o uso regular; comich\u00e3o devido \u00e0 caspa).A sua f\u00f3rmula avan\u00e7ada foi testada dermatologicamente, tem um pH equilibrado e \u00e9 refor\u00e7ada com antioxidantes para um cabelo e couro cabeludo &#8230;<\/p>\n","protected":false},"featured_media":6715,"template":"","meta":{"spay_email":""},"product_cat":[15],"product_tag":[],"class_list":{"0":"post-6714","1":"product","2":"type-product","3":"status-publish","4":"has-post-thumbnail","6":"product_cat-sem-categoria","8":"first","9":"instock","10":"taxable","11":"shipping-taxable","12":"purchasable","13":"product-type-simple"},"acf":[],"jetpack-related-posts":[{"id":6720,"url":"https:\/\/mundo.seashell.pt\/?product=palmolive-champo-035l","url_meta":{"origin":6714,"position":0},"title":"Palmolive Champ\u00f4 350ml","date":"Fevereiro 23, 2022","format":false,"excerpt":"Champ\u00f4 Anti Caspa Palmolive Naturals Quantidade: 350mL O Champ\u00f4 Palmolive Naturals combate eficazmente a caspa e previne o reaparecimento. A f\u00f3rmula \u00fanica, enriquecida com extractos 100% naturais de menta selvagem e urtiga branca purificam delicadamente o couro cabeludo, ajudando a aliviar a comich\u00e3o e a caspa. Para um couro c...","rel":"","context":"Similar post","img":{"alt_text":"","src":"https:\/\/i0.wp.com\/mundo.seashell.pt\/wp-content\/uploads\/2022\/02\/Palmolive_Shampoo_Anti_Caspa_350ml_8714789880495.png?resize=350%2C200&ssl=1","width":350,"height":200},"classes":[]},{"id":6724,"url":"https:\/\/mundo.seashell.pt\/?product=linic-men-champo-0225l","url_meta":{"origin":6714,"position":1},"title":"Linic Men Champ\u00f4 225ml","date":"Fevereiro 23, 2022","format":false,"excerpt":"Linic \u00a0Legends -\u00a0Um champ\u00f4 criado por uma lenda s\u00f3 podia ser imbat\u00edvel. Legend by CR7 \u00e9 implac\u00e1vel no combate \u00e0 caspa e tem uma fragr\u00e2ncia \u00fanica e duradoura, escolhida pelo pr\u00f3prio CR7. Esta f\u00f3rmula inovadora cont\u00e9m sal marinho, que melhora a textura e o volume do cabelo, e carv\u00e3o ativo\u2026","rel":"","context":"Similar post","img":{"alt_text":"","src":"https:\/\/i0.wp.com\/mundo.seashell.pt\/wp-content\/uploads\/2022\/02\/LINIC_CH._MEN_LEGEND_CR7_225ML.png?resize=350%2C200&ssl=1","width":350,"height":200},"classes":[]},{"id":6728,"url":"https:\/\/mundo.seashell.pt\/?product=linic-champo-feminino-0225l","url_meta":{"origin":6714,"position":2},"title":"Linic Champ\u00f4 Feminino 225ml","date":"Fevereiro 23, 2022","format":false,"excerpt":"O champ\u00f4 Linic Men Controlo de Oleosidade limpa profundamente removendo a oleosidade, a caspa e as bact\u00e9rias enquanto mant\u00e9m o couro cabeludo saud\u00e1vel. Com extratos de mentol para uma sensa\u00e7\u00e3o refrescante. Use diariamente para melhores resultados. Tipo de cabelo: OleososBenef\u00edcios: - Remove a oleosidade dos por...","rel":"","context":"Similar post","img":{"alt_text":"","src":"https:\/\/i0.wp.com\/mundo.seashell.pt\/wp-content\/uploads\/2022\/02\/LINIC_CH._FEM_CONT.OLEOSIDADE_225ML.png?resize=350%2C200&ssl=1","width":350,"height":200},"classes":[]},{"id":6722,"url":"https:\/\/mundo.seashell.pt\/?product=nivea-men-champo-025l","url_meta":{"origin":6714,"position":3},"title":"Nivea Men Champ\u00f4 250ml","date":"Fevereiro 23, 2022","format":false,"excerpt":"Tipo de cabelo: Normais Tipo de produto: Champ\u00f4Benef\u00edcios: - Fortalece visivelmente o cabelo;- Proporciona volume e vigor ao cabelo;- Suave e delicado com o cabelo e o couro cabeludo;- Adequado a uma utiliza\u00e7\u00e3o di\u00e1ria. Conselhos de utiliza\u00e7\u00e3o: Aplicar no cabelo molhado, mass...","rel":"","context":"Similar post","img":{"alt_text":"","src":"https:\/\/i0.wp.com\/mundo.seashell.pt\/wp-content\/uploads\/2022\/02\/81423-06600-54_Shampoo_Strong_Power_Men_4005808255818.png?resize=350%2C200&ssl=1","width":350,"height":200},"classes":[]},{"id":6716,"url":"https:\/\/mundo.seashell.pt\/?product=pantene-champo-0255l","url_meta":{"origin":6714,"position":4},"title":"Pantene Champ\u00f4 255ml","date":"Fevereiro 23, 2022","format":false,"excerpt":"O champ\u00f4 Pantene Pro-V Cuidado Cl\u00e1ssico limpa com suavidade ao mesmo tempo que recarrega o cabelo com Nutrientes Pro-V ativos que o protegem contra os danos causados pelo styling e deixam-no com aspeto saud\u00e1vel. Tipo de cabelo: Normais Benef\u00edcios: - Garante uma nutri\u00e7\u00e3o equilibrada para cabelo normal a misto;","rel":"","context":"Similar post","img":{"alt_text":"","src":"https:\/\/i0.wp.com\/mundo.seashell.pt\/wp-content\/uploads\/2022\/02\/PANTENE_CHAMPO__CLASSIC_250ML__8001090722973.png?resize=350%2C200&ssl=1","width":350,"height":200},"classes":[]},{"id":6718,"url":"https:\/\/mundo.seashell.pt\/?product=herbal-essences-champo-025l","url_meta":{"origin":6714,"position":5},"title":"Herbal Essences Champ\u00f4 250ml","date":"Fevereiro 23, 2022","format":false,"excerpt":"Agora, associ\u00e1mo-nos aos Royal Botanic Gardens, Kew, uma autoridade mundial no que diz respeito \u00e0s plantas, para apoiar os verdadeiros produtos bot\u00e2nicos. O bio:renew da Herbal Essences \u00e9 um champ\u00f4 de origem 90% natural*, com ingredientes naturais e um antioxidante ativo que ajuda a purificar e a proteger o cabelo.*\u2026","rel":"","context":"Similar post","img":{"alt_text":"","src":"https:\/\/i0.wp.com\/mundo.seashell.pt\/wp-content\/uploads\/2022\/02\/HERBAL_CHAMPO__HIDRATA_LEITE_COCO_250ML_8001841964744.png?resize=350%2C200&ssl=1","width":350,"height":200},"classes":[]}],"_links":{"self":[{"href":"https:\/\/mundo.seashell.pt\/index.php?rest_route=\/wp\/v2\/product\/6714","targetHints":{"allow":["GET"]}}],"collection":[{"href":"https:\/\/mundo.seashell.pt\/index.php?rest_route=\/wp\/v2\/product"}],"about":[{"href":"https:\/\/mundo.seashell.pt\/index.php?rest_route=\/wp\/v2\/types\/product"}],"wp:featuredmedia":[{"embeddable":true,"href":"https:\/\/mundo.seashell.pt\/index.php?rest_route=\/wp\/v2\/media\/6715"}],"wp:attachment":[{"href":"https:\/\/mundo.seashell.pt\/index.php?rest_route=%2Fwp%2Fv2%2Fmedia&parent=6714"}],"wp:term":[{"taxonomy":"product_cat","embeddable":true,"href":"https:\/\/mundo.seashell.pt\/index.php?rest_route=%2Fwp%2Fv2%2Fproduct_cat&post=6714"},{"taxonomy":"product_tag","embeddable":true,"href":"https:\/\/mundo.seashell.pt\/index.php?rest_route=%2Fwp%2Fv2%2Fproduct_tag&post=6714"}],"curies":[{"name":"wp","href":"https:\/\/api.w.org\/{rel}","templated":true}]}}