{"id":6712,"date":"2022-02-23T18:52:30","date_gmt":"2022-02-23T18:52:30","guid":{"rendered":"https:\/\/mundo.seashell.pt\/?post_type=product&#038;p=6712"},"modified":"2022-02-23T18:52:32","modified_gmt":"2022-02-23T18:52:32","slug":"comfort-vaporese-azul-1l","status":"publish","type":"product","link":"https:\/\/mundo.seashell.pt\/?product=comfort-vaporese-azul-1l","title":{"rendered":"Comfort Vaporese Azul 1L"},"content":{"rendered":"<p>Comfort Vaporesse azul ajuda o ferro de engomar a deslizar sem esfor\u00e7o sobre os vincos da sua roupa. Para al\u00e9m disso, traz uma fragr\u00e2ncia fresca fant\u00e1stica para o seu engomar, que dura o dia todo. Desfrute da fragr\u00e2ncia fresca e duradoura e livre-se dos vincos mais facilmente, garantindo um cuidado e prote\u00e7\u00e3o do seu ferro contra o calc\u00e1rio.<\/p>\n<h3>Tipo de produto:<\/h3>\n<p>Auxiliar de Lavagem da Roupa<\/p>\n<h3>Benef\u00edcios:<\/h3>\n<p>&#8211; Facilita o engomar;<br \/>&#8211; Fragr\u00e2ncia revigorante;<br \/>&#8211; Elimina electricidade est\u00e1tica;<br \/>&#8211; Ao reduzir os vincos, as roupas aguentam melhor.<\/p>\n<h3>Conselhos de utiliza\u00e7\u00e3o:<\/h3>\n<p>Antes da primeira utiliza\u00e7\u00e3o, limpe o calc\u00e1rio do seu ferro de engomar (respeitandon as instru\u00e7\u00f5es do fabricante), de modo a evitar os dep\u00f3sitos de calc\u00e1rio. Despeje o l\u00edquido diretamente no reservat\u00f3rio de \u00e1gua do seu ferro a vapor. Uso Dilu\u00eddo &#8211; Branqueamento de roupa: Utilize 20ml de produto para 5 litros de \u00e1gua e deixe imerso durante a noite. Enxague bem. Adicione ao seu detergente o amaciador para obter um resultado fant\u00e1stico de perfume.<\/p>\n<p><\/p>\n","protected":false},"excerpt":{"rendered":"<p>Comfort Vaporesse azul ajuda o ferro de engomar a deslizar sem esfor\u00e7o sobre os vincos da sua roupa. Para al\u00e9m disso, traz uma fragr\u00e2ncia fresca fant\u00e1stica para o seu engomar, que dura o dia todo. Desfrute da fragr\u00e2ncia fresca e duradoura e livre-se dos vincos mais facilmente, garantindo um cuidado e prote\u00e7\u00e3o do seu ferro contra o calc\u00e1rio.<\/p>\n","protected":false},"featured_media":6713,"template":"","meta":{"spay_email":""},"product_cat":[15],"product_tag":[],"class_list":{"0":"post-6712","1":"product","2":"type-product","3":"status-publish","4":"has-post-thumbnail","6":"product_cat-sem-categoria","8":"first","9":"instock","10":"taxable","11":"shipping-taxable","12":"purchasable","13":"product-type-simple"},"acf":[],"jetpack-related-posts":[{"id":6601,"url":"https:\/\/mundo.seashell.pt\/?product=comfort-amaciador-de-roupa-58-doses","url_meta":{"origin":6712,"position":0},"title":"Comfort Amaciador de Roupa 58 Doses","date":"Fevereiro 23, 2022","format":false,"excerpt":"Cada gota de Comfort Concentrado traz o ar livre para dentro da sua casa. Uma onda de tenta\u00e7\u00e3o e frescura, para uma suavidade \u00fanica. Tipo de produto: Amaciador Concentrado - Fragr\u00e2ncia desenvolvida por especialistas;- Frescura duradoura;- Extrema suavidade;- F\u00e1cil de engomar;- Mant\u00e9m a cor e o brilho.","rel":"","context":"Similar post","img":{"alt_text":"","src":"https:\/\/i0.wp.com\/mundo.seashell.pt\/wp-content\/uploads\/2022\/02\/COMFORT_ESSE_NCIA_AZUL_-1_45L_-_58D_8720181006890.png?resize=350%2C200&ssl=1","width":350,"height":200},"classes":[]},{"id":6603,"url":"https:\/\/mundo.seashell.pt\/?product=comfort-creations-50-doses","url_meta":{"origin":6712,"position":1},"title":"Comfort Creations 50 Doses","date":"Fevereiro 23, 2022","format":false,"excerpt":"Delicie-se e deleite-se com o Comfort Creations nas suas variadas fragr\u00e2ncias. Criado por especialistas, proporciona-lhe mais fragr\u00e2ncia em cada gota. Tipo de produto: Amaciador ConcentradoBenef\u00edcios: - Fragr\u00e2ncia desenvolvida por especialistas;- Frescura duradoura;- Extrema suavidade;- F\u00e1cil de eng...","rel":"","context":"Similar post","img":{"alt_text":"","src":"https:\/\/i0.wp.com\/mundo.seashell.pt\/wp-content\/uploads\/2022\/02\/COMFORT_ESS._CREAT._LIRIOS___MORANGO_-_1_25L_-_50D_8720181006937.png?resize=350%2C200&ssl=1","width":350,"height":200},"classes":[]},{"id":6599,"url":"https:\/\/mundo.seashell.pt\/?product=vernel-amaciador-de-roupa-57-doses","url_meta":{"origin":6712,"position":2},"title":"Vernel Amaciador de Roupa 57 doses","date":"Fevereiro 23, 2022","format":false,"excerpt":"A gama de Vernel oferece amaciadores concentrados enriquecidos com refinados \u00f3leos relaxantes e aromas sedutores que proporcionam uma sensa\u00e7\u00e3o de bem-estar. Para al\u00e9m de deixar a roupa incrivelmente suave, a f\u00f3rmula de Frangipani Fascinante cont\u00e9m uma fragr\u00e2ncia \u00fanica que deixa a sua roupa perfumada at\u00e9 200 dias. Estimule os seus\u2026","rel":"","context":"Similar post","img":{"alt_text":"","src":"https:\/\/i0.wp.com\/mundo.seashell.pt\/wp-content\/uploads\/2022\/02\/VERNEL_AT_VIOLETA_57_1L31_8UD_57D_8410436283113.png?resize=350%2C200&ssl=1","width":350,"height":200},"classes":[]},{"id":6597,"url":"https:\/\/mundo.seashell.pt\/?product=lenor-amaciador-de-roupa-37-doses","url_meta":{"origin":6712,"position":3},"title":"Lenor Amaciador de Roupa 37 Doses","date":"Fevereiro 23, 2022","format":false,"excerpt":"Com Lenor, transforme as suas tarefas di\u00e1rias em experi\u00eancias sensoriais. Com a sua exuberante combina\u00e7\u00e3o de um misterioso cocktail de bergamota e um buquet arejado da delicada fr\u00e9sia e jasmim radiante, a sua sofisticada ess\u00eancia multi-sensorial foi inspirada pelas \u00faltimas tend\u00eancias. Al\u00e9m disso, este amaciador para roupa foi desenvolvido par...","rel":"","context":"Similar post","img":{"alt_text":"","src":"https:\/\/i0.wp.com\/mundo.seashell.pt\/wp-content\/uploads\/2022\/02\/LENOR_AMACIADOR_AMETISTA_37D_8006540002957.png?resize=350%2C200&ssl=1","width":350,"height":200},"classes":[]},{"id":5804,"url":"https:\/\/mundo.seashell.pt\/?product=stark-engomafacil-5l","url_meta":{"origin":6712,"position":4},"title":"Stark Engomaf\u00e1cil 5L &#8211; Lavandaria Autom\u00e1tica\/Manual","date":"Fevereiro 23, 2022","format":false,"excerpt":"O STARK ENGOMAFACIL \u00e9 um aditivo l\u00edquido a ser aplicado por pulveriza\u00e7\u00e3o na engomagem.","rel":"","context":"Similar post","img":{"alt_text":"","src":"https:\/\/i0.wp.com\/mundo.seashell.pt\/wp-content\/uploads\/2022\/02\/SOLIM_ENGOMAFACIL_PhotoRoom_20210402_103348.jpg?resize=350%2C200&ssl=1","width":350,"height":200},"classes":[]},{"id":5800,"url":"https:\/\/mundo.seashell.pt\/?product=stark-goma-tex-5l-lavandaria-manual","url_meta":{"origin":6712,"position":5},"title":"Facilitador de Engomagem Stark Goma Tex 5L","date":"Fevereiro 23, 2022","format":false,"excerpt":"Facilitador da engomagem da roupa.","rel":"","context":"Similar post","img":{"alt_text":"","src":"https:\/\/i0.wp.com\/mundo.seashell.pt\/wp-content\/uploads\/2022\/02\/Stark_Tex_Gum_PhotoRoom_20210402_103317.jpg?resize=350%2C200&ssl=1","width":350,"height":200},"classes":[]}],"_links":{"self":[{"href":"https:\/\/mundo.seashell.pt\/index.php?rest_route=\/wp\/v2\/product\/6712","targetHints":{"allow":["GET"]}}],"collection":[{"href":"https:\/\/mundo.seashell.pt\/index.php?rest_route=\/wp\/v2\/product"}],"about":[{"href":"https:\/\/mundo.seashell.pt\/index.php?rest_route=\/wp\/v2\/types\/product"}],"wp:featuredmedia":[{"embeddable":true,"href":"https:\/\/mundo.seashell.pt\/index.php?rest_route=\/wp\/v2\/media\/6713"}],"wp:attachment":[{"href":"https:\/\/mundo.seashell.pt\/index.php?rest_route=%2Fwp%2Fv2%2Fmedia&parent=6712"}],"wp:term":[{"taxonomy":"product_cat","embeddable":true,"href":"https:\/\/mundo.seashell.pt\/index.php?rest_route=%2Fwp%2Fv2%2Fproduct_cat&post=6712"},{"taxonomy":"product_tag","embeddable":true,"href":"https:\/\/mundo.seashell.pt\/index.php?rest_route=%2Fwp%2Fv2%2Fproduct_tag&post=6712"}],"curies":[{"name":"wp","href":"https:\/\/api.w.org\/{rel}","templated":true}]}}