{"id":6708,"date":"2022-02-23T18:52:11","date_gmt":"2022-02-23T18:52:11","guid":{"rendered":"https:\/\/mundo.seashell.pt\/?post_type=product&#038;p=6708"},"modified":"2022-02-23T18:52:14","modified_gmt":"2022-02-23T18:52:14","slug":"lysol-desinfetante-025l","status":"publish","type":"product","link":"https:\/\/mundo.seashell.pt\/?product=lysol-desinfetante-025l","title":{"rendered":"Lysol Desinfetante 0,25L"},"content":{"rendered":"<p>Limpeza e Tratamento da M\u00e1quina<\/p>\n<p>&#8211; Limpa e desinfeta a m\u00e1quina<\/p>\n<p>&#8211; Ilimina bact\u00e9rias que causam maus odores;<\/p>\n<p>&#8211; Elimina calc\u00e1rio, sujidade e res\u00edduos de detergente.<\/p>\n<p><\/p>\n","protected":false},"excerpt":{"rendered":"<p>Limpeza e Tratamento da M\u00e1quina<br \/>\n&#8211; Limpa e desinfeta a m\u00e1quina<br \/>\n&#8211; Ilimina bact\u00e9rias que causam maus odores;<br \/>\n&#8211; Elimina calc\u00e1rio, sujidade e res\u00edduos de detergente.<\/p>\n","protected":false},"featured_media":6709,"template":"","meta":{"spay_email":""},"product_cat":[15],"product_tag":[],"class_list":{"0":"post-6708","1":"product","2":"type-product","3":"status-publish","4":"has-post-thumbnail","6":"product_cat-sem-categoria","8":"first","9":"instock","10":"taxable","11":"shipping-taxable","12":"purchasable","13":"product-type-simple"},"acf":[],"jetpack-related-posts":[{"id":6684,"url":"https:\/\/mundo.seashell.pt\/?product=sanytol-limpa-e-desinfeta-025l","url_meta":{"origin":6708,"position":0},"title":"Sanytol Limpa e Desinfeta 250ml","date":"Fevereiro 23, 2022","format":false,"excerpt":"Todos os ciclos de lavagem deixam res\u00edduos, sujidade e calc\u00e1rio que podem danificar a m\u00e1quina de lavar. Sanytol Limpa M\u00e1quinas \u00e9 um limpador desinfetante para a m\u00e1quina de lavar roupa que elimina 99.9% das bact\u00e9rias. Tipo de produto: Limpeza e Tratamento da M\u00e1quinaBenef\u00edcios: - Lava, desinfeta e previne todos o...","rel":"","context":"Similar post","img":{"alt_text":"","src":"https:\/\/i0.wp.com\/mundo.seashell.pt\/wp-content\/uploads\/2022\/02\/SANYTOL_LIMPA_MA_QUINAS_DESINFETANTE_250_ML_8411135665019.png?resize=350%2C200&ssl=1","width":350,"height":200},"classes":[]},{"id":6515,"url":"https:\/\/mundo.seashell.pt\/?product=calgon-pastilhas-mll","url_meta":{"origin":6708,"position":1},"title":"Calgon Pastilhas MLL","date":"Fevereiro 23, 2022","format":false,"excerpt":"Calgon pastilhas 3 em 1 oferece uma prote\u00e7\u00e3o incr\u00edvel contra o calc\u00e1rio gra\u00e7as \u00e0 sua a\u00e7\u00e3o neutralizante, que ajuda a proteger todas as partes vitais da sua m\u00e1quina em contacto com a \u00e1gua. Tem ainda o benef\u00edcio adicional de ajudar a manter a sua m\u00e1quina limpa e sem odores, quando\u2026","rel":"","context":"Similar post","img":{"alt_text":"","src":"https:\/\/i0.wp.com\/mundo.seashell.pt\/wp-content\/uploads\/2022\/02\/6883710-frente.jpeg?resize=350%2C200&ssl=1","width":350,"height":200},"classes":[]},{"id":6710,"url":"https:\/\/mundo.seashell.pt\/?product=xau-limpa-maquinas-025l","url_meta":{"origin":6708,"position":2},"title":"Xau Limpa M\u00e1quinas 250ml","date":"Fevereiro 23, 2022","format":false,"excerpt":"Se a sua m\u00e1quina da roupa tem a gaveta suja, maus odores e borracha suja, utilize Xau limpa m\u00e1quinas. Este produto cont\u00e9m uma f\u00f3rmula \u00fanica que limpa e remove os res\u00edduos de sujidade e detergente do interior da m\u00e1quina da roupa. Mant\u00e9m o interior da sua m\u00e1quina limpa, garantindo um\u2026","rel":"","context":"Similar post","img":{"alt_text":"","src":"https:\/\/i0.wp.com\/mundo.seashell.pt\/wp-content\/uploads\/2022\/02\/Xau_Limpa_Ma_quinas_250mlx12_8410104033026.png?resize=350%2C200&ssl=1","width":350,"height":200},"classes":[]},{"id":6545,"url":"https:\/\/mundo.seashell.pt\/?product=calgon-detergente-liquido-30-doses","url_meta":{"origin":6708,"position":3},"title":"Calgon Detergente L\u00edquido 30 Doses","date":"Fevereiro 23, 2022","format":false,"excerpt":"Calgon Hygiene + \u00e9 o \u00fanico anticalc\u00e1rio que elimina at\u00e9 99,9% de bact\u00e9rias, al\u00e9m de sua a\u00e7\u00e3o imbat\u00edvel contra calc\u00e1rio Elimina at\u00e9 99,9% das bact\u00e9riasProtege contra o calc\u00e1rioPrevine a acumula\u00e7\u00e3o de sujidadeAjuda no combate aos maus odores","rel":"","context":"Similar post","img":{"alt_text":"","src":"https:\/\/i0.wp.com\/mundo.seashell.pt\/wp-content\/uploads\/2022\/02\/Calgon_Hygiene__Gelx10_5601217128805.png?resize=350%2C200&ssl=1","width":350,"height":200},"classes":[]},{"id":7218,"url":"https:\/\/mundo.seashell.pt\/?product=destop-manutencao-canalizacao-750ml","url_meta":{"origin":6708,"position":4},"title":"Destop Manuten\u00e7\u00e3o Canaliza\u00e7\u00e3o 750ml","date":"Fevereiro 23, 2022","format":false,"excerpt":"Destop gel Manute\u00e7\u00e3o limpa e desinfeta as suas canaliza\u00e7\u00f5es, evitando todos os inconvenientes associados a uma m\u00e1 manuten\u00e7\u00e3o das mesmas tais como entupimentos, acumula\u00e7\u00e3o de res\u00edduos, maus odores e prolifera\u00e7\u00e3o de bact\u00e9rias. Pode ser utilizado em todos os tipos de canaliza\u00e7\u00f5es.Benef\u00edcios: - Elimina os odores;- Previne a ac...","rel":"","context":"Similar post","img":{"alt_text":"","src":"https:\/\/i0.wp.com\/mundo.seashell.pt\/wp-content\/uploads\/2022\/02\/5063304-frente.jpeg?resize=350%2C200&ssl=1","width":350,"height":200},"classes":[]},{"id":6241,"url":"https:\/\/mundo.seashell.pt\/?product=lysol-banhos-500ml","url_meta":{"origin":6708,"position":5},"title":"Lysol Banhos 500ml","date":"Fevereiro 23, 2022","format":false,"excerpt":"Lysol Desinfetante Casa de Banho Marinho","rel":"","context":"Similar post","img":{"alt_text":"","src":"https:\/\/i0.wp.com\/mundo.seashell.pt\/wp-content\/uploads\/2022\/02\/Lysol_Desinfetante_Casa_de_Banho_Pistola_500ML_x12_5601217134400.jpeg?resize=350%2C200&ssl=1","width":350,"height":200},"classes":[]}],"_links":{"self":[{"href":"https:\/\/mundo.seashell.pt\/index.php?rest_route=\/wp\/v2\/product\/6708","targetHints":{"allow":["GET"]}}],"collection":[{"href":"https:\/\/mundo.seashell.pt\/index.php?rest_route=\/wp\/v2\/product"}],"about":[{"href":"https:\/\/mundo.seashell.pt\/index.php?rest_route=\/wp\/v2\/types\/product"}],"wp:featuredmedia":[{"embeddable":true,"href":"https:\/\/mundo.seashell.pt\/index.php?rest_route=\/wp\/v2\/media\/6709"}],"wp:attachment":[{"href":"https:\/\/mundo.seashell.pt\/index.php?rest_route=%2Fwp%2Fv2%2Fmedia&parent=6708"}],"wp:term":[{"taxonomy":"product_cat","embeddable":true,"href":"https:\/\/mundo.seashell.pt\/index.php?rest_route=%2Fwp%2Fv2%2Fproduct_cat&post=6708"},{"taxonomy":"product_tag","embeddable":true,"href":"https:\/\/mundo.seashell.pt\/index.php?rest_route=%2Fwp%2Fv2%2Fproduct_tag&post=6708"}],"curies":[{"name":"wp","href":"https:\/\/api.w.org\/{rel}","templated":true}]}}