{"id":6704,"date":"2022-02-23T18:52:05","date_gmt":"2022-02-23T18:52:05","guid":{"rendered":"https:\/\/mundo.seashell.pt\/?post_type=product&#038;p=6704"},"modified":"2022-02-23T18:52:08","modified_gmt":"2022-02-23T18:52:08","slug":"protetor-labial-55ml","status":"publish","type":"product","link":"https:\/\/mundo.seashell.pt\/?product=protetor-labial-55ml","title":{"rendered":"Protetor Labial Original 5,5ml"},"content":{"rendered":"<ul>\n<li>Com Manteiga de Karit\u00e9 e \u00d3leos Naturais<\/li>\n<li> Sem \u00f3leo mineral &#8211; mant\u00e9m os l\u00e1bios maravilhosamente suaves e macios o dia todo<\/li>\n<li> Protege os l\u00e1bios contra a secura<\/li>\n<li> Derrete nos l\u00e1bios e mant\u00e9m-nos hidratados durante 24 horas<\/li>\n<li> 96% de origem natural<\/li>\n<\/ul>\n<p>Um cuidado cl\u00e1ssico de uso di\u00e1rio para os l\u00e1bios? O Labello Original mant\u00e9m os teus l\u00e1bios hidratados durante 24 horas*. A f\u00f3rmula com Manteiga de Karit\u00e9 e \u00f3leos naturais \u00e9 de 96% de origem natural e isentos de \u00f3leos minerais. Este batom de cieiro ir\u00e1 manter os teus l\u00e1bios maravilhosamente suaves e macios &#8211; todo o dia, todos os dias. A f\u00f3rmula \u00fanica tem uma textura agradavelmente suave que se funde instantaneamente nos teus l\u00e1bios e os mant\u00e9m hidratados. Enriquecido com Hydra IQ e Manteiga de Carit\u00e9, hidrata naturalmente os teus l\u00e1bios para que estejam sempre no seu melhor. A compatibilidade da pele foi dermatologicamente comprovada.* Clinicamente testado.<\/p>\n<p>Manter afastado de beb\u00e9s.<\/p>\n","protected":false},"excerpt":{"rendered":"<p>Com Manteiga de Karit\u00e9 e \u00d3leos Naturais Sem \u00f3leo mineral &#8211; mant\u00e9m os l\u00e1bios maravilhosamente suaves e macios o dia todo Protege os l\u00e1bios contra a secura Derrete nos l\u00e1bios e mant\u00e9m-nos hidratados durante 24 horas 96% de origem natural<br \/>\nUm cuidado cl\u00e1ssico de uso di\u00e1rio para os l\u00e1bios? O La&#8230;<\/p>\n","protected":false},"featured_media":6705,"template":"","meta":{"spay_email":""},"product_cat":[15],"product_tag":[],"class_list":{"0":"post-6704","1":"product","2":"type-product","3":"status-publish","4":"has-post-thumbnail","6":"product_cat-sem-categoria","8":"first","9":"instock","10":"taxable","11":"shipping-taxable","12":"purchasable","13":"product-type-simple"},"acf":[],"jetpack-related-posts":[{"id":6706,"url":"https:\/\/mundo.seashell.pt\/?product=protetor-labial-soft-rose-55ml","url_meta":{"origin":6704,"position":0},"title":"Protetor Labial Soft Ros\u00e9 5,5ml","date":"Fevereiro 23, 2022","format":false,"excerpt":"Sem \u00f3leos minerais, com \u00f3leos naturais Enriquecido com Extratos de Rosa Mant\u00e9m os l\u00e1bios hidratados durante 24 horas Real\u00e7a o tom rosado natural dos seus l\u00e1bios Labello Soft Ros\u00e9 proporciona aos teus l\u00e1bios uma hidrata\u00e7\u00e3o profunda, durante todo o dia. A f\u00f3rmula \u00fanica \u00e9 enriquecida com Extrato de Ro...","rel":"","context":"Similar post","img":{"alt_text":"","src":"https:\/\/i0.wp.com\/mundo.seashell.pt\/wp-content\/uploads\/2022\/02\/85020-06600-48_Soft_Rose__4005900567802.png?resize=350%2C200&ssl=1","width":350,"height":200},"classes":[]},{"id":6702,"url":"https:\/\/mundo.seashell.pt\/?product=protetor-labial-20g","url_meta":{"origin":6704,"position":1},"title":"Protetor Labial 20g","date":"Fevereiro 23, 2022","format":false,"excerpt":"As latas de protetor labial Vaseline \u00ae Lip Therapy \u00ae ajudam a manter a hidrata\u00e7\u00e3o para l\u00e1bios bonitos e saud\u00e1veisVaseline \u00ae Lip Therapy \u00ae d\u00e1 aos l\u00e1bios um brilho naturalPreparado com Vaseline \u00ae Jelly para fornecer hidrata\u00e7\u00e3o e cuidado labial de longa dura\u00e7\u00e3o","rel":"","context":"Similar post","img":{"alt_text":"","src":"https:\/\/i0.wp.com\/mundo.seashell.pt\/wp-content\/uploads\/2022\/02\/Vaseline_Original__20g__.png?resize=350%2C200&ssl=1","width":350,"height":200},"classes":[]},{"id":6700,"url":"https:\/\/mundo.seashell.pt\/?product=toalhitas-suaves-50-unidades","url_meta":{"origin":6704,"position":2},"title":"Toalhitas Suaves &#8211; 50 unidades","date":"Fevereiro 23, 2022","format":false,"excerpt":"NIVEA Toalhitas de Limpeza Suaves 3 em 1 Removem a maquilhagem e a m\u00e1scara waterproof, e limpam delicadamente. Tecido derivado de plantas e f\u00f3rmula sem micropl\u00e1sticos F\u00f3rmula de cuidado enriquecida com \u00d3leo de Am\u00eandoa Natural e feita com ingredientes de origem natural para uma utiliza\u00e7\u00e3o di\u00e1ria. Hidrata...","rel":"","context":"Similar post","img":{"alt_text":"","src":"https:\/\/i0.wp.com\/mundo.seashell.pt\/wp-content\/uploads\/2022\/02\/82316-06600-08_Toalhitas_de_Limpeza_Suaves_Pele_SS_L2P1_4005900450074.png?resize=350%2C200&ssl=1","width":350,"height":200},"classes":[]},{"id":6810,"url":"https:\/\/mundo.seashell.pt\/?product=vaseline-vaselina-100ml","url_meta":{"origin":6704,"position":3},"title":"Vaseline Vaselina 100ml","date":"Fevereiro 23, 2022","format":false,"excerpt":"Vaselina com in\u00fameros multiprop\u00f3sitos.Benef\u00edcios: - Hidrata os l\u00e1bios secos.- Suaviza cotovelos, joelhos e p\u00e9s.- Deixa as pestanas mais saud\u00e1veis e volumosas.- Suaviza as olheiras.- Ajuda a manter as sobrancelhas penteadas.- Misturado com a\u00e7\u00facar\/sal pode fazer um esfoliante caseiro. Conselhos de uti...","rel":"","context":"Similar post","img":{"alt_text":"","src":"https:\/\/i0.wp.com\/mundo.seashell.pt\/wp-content\/uploads\/2022\/02\/transferir__1_.jpeg?resize=350%2C200&ssl=1","width":350,"height":200},"classes":[]},{"id":6806,"url":"https:\/\/mundo.seashell.pt\/?product=vaseline-creme-hidratante-025l","url_meta":{"origin":6704,"position":4},"title":"Vaseline Creme Hidratante 250ml","date":"Fevereiro 23, 2022","format":false,"excerpt":"Vaselina com in\u00fameros multiprop\u00f3sitos. A vaselina Intensive Care de Vaseline\u00ae, fabricada com vaselina 100% pura, \u00e9 clinicamente comprovada para proteger e hidratar pele seca e danificada. Mant\u00e9m a sua pele com uma apar\u00eancia saud\u00e1vel e brilhante o dia todo. Adequada tamb\u00e9m para pele sens\u00edvel.Benef\u00edcios: - Hidrata os l\u00e1bi...","rel":"","context":"Similar post","img":{"alt_text":"","src":"https:\/\/i0.wp.com\/mundo.seashell.pt\/wp-content\/uploads\/2022\/02\/Vaseline_Intensivo___Creme_Gordo__250ml__.png?resize=350%2C200&ssl=1","width":350,"height":200},"classes":[]},{"id":6746,"url":"https:\/\/mundo.seashell.pt\/?product=pantene-oleo-reparador-010l","url_meta":{"origin":6704,"position":5},"title":"Pantene \u00d3leo Reparador 100ml","date":"Fevereiro 23, 2022","format":false,"excerpt":"\u00d3leo nutritivo di\u00e1rio que hidrata profundamente, suaviza o cabelo e previne a perda de prote\u00edna. Perfeito para cabelo seco e danificado. Utilize diariamente para um cabelo cheio de vida. Tipo de cabelo: SecosBenef\u00edcios: - \u00d3leo de cabelo com \u00f3leo de coco essencial para um cabelo profundamente hidratado e suave;","rel":"","context":"Similar post","img":{"alt_text":"","src":"https:\/\/i0.wp.com\/mundo.seashell.pt\/wp-content\/uploads\/2022\/02\/PANTENE_OLEO_ARGAO_100ML_8001841890173.png?resize=350%2C200&ssl=1","width":350,"height":200},"classes":[]}],"_links":{"self":[{"href":"https:\/\/mundo.seashell.pt\/index.php?rest_route=\/wp\/v2\/product\/6704","targetHints":{"allow":["GET"]}}],"collection":[{"href":"https:\/\/mundo.seashell.pt\/index.php?rest_route=\/wp\/v2\/product"}],"about":[{"href":"https:\/\/mundo.seashell.pt\/index.php?rest_route=\/wp\/v2\/types\/product"}],"wp:featuredmedia":[{"embeddable":true,"href":"https:\/\/mundo.seashell.pt\/index.php?rest_route=\/wp\/v2\/media\/6705"}],"wp:attachment":[{"href":"https:\/\/mundo.seashell.pt\/index.php?rest_route=%2Fwp%2Fv2%2Fmedia&parent=6704"}],"wp:term":[{"taxonomy":"product_cat","embeddable":true,"href":"https:\/\/mundo.seashell.pt\/index.php?rest_route=%2Fwp%2Fv2%2Fproduct_cat&post=6704"},{"taxonomy":"product_tag","embeddable":true,"href":"https:\/\/mundo.seashell.pt\/index.php?rest_route=%2Fwp%2Fv2%2Fproduct_tag&post=6704"}],"curies":[{"name":"wp","href":"https:\/\/api.w.org\/{rel}","templated":true}]}}