{"id":6700,"date":"2022-02-23T18:51:57","date_gmt":"2022-02-23T18:51:57","guid":{"rendered":"https:\/\/mundo.seashell.pt\/?post_type=product&#038;p=6700"},"modified":"2022-02-23T18:51:59","modified_gmt":"2022-02-23T18:51:59","slug":"toalhitas-suaves-50-unidades","status":"publish","type":"product","link":"https:\/\/mundo.seashell.pt\/?product=toalhitas-suaves-50-unidades","title":{"rendered":"Toalhitas Suaves &#8211; 50 unidades"},"content":{"rendered":"<h3>NIVEA Toalhitas de Limpeza Suaves 3 em 1 <\/h3>\n<ul>\n<li> Removem a maquilhagem e a m\u00e1scara waterproof, e limpam delicadamente.<\/li>\n<li> Tecido derivado de plantas e f\u00f3rmula sem micropl\u00e1sticos<\/li>\n<li> F\u00f3rmula de cuidado enriquecida com \u00d3leo de Am\u00eandoa Natural e feita com ingredientes de origem natural para uma utiliza\u00e7\u00e3o di\u00e1ria.<\/li>\n<li> Hidratam e mimam a pele, com um s\u00f3 gesto &#8211; para pele seca a sens\u00edvel<\/li>\n<li> 45% da embalagem feita com materiais reutilizados<\/li>\n<\/ul>\n<p>A pele seca a sens\u00edvel necessita de hidrata\u00e7\u00e3o m\u00e1xima todos os dias, pois tende a secar rapidamente. Para manter a pele saud\u00e1vel \u00e9 importante limp\u00e1-la e purific\u00e1-la, respeitando, ao mesmo tempo, o seu equil\u00edbrio natural. As Toalhitas de Limpeza Suaves foram especialmente desenvolvidas para satisfazer estas necessidades enquanto limpam a pele. Sem \u00e1lcool, enriquecidas com \u00d3leo de Am\u00eandoa Natural e uma dose extra de lo\u00e7\u00e3o NIVEA, removem a maquilhagem e limpam delicadamente olhos, l\u00e1bios e rosto, deixando a pele suave e macia. O tecido suave derivado de plantas e a f\u00f3rmula de cuidado feita com ingredientes naturais mimam a pele, num s\u00f3 gesto.<\/p>\n<p>Ap\u00f3s utiliza\u00e7\u00e3o, voltar a selar cuidadosamente a embalagem utilizando a aba adesiva para evitar que as toalhitas sequem. N\u00e3o colocar na sanita.<\/p>\n","protected":false},"excerpt":{"rendered":"<p>NIVEA Toalhitas de Limpeza Suaves 3 em 1  Removem a maquilhagem e a m\u00e1scara waterproof, e limpam delicadamente. Tecido derivado de plantas e f\u00f3rmula sem micropl\u00e1sticos F\u00f3rmula de cuidado enriquecida com \u00d3leo de Am\u00eandoa Natural e feita com ingredientes de origem natural para uma utiliza\u00e7\u00e3o di\u00e1ria. Hidrata&#8230;<\/p>\n","protected":false},"featured_media":6701,"template":"","meta":{"spay_email":""},"product_cat":[15],"product_tag":[],"class_list":{"0":"post-6700","1":"product","2":"type-product","3":"status-publish","4":"has-post-thumbnail","6":"product_cat-sem-categoria","8":"first","9":"instock","10":"taxable","11":"shipping-taxable","12":"purchasable","13":"product-type-simple"},"acf":[],"jetpack-related-posts":[{"id":6792,"url":"https:\/\/mundo.seashell.pt\/?product=nivea-body-milk-025l","url_meta":{"origin":6700,"position":0},"title":"Nivea Body Milk 250ml","date":"Fevereiro 23, 2022","format":false,"excerpt":"Nivea Body Milk foi enriquecido com Nivea Deep Moisture Serum e 2 x mais \u00f3leo de am\u00eandoa, comparando com a f\u00f3rmula anterior. Nutre intensivamente a pele por 48h, reduzindo visivelmente a aspereza da pele muito seca, ap\u00f3s uma \u00fanica aplica\u00e7\u00e3o. Tipo de produto: Lo\u00e7\u00e3oBenef\u00edcios: - 48h de hidrata\u00e7\u00e3o profunda;- F...","rel":"","context":"Similar post","img":{"alt_text":"","src":"https:\/\/i0.wp.com\/mundo.seashell.pt\/wp-content\/uploads\/2022\/02\/Nivea___Body_Milk___Nutritivo__250ml__.png?resize=350%2C200&ssl=1","width":350,"height":200},"classes":[]},{"id":6780,"url":"https:\/\/mundo.seashell.pt\/?product=nivea-creme-soft-gel-de-banho-065l","url_meta":{"origin":6700,"position":1},"title":"Nivea Creme Soft Gel de Banho 650ml","date":"Fevereiro 23, 2022","format":false,"excerpt":"Experimente e avalie a qualidade dos produtos Nivea. Desde 1911 a cuidar de si!Descri\u00e7\u00e3o: Nivea Creme de Banho Creme Soft, o seu creme de bango com um delicado aroma que lhe proporciona uma experi\u00eancia hidratante \u00fanica. Enriquecido com o precioso \u00d3leo de Am\u00eandoa, oferece-lhe uma suave e cremosa espuma que\u2026","rel":"","context":"Similar post","img":{"alt_text":"","src":"https:\/\/i0.wp.com\/mundo.seashell.pt\/wp-content\/uploads\/2022\/02\/80968-05100-69_Creme_de_Banho_Creme_Soft_650ml_4005900694812.png?resize=350%2C200&ssl=1","width":350,"height":200},"classes":[]},{"id":6942,"url":"https:\/\/mundo.seashell.pt\/?product=dodot-maos-limpas-40-toalhitas","url_meta":{"origin":6700,"position":2},"title":"Dodot M\u00e3os Limpas 40 Toalhitas","date":"Fevereiro 23, 2022","format":false,"excerpt":"Limpa e hidrata a cada passagem !Descri\u00e7\u00e3o: As toalhitas Dodot limpam e hidratam em cada passagem, gra\u00e7as \u00e0 exclusiva textura com ondas deslizantes. A sua lo\u00e7\u00e3o exclusiva oferece a hidrata\u00e7\u00e3o adequada para a pele do beb\u00e9 e ajuda a recuperar o pH natural da pele de forma instant\u00e2nea. Para al\u00e9m\u2026","rel":"","context":"Similar post","img":{"alt_text":"","src":"https:\/\/i0.wp.com\/mundo.seashell.pt\/wp-content\/uploads\/2022\/02\/DODOT_TOALHITAS_MA_OS_LIMPAS_40Unid_8006540222287.png?resize=350%2C200&ssl=1","width":350,"height":200},"classes":[]},{"id":6940,"url":"https:\/\/mundo.seashell.pt\/?product=dodot-tampa-azul-64-toalhitas","url_meta":{"origin":6700,"position":3},"title":"Dodot Tampa Azul 64 Toalhitas","date":"Fevereiro 23, 2022","format":false,"excerpt":"Descri\u00e7\u00e3o: As toalhitas Dodot limpam e hidratam em cada passagem, gra\u00e7as \u00e0 exclusiva textura com ondas deslizantes. A sua lo\u00e7\u00e3o exclusiva oferece a hidrata\u00e7\u00e3o adequada para a pele do beb\u00e9 e ajuda a recuperar o pH natural da pele de forma instant\u00e2nea. Para al\u00e9m disso, a sua fresca fragr\u00e2ncia far\u00e1\u2026","rel":"","context":"Similar post","img":{"alt_text":"","src":"https:\/\/i0.wp.com\/mundo.seashell.pt\/wp-content\/uploads\/2022\/02\/DODOT_TOALHITA_AZUL_1x64_C_TAMPA_8001090134226.png?resize=350%2C200&ssl=1","width":350,"height":200},"classes":[]},{"id":6982,"url":"https:\/\/mundo.seashell.pt\/?product=nivea-men-espuma-de-barbear-200ml","url_meta":{"origin":6700,"position":4},"title":"Nivea Men Espuma de Barbear 200ml","date":"Fevereiro 23, 2022","format":false,"excerpt":"Para homens com pele muito sens\u00edvel e com tend\u00eancia para vermelhid\u00e3o ou irrita\u00e7\u00f5es ap\u00f3s o barbear.Tipo de produto: Espuma de BarbearBenef\u00edcios: - Ajuda a proteger a pele durante o barbear;- Hidrata\u00e7\u00e3o profunda da muito sens\u00edvel e com tend\u00eancia para vermelhid\u00e3o ou irrita\u00e7\u00f5es ap\u00f3s o barbear;- Pele macia, ...","rel":"","context":"Similar post","img":{"alt_text":"","src":"https:\/\/i0.wp.com\/mundo.seashell.pt\/wp-content\/uploads\/2022\/02\/81700-04400-19_Espuma_Barbear_Protect___Care_4005808222490.png?resize=350%2C200&ssl=1","width":350,"height":200},"classes":[]},{"id":6984,"url":"https:\/\/mundo.seashell.pt\/?product=nivea-men-gel-protect-200ml","url_meta":{"origin":6700,"position":5},"title":"Nivea Men Gel Protect 200ml","date":"Fevereiro 23, 2022","format":false,"excerpt":"Para homens com pele muito sens\u00edvel e com tend\u00eancia para vermelhid\u00e3o ou irrita\u00e7\u00f5es ap\u00f3s o barbear. Tipo de produto: Gel de Barbear Benef\u00edcios: - Ajuda a proteger a pele durante o barbear;- Hidrata\u00e7\u00e3o profunda da muito sens\u00edvel e com tend\u00eancia para vermelhid\u00e3o ou irrita\u00e7\u00f5es ap\u00f3s o barbear;- Pele macia, suave\u2026","rel":"","context":"Similar post","img":{"alt_text":"","src":"https:\/\/i0.wp.com\/mundo.seashell.pt\/wp-content\/uploads\/2022\/02\/81760-04400-19_Gel_Barbear_Protect___Care_4005808223008.png?resize=350%2C200&ssl=1","width":350,"height":200},"classes":[]}],"_links":{"self":[{"href":"https:\/\/mundo.seashell.pt\/index.php?rest_route=\/wp\/v2\/product\/6700","targetHints":{"allow":["GET"]}}],"collection":[{"href":"https:\/\/mundo.seashell.pt\/index.php?rest_route=\/wp\/v2\/product"}],"about":[{"href":"https:\/\/mundo.seashell.pt\/index.php?rest_route=\/wp\/v2\/types\/product"}],"wp:featuredmedia":[{"embeddable":true,"href":"https:\/\/mundo.seashell.pt\/index.php?rest_route=\/wp\/v2\/media\/6701"}],"wp:attachment":[{"href":"https:\/\/mundo.seashell.pt\/index.php?rest_route=%2Fwp%2Fv2%2Fmedia&parent=6700"}],"wp:term":[{"taxonomy":"product_cat","embeddable":true,"href":"https:\/\/mundo.seashell.pt\/index.php?rest_route=%2Fwp%2Fv2%2Fproduct_cat&post=6700"},{"taxonomy":"product_tag","embeddable":true,"href":"https:\/\/mundo.seashell.pt\/index.php?rest_route=%2Fwp%2Fv2%2Fproduct_tag&post=6700"}],"curies":[{"name":"wp","href":"https:\/\/api.w.org\/{rel}","templated":true}]}}