{"id":6698,"date":"2022-02-23T18:51:54","date_gmt":"2022-02-23T18:51:54","guid":{"rendered":"https:\/\/mundo.seashell.pt\/?post_type=product&#038;p=6698"},"modified":"2022-02-23T18:51:57","modified_gmt":"2022-02-23T18:51:57","slug":"toalhetes-aloe-vera-e-salvia-20-unidades","status":"publish","type":"product","link":"https:\/\/mundo.seashell.pt\/?product=toalhetes-aloe-vera-e-salvia-20-unidades","title":{"rendered":"Toalhetes Alo\u00e9 Vera e S\u00e1lvia &#8211; 20 unidades"},"content":{"rendered":"<p>As toalhitas de higiene \u00edntima Fresh &#038; Clean s\u00e3o delicadas, macias e dermatologicamente testadas. As suas f\u00f3rmulas foram desenvolvidas com pH 5.0, sem \u00e1lcool e com tecnologia Odour Control, garantindo uma limpeza e prote\u00e7\u00e3o da \u00e1rea \u00edntima da mulher, enquanto respeita o seu equil\u00edbrio natural. Biodegrad\u00e1veis para dep\u00f3sito direto na sanita. Com tampa pop-up para melhor uso e conserva\u00e7\u00e3o.<\/p>\n<p>Dispon\u00edvel nas variedades Flor de Cal\u00eandula e Malva, ingredientes reconhecidos pelas suas propriedades calmantes e emolientes, e Alo\u00e9 Vera e S\u00e1lvia, reconhecidos pelas suas propriedades hidratantes e antibacterianas naturais.<\/p>\n","protected":false},"excerpt":{"rendered":"<p>As toalhitas de higiene \u00edntima Fresh &#038; Clean s\u00e3o delicadas, macias e dermatologicamente testadas. As suas f\u00f3rmulas foram desenvolvidas com pH 5.0, sem \u00e1lcool e com tecnologia Odour Control, garantindo uma limpeza e prote\u00e7\u00e3o da \u00e1rea \u00edntima da mulher, enquanto respeita o seu equil\u00edbrio natural. Biodegrad\u00e1veis para dep\u00f3sito direto na sanita. Com&#8230;<\/p>\n","protected":false},"featured_media":6699,"template":"","meta":{"spay_email":""},"product_cat":[15],"product_tag":[],"class_list":{"0":"post-6698","1":"product","2":"type-product","3":"status-publish","4":"has-post-thumbnail","6":"product_cat-sem-categoria","8":"first","9":"instock","10":"taxable","11":"shipping-taxable","12":"purchasable","13":"product-type-simple"},"acf":[],"jetpack-related-posts":[{"id":6696,"url":"https:\/\/mundo.seashell.pt\/?product=toalhetes-calendula-e-malva-20-unidades","url_meta":{"origin":6698,"position":0},"title":"Toalhetes Cal\u00eandula e Malva &#8211; 20 unidades","date":"Fevereiro 23, 2022","format":false,"excerpt":"As toalhitas de higiene \u00edntima Fresh & Clean s\u00e3o delicadas, macias e dermatologicamente testadas. As suas f\u00f3rmulas foram desenvolvidas com pH 5.0, sem \u00e1lcool e com tecnologia Odour Control, garantindo uma limpeza e prote\u00e7\u00e3o da \u00e1rea \u00edntima da mulher, enquanto respeita o seu equil\u00edbrio natural. Biodegrad\u00e1veis para dep\u00f3sito direto na\u2026","rel":"","context":"Similar post","img":{"alt_text":"","src":"https:\/\/i0.wp.com\/mundo.seashell.pt\/wp-content\/uploads\/2022\/02\/FRESH_CLEAN_Toalhetes_I_ntimos_Flor_de_Cale_ndula_e_Malva_20_unidades__8002340005341.png?resize=350%2C200&ssl=1","width":350,"height":200},"classes":[]},{"id":6938,"url":"https:\/\/mundo.seashell.pt\/?product=dodot-pure-aqua-48-toalhitas","url_meta":{"origin":6698,"position":1},"title":"Dodot Pure Aqua 48 Toalhitas","date":"Fevereiro 23, 2022","format":false,"excerpt":"Adequadas para a pele delicada do rec\u00e9m-nascido, incluindo rabinho, m\u00e3os, p\u00e9s e cara !Descri\u00e7\u00e3o: As toalhitas Aqua Pure Dodot s\u00e3o compostas por 99% de \u00e1gua para uma limpeza delicada da pele do seu beb\u00e9. O restante 1% inclui ingredientes delicados com a pele que ajudam a recuperar o pH natural\u2026","rel":"","context":"Similar post","img":{"alt_text":"","src":"https:\/\/i0.wp.com\/mundo.seashell.pt\/wp-content\/uploads\/2022\/02\/DODOT_PURE_48_UNID_8001841115498.png?resize=350%2C200&ssl=1","width":350,"height":200},"classes":[]},{"id":6940,"url":"https:\/\/mundo.seashell.pt\/?product=dodot-tampa-azul-64-toalhitas","url_meta":{"origin":6698,"position":2},"title":"Dodot Tampa Azul 64 Toalhitas","date":"Fevereiro 23, 2022","format":false,"excerpt":"Descri\u00e7\u00e3o: As toalhitas Dodot limpam e hidratam em cada passagem, gra\u00e7as \u00e0 exclusiva textura com ondas deslizantes. A sua lo\u00e7\u00e3o exclusiva oferece a hidrata\u00e7\u00e3o adequada para a pele do beb\u00e9 e ajuda a recuperar o pH natural da pele de forma instant\u00e2nea. Para al\u00e9m disso, a sua fresca fragr\u00e2ncia far\u00e1\u2026","rel":"","context":"Similar post","img":{"alt_text":"","src":"https:\/\/i0.wp.com\/mundo.seashell.pt\/wp-content\/uploads\/2022\/02\/DODOT_TOALHITA_AZUL_1x64_C_TAMPA_8001090134226.png?resize=350%2C200&ssl=1","width":350,"height":200},"classes":[]},{"id":6942,"url":"https:\/\/mundo.seashell.pt\/?product=dodot-maos-limpas-40-toalhitas","url_meta":{"origin":6698,"position":3},"title":"Dodot M\u00e3os Limpas 40 Toalhitas","date":"Fevereiro 23, 2022","format":false,"excerpt":"Limpa e hidrata a cada passagem !Descri\u00e7\u00e3o: As toalhitas Dodot limpam e hidratam em cada passagem, gra\u00e7as \u00e0 exclusiva textura com ondas deslizantes. A sua lo\u00e7\u00e3o exclusiva oferece a hidrata\u00e7\u00e3o adequada para a pele do beb\u00e9 e ajuda a recuperar o pH natural da pele de forma instant\u00e2nea. Para al\u00e9m\u2026","rel":"","context":"Similar post","img":{"alt_text":"","src":"https:\/\/i0.wp.com\/mundo.seashell.pt\/wp-content\/uploads\/2022\/02\/DODOT_TOALHITAS_MA_OS_LIMPAS_40Unid_8006540222287.png?resize=350%2C200&ssl=1","width":350,"height":200},"classes":[]},{"id":6834,"url":"https:\/\/mundo.seashell.pt\/?product=sanytol-sabonete-liquido-250ml","url_meta":{"origin":6698,"position":4},"title":"Sanytol Sabonete L\u00edquido 250ml","date":"Fevereiro 23, 2022","format":false,"excerpt":"Sab\u00e3o L\u00edquido Desinfetante Hidratante \u00e9 elaborado com alo\u00e9 vera e ch\u00e1 verde, conferindo-lhe assim propriedades hidratantes. Hipoalerg\u00e9nico, comprovado dermatologicamente e clinicamente. A maioria das infe\u00e7\u00f5es \u00e9 transmitida pelas m\u00e3os, por isso lavar as m\u00e3os regularmente \u00e9 a maneira mais f\u00e1cil de prevenir infe\u00e7\u00f5es. O Sabonete Desinfetan...","rel":"","context":"Similar post","img":{"alt_text":"","src":"https:\/\/i0.wp.com\/mundo.seashell.pt\/wp-content\/uploads\/2022\/02\/SANYTOL_SABA_O_LIQUIDO_DESINFETANTE_HIDRATANTE_250_ML_3045206501200.png?resize=350%2C200&ssl=1","width":350,"height":200},"classes":[]},{"id":6876,"url":"https:\/\/mundo.seashell.pt\/?product=sanex-desodorizante-feminino-roll-on-50ml","url_meta":{"origin":6698,"position":5},"title":"Sanex Desodorizante Feminino Roll-On 50ml","date":"Fevereiro 23, 2022","format":false,"excerpt":"Obtenha o m\u00e1ximo de confian\u00e7a na prote\u00e7\u00e3o duradoura contra odores e transpira\u00e7\u00e3o.Descri\u00e7\u00e3o: Procura uma prote\u00e7\u00e3o realmente duradoura? Descubra o desodorizante Sanex Dermo Extra Control Anti-Transpirante em Roll On. Formulado com microtalco, protege contra os odores e suor durante 48h enquanto mant\u00e9m o equil\u00edbrio do pH da p...","rel":"","context":"Similar post","img":{"alt_text":"","src":"https:\/\/i0.wp.com\/mundo.seashell.pt\/wp-content\/uploads\/2022\/02\/SANEX_Deo_Roll_On_Dermo_Extra_Control_50ml_8714789968551.png?resize=350%2C200&ssl=1","width":350,"height":200},"classes":[]}],"_links":{"self":[{"href":"https:\/\/mundo.seashell.pt\/index.php?rest_route=\/wp\/v2\/product\/6698","targetHints":{"allow":["GET"]}}],"collection":[{"href":"https:\/\/mundo.seashell.pt\/index.php?rest_route=\/wp\/v2\/product"}],"about":[{"href":"https:\/\/mundo.seashell.pt\/index.php?rest_route=\/wp\/v2\/types\/product"}],"wp:featuredmedia":[{"embeddable":true,"href":"https:\/\/mundo.seashell.pt\/index.php?rest_route=\/wp\/v2\/media\/6699"}],"wp:attachment":[{"href":"https:\/\/mundo.seashell.pt\/index.php?rest_route=%2Fwp%2Fv2%2Fmedia&parent=6698"}],"wp:term":[{"taxonomy":"product_cat","embeddable":true,"href":"https:\/\/mundo.seashell.pt\/index.php?rest_route=%2Fwp%2Fv2%2Fproduct_cat&post=6698"},{"taxonomy":"product_tag","embeddable":true,"href":"https:\/\/mundo.seashell.pt\/index.php?rest_route=%2Fwp%2Fv2%2Fproduct_tag&post=6698"}],"curies":[{"name":"wp","href":"https:\/\/api.w.org\/{rel}","templated":true}]}}