{"id":6692,"date":"2022-02-23T18:51:32","date_gmt":"2022-02-23T18:51:32","guid":{"rendered":"https:\/\/mundo.seashell.pt\/?post_type=product&#038;p=6692"},"modified":"2022-02-23T18:51:35","modified_gmt":"2022-02-23T18:51:35","slug":"gel-intimo-flor-de-calendula-250ml","status":"publish","type":"product","link":"https:\/\/mundo.seashell.pt\/?product=gel-intimo-flor-de-calendula-250ml","title":{"rendered":"Gel \u00cdntimo Fl\u00f4r de Cal\u00eandula 250ml"},"content":{"rendered":"<p>Com a sua f\u00f3rmula suave, limpa, protege e refresca de forma prolongada a \u00e1rea \u00edntima da mulher respeitando o seu equil\u00edbrio natural. Det\u00e9m em conjunto com um aroma suave, uma f\u00f3rmula espec\u00edfica de controlo de odor para proporcionar uma maior seguran\u00e7a.<\/p>\n<p>Dispon\u00edvel na variedade de Flor de Cal\u00eandula, reconhecida pelos seus poderes calmantes e regeneradores, de Tomilho e Pr\u00f3polis, que atrav\u00e9s da a\u00e7\u00e3o antibacteriana \u00e9 especialmente adequado para momentos mais suscet\u00edveis a irrita\u00e7\u00f5es (ciclo menstrual, gin\u00e1sios, piscinas, vesti\u00e1rios, praias&#8230;), e de Iogurte de Mirtilo e Alteia, fonte valiosa de prote\u00ednas e \u00e1cido l\u00e1tico, rico em vitaminas e com propriedades calmantes.<\/p>\n","protected":false},"excerpt":{"rendered":"<p>Com a sua f\u00f3rmula suave, limpa, protege e refresca de forma prolongada a \u00e1rea \u00edntima da mulher respeitando o seu equil\u00edbrio natural. Det\u00e9m em conjunto com um aroma suave, uma f\u00f3rmula espec\u00edfica de controlo de odor para proporcionar uma maior seguran\u00e7a.Dispon\u00edvel na variedade de Flor de Cal\u00eandula, reconhecida pelos seus poderes calmant&#8230;<\/p>\n","protected":false},"featured_media":6693,"template":"","meta":{"spay_email":""},"product_cat":[15],"product_tag":[],"class_list":{"0":"post-6692","1":"product","2":"type-product","3":"status-publish","4":"has-post-thumbnail","6":"product_cat-sem-categoria","8":"first","9":"instock","10":"taxable","11":"shipping-taxable","12":"purchasable","13":"product-type-simple"},"acf":[],"jetpack-related-posts":[{"id":6694,"url":"https:\/\/mundo.seashell.pt\/?product=gel-intimo-tomilho-e-propolis-250ml","url_meta":{"origin":6692,"position":0},"title":"Gel \u00cdntimo Tomilho e Pr\u00f3polis 250ml","date":"Fevereiro 23, 2022","format":false,"excerpt":"Com a sua f\u00f3rmula suave, limpa, protege e refresca de forma prolongada a \u00e1rea \u00edntima da mulher respeitando o seu equil\u00edbrio natural. Det\u00e9m em conjunto com um aroma suave, uma f\u00f3rmula espec\u00edfica de controlo de odor para proporcionar uma maior seguran\u00e7a.Dispon\u00edvel na variedade de Flor de Cal\u00eandula, reconhecida pelos seus\u2026","rel":"","context":"Similar post","img":{"alt_text":"","src":"https:\/\/i0.wp.com\/mundo.seashell.pt\/wp-content\/uploads\/2022\/02\/FRESH_CLEAN_Gel_I_ntimo_Tomilho_e_Pro_polis_250_ml_250_ml__8002340012028.png?resize=350%2C200&ssl=1","width":350,"height":200},"classes":[]},{"id":6696,"url":"https:\/\/mundo.seashell.pt\/?product=toalhetes-calendula-e-malva-20-unidades","url_meta":{"origin":6692,"position":1},"title":"Toalhetes Cal\u00eandula e Malva &#8211; 20 unidades","date":"Fevereiro 23, 2022","format":false,"excerpt":"As toalhitas de higiene \u00edntima Fresh & Clean s\u00e3o delicadas, macias e dermatologicamente testadas. As suas f\u00f3rmulas foram desenvolvidas com pH 5.0, sem \u00e1lcool e com tecnologia Odour Control, garantindo uma limpeza e prote\u00e7\u00e3o da \u00e1rea \u00edntima da mulher, enquanto respeita o seu equil\u00edbrio natural. Biodegrad\u00e1veis para dep\u00f3sito direto na\u2026","rel":"","context":"Similar post","img":{"alt_text":"","src":"https:\/\/i0.wp.com\/mundo.seashell.pt\/wp-content\/uploads\/2022\/02\/FRESH_CLEAN_Toalhetes_I_ntimos_Flor_de_Cale_ndula_e_Malva_20_unidades__8002340005341.png?resize=350%2C200&ssl=1","width":350,"height":200},"classes":[]},{"id":6698,"url":"https:\/\/mundo.seashell.pt\/?product=toalhetes-aloe-vera-e-salvia-20-unidades","url_meta":{"origin":6692,"position":2},"title":"Toalhetes Alo\u00e9 Vera e S\u00e1lvia &#8211; 20 unidades","date":"Fevereiro 23, 2022","format":false,"excerpt":"As toalhitas de higiene \u00edntima Fresh & Clean s\u00e3o delicadas, macias e dermatologicamente testadas. As suas f\u00f3rmulas foram desenvolvidas com pH 5.0, sem \u00e1lcool e com tecnologia Odour Control, garantindo uma limpeza e prote\u00e7\u00e3o da \u00e1rea \u00edntima da mulher, enquanto respeita o seu equil\u00edbrio natural. Biodegrad\u00e1veis para dep\u00f3sito direto na\u2026","rel":"","context":"Similar post","img":{"alt_text":"","src":"https:\/\/i0.wp.com\/mundo.seashell.pt\/wp-content\/uploads\/2022\/02\/FRESH_CLEAN_Toalhetes_I_ntimos_Aloe__Vera_e_Sa_lvia_20_unidades__8002340010864.png?resize=350%2C200&ssl=1","width":350,"height":200},"classes":[]},{"id":6700,"url":"https:\/\/mundo.seashell.pt\/?product=toalhitas-suaves-50-unidades","url_meta":{"origin":6692,"position":3},"title":"Toalhitas Suaves &#8211; 50 unidades","date":"Fevereiro 23, 2022","format":false,"excerpt":"NIVEA Toalhitas de Limpeza Suaves 3 em 1 Removem a maquilhagem e a m\u00e1scara waterproof, e limpam delicadamente. Tecido derivado de plantas e f\u00f3rmula sem micropl\u00e1sticos F\u00f3rmula de cuidado enriquecida com \u00d3leo de Am\u00eandoa Natural e feita com ingredientes de origem natural para uma utiliza\u00e7\u00e3o di\u00e1ria. Hidrata...","rel":"","context":"Similar post","img":{"alt_text":"","src":"https:\/\/i0.wp.com\/mundo.seashell.pt\/wp-content\/uploads\/2022\/02\/82316-06600-08_Toalhitas_de_Limpeza_Suaves_Pele_SS_L2P1_4005900450074.png?resize=350%2C200&ssl=1","width":350,"height":200},"classes":[]},{"id":6980,"url":"https:\/\/mundo.seashell.pt\/?product=gillette-gel-series-sensivel-200ml","url_meta":{"origin":6692,"position":4},"title":"Gillette Gel Series Sens\u00edvel 200ml","date":"Fevereiro 23, 2022","format":false,"excerpt":"Cuide da sua pele com a espuma de barbear Gillette Series Sensitive. A f\u00f3rmula com alo\u00e9 proporciona uma tripla a\u00e7\u00e3o ao barbear. A sua f\u00f3rmula de tripla a\u00e7\u00e3o, com alo\u00e9, acalma a pele para um barbear fresco e confort\u00e1vel, hidrata durante o barbear e ajuda a proteger a pele da\u2026","rel":"","context":"Similar post","img":{"alt_text":"","src":"https:\/\/i0.wp.com\/mundo.seashell.pt\/wp-content\/uploads\/2022\/02\/GILLETTE_GEL_SERIES_PELE_SENSI_VEL_200ML_7702018405084.png?resize=350%2C200&ssl=1","width":350,"height":200},"classes":[]},{"id":6780,"url":"https:\/\/mundo.seashell.pt\/?product=nivea-creme-soft-gel-de-banho-065l","url_meta":{"origin":6692,"position":5},"title":"Nivea Creme Soft Gel de Banho 650ml","date":"Fevereiro 23, 2022","format":false,"excerpt":"Experimente e avalie a qualidade dos produtos Nivea. Desde 1911 a cuidar de si!Descri\u00e7\u00e3o: Nivea Creme de Banho Creme Soft, o seu creme de bango com um delicado aroma que lhe proporciona uma experi\u00eancia hidratante \u00fanica. Enriquecido com o precioso \u00d3leo de Am\u00eandoa, oferece-lhe uma suave e cremosa espuma que\u2026","rel":"","context":"Similar post","img":{"alt_text":"","src":"https:\/\/i0.wp.com\/mundo.seashell.pt\/wp-content\/uploads\/2022\/02\/80968-05100-69_Creme_de_Banho_Creme_Soft_650ml_4005900694812.png?resize=350%2C200&ssl=1","width":350,"height":200},"classes":[]}],"_links":{"self":[{"href":"https:\/\/mundo.seashell.pt\/index.php?rest_route=\/wp\/v2\/product\/6692","targetHints":{"allow":["GET"]}}],"collection":[{"href":"https:\/\/mundo.seashell.pt\/index.php?rest_route=\/wp\/v2\/product"}],"about":[{"href":"https:\/\/mundo.seashell.pt\/index.php?rest_route=\/wp\/v2\/types\/product"}],"wp:featuredmedia":[{"embeddable":true,"href":"https:\/\/mundo.seashell.pt\/index.php?rest_route=\/wp\/v2\/media\/6693"}],"wp:attachment":[{"href":"https:\/\/mundo.seashell.pt\/index.php?rest_route=%2Fwp%2Fv2%2Fmedia&parent=6692"}],"wp:term":[{"taxonomy":"product_cat","embeddable":true,"href":"https:\/\/mundo.seashell.pt\/index.php?rest_route=%2Fwp%2Fv2%2Fproduct_cat&post=6692"},{"taxonomy":"product_tag","embeddable":true,"href":"https:\/\/mundo.seashell.pt\/index.php?rest_route=%2Fwp%2Fv2%2Fproduct_tag&post=6692"}],"curies":[{"name":"wp","href":"https:\/\/api.w.org\/{rel}","templated":true}]}}