{"id":6688,"date":"2022-02-23T18:51:27","date_gmt":"2022-02-23T18:51:27","guid":{"rendered":"https:\/\/mundo.seashell.pt\/?post_type=product&#038;p=6688"},"modified":"2022-02-23T18:51:30","modified_gmt":"2022-02-23T18:51:30","slug":"preservativos-harmony-natural-6","status":"publish","type":"product","link":"https:\/\/mundo.seashell.pt\/?product=preservativos-harmony-natural-6","title":{"rendered":"Preservativos Harmony Natural 6"},"content":{"rendered":"<p>Presentes em Portugal h\u00e1 v\u00e1rios anos, os preservativos Harmony inspiram homens e mulheres a desfrutar da liberdade do prazer sexual com o conforto da prote\u00e7\u00e3o. Com uma vasta gama de produtos que obedecem aos mais elevados padr\u00f5es de qualidade e seguran\u00e7a, ajudam na preven\u00e7\u00e3o da gravidez e na prote\u00e7\u00e3o de doen\u00e7as sexualmente transmiss\u00edveis tal como a SIDA\/HIV.<\/p>\n","protected":false},"excerpt":{"rendered":"<p>Presentes em Portugal h\u00e1 v\u00e1rios anos, os preservativos Harmony inspiram homens e mulheres a desfrutar da liberdade do prazer sexual com o conforto da prote\u00e7\u00e3o. Com uma vasta gama de produtos que obedecem aos mais elevados padr\u00f5es de qualidade e seguran\u00e7a, ajudam na preven\u00e7\u00e3o da gravidez e na prote\u00e7\u00e3o de doen\u00e7as sexualmente transmiss\u00edveis tal &#8230;<\/p>\n","protected":false},"featured_media":6689,"template":"","meta":{"spay_email":""},"product_cat":[15],"product_tag":[],"class_list":{"0":"post-6688","1":"product","2":"type-product","3":"status-publish","4":"has-post-thumbnail","6":"product_cat-sem-categoria","8":"first","9":"instock","10":"taxable","11":"shipping-taxable","12":"purchasable","13":"product-type-simple"},"acf":[],"jetpack-related-posts":[{"id":6690,"url":"https:\/\/mundo.seashell.pt\/?product=preservativos-harmony-sensitive-6","url_meta":{"origin":6688,"position":0},"title":"Preservativos Harmony Sensitive 6","date":"Fevereiro 23, 2022","format":false,"excerpt":"Presentes em Portugal h\u00e1 v\u00e1rios anos, os preservativos Harmony inspiram homens e mulheres a desfrutar da liberdade do prazer sexual com o conforto da prote\u00e7\u00e3o. Com uma vasta gama de produtos que obedecem aos mais elevados padr\u00f5es de qualidade e seguran\u00e7a, ajudam na preven\u00e7\u00e3o da gravidez e na prote\u00e7\u00e3o de\u2026","rel":"","context":"Similar post","img":{"alt_text":"","src":"https:\/\/i0.wp.com\/mundo.seashell.pt\/wp-content\/uploads\/2022\/02\/HARMONY_Sensitive_6_6_preservativos_4005800159237.png?resize=350%2C200&ssl=1","width":350,"height":200},"classes":[]},{"id":6960,"url":"https:\/\/mundo.seashell.pt\/?product=evax-fina-y-segura-pensos-higienicos","url_meta":{"origin":6688,"position":1},"title":"Evax Fina Y Segura Pensos Higi\u00eanicos","date":"Fevereiro 23, 2022","format":false,"excerpt":"Qualidade Evax ao melhor pre\u00e7o.Descri\u00e7\u00e3o: Os pensos higi\u00e9nicos Evax Fina & Segura s\u00e3o a escolha perfeita para quem procura qualidade e desempenho ao melhor pre\u00e7o, para os dias do per\u00edodo com fluxo normal. Os pensos higi\u00e9nicos Evax Fina & Segura s\u00e3o finos para um maior conforto e possuem tecnologia que\u2026","rel":"","context":"Similar post","img":{"alt_text":"","src":"https:\/\/i0.wp.com\/mundo.seashell.pt\/wp-content\/uploads\/2022\/02\/4594672-hero.jpeg?resize=350%2C200&ssl=1","width":350,"height":200},"classes":[]},{"id":6962,"url":"https:\/\/mundo.seashell.pt\/?product=avax-salvaslip-normal-50-un","url_meta":{"origin":6688,"position":2},"title":"Avax Salvaslip Normal 50 un","date":"Fevereiro 23, 2022","format":false,"excerpt":"Qualidade Evax ao melhor pre\u00e7o. Descri\u00e7\u00e3o: Os pensos higi\u00e9nicos Evax Fina & Segura s\u00e3o a escolha perfeita para quem procura qualidade e desempenho ao melhor pre\u00e7o, para os dias do per\u00edodo com fluxo normal. Os pensos higi\u00e9nicos Evax Fina & Segura s\u00e3o finos para um maior conforto e possuem tecnologia\u2026","rel":"","context":"Similar post","img":{"alt_text":"","src":"https:\/\/i0.wp.com\/mundo.seashell.pt\/wp-content\/uploads\/2022\/02\/EVAX_SALVASLIP_NORMAL_50_8410108125857.png?resize=350%2C200&ssl=1","width":350,"height":200},"classes":[]},{"id":7182,"url":"https:\/\/mundo.seashell.pt\/?product=ausonia-discreer-pants-grande-7-pants","url_meta":{"origin":6688,"position":3},"title":"Ausonia Discreer Pants Grande (7 Pants)","date":"Fevereiro 23, 2022","format":false,"excerpt":"N\u00e3o deixe que uma bexiga hiperativa a impe\u00e7a de ser ativa. Com as cuecas Ausonia Discreet, pode prosseguir com o seu dia como sempre mesmo quando experienciar grandes fugas causadas por vontades s\u00fabitas e precisar de uma prote\u00e7\u00e3o eficaz. Com um fino n\u00facleo de tr\u00eas camadas que absorve, capta e\u2026","rel":"","context":"Similar post","img":{"alt_text":"","src":"https:\/\/i0.wp.com\/mundo.seashell.pt\/wp-content\/uploads\/2022\/02\/transferir__26_.jpeg?resize=350%2C200&ssl=1","width":350,"height":200},"classes":[]},{"id":7184,"url":"https:\/\/mundo.seashell.pt\/?product=ausonia-discreet-pants-medio-8-pants","url_meta":{"origin":6688,"position":4},"title":"Ausonia Discreet Pants M\u00e9dio (8 Pants)","date":"Fevereiro 23, 2022","format":false,"excerpt":"N\u00e3o deixe que uma bexiga hiperativa a impe\u00e7a de ser ativa. Com as cuecas Ausonia Discreet, pode prosseguir com o seu dia como sempre mesmo quando experienciar grandes fugas causadas por vontades s\u00fabitas e precisar de uma prote\u00e7\u00e3o eficaz. Com um fino n\u00facleo de tr\u00eas camadas que absorve, capta e\u2026","rel":"","context":"Similar post","img":{"alt_text":"","src":"https:\/\/i0.wp.com\/mundo.seashell.pt\/wp-content\/uploads\/2022\/02\/AUSONIA-DISCREET-Normal-G.png?resize=350%2C200&ssl=1","width":350,"height":200},"classes":[]},{"id":5919,"url":"https:\/\/mundo.seashell.pt\/?product=elettra-5kg","url_meta":{"origin":6688,"position":5},"title":"Cera Elettra 5Kg","date":"Fevereiro 23, 2022","format":false,"excerpt":"Cera adequada para a prote\u00e7\u00e3o de todos os pavimentos existentes em locais onde a dispers\u00e3o da eletricidade est\u00e1tica.","rel":"","context":"Similar post","img":{"alt_text":"","src":"https:\/\/i0.wp.com\/mundo.seashell.pt\/wp-content\/uploads\/2022\/02\/elettra.jpg?resize=350%2C200&ssl=1","width":350,"height":200},"classes":[]}],"_links":{"self":[{"href":"https:\/\/mundo.seashell.pt\/index.php?rest_route=\/wp\/v2\/product\/6688","targetHints":{"allow":["GET"]}}],"collection":[{"href":"https:\/\/mundo.seashell.pt\/index.php?rest_route=\/wp\/v2\/product"}],"about":[{"href":"https:\/\/mundo.seashell.pt\/index.php?rest_route=\/wp\/v2\/types\/product"}],"wp:featuredmedia":[{"embeddable":true,"href":"https:\/\/mundo.seashell.pt\/index.php?rest_route=\/wp\/v2\/media\/6689"}],"wp:attachment":[{"href":"https:\/\/mundo.seashell.pt\/index.php?rest_route=%2Fwp%2Fv2%2Fmedia&parent=6688"}],"wp:term":[{"taxonomy":"product_cat","embeddable":true,"href":"https:\/\/mundo.seashell.pt\/index.php?rest_route=%2Fwp%2Fv2%2Fproduct_cat&post=6688"},{"taxonomy":"product_tag","embeddable":true,"href":"https:\/\/mundo.seashell.pt\/index.php?rest_route=%2Fwp%2Fv2%2Fproduct_tag&post=6688"}],"curies":[{"name":"wp","href":"https:\/\/api.w.org\/{rel}","templated":true}]}}