{"id":6686,"date":"2022-02-23T18:51:25","date_gmt":"2022-02-23T18:51:25","guid":{"rendered":"https:\/\/mundo.seashell.pt\/?post_type=product&#038;p=6686"},"modified":"2022-02-23T18:51:27","modified_gmt":"2022-02-23T18:51:27","slug":"hansaplast-compressas-esterilizadas-10cm","status":"publish","type":"product","link":"https:\/\/mundo.seashell.pt\/?product=hansaplast-compressas-esterilizadas-10cm","title":{"rendered":"Hansaplast Compressas Esterilizadas &#8211; 10cm"},"content":{"rendered":"<h3>Compressas Esterilizadas Hansaplast<\/h3>\n<p>As Compressas Esterilizadas s\u00e3o um artigo essencial dos kits de primeiros socorros dom\u00e9sticos recomendados pela Organiza\u00e7\u00e3o Mundial de Sa\u00fade e a Cruz Vermelha. As Compressas Esterilizadas Hansaplast s\u00e3o ideais para usar imediatamente ap\u00f3s um acidente. Concebidas para limpar e cobrir feridas do dia a dia de tamanho m\u00e9dio a grande, como arranh\u00f5es, cortes, queimaduras e lacera\u00e7\u00f5es. As Compressas Esterilizadas 10 cm x 10 cm extragrandes s\u00e3o fornecidas numa embalagem esterilizada com duas compressas. <\/p>\n<p>Estas compressas s\u00e3o ideais para o tratamento de uma ferida grave em caso de emerg\u00eancia, mas tamb\u00e9m para tratamentos esterilizados ap\u00f3s uma cirurgia. A compressa \u00e9 adequada para o uso com solu\u00e7\u00f5es antiss\u00e9pticas para feridas ou pomadas e cremes de cicatriza\u00e7\u00e3o de feridas.<\/p>\n<p>As Compressas Esterilizadas podem ser dobradas ou desdobradas consoante o tamanho da ferida. As extremidades cuidadosamente dobradas garantem que as compressas podem ser usadas abertas ou desdobradas sem fios soltos. Uma compressa dobrada pode proporcionar amortecimento adicional para feridas mais pequenas.<\/p>\n<p>As Compressas Esterilizadas Hansaplast s\u00e3o extremamente absorventes e respir\u00e1veis. S\u00e3o adequadas para a pele sens\u00edvel, sendo fabricadas em conformidade com a especifica\u00e7\u00e3o EN 14079.<\/p>\n","protected":false},"excerpt":{"rendered":"<p>Compressas Esterilizadas Hansaplast<br \/>\nAs Compressas Esterilizadas s\u00e3o um artigo essencial dos kits de primeiros socorros dom\u00e9sticos recomendados pela Organiza\u00e7\u00e3o Mundial de Sa\u00fade e a Cruz Vermelha. As Compressas Esterilizadas Hansaplast s\u00e3o ideais para usar imediatamente ap\u00f3s um acidente. Concebidas para limpar e cobrir feridas do dia &#8230;<\/p>\n","protected":false},"featured_media":6687,"template":"","meta":{"spay_email":""},"product_cat":[15],"product_tag":[],"class_list":{"0":"post-6686","1":"product","2":"type-product","3":"status-publish","4":"has-post-thumbnail","6":"product_cat-sem-categoria","8":"first","9":"instock","10":"taxable","11":"shipping-taxable","12":"purchasable","13":"product-type-simple"},"acf":[],"jetpack-related-posts":[{"id":6571,"url":"https:\/\/mundo.seashell.pt\/?product=hansaplast-banda-universal-1m-x-6cm","url_meta":{"origin":6686,"position":0},"title":"Hansaplast Banda Universal 1m x 6cm","date":"Fevereiro 23, 2022","format":false,"excerpt":"Os pensos Hansaplast Universal s\u00e3o adequados para a cobertura e prote\u00e7\u00e3o de todos os tipos de feridas mais pequenas. Os pensos Hansaplast bloqueiam contra sujidade e bact\u00e9rias. O material \u00e9 respir\u00e1vel e resistente \u00e0 \u00e1gua. A compressa n\u00e3o aderente protege e amortece a ferida. A forte adesividade garante que o\u2026","rel":"","context":"Similar post","img":{"alt_text":"","src":"https:\/\/i0.wp.com\/mundo.seashell.pt\/wp-content\/uploads\/2022\/02\/Hansaplast_Banda_Universal_10_bandas_adesivas_1m_x_6cm_4005800174902.png?resize=350%2C200&ssl=1","width":350,"height":200},"classes":[]},{"id":6577,"url":"https:\/\/mundo.seashell.pt\/?product=hansaplast-adesivo-classico-5m-x-125cm","url_meta":{"origin":6686,"position":1},"title":"Hansaplast Adesivo Cl\u00e1ssico 5m x 1,25cm","date":"Fevereiro 23, 2022","format":false,"excerpt":"Fita Adesiva Hansaplast Classic Esta fita adesiva \u00e9 um artigo essencial a ter em casa para primeiros socorros, uma vez que fixa pensos e compressas de forma segura e firme. \u00c9 tamb\u00e9m adequado para fixar equipamento m\u00e9dico, como tubos, cateteres, sondas e instrumentos de medi\u00e7\u00e3o. Pode ser cortada \u00e0 m\u00e3o,\u2026","rel":"","context":"Similar post","img":{"alt_text":"","src":"https:\/\/i0.wp.com\/mundo.seashell.pt\/wp-content\/uploads\/2022\/02\/Hansaplast_Adesivo_Classic_1_bobina_de_adesivo_5m_x_1_25cm_4005800140105.png?resize=350%2C200&ssl=1","width":350,"height":200},"classes":[]},{"id":5470,"url":"https:\/\/mundo.seashell.pt\/?product=luvas-descartaveis-100-unid","url_meta":{"origin":6686,"position":2},"title":"Luvas Descart\u00e1veis (100 unid)","date":"Fevereiro 23, 2022","format":false,"excerpt":"Luvas descart\u00e1veis polietileno tipo palha\u00e7o.","rel":"","context":"Similar post","img":{"alt_text":"","src":"https:\/\/i0.wp.com\/mundo.seashell.pt\/wp-content\/uploads\/2022\/02\/AIG6936906_PhotoRoom_20210509_175317.jpg?resize=350%2C200&ssl=1","width":350,"height":200},"classes":[]},{"id":6575,"url":"https:\/\/mundo.seashell.pt\/?product=hansaplast-aqua-protect-20-pensos","url_meta":{"origin":6686,"position":3},"title":"Hansaplast Aqua Protect &#8211; 20 pensos","date":"Fevereiro 23, 2022","format":false,"excerpt":"Aqua protect Pensos 100% \u00e0 prova de \u00e1gua que cobrem e protegem pequenas feridas. O material \u00e9 flex\u00edvel e de material respir\u00e1vel, proporcionando um maior conforto e impedindo a \u00e1gua de entrar em contacto com a ferida. Os pensos Hansaplast bloqueiam contra sujidade e bact\u00e9rias.","rel":"","context":"Similar post","img":{"alt_text":"","src":"https:\/\/i0.wp.com\/mundo.seashell.pt\/wp-content\/uploads\/2022\/02\/Hansaplast_Pensos_Aqua_Protect_-_20_Unid.___2_tamanhos_20_pensos_-_2_tamanhos_4005800431289.png?resize=350%2C200&ssl=1","width":350,"height":200},"classes":[]},{"id":6573,"url":"https:\/\/mundo.seashell.pt\/?product=hansaplast-pensos-universais-sortido-20","url_meta":{"origin":6686,"position":4},"title":"Hansaplast Pensos Universais &#8211; Sortido 20","date":"Fevereiro 23, 2022","format":false,"excerpt":"Mix pack para as m\u00e3os O Hansaplast Mix pack para as m\u00e3os cont\u00e9m uma variedade de pensos com diferentes formas e materiais, para v\u00e1rios fins. Os pensos Hansaplast bloqueiam contra sujidade e bact\u00e9rias. Este formato multiusos \u00e9 ideal para a aplica\u00e7\u00e3o em diferentes zonas das m\u00e3os e dos dedos. Pensos\u2026","rel":"","context":"Similar post","img":{"alt_text":"","src":"https:\/\/i0.wp.com\/mundo.seashell.pt\/wp-content\/uploads\/2022\/02\/Hansaplast_Pensos_Universal_-_20_Unid.___4_Tamanhos_20_pensos_-_4_tamanhos_4005800174889.png?resize=350%2C200&ssl=1","width":350,"height":200},"classes":[]},{"id":6537,"url":"https:\/\/mundo.seashell.pt\/?product=substral-sticks-fertilizantes-30-unidades","url_meta":{"origin":6686,"position":5},"title":"Substral Sticks Fertilizantes &#8211; 30 unidades","date":"Fevereiro 23, 2022","format":false,"excerpt":"Este \u00e9 um fertilizante de planta verde f\u00e1cil de usar em forma de varas. Gra\u00e7as \u00e0 sua f\u00f3rmula \u00fanica e inovadora este fertilizante Substral\u00ae garante um crescimento saud\u00e1vel e um bom desenvolvimento das suas plantas. Alimentos vegetais nesta forma particular s\u00e3o menos problem\u00e1ticos do que produtos l\u00edquidos ou granulados e\u2026","rel":"","context":"Similar post","img":{"alt_text":"","src":"https:\/\/i0.wp.com\/mundo.seashell.pt\/wp-content\/uploads\/2022\/02\/substral_30_sticks.png?resize=350%2C200&ssl=1","width":350,"height":200},"classes":[]}],"_links":{"self":[{"href":"https:\/\/mundo.seashell.pt\/index.php?rest_route=\/wp\/v2\/product\/6686","targetHints":{"allow":["GET"]}}],"collection":[{"href":"https:\/\/mundo.seashell.pt\/index.php?rest_route=\/wp\/v2\/product"}],"about":[{"href":"https:\/\/mundo.seashell.pt\/index.php?rest_route=\/wp\/v2\/types\/product"}],"wp:featuredmedia":[{"embeddable":true,"href":"https:\/\/mundo.seashell.pt\/index.php?rest_route=\/wp\/v2\/media\/6687"}],"wp:attachment":[{"href":"https:\/\/mundo.seashell.pt\/index.php?rest_route=%2Fwp%2Fv2%2Fmedia&parent=6686"}],"wp:term":[{"taxonomy":"product_cat","embeddable":true,"href":"https:\/\/mundo.seashell.pt\/index.php?rest_route=%2Fwp%2Fv2%2Fproduct_cat&post=6686"},{"taxonomy":"product_tag","embeddable":true,"href":"https:\/\/mundo.seashell.pt\/index.php?rest_route=%2Fwp%2Fv2%2Fproduct_tag&post=6686"}],"curies":[{"name":"wp","href":"https:\/\/api.w.org\/{rel}","templated":true}]}}