{"id":6684,"date":"2022-02-23T18:51:22","date_gmt":"2022-02-23T18:51:22","guid":{"rendered":"https:\/\/mundo.seashell.pt\/?post_type=product&#038;p=6684"},"modified":"2022-02-23T18:51:25","modified_gmt":"2022-02-23T18:51:25","slug":"sanytol-limpa-e-desinfeta-025l","status":"publish","type":"product","link":"https:\/\/mundo.seashell.pt\/?product=sanytol-limpa-e-desinfeta-025l","title":{"rendered":"Sanytol Limpa e Desinfeta 250ml"},"content":{"rendered":"<p>Todos os ciclos de lavagem deixam res\u00edduos, sujidade e calc\u00e1rio que podem danificar a m\u00e1quina de lavar. Sanytol Limpa M\u00e1quinas \u00e9 um limpador desinfetante para a m\u00e1quina de lavar roupa que elimina 99.9% das bact\u00e9rias.<\/p>\n<h3>Tipo de produto:<\/h3>\n<p>Limpeza e Tratamento da M\u00e1quina<\/p>\n<h3>Benef\u00edcios:<\/h3>\n<p>&#8211; Lava, desinfeta e previne todos os tipos de contamina\u00e7\u00f5es da m\u00e1quina;<br \/>&#8211; Melhorando o seu desempenho e durabilidade;<br \/>&#8211; Elimina os maus odores e remove o calc\u00e1rio.<\/p>\n<h3>Conselhos de utiliza\u00e7\u00e3o:<\/h3>\n<p>A m\u00e1quina deve estar vazia. Dosagem recomendada de 250ml. Coloque o l\u00edquido dentro da gaveta para detergente, mas n\u00e3o adicione detergente. N\u00e3o utilize ciclo de pr\u00e9-lavagem. Ligue a m\u00e1quina de lavar a 60\u00baC sem roupa. Utilize luvas. Aplique 50ml de produto diretamente num pano ou esponja. Limpe e remova a sujidade da gaveta de detergente, porta de vidro e borracha. No final do ciclo de lavagem limpe os res\u00edduos da junta da porta com um pano ou esponja.<\/p>\n<h3>Dicas:<\/h3>\n<p>\u00c9 recomend\u00e1vel utilizar o produto de 2 em 2 meses. Um segundo tratamento poder\u00e1 ser necess\u00e1rio no caso de m\u00e1quinas de lavar antigas que nunca foram limpas.<\/p>\n","protected":false},"excerpt":{"rendered":"<p>Todos os ciclos de lavagem deixam res\u00edduos, sujidade e calc\u00e1rio que podem danificar a m\u00e1quina de lavar. Sanytol Limpa M\u00e1quinas \u00e9 um limpador desinfetante para a m\u00e1quina de lavar roupa que elimina 99.9% das bact\u00e9rias.<br \/>\nTipo de produto:<br \/>\nLimpeza e Tratamento da M\u00e1quinaBenef\u00edcios:<br \/>\n&#8211; Lava, desinfeta e previne todos o&#8230;<\/p>\n","protected":false},"featured_media":6685,"template":"","meta":{"spay_email":""},"product_cat":[15],"product_tag":[],"class_list":{"0":"post-6684","1":"product","2":"type-product","3":"status-publish","4":"has-post-thumbnail","6":"product_cat-sem-categoria","8":"first","9":"instock","10":"taxable","11":"shipping-taxable","12":"purchasable","13":"product-type-simple"},"acf":[],"jetpack-related-posts":[{"id":6710,"url":"https:\/\/mundo.seashell.pt\/?product=xau-limpa-maquinas-025l","url_meta":{"origin":6684,"position":0},"title":"Xau Limpa M\u00e1quinas 250ml","date":"Fevereiro 23, 2022","format":false,"excerpt":"Se a sua m\u00e1quina da roupa tem a gaveta suja, maus odores e borracha suja, utilize Xau limpa m\u00e1quinas. Este produto cont\u00e9m uma f\u00f3rmula \u00fanica que limpa e remove os res\u00edduos de sujidade e detergente do interior da m\u00e1quina da roupa. Mant\u00e9m o interior da sua m\u00e1quina limpa, garantindo um\u2026","rel":"","context":"Similar post","img":{"alt_text":"","src":"https:\/\/i0.wp.com\/mundo.seashell.pt\/wp-content\/uploads\/2022\/02\/Xau_Limpa_Ma_quinas_250mlx12_8410104033026.png?resize=350%2C200&ssl=1","width":350,"height":200},"classes":[]},{"id":6497,"url":"https:\/\/mundo.seashell.pt\/?product=finish-maquina-loica-025l","url_meta":{"origin":6684,"position":1},"title":"Finish M\u00e1quina Loi\u00e7a 250ml","date":"Fevereiro 23, 2022","format":false,"excerpt":"Finish limpa m\u00e1quinas funciona de uma forma segura e eficaz de forma a remover a sujidade e calc\u00e1rio que est\u00e3o dentro da sua m\u00e1quina de loi\u00e7a, incluindo as partes de dif\u00edcil alcance como os filtros, aspersores e canos. Tipo de produto: Aditivo Benef\u00edcios: - Limpeza profunda da sua m\u00e1quina de\u2026","rel":"","context":"Similar post","img":{"alt_text":"","src":"https:\/\/i0.wp.com\/mundo.seashell.pt\/wp-content\/uploads\/2022\/02\/Finish_Limpa_Maq_Limao_x12_8410104702663.png?resize=350%2C200&ssl=1","width":350,"height":200},"classes":[]},{"id":6649,"url":"https:\/\/mundo.seashell.pt\/?product=sanytol-tira-nodoas-em-po-450gr","url_meta":{"origin":6684,"position":2},"title":"Sanytol Tira N\u00f3doas em P\u00f3 450gr","date":"Fevereiro 23, 2022","format":false,"excerpt":"Tira-N\u00f3doas Desinfetante em p\u00f3 que destr\u00f3i 99,9% dos micr\u00f3bios e que elimina eficazmente as manchas mais persistentes mesmo a baixas temperaturas. A sua f\u00f3rmula \u00fanica \u00e0 base de enzimas e oxig\u00e9nio ativo penetra no cora\u00e7\u00e3o das fibras t\u00eaxteis para remover as n\u00f3doas, eliminar o tom amarelado e reavivar o branco\u2026","rel":"","context":"Similar post","img":{"alt_text":"","src":"https:\/\/i0.wp.com\/mundo.seashell.pt\/wp-content\/uploads\/2022\/02\/SANYTOL_TIRA_NO_DOAS_BRANQUEADOR_450g_3045206382601.png?resize=350%2C200&ssl=1","width":350,"height":200},"classes":[]},{"id":6519,"url":"https:\/\/mundo.seashell.pt\/?product=skip-det-liquido-para-maquina-de-lavar-roupa","url_meta":{"origin":6684,"position":3},"title":"Skip Det. L\u00edquido para M\u00e1quina de Lavar Roupa","date":"Fevereiro 23, 2022","format":false,"excerpt":"A a\u00e7\u00e3o extra power de Skip L\u00edquido garante a efic\u00e1cia mesmo em \u00e1gua fria e em ciclos curtos, deixando as roupas da sua fam\u00edlia limpas e frescas, uma e outra vez. A f\u00f3rmula \u00fanica de Skip dissolve-se facilmente na lavagem, garantindo toda a efic\u00e1cia, mesmo na remo\u00e7\u00e3o das n\u00f3doas mais\u2026","rel":"","context":"Similar post","img":{"alt_text":"","src":"https:\/\/i0.wp.com\/mundo.seashell.pt\/wp-content\/uploads\/2022\/02\/SKIP_LI_QUIDO_ACTIVE_CLEAN_-_1_25L_-_25D_8710847999413.png?resize=350%2C200&ssl=1","width":350,"height":200},"classes":[]},{"id":6493,"url":"https:\/\/mundo.seashell.pt\/?product=sun-limpa-maquinas-120gr","url_meta":{"origin":6684,"position":4},"title":"Sun Limpa M\u00e1quinas 120Gr","date":"Fevereiro 23, 2022","format":false,"excerpt":"Sun limpa m\u00e1quinas maximiza a longevidade da sua m\u00e1quina, removendo dep\u00f3sitos de calc\u00e1rio e graxa de partes inacess\u00edveis, resultando em pratos limpos, lavagem ap\u00f3s lavagem. Tipo de produto: AditivoBenef\u00edcios: - Elimina dep\u00f3sitos de graxa e calc\u00e1rio;- Atua em partes inacess\u00edveis da m\u00e1quina;- Eficaz no fi...","rel":"","context":"Similar post","img":{"alt_text":"","src":"https:\/\/i0.wp.com\/mundo.seashell.pt\/wp-content\/uploads\/2022\/02\/SUN_LIMPA_MA_QUINAS_-_120gr_8717163080092.png?resize=350%2C200&ssl=1","width":350,"height":200},"classes":[]},{"id":6539,"url":"https:\/\/mundo.seashell.pt\/?product=woolite-det-liquido-para-maquina-de-lavaer-ruopa","url_meta":{"origin":6684,"position":5},"title":"Woolite Detergente L\u00edquido 56 Doses","date":"Fevereiro 23, 2022","format":false,"excerpt":"Woolite prote\u00e7\u00e3o l\u00e3s e sedas \u00e9 um detergente l\u00edquido para a m\u00e1quina de lavar roupa. \u00c9 o \u00fanico detergente do mercado com queratina que mant\u00e9m a sua roupa delicada como nova durante mais tempo e limpa e protege sem danificar os tecidos. Woolite sport \u00e9 um detergente l\u00edquido especialmente desenvolvido\u2026","rel":"","context":"Similar post","img":{"alt_text":"","src":"https:\/\/i0.wp.com\/mundo.seashell.pt\/wp-content\/uploads\/2022\/02\/Woolite_P._Brancos_56Dx6_5601217134264.png?resize=350%2C200&ssl=1","width":350,"height":200},"classes":[]}],"_links":{"self":[{"href":"https:\/\/mundo.seashell.pt\/index.php?rest_route=\/wp\/v2\/product\/6684","targetHints":{"allow":["GET"]}}],"collection":[{"href":"https:\/\/mundo.seashell.pt\/index.php?rest_route=\/wp\/v2\/product"}],"about":[{"href":"https:\/\/mundo.seashell.pt\/index.php?rest_route=\/wp\/v2\/types\/product"}],"wp:featuredmedia":[{"embeddable":true,"href":"https:\/\/mundo.seashell.pt\/index.php?rest_route=\/wp\/v2\/media\/6685"}],"wp:attachment":[{"href":"https:\/\/mundo.seashell.pt\/index.php?rest_route=%2Fwp%2Fv2%2Fmedia&parent=6684"}],"wp:term":[{"taxonomy":"product_cat","embeddable":true,"href":"https:\/\/mundo.seashell.pt\/index.php?rest_route=%2Fwp%2Fv2%2Fproduct_cat&post=6684"},{"taxonomy":"product_tag","embeddable":true,"href":"https:\/\/mundo.seashell.pt\/index.php?rest_route=%2Fwp%2Fv2%2Fproduct_tag&post=6684"}],"curies":[{"name":"wp","href":"https:\/\/api.w.org\/{rel}","templated":true}]}}