{"id":6682,"date":"2022-02-23T18:51:21","date_gmt":"2022-02-23T18:51:21","guid":{"rendered":"https:\/\/mundo.seashell.pt\/?post_type=product&#038;p=6682"},"modified":"2022-02-23T18:51:22","modified_gmt":"2022-02-23T18:51:22","slug":"iberia-recupera-tingidos-4x50gr","status":"publish","type":"product","link":"https:\/\/mundo.seashell.pt\/?product=iberia-recupera-tingidos-4x50gr","title":{"rendered":"Iberia Recupera tingidos 4x50gr"},"content":{"rendered":"<ul>\n<li>Elimina tingimentos acidentais<\/li>\n<li>Recupere a sua roupa branca desbotada na lavagem<\/li>\n<li>Lavar \u00e0 m\u00e3o ou \u00e0 m\u00e1quina<\/li>\n<li>Use em uma \u00fanica pe\u00e7a de roupa ou em roupas inteiras<\/li>\n<li>Decolor para tingir: tamb\u00e9m diminui a cor das roupas escuras antes de tingir<\/li>\n<\/ul>\n","protected":false},"excerpt":{"rendered":"<ul>\n<li>Elimina tingimentos acidentais<\/li>\n<li>Recupere a sua roupa branca desbotada na lavagem<\/li>\n<li>Lavar \u00e0 m\u00e3o ou \u00e0 m\u00e1quina<\/li>\n<li>Use em uma \u00fanica pe\u00e7a de roupa ou em roupas inteiras<\/li>\n<li>Decolor para tingir: tamb\u00e9m diminui a cor das roupas escuras antes de tingir<\/li>\n<\/ul>\n","protected":false},"featured_media":6683,"template":"","meta":{"spay_email":""},"product_cat":[15],"product_tag":[],"class_list":{"0":"post-6682","1":"product","2":"type-product","3":"status-publish","4":"has-post-thumbnail","6":"product_cat-sem-categoria","8":"first","9":"instock","10":"taxable","11":"shipping-taxable","12":"purchasable","13":"product-type-simple"},"acf":[],"jetpack-related-posts":[{"id":6680,"url":"https:\/\/mundo.seashell.pt\/?product=iberai-tinte-40o","url_meta":{"origin":6682,"position":0},"title":"Iberai Tinte 40\u00ba","date":"Fevereiro 23, 2022","format":false,"excerpt":"A solu\u00e7\u00e3o para tingir e personalizar todos os seus tecidos e roupas em algod\u00e3o, linho, seda e viscose \u00e0 m\u00e3o ou na m\u00e1quina de lavar a 40\u00b0C. Tipo de produto: Auxiliar de Lavagem da RoupaBenef\u00edcios: - Solu\u00e7\u00e3o pr\u00e1tica e f\u00e1cil para tingir roupa. Conselhos de utiliza\u00e7\u00e3o: Tingir \u00e0 m\u00e1quina:","rel":"","context":"Similar post","img":{"alt_text":"","src":"https:\/\/i0.wp.com\/mundo.seashell.pt\/wp-content\/uploads\/2022\/02\/IBE_RIA_TINTO_PRETO_A_40_C_2x10g___50g_8411660211217.png?resize=350%2C200&ssl=1","width":350,"height":200},"classes":[]},{"id":6662,"url":"https:\/\/mundo.seashell.pt\/?product=iberia-protect-15-toalhitas","url_meta":{"origin":6682,"position":1},"title":"Ib\u00e9ria Protect 15 Toalhitas","date":"Fevereiro 23, 2022","format":false,"excerpt":"Durante a lavagem, as cores de alguns t\u00eaxteis podem dispersar-se na \u00e1gua e transferirem para as restantes pe\u00e7as de roupa de cor clara. As toalhitas Iberia Protect s\u00e3o a melhor solu\u00e7\u00e3o para misturar cores com confian\u00e7a, sem o risco de tingir ou transferir cor para as restantes pe\u00e7as de roupa.\u2026","rel":"","context":"Similar post","img":{"alt_text":"","src":"https:\/\/i0.wp.com\/mundo.seashell.pt\/wp-content\/uploads\/2022\/02\/05228011600195____1__600x600.jpeg?resize=350%2C200&ssl=1","width":350,"height":200},"classes":[]},{"id":6678,"url":"https:\/\/mundo.seashell.pt\/?product=iberia-soluciona-negro-350gr","url_meta":{"origin":6682,"position":2},"title":"Iberia Soluciona Negro 350Gr","date":"Fevereiro 23, 2022","format":false,"excerpt":"A solu\u00e7\u00e3o para tingir e personalizar todos os seus tecidos e roupas em algod\u00e3o, linho, seda e viscose \u00e0 m\u00e3o ou na m\u00e1quina de lavar a 40\u00b0C. Tipo de produto: Auxiliar de Lavagem da RoupaBenef\u00edcios: - Solu\u00e7\u00e3o pr\u00e1tica e f\u00e1cil para tingir roupa.","rel":"","context":"Similar post","img":{"alt_text":"","src":"https:\/\/i0.wp.com\/mundo.seashell.pt\/wp-content\/uploads\/2022\/02\/IBERIA_SOLUCIONA_NEGRO_350g_8411660004826.png?resize=350%2C200&ssl=1","width":350,"height":200},"classes":[]},{"id":6539,"url":"https:\/\/mundo.seashell.pt\/?product=woolite-det-liquido-para-maquina-de-lavaer-ruopa","url_meta":{"origin":6682,"position":3},"title":"Woolite Detergente L\u00edquido 56 Doses","date":"Fevereiro 23, 2022","format":false,"excerpt":"Woolite prote\u00e7\u00e3o l\u00e3s e sedas \u00e9 um detergente l\u00edquido para a m\u00e1quina de lavar roupa. \u00c9 o \u00fanico detergente do mercado com queratina que mant\u00e9m a sua roupa delicada como nova durante mais tempo e limpa e protege sem danificar os tecidos. Woolite sport \u00e9 um detergente l\u00edquido especialmente desenvolvido\u2026","rel":"","context":"Similar post","img":{"alt_text":"","src":"https:\/\/i0.wp.com\/mundo.seashell.pt\/wp-content\/uploads\/2022\/02\/Woolite_P._Brancos_56Dx6_5601217134264.png?resize=350%2C200&ssl=1","width":350,"height":200},"classes":[]},{"id":7174,"url":"https:\/\/mundo.seashell.pt\/?product=woolite-roupa-desportiva-30-doses","url_meta":{"origin":6682,"position":4},"title":"Woolite Roupa Desportiva  30 Doses","date":"Fevereiro 23, 2022","format":false,"excerpt":"Mant\u00e9m as suas roupas como novas, lavagem ap\u00f3s lavagem!Descri\u00e7\u00e3o: Woolite sport \u00e9 um detergente l\u00edquido especialmente desenvolvido para a limpeza e prote\u00e7\u00e3o de roupa desportiva. Elimina os odores mais dif\u00edceis e mant\u00e9m a elasticidade das roupas, evitando o encolher das mesmas e o desbotar das cores. Tipo de produto...","rel":"","context":"Similar post","img":{"alt_text":"","src":"https:\/\/i0.wp.com\/mundo.seashell.pt\/wp-content\/uploads\/2022\/02\/7051720-frente.jpeg?resize=350%2C200&ssl=1","width":350,"height":200},"classes":[]},{"id":5802,"url":"https:\/\/mundo.seashell.pt\/?product=stark-d36-5l","url_meta":{"origin":6682,"position":5},"title":"Dispersante Stark D36 5L","date":"Fevereiro 23, 2022","format":false,"excerpt":"Dispersante reparador de tingidos. Permite eliminar o tingido ocorrido na lavagem, devolvendo aos tecidos as cores originais.","rel":"","context":"Similar post","img":{"alt_text":"","src":"https:\/\/i0.wp.com\/mundo.seashell.pt\/wp-content\/uploads\/2022\/02\/STARK_D36_PhotoRoom_20210402_103523.jpg?resize=350%2C200&ssl=1","width":350,"height":200},"classes":[]}],"_links":{"self":[{"href":"https:\/\/mundo.seashell.pt\/index.php?rest_route=\/wp\/v2\/product\/6682","targetHints":{"allow":["GET"]}}],"collection":[{"href":"https:\/\/mundo.seashell.pt\/index.php?rest_route=\/wp\/v2\/product"}],"about":[{"href":"https:\/\/mundo.seashell.pt\/index.php?rest_route=\/wp\/v2\/types\/product"}],"wp:featuredmedia":[{"embeddable":true,"href":"https:\/\/mundo.seashell.pt\/index.php?rest_route=\/wp\/v2\/media\/6683"}],"wp:attachment":[{"href":"https:\/\/mundo.seashell.pt\/index.php?rest_route=%2Fwp%2Fv2%2Fmedia&parent=6682"}],"wp:term":[{"taxonomy":"product_cat","embeddable":true,"href":"https:\/\/mundo.seashell.pt\/index.php?rest_route=%2Fwp%2Fv2%2Fproduct_cat&post=6682"},{"taxonomy":"product_tag","embeddable":true,"href":"https:\/\/mundo.seashell.pt\/index.php?rest_route=%2Fwp%2Fv2%2Fproduct_tag&post=6682"}],"curies":[{"name":"wp","href":"https:\/\/api.w.org\/{rel}","templated":true}]}}