{"id":6680,"date":"2022-02-23T18:51:03","date_gmt":"2022-02-23T18:51:03","guid":{"rendered":"https:\/\/mundo.seashell.pt\/?post_type=product&#038;p=6680"},"modified":"2022-02-23T18:51:07","modified_gmt":"2022-02-23T18:51:07","slug":"iberai-tinte-40o","status":"publish","type":"product","link":"https:\/\/mundo.seashell.pt\/?product=iberai-tinte-40o","title":{"rendered":"Iberai Tinte 40\u00ba"},"content":{"rendered":"<p>A solu\u00e7\u00e3o para tingir e personalizar todos os seus tecidos e roupas em algod\u00e3o, linho, seda e viscose \u00e0 m\u00e3o ou na m\u00e1quina de lavar a 40\u00b0C.<\/p>\n<h3>Tipo de produto:<\/h3>\n<p>Auxiliar de Lavagem da Roupa<\/p>\n<h3>Benef\u00edcios:<\/h3>\n<p>&#8211; Solu\u00e7\u00e3o pr\u00e1tica e f\u00e1cil para tingir roupa.<\/p>\n<h3>Conselhos de utiliza\u00e7\u00e3o:<\/h3>\n<p><strong>Tingir \u00e0 m\u00e1quina:<\/strong><\/p>\n<p>\u00c9 recomend\u00e1vel tingir na m\u00e1quina de lavar roupa, pe\u00e7as de dimens\u00e3o m\u00e9dia ou grande, tais como camisolas, cal\u00e7as ou toalhas. Para obter um resultado uniforme, n\u00e3o encha a m\u00e1quina a mais de metade da sua capacidade.<\/p>\n<p>&#8211; Molhe a pe\u00e7a e introduza-a na m\u00e1quina sem a dobrar e sem a virar do avesso;<\/p>\n<p>&#8211; Adicione o fixador e 500g de sal no interior do tambor;<\/p>\n<p>&#8211; Verta a tinta num pequeno recipiente pl\u00e1stico e coloque no interior do tambor;<\/p>\n<p>&#8211; Inicie um programa longo sem pr\u00e9-lavagem a 40\u00baC;<\/p>\n<p>&#8211; Uma vez finalizado o programa, realize uma lavagem normal a 40\u00baC com detergente;<\/p>\n<p>&#8211; Seque a roupa \u00e0 sombra na posi\u00e7\u00e3o horizontal;<\/p>\n<p>&#8211; Para limpar a m\u00e1quina de lavar, inicie um programa de lavagem longo a 90\u00baC, com a m\u00e1quina vazia e com detergente e lix\u00edvia. O tinto n\u00e3o danifica a m\u00e1quina de lavar.<\/p>\n<p><strong>Tingir \u00e0 m\u00e3o:<\/strong><\/p>\n<p>\u00c9 recomend\u00e1vel tingir \u00e0 m\u00e3o pequenas pe\u00e7as de roupa como encharpes e fronhas de almofada.<\/p>\n<p>&#8211; Encha um recipiente com \u00e1gua quente tendo em aten\u00e7\u00e3o que a pe\u00e7a tem que ficar totalmente submersa;<\/p>\n<p>&#8211; Utilize luvas de borracha ou de pl\u00e1stico na manipula\u00e7\u00e3o da tinta;<\/p>\n<p>&#8211; Verta todo o fixador no recipiente e mexer at\u00e9 que fique bem dissolvido;<\/p>\n<p>&#8211; Adicione 5 colheres de sopa de sal grosso por cada litro de \u00e1gua e mexer suavemente. Verta a tinta num copo de \u00e1gua quente e mexer at\u00e9 que fique totalmente dissolvido. De seguida, verta esta mistura no recipiente com \u00e1gua quente e mexa at\u00e9 que fique tudo muito bem dilu\u00eddo;<\/p>\n<p>&#8211; Introduza lentamente a roupa previemente molhada no recipiente e deixe-a totalmente submersa durante 40 minutos. Mexa de vez em quando;<\/p>\n<p>&#8211; Enxague a pe\u00e7a de roupa com \u00e1gua abundante;<\/p>\n<p>&#8211; Lave a pe\u00e7a com detergente e \u00e1gua quente;<\/p>\n<p>&#8211; Seque a roupa \u00e0 sombra, em posi\u00e7\u00e3o horizontal;<\/p>\n<p>&#8211; Lave os utens\u00edlios com lix\u00edvia para eliminar os restos de cor.<\/p>\n<\/p>\n<h3>Dicas:<\/h3>\n<p>Se a roupa a tingir \u00e9 nova, lave-a primeiro para eliminar a goma que possa conter.<\/p>\n<p>A roupa deve estar limpa, uma vez que a tinta n\u00e3o cobre as n\u00f3doas.<\/p>\n<p>&#8211; Se a pe\u00e7a tiver manchas de lix\u00edvia, \u00e9 necess\u00e1rio descolor\u00e1-la primeiro, submergindo-a em \u00e1gua com lix\u00edvia para uniformizar a cor.<\/p>\n<p>A tinta n\u00e3o cobre nem elimina os estampados. Apenas lhes altera a cor.<\/p>\n<p>A intensidade da cor conseguida depender\u00e1 da cor original da pe\u00e7a de roupa, do seu peso e do tipo de fibras.<\/p>\n<p>Para conseguir um resultado \u00f3timo \u00e9 imprescind\u00edvel utilizar todo o fixador contido na embalagem e 500g de sal grosso (n\u00e3o inclu\u00eddo na embalagem).<\/p>\n","protected":false},"excerpt":{"rendered":"<p>A solu\u00e7\u00e3o para tingir e personalizar todos os seus tecidos e roupas em algod\u00e3o, linho, seda e viscose \u00e0 m\u00e3o ou na m\u00e1quina de lavar a 40\u00b0C.<\/p>\n<h3>Tipo de produto:<\/h3>\n<p>Auxiliar de Lavagem da Roupa<\/p>\n<h3>Benef\u00edcios:<\/h3>\n<p>&#8211; Solu\u00e7\u00e3o pr\u00e1tica e f\u00e1cil para tingir roupa.<\/p>\n<h3>Conselhos de utiliza\u00e7\u00e3o:<\/h3>\n<p><strong>Tingir \u00e0 m\u00e1quina:<\/str...\n<\/p>\n","protected":false},"featured_media":6681,"template":"","meta":{"spay_email":""},"product_cat":[15],"product_tag":[],"class_list":{"0":"post-6680","1":"product","2":"type-product","3":"status-publish","4":"has-post-thumbnail","6":"product_cat-sem-categoria","8":"first","9":"instock","10":"taxable","11":"shipping-taxable","12":"purchasable","13":"product-type-simple"},"acf":[],"jetpack-related-posts":[{"id":6678,"url":"https:\/\/mundo.seashell.pt\/?product=iberia-soluciona-negro-350gr","url_meta":{"origin":6680,"position":0},"title":"Iberia Soluciona Negro 350Gr","date":"Fevereiro 23, 2022","format":false,"excerpt":"A solu\u00e7\u00e3o para tingir e personalizar todos os seus tecidos e roupas em algod\u00e3o, linho, seda e viscose \u00e0 m\u00e3o ou na m\u00e1quina de lavar a 40\u00b0C. Tipo de produto: Auxiliar de Lavagem da RoupaBenef\u00edcios: - Solu\u00e7\u00e3o pr\u00e1tica e f\u00e1cil para tingir roupa.","rel":"","context":"Similar post","img":{"alt_text":"","src":"https:\/\/i0.wp.com\/mundo.seashell.pt\/wp-content\/uploads\/2022\/02\/IBERIA_SOLUCIONA_NEGRO_350g_8411660004826.png?resize=350%2C200&ssl=1","width":350,"height":200},"classes":[]},{"id":6662,"url":"https:\/\/mundo.seashell.pt\/?product=iberia-protect-15-toalhitas","url_meta":{"origin":6680,"position":1},"title":"Ib\u00e9ria Protect 15 Toalhitas","date":"Fevereiro 23, 2022","format":false,"excerpt":"Durante a lavagem, as cores de alguns t\u00eaxteis podem dispersar-se na \u00e1gua e transferirem para as restantes pe\u00e7as de roupa de cor clara. As toalhitas Iberia Protect s\u00e3o a melhor solu\u00e7\u00e3o para misturar cores com confian\u00e7a, sem o risco de tingir ou transferir cor para as restantes pe\u00e7as de roupa.\u2026","rel":"","context":"Similar post","img":{"alt_text":"","src":"https:\/\/i0.wp.com\/mundo.seashell.pt\/wp-content\/uploads\/2022\/02\/05228011600195____1__600x600.jpeg?resize=350%2C200&ssl=1","width":350,"height":200},"classes":[]},{"id":6682,"url":"https:\/\/mundo.seashell.pt\/?product=iberia-recupera-tingidos-4x50gr","url_meta":{"origin":6680,"position":2},"title":"Iberia Recupera tingidos 4x50gr","date":"Fevereiro 23, 2022","format":false,"excerpt":"Elimina tingimentos acidentaisRecupere a sua roupa branca desbotada na lavagemLavar \u00e0 m\u00e3o ou \u00e0 m\u00e1quinaUse em uma \u00fanica pe\u00e7a de roupa ou em roupas inteirasDecolor para tingir: tamb\u00e9m diminui a cor das roupas escuras antes de tingir","rel":"","context":"Similar post","img":{"alt_text":"","src":"https:\/\/i0.wp.com\/mundo.seashell.pt\/wp-content\/uploads\/2022\/02\/81Le_ADFgoL._AC_SL1500_.jpg?resize=350%2C200&ssl=1","width":350,"height":200},"classes":[]},{"id":6674,"url":"https:\/\/mundo.seashell.pt\/?product=iberia-branco-nuclear-liquido-05l","url_meta":{"origin":6680,"position":3},"title":"Ib\u00e9ria Branco Nuclear L\u00edquido 500ml","date":"Fevereiro 23, 2022","format":false,"excerpt":"A solu\u00e7\u00e3o mais eficaz para recuperar o branco das suas pe\u00e7as de roupa, desde a primeira lavagem. A partir de 30\u00baC, a sua f\u00f3rmula baseada no oxig\u00eanio ativo penetra no cora\u00e7\u00e3o das fibras e dissolve os pontos mais incrustados. Tipo de produto: Auxiliar de Lavagem da RoupaBenef\u00edcios: - Solu\u00e7\u00e3o l\u00edquida\u2026","rel":"","context":"Similar post","img":{"alt_text":"","src":"https:\/\/i0.wp.com\/mundo.seashell.pt\/wp-content\/uploads\/2022\/02\/IBERIA_BRANCO_NUCLEAR_LIQUIDO_500ml_8411660210227.png?resize=350%2C200&ssl=1","width":350,"height":200},"classes":[]},{"id":6676,"url":"https:\/\/mundo.seashell.pt\/?product=iberia-branco-nuclear-saquetas-120gr","url_meta":{"origin":6680,"position":4},"title":"Iberia Branco Nuclear Saquetas 120gr","date":"Fevereiro 23, 2022","format":false,"excerpt":"A solu\u00e7\u00e3o mais eficaz para recuperar o branco das suas pe\u00e7as de roupa, desde a primeira lavagem. A partir de 30\u00baC, a sua f\u00f3rmula baseada no oxig\u00eanio ativo penetra no cora\u00e7\u00e3o das fibras e dissolve os pontos mais incrustados. Tipo de produto: Auxiliar de Lavagem da RoupaBenef\u00edcios: - Solu\u00e7\u00e3o em\u2026","rel":"","context":"Similar post","img":{"alt_text":"","src":"https:\/\/i0.wp.com\/mundo.seashell.pt\/wp-content\/uploads\/2022\/02\/6171154-direito.jpeg?resize=350%2C200&ssl=1","width":350,"height":200},"classes":[]},{"id":6664,"url":"https:\/\/mundo.seashell.pt\/?product=vanish-gold-12-toalhitas","url_meta":{"origin":6680,"position":5},"title":"Vanish Gold 12 Toalhitas","date":"Fevereiro 23, 2022","format":false,"excerpt":"Vanish gold toalhitas anti-transfer\u00eancia de cor evita a transfer\u00eancia de cores gra\u00e7as \u00e0s suas microfibras ultra-absorventes. A toalhita absorve rapidamente as cores que se libertam, impedindo que se transfiram para as outras pe\u00e7as de roupa. Tipo de produto: ToalhitasBenef\u00edcios: - Toalhita mais espessa;- Mai...","rel":"","context":"Similar post","img":{"alt_text":"","src":"https:\/\/i0.wp.com\/mundo.seashell.pt\/wp-content\/uploads\/2022\/02\/VANISH_GOLD_TOALHITAS_X12_5601217130259.png?resize=350%2C200&ssl=1","width":350,"height":200},"classes":[]}],"_links":{"self":[{"href":"https:\/\/mundo.seashell.pt\/index.php?rest_route=\/wp\/v2\/product\/6680","targetHints":{"allow":["GET"]}}],"collection":[{"href":"https:\/\/mundo.seashell.pt\/index.php?rest_route=\/wp\/v2\/product"}],"about":[{"href":"https:\/\/mundo.seashell.pt\/index.php?rest_route=\/wp\/v2\/types\/product"}],"wp:featuredmedia":[{"embeddable":true,"href":"https:\/\/mundo.seashell.pt\/index.php?rest_route=\/wp\/v2\/media\/6681"}],"wp:attachment":[{"href":"https:\/\/mundo.seashell.pt\/index.php?rest_route=%2Fwp%2Fv2%2Fmedia&parent=6680"}],"wp:term":[{"taxonomy":"product_cat","embeddable":true,"href":"https:\/\/mundo.seashell.pt\/index.php?rest_route=%2Fwp%2Fv2%2Fproduct_cat&post=6680"},{"taxonomy":"product_tag","embeddable":true,"href":"https:\/\/mundo.seashell.pt\/index.php?rest_route=%2Fwp%2Fv2%2Fproduct_tag&post=6680"}],"curies":[{"name":"wp","href":"https:\/\/api.w.org\/{rel}","templated":true}]}}