{"id":6678,"date":"2022-02-23T18:50:58","date_gmt":"2022-02-23T18:50:58","guid":{"rendered":"https:\/\/mundo.seashell.pt\/?post_type=product&#038;p=6678"},"modified":"2022-02-23T18:51:02","modified_gmt":"2022-02-23T18:51:02","slug":"iberia-soluciona-negro-350gr","status":"publish","type":"product","link":"https:\/\/mundo.seashell.pt\/?product=iberia-soluciona-negro-350gr","title":{"rendered":"Iberia Soluciona Negro 350Gr"},"content":{"rendered":"<p>A solu\u00e7\u00e3o para tingir e personalizar todos os seus tecidos e roupas em algod\u00e3o, linho, seda e viscose \u00e0 m\u00e3o ou na m\u00e1quina de lavar a 40\u00b0C.<\/p>\n<h3>Tipo de produto:<\/h3>\n<p>Auxiliar de Lavagem da Roupa<\/p>\n<h3>Benef\u00edcios:<\/h3>\n<p>&#8211; Solu\u00e7\u00e3o pr\u00e1tica e f\u00e1cil para tingir roupa.<\/p>\n<p><\/p>\n","protected":false},"excerpt":{"rendered":"<p>A solu\u00e7\u00e3o para tingir e personalizar todos os seus tecidos e roupas em algod\u00e3o, linho, seda e viscose \u00e0 m\u00e3o ou na m\u00e1quina de lavar a 40\u00b0C.<\/p>\n<h3>Tipo de produto:<\/h3>\n<p>Auxiliar de Lavagem da Roupa<\/p>\n<h3>Benef\u00edcios:<\/h3>\n<p>&#8211; Solu\u00e7\u00e3o pr\u00e1tica e f\u00e1cil para tingir roupa.<\/p>\n<p><\/p>\n","protected":false},"featured_media":6679,"template":"","meta":{"spay_email":""},"product_cat":[15],"product_tag":[],"class_list":{"0":"post-6678","1":"product","2":"type-product","3":"status-publish","4":"has-post-thumbnail","6":"product_cat-sem-categoria","8":"first","9":"instock","10":"taxable","11":"shipping-taxable","12":"purchasable","13":"product-type-simple"},"acf":[],"jetpack-related-posts":[{"id":6680,"url":"https:\/\/mundo.seashell.pt\/?product=iberai-tinte-40o","url_meta":{"origin":6678,"position":0},"title":"Iberai Tinte 40\u00ba","date":"Fevereiro 23, 2022","format":false,"excerpt":"A solu\u00e7\u00e3o para tingir e personalizar todos os seus tecidos e roupas em algod\u00e3o, linho, seda e viscose \u00e0 m\u00e3o ou na m\u00e1quina de lavar a 40\u00b0C. Tipo de produto: Auxiliar de Lavagem da RoupaBenef\u00edcios: - Solu\u00e7\u00e3o pr\u00e1tica e f\u00e1cil para tingir roupa. Conselhos de utiliza\u00e7\u00e3o: Tingir \u00e0 m\u00e1quina:","rel":"","context":"Similar post","img":{"alt_text":"","src":"https:\/\/i0.wp.com\/mundo.seashell.pt\/wp-content\/uploads\/2022\/02\/IBE_RIA_TINTO_PRETO_A_40_C_2x10g___50g_8411660211217.png?resize=350%2C200&ssl=1","width":350,"height":200},"classes":[]},{"id":6662,"url":"https:\/\/mundo.seashell.pt\/?product=iberia-protect-15-toalhitas","url_meta":{"origin":6678,"position":1},"title":"Ib\u00e9ria Protect 15 Toalhitas","date":"Fevereiro 23, 2022","format":false,"excerpt":"Durante a lavagem, as cores de alguns t\u00eaxteis podem dispersar-se na \u00e1gua e transferirem para as restantes pe\u00e7as de roupa de cor clara. As toalhitas Iberia Protect s\u00e3o a melhor solu\u00e7\u00e3o para misturar cores com confian\u00e7a, sem o risco de tingir ou transferir cor para as restantes pe\u00e7as de roupa.\u2026","rel":"","context":"Similar post","img":{"alt_text":"","src":"https:\/\/i0.wp.com\/mundo.seashell.pt\/wp-content\/uploads\/2022\/02\/05228011600195____1__600x600.jpeg?resize=350%2C200&ssl=1","width":350,"height":200},"classes":[]},{"id":6682,"url":"https:\/\/mundo.seashell.pt\/?product=iberia-recupera-tingidos-4x50gr","url_meta":{"origin":6678,"position":2},"title":"Iberia Recupera tingidos 4x50gr","date":"Fevereiro 23, 2022","format":false,"excerpt":"Elimina tingimentos acidentaisRecupere a sua roupa branca desbotada na lavagemLavar \u00e0 m\u00e3o ou \u00e0 m\u00e1quinaUse em uma \u00fanica pe\u00e7a de roupa ou em roupas inteirasDecolor para tingir: tamb\u00e9m diminui a cor das roupas escuras antes de tingir","rel":"","context":"Similar post","img":{"alt_text":"","src":"https:\/\/i0.wp.com\/mundo.seashell.pt\/wp-content\/uploads\/2022\/02\/81Le_ADFgoL._AC_SL1500_.jpg?resize=350%2C200&ssl=1","width":350,"height":200},"classes":[]},{"id":6674,"url":"https:\/\/mundo.seashell.pt\/?product=iberia-branco-nuclear-liquido-05l","url_meta":{"origin":6678,"position":3},"title":"Ib\u00e9ria Branco Nuclear L\u00edquido 500ml","date":"Fevereiro 23, 2022","format":false,"excerpt":"A solu\u00e7\u00e3o mais eficaz para recuperar o branco das suas pe\u00e7as de roupa, desde a primeira lavagem. A partir de 30\u00baC, a sua f\u00f3rmula baseada no oxig\u00eanio ativo penetra no cora\u00e7\u00e3o das fibras e dissolve os pontos mais incrustados. Tipo de produto: Auxiliar de Lavagem da RoupaBenef\u00edcios: - Solu\u00e7\u00e3o l\u00edquida\u2026","rel":"","context":"Similar post","img":{"alt_text":"","src":"https:\/\/i0.wp.com\/mundo.seashell.pt\/wp-content\/uploads\/2022\/02\/IBERIA_BRANCO_NUCLEAR_LIQUIDO_500ml_8411660210227.png?resize=350%2C200&ssl=1","width":350,"height":200},"classes":[]},{"id":6676,"url":"https:\/\/mundo.seashell.pt\/?product=iberia-branco-nuclear-saquetas-120gr","url_meta":{"origin":6678,"position":4},"title":"Iberia Branco Nuclear Saquetas 120gr","date":"Fevereiro 23, 2022","format":false,"excerpt":"A solu\u00e7\u00e3o mais eficaz para recuperar o branco das suas pe\u00e7as de roupa, desde a primeira lavagem. A partir de 30\u00baC, a sua f\u00f3rmula baseada no oxig\u00eanio ativo penetra no cora\u00e7\u00e3o das fibras e dissolve os pontos mais incrustados. Tipo de produto: Auxiliar de Lavagem da RoupaBenef\u00edcios: - Solu\u00e7\u00e3o em\u2026","rel":"","context":"Similar post","img":{"alt_text":"","src":"https:\/\/i0.wp.com\/mundo.seashell.pt\/wp-content\/uploads\/2022\/02\/6171154-direito.jpeg?resize=350%2C200&ssl=1","width":350,"height":200},"classes":[]},{"id":5754,"url":"https:\/\/mundo.seashell.pt\/?product=stark-oxyplus-20kg-lavandaria-automatica","url_meta":{"origin":6678,"position":5},"title":"Branqueador Stark Oxyplus 20Kg &#8211; Lavandaria Autom\u00e1tica","date":"Fevereiro 23, 2022","format":false,"excerpt":"Branqueador oxigenado para roupa de cor","rel":"","context":"Similar post","img":{"alt_text":"","src":"https:\/\/i0.wp.com\/mundo.seashell.pt\/wp-content\/uploads\/2022\/02\/STARK_OXYPLUS.jpg?resize=350%2C200&ssl=1","width":350,"height":200},"classes":[]}],"_links":{"self":[{"href":"https:\/\/mundo.seashell.pt\/index.php?rest_route=\/wp\/v2\/product\/6678","targetHints":{"allow":["GET"]}}],"collection":[{"href":"https:\/\/mundo.seashell.pt\/index.php?rest_route=\/wp\/v2\/product"}],"about":[{"href":"https:\/\/mundo.seashell.pt\/index.php?rest_route=\/wp\/v2\/types\/product"}],"wp:featuredmedia":[{"embeddable":true,"href":"https:\/\/mundo.seashell.pt\/index.php?rest_route=\/wp\/v2\/media\/6679"}],"wp:attachment":[{"href":"https:\/\/mundo.seashell.pt\/index.php?rest_route=%2Fwp%2Fv2%2Fmedia&parent=6678"}],"wp:term":[{"taxonomy":"product_cat","embeddable":true,"href":"https:\/\/mundo.seashell.pt\/index.php?rest_route=%2Fwp%2Fv2%2Fproduct_cat&post=6678"},{"taxonomy":"product_tag","embeddable":true,"href":"https:\/\/mundo.seashell.pt\/index.php?rest_route=%2Fwp%2Fv2%2Fproduct_tag&post=6678"}],"curies":[{"name":"wp","href":"https:\/\/api.w.org\/{rel}","templated":true}]}}