{"id":6676,"date":"2022-02-23T18:50:55","date_gmt":"2022-02-23T18:50:55","guid":{"rendered":"https:\/\/mundo.seashell.pt\/?post_type=product&#038;p=6676"},"modified":"2022-02-23T18:50:58","modified_gmt":"2022-02-23T18:50:58","slug":"iberia-branco-nuclear-saquetas-120gr","status":"publish","type":"product","link":"https:\/\/mundo.seashell.pt\/?product=iberia-branco-nuclear-saquetas-120gr","title":{"rendered":"Iberia Branco Nuclear Saquetas 120gr"},"content":{"rendered":"<p>A solu\u00e7\u00e3o mais eficaz para recuperar o branco das suas pe\u00e7as de roupa, desde a primeira lavagem. A partir de 30\u00baC, a sua f\u00f3rmula baseada no oxig\u00eanio ativo penetra no cora\u00e7\u00e3o das fibras e dissolve os pontos mais incrustados.<\/p>\n<h3>Tipo de produto:<\/h3>\n<p>Auxiliar de Lavagem da Roupa<\/p>\n<h3>Benef\u00edcios:<\/h3>\n<p>&#8211; Solu\u00e7\u00e3o em p\u00f3 que elimina o acinzentado da sua roupa e ressurge todos os t\u00eaxteis brancos;<br \/>&#8211; Dissolve os pontos mais incrustados.<\/p>\n<h3>Conselhos de utiliza\u00e7\u00e3o:<\/h3>\n<p><strong><br \/><\/strong><strong>Para recuperar o branco de pe\u00e7as de roupa amareladas ou acizentadas:<\/strong><\/p>\n<p><strong>\u00c0 m\u00e3o:<\/strong> Dissolva 1 saqueta por cada 4 litros de \u00e1gua quente, na temperatura m\u00e1xima que permita a pe\u00e7a de roupa. Quanto mais quente a \u00e1gua, maior a efic\u00e1cia. Fa\u00e7a submergir a pe\u00e7a e deixe atuar cerca de 1 hora. Volte a lavar, passando-a apenas por \u00e1gua.<\/p>\n<p><strong>Na m\u00e1quina:<\/strong> Encha 2\/3 do tambor e junte 2 saquetas ao detergente. Utilize um programa de longa dura\u00e7\u00e3o e de temperatura m\u00e1xima que possa ser utilizada nas suas pe\u00e7as de roupa.<\/p>\n<p><\/p>\n<p><strong>Para manter um branco resplandecentes:<\/strong> Adicione 1 saqueta ao seu detergente habitual e inicie a lavagem. Seque a roupa \u00e0 sombra.<\/p>\n<p><\/p>\n","protected":false},"excerpt":{"rendered":"<p>A solu\u00e7\u00e3o mais eficaz para recuperar o branco das suas pe\u00e7as de roupa, desde a primeira lavagem. A partir de 30\u00baC, a sua f\u00f3rmula baseada no oxig\u00eanio ativo penetra no cora\u00e7\u00e3o das fibras e dissolve os pontos mais incrustados.<br \/>\nTipo de produto:<br \/>\nAuxiliar de Lavagem da RoupaBenef\u00edcios:<br \/>\n&#8211; Solu\u00e7\u00e3o em p\u00f3 que elimina o a&#8230;<\/p>\n","protected":false},"featured_media":6677,"template":"","meta":{"spay_email":""},"product_cat":[15],"product_tag":[],"class_list":{"0":"post-6676","1":"product","2":"type-product","3":"status-publish","4":"has-post-thumbnail","6":"product_cat-sem-categoria","8":"first","9":"instock","10":"taxable","11":"shipping-taxable","12":"purchasable","13":"product-type-simple"},"acf":[],"jetpack-related-posts":[{"id":6674,"url":"https:\/\/mundo.seashell.pt\/?product=iberia-branco-nuclear-liquido-05l","url_meta":{"origin":6676,"position":0},"title":"Ib\u00e9ria Branco Nuclear L\u00edquido 500ml","date":"Fevereiro 23, 2022","format":false,"excerpt":"A solu\u00e7\u00e3o mais eficaz para recuperar o branco das suas pe\u00e7as de roupa, desde a primeira lavagem. A partir de 30\u00baC, a sua f\u00f3rmula baseada no oxig\u00eanio ativo penetra no cora\u00e7\u00e3o das fibras e dissolve os pontos mais incrustados. Tipo de produto: Auxiliar de Lavagem da RoupaBenef\u00edcios: - Solu\u00e7\u00e3o l\u00edquida\u2026","rel":"","context":"Similar post","img":{"alt_text":"","src":"https:\/\/i0.wp.com\/mundo.seashell.pt\/wp-content\/uploads\/2022\/02\/IBERIA_BRANCO_NUCLEAR_LIQUIDO_500ml_8411660210227.png?resize=350%2C200&ssl=1","width":350,"height":200},"classes":[]},{"id":6680,"url":"https:\/\/mundo.seashell.pt\/?product=iberai-tinte-40o","url_meta":{"origin":6676,"position":1},"title":"Iberai Tinte 40\u00ba","date":"Fevereiro 23, 2022","format":false,"excerpt":"A solu\u00e7\u00e3o para tingir e personalizar todos os seus tecidos e roupas em algod\u00e3o, linho, seda e viscose \u00e0 m\u00e3o ou na m\u00e1quina de lavar a 40\u00b0C. Tipo de produto: Auxiliar de Lavagem da RoupaBenef\u00edcios: - Solu\u00e7\u00e3o pr\u00e1tica e f\u00e1cil para tingir roupa. Conselhos de utiliza\u00e7\u00e3o: Tingir \u00e0 m\u00e1quina:","rel":"","context":"Similar post","img":{"alt_text":"","src":"https:\/\/i0.wp.com\/mundo.seashell.pt\/wp-content\/uploads\/2022\/02\/IBE_RIA_TINTO_PRETO_A_40_C_2x10g___50g_8411660211217.png?resize=350%2C200&ssl=1","width":350,"height":200},"classes":[]},{"id":6649,"url":"https:\/\/mundo.seashell.pt\/?product=sanytol-tira-nodoas-em-po-450gr","url_meta":{"origin":6676,"position":2},"title":"Sanytol Tira N\u00f3doas em P\u00f3 450gr","date":"Fevereiro 23, 2022","format":false,"excerpt":"Tira-N\u00f3doas Desinfetante em p\u00f3 que destr\u00f3i 99,9% dos micr\u00f3bios e que elimina eficazmente as manchas mais persistentes mesmo a baixas temperaturas. A sua f\u00f3rmula \u00fanica \u00e0 base de enzimas e oxig\u00e9nio ativo penetra no cora\u00e7\u00e3o das fibras t\u00eaxteis para remover as n\u00f3doas, eliminar o tom amarelado e reavivar o branco\u2026","rel":"","context":"Similar post","img":{"alt_text":"","src":"https:\/\/i0.wp.com\/mundo.seashell.pt\/wp-content\/uploads\/2022\/02\/SANYTOL_TIRA_NO_DOAS_BRANQUEADOR_450g_3045206382601.png?resize=350%2C200&ssl=1","width":350,"height":200},"classes":[]},{"id":6557,"url":"https:\/\/mundo.seashell.pt\/?product=omo-regula-540gr","url_meta":{"origin":6676,"position":3},"title":"OMO Regula 540Gr","date":"Fevereiro 23, 2022","format":false,"excerpt":"Omo M\u00e3o com branqueador activo lava mais branco, mesmo sem precisar de esfregar. Gra\u00e7as \u00e0 sua f\u00f3rmula com agentes activos, Omo penetra em profundidade nos tecidos e dissolve as n\u00f3doas dif\u00edceis, mesmo a baixas temperaturas. A espuma de Omo sai facilmente ao enxaguar, com resultados brilhantes e cores luminosas, deixando\u2026","rel":"","context":"Similar post","img":{"alt_text":"","src":"https:\/\/i0.wp.com\/mundo.seashell.pt\/wp-content\/uploads\/2022\/02\/OMO_REG_-_540gr_8712561425858.png?resize=350%2C200&ssl=1","width":350,"height":200},"classes":[]},{"id":6547,"url":"https:\/\/mundo.seashell.pt\/?product=skip-active-clean-25-doses","url_meta":{"origin":6676,"position":4},"title":"Skip Active Clean 25 Doses","date":"Fevereiro 23, 2022","format":false,"excerpt":"A a\u00e7\u00e3o extra power de Skip Active Clean garante a efic\u00e1cia mesmo em \u00e1gua fria e em ciclos curtos, deixando as roupas da sua fam\u00edlia limpas e frescas, uma e outra vez. A f\u00f3rmula \u00fanica de Skip Active Clean dissolve-se facilmente na lavagem, garantindo toda a efic\u00e1cia, mesmo na remo\u00e7\u00e3o\u2026","rel":"","context":"Similar post","img":{"alt_text":"","src":"https:\/\/i0.wp.com\/mundo.seashell.pt\/wp-content\/uploads\/2022\/02\/7286666-direito.jpeg?resize=350%2C200&ssl=1","width":350,"height":200},"classes":[]},{"id":6519,"url":"https:\/\/mundo.seashell.pt\/?product=skip-det-liquido-para-maquina-de-lavar-roupa","url_meta":{"origin":6676,"position":5},"title":"Skip Det. L\u00edquido para M\u00e1quina de Lavar Roupa","date":"Fevereiro 23, 2022","format":false,"excerpt":"A a\u00e7\u00e3o extra power de Skip L\u00edquido garante a efic\u00e1cia mesmo em \u00e1gua fria e em ciclos curtos, deixando as roupas da sua fam\u00edlia limpas e frescas, uma e outra vez. A f\u00f3rmula \u00fanica de Skip dissolve-se facilmente na lavagem, garantindo toda a efic\u00e1cia, mesmo na remo\u00e7\u00e3o das n\u00f3doas mais\u2026","rel":"","context":"Similar post","img":{"alt_text":"","src":"https:\/\/i0.wp.com\/mundo.seashell.pt\/wp-content\/uploads\/2022\/02\/SKIP_LI_QUIDO_ACTIVE_CLEAN_-_1_25L_-_25D_8710847999413.png?resize=350%2C200&ssl=1","width":350,"height":200},"classes":[]}],"_links":{"self":[{"href":"https:\/\/mundo.seashell.pt\/index.php?rest_route=\/wp\/v2\/product\/6676","targetHints":{"allow":["GET"]}}],"collection":[{"href":"https:\/\/mundo.seashell.pt\/index.php?rest_route=\/wp\/v2\/product"}],"about":[{"href":"https:\/\/mundo.seashell.pt\/index.php?rest_route=\/wp\/v2\/types\/product"}],"wp:featuredmedia":[{"embeddable":true,"href":"https:\/\/mundo.seashell.pt\/index.php?rest_route=\/wp\/v2\/media\/6677"}],"wp:attachment":[{"href":"https:\/\/mundo.seashell.pt\/index.php?rest_route=%2Fwp%2Fv2%2Fmedia&parent=6676"}],"wp:term":[{"taxonomy":"product_cat","embeddable":true,"href":"https:\/\/mundo.seashell.pt\/index.php?rest_route=%2Fwp%2Fv2%2Fproduct_cat&post=6676"},{"taxonomy":"product_tag","embeddable":true,"href":"https:\/\/mundo.seashell.pt\/index.php?rest_route=%2Fwp%2Fv2%2Fproduct_tag&post=6676"}],"curies":[{"name":"wp","href":"https:\/\/api.w.org\/{rel}","templated":true}]}}