{"id":6674,"date":"2022-02-23T18:50:53","date_gmt":"2022-02-23T18:50:53","guid":{"rendered":"https:\/\/mundo.seashell.pt\/?post_type=product&#038;p=6674"},"modified":"2022-02-23T18:50:55","modified_gmt":"2022-02-23T18:50:55","slug":"iberia-branco-nuclear-liquido-05l","status":"publish","type":"product","link":"https:\/\/mundo.seashell.pt\/?product=iberia-branco-nuclear-liquido-05l","title":{"rendered":"Ib\u00e9ria Branco Nuclear L\u00edquido 500ml"},"content":{"rendered":"<p>A solu\u00e7\u00e3o mais eficaz para recuperar o branco das suas pe\u00e7as de roupa, desde a primeira lavagem. A partir de 30\u00baC, a sua f\u00f3rmula baseada no oxig\u00eanio ativo penetra no cora\u00e7\u00e3o das fibras e dissolve os pontos mais incrustados.<\/p>\n<h3>Tipo de produto:<\/h3>\n<p>Auxiliar de Lavagem da Roupa<\/p>\n<h3>Benef\u00edcios:<\/h3>\n<p>&#8211; Solu\u00e7\u00e3o l\u00edquida que elimina o acinzentado da sua roupa e ressurge todos os t\u00eaxteis brancos;<br \/>&#8211; Dissolve os pontos mais incrustados.<\/p>\n<h3>Conselhos de utiliza\u00e7\u00e3o:<\/h3>\n<p><strong><br \/><\/strong><strong>Para recuperar o branco de pe\u00e7as de roupa amareladas ou acinzentadas:<\/strong> Verta 3 tampas em 4 litros de \u00e1gua quente. Fa\u00e7a submergir a pe\u00e7a e deixe atuar cerca de 1 hora. Lave de seguida a pe\u00e7a de roupa.<\/p>\n<p><\/p>\n<p><strong>Para manter um branco resplandecente:<\/strong> Junte 2 tampas, cerca de 80 ml ao detergente. Para roupa muito suja, junte 3 tampas e utilize um programa longo a 40\u00baC ou mais, se a pe\u00e7a de roupa o permitir.<\/p>\n<p><\/p>\n<p><strong>Para eliminar manchas:<\/strong> Aplique sobre a mancha, esfregue suavemente e deixe atuar cerca de 5 minutos. Lave de seguida a pe\u00e7a de roupa na m\u00e1quina, juntando 2 tampas de produto ao detergente.<\/p>\n<\/p>\n<p><\/p>\n","protected":false},"excerpt":{"rendered":"<p>A solu\u00e7\u00e3o mais eficaz para recuperar o branco das suas pe\u00e7as de roupa, desde a primeira lavagem. A partir de 30\u00baC, a sua f\u00f3rmula baseada no oxig\u00eanio ativo penetra no cora\u00e7\u00e3o das fibras e dissolve os pontos mais incrustados.<br \/>\nTipo de produto:<br \/>\nAuxiliar de Lavagem da RoupaBenef\u00edcios:<br \/>\n&#8211; Solu\u00e7\u00e3o l\u00edquida que elimina o&#8230;<\/p>\n","protected":false},"featured_media":6675,"template":"","meta":{"spay_email":""},"product_cat":[15],"product_tag":[],"class_list":{"0":"post-6674","1":"product","2":"type-product","3":"status-publish","4":"has-post-thumbnail","6":"product_cat-sem-categoria","8":"first","9":"instock","10":"taxable","11":"shipping-taxable","12":"purchasable","13":"product-type-simple"},"acf":[],"jetpack-related-posts":[{"id":6676,"url":"https:\/\/mundo.seashell.pt\/?product=iberia-branco-nuclear-saquetas-120gr","url_meta":{"origin":6674,"position":0},"title":"Iberia Branco Nuclear Saquetas 120gr","date":"Fevereiro 23, 2022","format":false,"excerpt":"A solu\u00e7\u00e3o mais eficaz para recuperar o branco das suas pe\u00e7as de roupa, desde a primeira lavagem. A partir de 30\u00baC, a sua f\u00f3rmula baseada no oxig\u00eanio ativo penetra no cora\u00e7\u00e3o das fibras e dissolve os pontos mais incrustados. Tipo de produto: Auxiliar de Lavagem da RoupaBenef\u00edcios: - Solu\u00e7\u00e3o em\u2026","rel":"","context":"Similar post","img":{"alt_text":"","src":"https:\/\/i0.wp.com\/mundo.seashell.pt\/wp-content\/uploads\/2022\/02\/6171154-direito.jpeg?resize=350%2C200&ssl=1","width":350,"height":200},"classes":[]},{"id":6649,"url":"https:\/\/mundo.seashell.pt\/?product=sanytol-tira-nodoas-em-po-450gr","url_meta":{"origin":6674,"position":1},"title":"Sanytol Tira N\u00f3doas em P\u00f3 450gr","date":"Fevereiro 23, 2022","format":false,"excerpt":"Tira-N\u00f3doas Desinfetante em p\u00f3 que destr\u00f3i 99,9% dos micr\u00f3bios e que elimina eficazmente as manchas mais persistentes mesmo a baixas temperaturas. A sua f\u00f3rmula \u00fanica \u00e0 base de enzimas e oxig\u00e9nio ativo penetra no cora\u00e7\u00e3o das fibras t\u00eaxteis para remover as n\u00f3doas, eliminar o tom amarelado e reavivar o branco\u2026","rel":"","context":"Similar post","img":{"alt_text":"","src":"https:\/\/i0.wp.com\/mundo.seashell.pt\/wp-content\/uploads\/2022\/02\/SANYTOL_TIRA_NO_DOAS_BRANQUEADOR_450g_3045206382601.png?resize=350%2C200&ssl=1","width":350,"height":200},"classes":[]},{"id":6680,"url":"https:\/\/mundo.seashell.pt\/?product=iberai-tinte-40o","url_meta":{"origin":6674,"position":2},"title":"Iberai Tinte 40\u00ba","date":"Fevereiro 23, 2022","format":false,"excerpt":"A solu\u00e7\u00e3o para tingir e personalizar todos os seus tecidos e roupas em algod\u00e3o, linho, seda e viscose \u00e0 m\u00e3o ou na m\u00e1quina de lavar a 40\u00b0C. Tipo de produto: Auxiliar de Lavagem da RoupaBenef\u00edcios: - Solu\u00e7\u00e3o pr\u00e1tica e f\u00e1cil para tingir roupa. Conselhos de utiliza\u00e7\u00e3o: Tingir \u00e0 m\u00e1quina:","rel":"","context":"Similar post","img":{"alt_text":"","src":"https:\/\/i0.wp.com\/mundo.seashell.pt\/wp-content\/uploads\/2022\/02\/IBE_RIA_TINTO_PRETO_A_40_C_2x10g___50g_8411660211217.png?resize=350%2C200&ssl=1","width":350,"height":200},"classes":[]},{"id":6539,"url":"https:\/\/mundo.seashell.pt\/?product=woolite-det-liquido-para-maquina-de-lavaer-ruopa","url_meta":{"origin":6674,"position":3},"title":"Woolite Detergente L\u00edquido 56 Doses","date":"Fevereiro 23, 2022","format":false,"excerpt":"Woolite prote\u00e7\u00e3o l\u00e3s e sedas \u00e9 um detergente l\u00edquido para a m\u00e1quina de lavar roupa. \u00c9 o \u00fanico detergente do mercado com queratina que mant\u00e9m a sua roupa delicada como nova durante mais tempo e limpa e protege sem danificar os tecidos. Woolite sport \u00e9 um detergente l\u00edquido especialmente desenvolvido\u2026","rel":"","context":"Similar post","img":{"alt_text":"","src":"https:\/\/i0.wp.com\/mundo.seashell.pt\/wp-content\/uploads\/2022\/02\/Woolite_P._Brancos_56Dx6_5601217134264.png?resize=350%2C200&ssl=1","width":350,"height":200},"classes":[]},{"id":7174,"url":"https:\/\/mundo.seashell.pt\/?product=woolite-roupa-desportiva-30-doses","url_meta":{"origin":6674,"position":4},"title":"Woolite Roupa Desportiva  30 Doses","date":"Fevereiro 23, 2022","format":false,"excerpt":"Mant\u00e9m as suas roupas como novas, lavagem ap\u00f3s lavagem!Descri\u00e7\u00e3o: Woolite sport \u00e9 um detergente l\u00edquido especialmente desenvolvido para a limpeza e prote\u00e7\u00e3o de roupa desportiva. Elimina os odores mais dif\u00edceis e mant\u00e9m a elasticidade das roupas, evitando o encolher das mesmas e o desbotar das cores. Tipo de produto...","rel":"","context":"Similar post","img":{"alt_text":"","src":"https:\/\/i0.wp.com\/mundo.seashell.pt\/wp-content\/uploads\/2022\/02\/7051720-frente.jpeg?resize=350%2C200&ssl=1","width":350,"height":200},"classes":[]},{"id":6682,"url":"https:\/\/mundo.seashell.pt\/?product=iberia-recupera-tingidos-4x50gr","url_meta":{"origin":6674,"position":5},"title":"Iberia Recupera tingidos 4x50gr","date":"Fevereiro 23, 2022","format":false,"excerpt":"Elimina tingimentos acidentaisRecupere a sua roupa branca desbotada na lavagemLavar \u00e0 m\u00e3o ou \u00e0 m\u00e1quinaUse em uma \u00fanica pe\u00e7a de roupa ou em roupas inteirasDecolor para tingir: tamb\u00e9m diminui a cor das roupas escuras antes de tingir","rel":"","context":"Similar post","img":{"alt_text":"","src":"https:\/\/i0.wp.com\/mundo.seashell.pt\/wp-content\/uploads\/2022\/02\/81Le_ADFgoL._AC_SL1500_.jpg?resize=350%2C200&ssl=1","width":350,"height":200},"classes":[]}],"_links":{"self":[{"href":"https:\/\/mundo.seashell.pt\/index.php?rest_route=\/wp\/v2\/product\/6674","targetHints":{"allow":["GET"]}}],"collection":[{"href":"https:\/\/mundo.seashell.pt\/index.php?rest_route=\/wp\/v2\/product"}],"about":[{"href":"https:\/\/mundo.seashell.pt\/index.php?rest_route=\/wp\/v2\/types\/product"}],"wp:featuredmedia":[{"embeddable":true,"href":"https:\/\/mundo.seashell.pt\/index.php?rest_route=\/wp\/v2\/media\/6675"}],"wp:attachment":[{"href":"https:\/\/mundo.seashell.pt\/index.php?rest_route=%2Fwp%2Fv2%2Fmedia&parent=6674"}],"wp:term":[{"taxonomy":"product_cat","embeddable":true,"href":"https:\/\/mundo.seashell.pt\/index.php?rest_route=%2Fwp%2Fv2%2Fproduct_cat&post=6674"},{"taxonomy":"product_tag","embeddable":true,"href":"https:\/\/mundo.seashell.pt\/index.php?rest_route=%2Fwp%2Fv2%2Fproduct_tag&post=6674"}],"curies":[{"name":"wp","href":"https:\/\/api.w.org\/{rel}","templated":true}]}}