{"id":6668,"date":"2022-02-23T18:50:43","date_gmt":"2022-02-23T18:50:43","guid":{"rendered":"https:\/\/mundo.seashell.pt\/?post_type=product&#038;p=6668"},"modified":"2022-02-23T18:50:45","modified_gmt":"2022-02-23T18:50:45","slug":"woolite-cores-10-toalhitas","status":"publish","type":"product","link":"https:\/\/mundo.seashell.pt\/?product=woolite-cores-10-toalhitas","title":{"rendered":"Woolite Cores 10 Toalhitas"},"content":{"rendered":"<p>As toalhitas Woolite prote\u00e7\u00e3o cores absorvem a tinta libertada na \u00e1gua, evitando que esta se transfira para a roupa.<\/p>\n<h3>Tipo de produto:<\/h3>\n<p>Toalhitas<\/p><\/p>\n","protected":false},"excerpt":{"rendered":"<p>As toalhitas Woolite prote\u00e7\u00e3o cores absorvem a tinta libertada na \u00e1gua, evitando que esta se transfira para a roupa.<br \/>\nTipo de produto:<br \/>\nToalhitas<\/p>\n","protected":false},"featured_media":6669,"template":"","meta":{"spay_email":""},"product_cat":[15],"product_tag":[],"class_list":{"0":"post-6668","1":"product","2":"type-product","3":"status-publish","4":"has-post-thumbnail","6":"product_cat-sem-categoria","8":"first","9":"instock","10":"taxable","11":"shipping-taxable","12":"purchasable","13":"product-type-simple"},"acf":[],"jetpack-related-posts":[{"id":6664,"url":"https:\/\/mundo.seashell.pt\/?product=vanish-gold-12-toalhitas","url_meta":{"origin":6668,"position":0},"title":"Vanish Gold 12 Toalhitas","date":"Fevereiro 23, 2022","format":false,"excerpt":"Vanish gold toalhitas anti-transfer\u00eancia de cor evita a transfer\u00eancia de cores gra\u00e7as \u00e0s suas microfibras ultra-absorventes. A toalhita absorve rapidamente as cores que se libertam, impedindo que se transfiram para as outras pe\u00e7as de roupa. Tipo de produto: ToalhitasBenef\u00edcios: - Toalhita mais espessa;- Mai...","rel":"","context":"Similar post","img":{"alt_text":"","src":"https:\/\/i0.wp.com\/mundo.seashell.pt\/wp-content\/uploads\/2022\/02\/VANISH_GOLD_TOALHITAS_X12_5601217130259.png?resize=350%2C200&ssl=1","width":350,"height":200},"classes":[]},{"id":6662,"url":"https:\/\/mundo.seashell.pt\/?product=iberia-protect-15-toalhitas","url_meta":{"origin":6668,"position":1},"title":"Ib\u00e9ria Protect 15 Toalhitas","date":"Fevereiro 23, 2022","format":false,"excerpt":"Durante a lavagem, as cores de alguns t\u00eaxteis podem dispersar-se na \u00e1gua e transferirem para as restantes pe\u00e7as de roupa de cor clara. As toalhitas Iberia Protect s\u00e3o a melhor solu\u00e7\u00e3o para misturar cores com confian\u00e7a, sem o risco de tingir ou transferir cor para as restantes pe\u00e7as de roupa.\u2026","rel":"","context":"Similar post","img":{"alt_text":"","src":"https:\/\/i0.wp.com\/mundo.seashell.pt\/wp-content\/uploads\/2022\/02\/05228011600195____1__600x600.jpeg?resize=350%2C200&ssl=1","width":350,"height":200},"classes":[]},{"id":6666,"url":"https:\/\/mundo.seashell.pt\/?product=vanish-cores-10-toalhitas","url_meta":{"origin":6668,"position":2},"title":"Vanish Cores 10 Toalhitas","date":"Fevereiro 23, 2022","format":false,"excerpt":"Quando lava a sua roupa, tem sempre a op\u00e7\u00e3o de separar a roupa por cores e fazer uma m\u00e1quina meio-cheia\u2026 ou, ent\u00e3o, correr o risco de ter um acidente de descolora\u00e7\u00e3o ao colocar a roupa toda junta! N\u00e3o corra mais riscos e use as Toalhitas Anti-transfer\u00eancia de cor! Cada toalhita\u2026","rel":"","context":"Similar post","img":{"alt_text":"","src":"https:\/\/i0.wp.com\/mundo.seashell.pt\/wp-content\/uploads\/2022\/02\/Vanish_Toalhitas_Cores_10unx13_8410104024222.png?resize=350%2C200&ssl=1","width":350,"height":200},"classes":[]},{"id":6670,"url":"https:\/\/mundo.seashell.pt\/?product=colour-catcher-10-toalhitas","url_meta":{"origin":6668,"position":3},"title":"Colour Catcher 10 Toalhitas","date":"Fevereiro 23, 2022","format":false,"excerpt":"As toalhitas K2r colour catcher previnem acidentes de cor permitindo que todas as cores e, at\u00e9 os brancos, sejam lavados em conjunto. Tipo de produto: ToalhitasBenef\u00edcios: - Previne acidentes de cor;- Permite misturar cores na lavangem;- Protege o brilho das cores;- Previne que as cores fiquem acinz...","rel":"","context":"Similar post","img":{"alt_text":"","src":"https:\/\/i0.wp.com\/mundo.seashell.pt\/wp-content\/uploads\/2022\/02\/6527664-hero.jpeg?resize=350%2C200&ssl=1","width":350,"height":200},"classes":[]},{"id":7174,"url":"https:\/\/mundo.seashell.pt\/?product=woolite-roupa-desportiva-30-doses","url_meta":{"origin":6668,"position":4},"title":"Woolite Roupa Desportiva  30 Doses","date":"Fevereiro 23, 2022","format":false,"excerpt":"Mant\u00e9m as suas roupas como novas, lavagem ap\u00f3s lavagem!Descri\u00e7\u00e3o: Woolite sport \u00e9 um detergente l\u00edquido especialmente desenvolvido para a limpeza e prote\u00e7\u00e3o de roupa desportiva. Elimina os odores mais dif\u00edceis e mant\u00e9m a elasticidade das roupas, evitando o encolher das mesmas e o desbotar das cores. Tipo de produto...","rel":"","context":"Similar post","img":{"alt_text":"","src":"https:\/\/i0.wp.com\/mundo.seashell.pt\/wp-content\/uploads\/2022\/02\/7051720-frente.jpeg?resize=350%2C200&ssl=1","width":350,"height":200},"classes":[]},{"id":6539,"url":"https:\/\/mundo.seashell.pt\/?product=woolite-det-liquido-para-maquina-de-lavaer-ruopa","url_meta":{"origin":6668,"position":5},"title":"Woolite Detergente L\u00edquido 56 Doses","date":"Fevereiro 23, 2022","format":false,"excerpt":"Woolite prote\u00e7\u00e3o l\u00e3s e sedas \u00e9 um detergente l\u00edquido para a m\u00e1quina de lavar roupa. \u00c9 o \u00fanico detergente do mercado com queratina que mant\u00e9m a sua roupa delicada como nova durante mais tempo e limpa e protege sem danificar os tecidos. Woolite sport \u00e9 um detergente l\u00edquido especialmente desenvolvido\u2026","rel":"","context":"Similar post","img":{"alt_text":"","src":"https:\/\/i0.wp.com\/mundo.seashell.pt\/wp-content\/uploads\/2022\/02\/Woolite_P._Brancos_56Dx6_5601217134264.png?resize=350%2C200&ssl=1","width":350,"height":200},"classes":[]}],"_links":{"self":[{"href":"https:\/\/mundo.seashell.pt\/index.php?rest_route=\/wp\/v2\/product\/6668","targetHints":{"allow":["GET"]}}],"collection":[{"href":"https:\/\/mundo.seashell.pt\/index.php?rest_route=\/wp\/v2\/product"}],"about":[{"href":"https:\/\/mundo.seashell.pt\/index.php?rest_route=\/wp\/v2\/types\/product"}],"wp:featuredmedia":[{"embeddable":true,"href":"https:\/\/mundo.seashell.pt\/index.php?rest_route=\/wp\/v2\/media\/6669"}],"wp:attachment":[{"href":"https:\/\/mundo.seashell.pt\/index.php?rest_route=%2Fwp%2Fv2%2Fmedia&parent=6668"}],"wp:term":[{"taxonomy":"product_cat","embeddable":true,"href":"https:\/\/mundo.seashell.pt\/index.php?rest_route=%2Fwp%2Fv2%2Fproduct_cat&post=6668"},{"taxonomy":"product_tag","embeddable":true,"href":"https:\/\/mundo.seashell.pt\/index.php?rest_route=%2Fwp%2Fv2%2Fproduct_tag&post=6668"}],"curies":[{"name":"wp","href":"https:\/\/api.w.org\/{rel}","templated":true}]}}