{"id":6662,"date":"2022-02-23T18:50:34","date_gmt":"2022-02-23T18:50:34","guid":{"rendered":"https:\/\/mundo.seashell.pt\/?post_type=product&#038;p=6662"},"modified":"2022-02-23T18:50:35","modified_gmt":"2022-02-23T18:50:35","slug":"iberia-protect-15-toalhitas","status":"publish","type":"product","link":"https:\/\/mundo.seashell.pt\/?product=iberia-protect-15-toalhitas","title":{"rendered":"Ib\u00e9ria Protect 15 Toalhitas"},"content":{"rendered":"<p>Durante a lavagem, as cores de alguns t\u00eaxteis podem dispersar-se na \u00e1gua e transferirem para as restantes pe\u00e7as de roupa de cor clara. As toalhitas Iberia Protect s\u00e3o a melhor solu\u00e7\u00e3o para misturar cores com confian\u00e7a, sem o risco de tingir ou transferir cor para as restantes pe\u00e7as de roupa. Gra\u00e7as \u00e0 sua f\u00f3rmula que atrai as cores libertadas como um \u00edman, garante toda a prote\u00e7\u00e3o das suas roupas.<\/p>\n<h3>Tipo de produto:<\/h3>\n<p>Toalhitas<\/p>\n<h3>Benef\u00edcios:<\/h3>\n<p>&#8211; Misturar cores com confian\u00e7a, sem o risco de tingir ou transferir cor para as restantes pe\u00e7as de roupa.<\/p>\n<h3>Conselhos de utiliza\u00e7\u00e3o:<\/h3>\n<p>Encha a m\u00e1quina de forma habitual e coloque a toalhita no tambor, junto da roupa. Funciona com todo o tipo de tecidos e a qualquer temperatura. Siga as instru\u00e7\u00f5es das etiquetas das pe\u00e7as de roupa.<\/p>\n<h3>Dicas:<\/h3>\n<p>N\u00e3o use a mesma toalhita mais do que uma vez. A toalhita perde as suas propriedades e pode libertar o corante capturado.<\/p>\n","protected":false},"excerpt":{"rendered":"<p>Durante a lavagem, as cores de alguns t\u00eaxteis podem dispersar-se na \u00e1gua e transferirem para as restantes pe\u00e7as de roupa de cor clara. As toalhitas Iberia Protect s\u00e3o a melhor solu\u00e7\u00e3o para misturar cores com confian\u00e7a, sem o risco de tingir ou transferir cor para as restantes pe\u00e7as de roupa. Gra\u00e7as \u00e0 sua f\u00f3rmula que atrai as cores libertadas &#8230;<\/p>\n","protected":false},"featured_media":6663,"template":"","meta":{"spay_email":""},"product_cat":[15],"product_tag":[],"class_list":{"0":"post-6662","1":"product","2":"type-product","3":"status-publish","4":"has-post-thumbnail","6":"product_cat-sem-categoria","8":"first","9":"instock","10":"taxable","11":"shipping-taxable","12":"purchasable","13":"product-type-simple"},"acf":[],"jetpack-related-posts":[{"id":6664,"url":"https:\/\/mundo.seashell.pt\/?product=vanish-gold-12-toalhitas","url_meta":{"origin":6662,"position":0},"title":"Vanish Gold 12 Toalhitas","date":"Fevereiro 23, 2022","format":false,"excerpt":"Vanish gold toalhitas anti-transfer\u00eancia de cor evita a transfer\u00eancia de cores gra\u00e7as \u00e0s suas microfibras ultra-absorventes. A toalhita absorve rapidamente as cores que se libertam, impedindo que se transfiram para as outras pe\u00e7as de roupa. Tipo de produto: ToalhitasBenef\u00edcios: - Toalhita mais espessa;- Mai...","rel":"","context":"Similar post","img":{"alt_text":"","src":"https:\/\/i0.wp.com\/mundo.seashell.pt\/wp-content\/uploads\/2022\/02\/VANISH_GOLD_TOALHITAS_X12_5601217130259.png?resize=350%2C200&ssl=1","width":350,"height":200},"classes":[]},{"id":6666,"url":"https:\/\/mundo.seashell.pt\/?product=vanish-cores-10-toalhitas","url_meta":{"origin":6662,"position":1},"title":"Vanish Cores 10 Toalhitas","date":"Fevereiro 23, 2022","format":false,"excerpt":"Quando lava a sua roupa, tem sempre a op\u00e7\u00e3o de separar a roupa por cores e fazer uma m\u00e1quina meio-cheia\u2026 ou, ent\u00e3o, correr o risco de ter um acidente de descolora\u00e7\u00e3o ao colocar a roupa toda junta! N\u00e3o corra mais riscos e use as Toalhitas Anti-transfer\u00eancia de cor! Cada toalhita\u2026","rel":"","context":"Similar post","img":{"alt_text":"","src":"https:\/\/i0.wp.com\/mundo.seashell.pt\/wp-content\/uploads\/2022\/02\/Vanish_Toalhitas_Cores_10unx13_8410104024222.png?resize=350%2C200&ssl=1","width":350,"height":200},"classes":[]},{"id":6668,"url":"https:\/\/mundo.seashell.pt\/?product=woolite-cores-10-toalhitas","url_meta":{"origin":6662,"position":2},"title":"Woolite Cores 10 Toalhitas","date":"Fevereiro 23, 2022","format":false,"excerpt":"As toalhitas Woolite prote\u00e7\u00e3o cores absorvem a tinta libertada na \u00e1gua, evitando que esta se transfira para a roupa. Tipo de produto: Toalhitas","rel":"","context":"Similar post","img":{"alt_text":"","src":"https:\/\/i0.wp.com\/mundo.seashell.pt\/wp-content\/uploads\/2022\/02\/2569797-esquerdo.jpeg?resize=350%2C200&ssl=1","width":350,"height":200},"classes":[]},{"id":6670,"url":"https:\/\/mundo.seashell.pt\/?product=colour-catcher-10-toalhitas","url_meta":{"origin":6662,"position":3},"title":"Colour Catcher 10 Toalhitas","date":"Fevereiro 23, 2022","format":false,"excerpt":"As toalhitas K2r colour catcher previnem acidentes de cor permitindo que todas as cores e, at\u00e9 os brancos, sejam lavados em conjunto. Tipo de produto: ToalhitasBenef\u00edcios: - Previne acidentes de cor;- Permite misturar cores na lavangem;- Protege o brilho das cores;- Previne que as cores fiquem acinz...","rel":"","context":"Similar post","img":{"alt_text":"","src":"https:\/\/i0.wp.com\/mundo.seashell.pt\/wp-content\/uploads\/2022\/02\/6527664-hero.jpeg?resize=350%2C200&ssl=1","width":350,"height":200},"classes":[]},{"id":6682,"url":"https:\/\/mundo.seashell.pt\/?product=iberia-recupera-tingidos-4x50gr","url_meta":{"origin":6662,"position":4},"title":"Iberia Recupera tingidos 4x50gr","date":"Fevereiro 23, 2022","format":false,"excerpt":"Elimina tingimentos acidentaisRecupere a sua roupa branca desbotada na lavagemLavar \u00e0 m\u00e3o ou \u00e0 m\u00e1quinaUse em uma \u00fanica pe\u00e7a de roupa ou em roupas inteirasDecolor para tingir: tamb\u00e9m diminui a cor das roupas escuras antes de tingir","rel":"","context":"Similar post","img":{"alt_text":"","src":"https:\/\/i0.wp.com\/mundo.seashell.pt\/wp-content\/uploads\/2022\/02\/81Le_ADFgoL._AC_SL1500_.jpg?resize=350%2C200&ssl=1","width":350,"height":200},"classes":[]},{"id":6680,"url":"https:\/\/mundo.seashell.pt\/?product=iberai-tinte-40o","url_meta":{"origin":6662,"position":5},"title":"Iberai Tinte 40\u00ba","date":"Fevereiro 23, 2022","format":false,"excerpt":"A solu\u00e7\u00e3o para tingir e personalizar todos os seus tecidos e roupas em algod\u00e3o, linho, seda e viscose \u00e0 m\u00e3o ou na m\u00e1quina de lavar a 40\u00b0C. Tipo de produto: Auxiliar de Lavagem da RoupaBenef\u00edcios: - Solu\u00e7\u00e3o pr\u00e1tica e f\u00e1cil para tingir roupa. Conselhos de utiliza\u00e7\u00e3o: Tingir \u00e0 m\u00e1quina:","rel":"","context":"Similar post","img":{"alt_text":"","src":"https:\/\/i0.wp.com\/mundo.seashell.pt\/wp-content\/uploads\/2022\/02\/IBE_RIA_TINTO_PRETO_A_40_C_2x10g___50g_8411660211217.png?resize=350%2C200&ssl=1","width":350,"height":200},"classes":[]}],"_links":{"self":[{"href":"https:\/\/mundo.seashell.pt\/index.php?rest_route=\/wp\/v2\/product\/6662","targetHints":{"allow":["GET"]}}],"collection":[{"href":"https:\/\/mundo.seashell.pt\/index.php?rest_route=\/wp\/v2\/product"}],"about":[{"href":"https:\/\/mundo.seashell.pt\/index.php?rest_route=\/wp\/v2\/types\/product"}],"wp:featuredmedia":[{"embeddable":true,"href":"https:\/\/mundo.seashell.pt\/index.php?rest_route=\/wp\/v2\/media\/6663"}],"wp:attachment":[{"href":"https:\/\/mundo.seashell.pt\/index.php?rest_route=%2Fwp%2Fv2%2Fmedia&parent=6662"}],"wp:term":[{"taxonomy":"product_cat","embeddable":true,"href":"https:\/\/mundo.seashell.pt\/index.php?rest_route=%2Fwp%2Fv2%2Fproduct_cat&post=6662"},{"taxonomy":"product_tag","embeddable":true,"href":"https:\/\/mundo.seashell.pt\/index.php?rest_route=%2Fwp%2Fv2%2Fproduct_tag&post=6662"}],"curies":[{"name":"wp","href":"https:\/\/api.w.org\/{rel}","templated":true}]}}