{"id":6657,"date":"2022-02-23T18:50:22","date_gmt":"2022-02-23T18:50:22","guid":{"rendered":"https:\/\/mundo.seashell.pt\/?post_type=product&#038;p=6657"},"modified":"2022-02-23T18:50:27","modified_gmt":"2022-02-23T18:50:27","slug":"vanish-oxi-action-em-po-420gr","status":"publish","type":"product","link":"https:\/\/mundo.seashell.pt\/?product=vanish-oxi-action-em-po-420gr","title":{"rendered":"Vanish Oxi Action em P\u00f3 420Gr"},"content":{"rendered":"<p>Depois de lavar a roupa, continua com maus odores e n\u00f3doas? Vanish oxi action p\u00f3 elimina odores \u00e9 um tira-n\u00f3doas poderoso sem lix\u00edvia que, para al\u00e9m de remover todo o tipo de n\u00f3doas, cont\u00e9m uma tecnologia de neutraliza\u00e7\u00e3o de odores. Pode ser utilizado em pr\u00e9-tratamento, de molho ou diretamente na m\u00e1quina, sendo seguro para tecidos de cor e brancos. Efic\u00e1cia garantida mesmo em ciclos curtos e em \u00e1gua fria. Vanish \u00e9 o tira-n\u00f3doas n\u00ba #1 em Portugal.<\/p>\n<h3>Tipo de produto:<\/h3>\n<h3>Tira N\u00f3doas<\/h3>\n<h3>Benef\u00edcios:<\/h3>\n<p>&#8211; Elimina maus odores e remove n\u00f3doas;<br \/>&#8211; Tecnologia de neutraliza\u00e7\u00e3o de odores;<br \/>&#8211; Remove n\u00f3doas \u00e0 primeira lavagem;<br \/>&#8211; Tira-n\u00f3doas sem lix\u00edvia;<br \/>&#8211; Efic\u00e1cia em ciclos curtos e em \u00e1gua fria;<br \/>&#8211; Seguro para todos os tecidos;<br \/>&#8211; 4x poder oxi.<\/p>\n<h3>Conselhos de utiliza\u00e7\u00e3o:<\/h3>\n<p><strong><br \/><\/strong><strong>Pr\u00e9-tratamento:<\/strong> Misture 1\/4 de uma colher com p\u00f3 com 3\/4 de uma colher com \u00e1gua, a 40\u00baC no m\u00e1ximo. Aplique sobre a n\u00f3doa durante 5 minutos, no m\u00e1ximo. Esfregue a n\u00f3doa, conforme necess\u00e1rio. Ap\u00f3s pr\u00e9-tratar, lave como habitualmente. Lave e seque o doseador antes de o colocar novamente dentro da embalagem.<\/p>\n<p><strong>De molho:<\/strong> Adicione uma colher de p\u00f3 para 4l de \u00e1gua. Para roupas de cor, deixe 1 hora, no m\u00e1ximo. Para roupas brancas, deixe de molho 6 horas, no m\u00e1ximo. Depois de colocar de molho, lave normalmente ou enxague abundantemente com \u00e1gua. Para obter melhores resultados, esfregue as n\u00f3doas antes de enxaguar.<\/p>\n<p><strong>Diretamente na m\u00e1quina:<\/strong> Junte ao seu detergente na gaveta da m\u00e1quina. Para n\u00f3doas dif\u00edceis e ressequidas, adicione 1 dose. Para n\u00f3doas normais, coloque 1\/2 dose.<\/p>\n<\/p>\n<p><\/p>\n","protected":false},"excerpt":{"rendered":"<p>Depois de lavar a roupa, continua com maus odores e n\u00f3doas? Vanish oxi action p\u00f3 elimina odores \u00e9 um tira-n\u00f3doas poderoso sem lix\u00edvia que, para al\u00e9m de remover todo o tipo de n\u00f3doas, cont\u00e9m uma tecnologia de neutraliza\u00e7\u00e3o de odores. Pode ser utilizado em pr\u00e9-tratamento, de molho ou diretamente na m\u00e1quina, sendo seguro para tecidos de cor e br&#8230;<\/p>\n","protected":false},"featured_media":6658,"template":"","meta":{"spay_email":""},"product_cat":[15],"product_tag":[],"class_list":{"0":"post-6657","1":"product","2":"type-product","3":"status-publish","4":"has-post-thumbnail","6":"product_cat-sem-categoria","8":"first","9":"instock","10":"taxable","11":"shipping-taxable","12":"purchasable","13":"product-type-simple"},"acf":[],"jetpack-related-posts":[{"id":6639,"url":"https:\/\/mundo.seashell.pt\/?product=vanix-oxi-action-08l","url_meta":{"origin":6657,"position":0},"title":"Vanix Oxi Action 800ml","date":"Fevereiro 23, 2022","format":false,"excerpt":"Problemas com a lavagem da roupa? Os detergentes nem sempre conseguem remover as n\u00f3doas, proteger as cores e eliminar maus odores. Experimente o novo Vanish oxi action gel para cores! A sua f\u00f3rmula remove n\u00f3doas, reaviva as cores e elimina maus odores. Pode ser utilizado em pr\u00e9-tratamento, de molho ou\u2026","rel":"","context":"Similar post","img":{"alt_text":"","src":"https:\/\/i0.wp.com\/mundo.seashell.pt\/wp-content\/uploads\/2022\/02\/Vanish_Oxi_Action_Gel_Pink_800ML_x6_5601217134363.png?resize=350%2C200&ssl=1","width":350,"height":200},"classes":[]},{"id":6643,"url":"https:\/\/mundo.seashell.pt\/?product=vanish-tira-nodoas-1l","url_meta":{"origin":6657,"position":1},"title":"Vanish Tira N\u00f3doas 1L","date":"Fevereiro 23, 2022","format":false,"excerpt":"Problemas com a lavagem da roupa? Os detergentes nem sempre conseguem remover as n\u00f3doas, proteger as cores e eliminar maus odores. Experimente o novo Vanish\u00a0para brancos e\u00a0cores! A sua f\u00f3rmula remove n\u00f3doas, reaviva as cores e elimina maus odores. Pode ser utilizado em pr\u00e9-tratamento, de molho ou diretamente na m\u00e1quina,\u2026","rel":"","context":"Similar post","img":{"alt_text":"","src":"https:\/\/i0.wp.com\/mundo.seashell.pt\/wp-content\/uploads\/2022\/02\/Vanish_Delicadas_White_1Lx12_8410104884833.png?resize=350%2C200&ssl=1","width":350,"height":200},"classes":[]},{"id":6659,"url":"https:\/\/mundo.seashell.pt\/?product=vanish-tira-nodoas-em-po-branqueador-600gr","url_meta":{"origin":6657,"position":2},"title":"Vanish Tira N\u00f3doas em P\u00f3 Branqueador 600Gr","date":"Fevereiro 23, 2022","format":false,"excerpt":"Frustrado com n\u00f3doas que parecem n\u00e3o sair e brancos que tendem a tornar-se cinzentos com o tempo? Vanish oxi action em p\u00f3 para roupas brancas tem uma nova f\u00f3rmula que, para al\u00e9m de remover n\u00f3doas dif\u00edceis \u00e0 primeira, garante brancos mais brancos, mesmo ap\u00f3s 50 lavagens. Vanish oxi action em\u2026","rel":"","context":"Similar post","img":{"alt_text":"","src":"https:\/\/i0.wp.com\/mundo.seashell.pt\/wp-content\/uploads\/2022\/02\/VANISH_REGULAR_PO_WHITE_14X600g_8410104884758.png?resize=350%2C200&ssl=1","width":350,"height":200},"classes":[]},{"id":6661,"url":"https:\/\/mundo.seashell.pt\/?product=vanish-tora-nodoas-em-po-600gr","url_meta":{"origin":6657,"position":3},"title":"Vanish Tora N\u00f3doas em P\u00f3 600Gr","date":"Fevereiro 23, 2022","format":false,"excerpt":"Frustrado com n\u00f3doas que parecem n\u00e3o sair e brancos que tendem a tornar-se cinzentos com o tempo? Vanish oxi action em p\u00f3 para roupas brancas tem uma nova f\u00f3rmula que, para al\u00e9m de remover n\u00f3doas dif\u00edceis \u00e0 primeira, garante brancos mais brancos, mesmo ap\u00f3s 50 lavagens. Vanish oxi action em\u2026","rel":"","context":"Similar post","img":{"alt_text":"","src":"","width":0,"height":0},"classes":[]},{"id":6625,"url":"https:\/\/mundo.seashell.pt\/?product=vanish-oxi-action-tira-nodoas-075l","url_meta":{"origin":6657,"position":4},"title":"Vanish Oxi Action Tira N\u00f3doas 750ml","date":"Fevereiro 23, 2022","format":false,"excerpt":"Tipo de produto: Tira N\u00f3doas Benef\u00edcios: - Remove n\u00f3doas \u00e0 primeira mesmo em \u00e1gua fria;- Brancos mais brancos, mesmo ap\u00f3s 50 lavagens;- Efic\u00e1cia em ciclos curtos;- Seguro para todos os tecidos. Conselhos de utiliza\u00e7\u00e3o: Aplique na n\u00f3doa e espalhe em c\u00edrculos. Deixe atuar durante 1 a 5min, no...","rel":"","context":"Similar post","img":{"alt_text":"","src":"https:\/\/i0.wp.com\/mundo.seashell.pt\/wp-content\/uploads\/2022\/02\/VANISH_SPRAY_ROUPABRANCA750ML_X6_8410104898496.png?resize=350%2C200&ssl=1","width":350,"height":200},"classes":[]},{"id":6641,"url":"https:\/\/mundo.seashell.pt\/?product=vanish-oxi-action-odores-912gr","url_meta":{"origin":6657,"position":5},"title":"Vanish Oxi Action Odores 912gr","date":"Fevereiro 23, 2022","format":false,"excerpt":"Vanish Oxi Action Odores\u00a0Benef\u00edcios: - Elimina n\u00f3doas em apenas 30 segundos, em algumas n\u00f3doas como vinho tinto, r\u00edmel, base de maquilhagem e molho de soja;- F\u00f3rmula 2x mais concentrada;- Cabe\u00e7a massajadora. Conselhos de utiliza\u00e7\u00e3o: Aplique na n\u00f3doa e espalhe em c\u00edrculos. Deixe atuar durante 1 a 5min...","rel":"","context":"Similar post","img":{"alt_text":"","src":"https:\/\/i0.wp.com\/mundo.seashell.pt\/wp-content\/uploads\/2022\/02\/Vanish_gel_Oxi_Odores_912ml_x6_8410104893842.png?resize=350%2C200&ssl=1","width":350,"height":200},"classes":[]}],"_links":{"self":[{"href":"https:\/\/mundo.seashell.pt\/index.php?rest_route=\/wp\/v2\/product\/6657","targetHints":{"allow":["GET"]}}],"collection":[{"href":"https:\/\/mundo.seashell.pt\/index.php?rest_route=\/wp\/v2\/product"}],"about":[{"href":"https:\/\/mundo.seashell.pt\/index.php?rest_route=\/wp\/v2\/types\/product"}],"wp:featuredmedia":[{"embeddable":true,"href":"https:\/\/mundo.seashell.pt\/index.php?rest_route=\/wp\/v2\/media\/6658"}],"wp:attachment":[{"href":"https:\/\/mundo.seashell.pt\/index.php?rest_route=%2Fwp%2Fv2%2Fmedia&parent=6657"}],"wp:term":[{"taxonomy":"product_cat","embeddable":true,"href":"https:\/\/mundo.seashell.pt\/index.php?rest_route=%2Fwp%2Fv2%2Fproduct_cat&post=6657"},{"taxonomy":"product_tag","embeddable":true,"href":"https:\/\/mundo.seashell.pt\/index.php?rest_route=%2Fwp%2Fv2%2Fproduct_tag&post=6657"}],"curies":[{"name":"wp","href":"https:\/\/api.w.org\/{rel}","templated":true}]}}