{"id":6653,"date":"2022-02-23T18:50:12","date_gmt":"2022-02-23T18:50:12","guid":{"rendered":"https:\/\/mundo.seashell.pt\/?post_type=product&#038;p=6653"},"modified":"2022-02-23T18:50:15","modified_gmt":"2022-02-23T18:50:15","slug":"lysol-higiene-450gr","status":"publish","type":"product","link":"https:\/\/mundo.seashell.pt\/?product=lysol-higiene-450gr","title":{"rendered":"Lysol Higiene 450Gr"},"content":{"rendered":"<p>Remover as n\u00f3doas pode parecer um verdadeiro desafio, mas com Lysol higi\u00e9nico tira-n\u00f3doas em p\u00f3 vai perceber que \u00e9 simples manter a roupa limpa, sem precisar de esfregar. Garanta uma higiene e frescura prolongada da sua roupa. A marca Lysol existe h\u00e1 mais de 100 anos e \u00e9 uma marca que desde o in\u00edcio est\u00e1 focada na cria\u00e7\u00e3o de produtos desinfetantes. Lysol pretende criar um mundo livre de bact\u00e9rias, v\u00edrus e fungos, com a miss\u00e3o de &#8220;quebrar a cadeia de infe\u00e7\u00e3o&#8221;. Juntos desinfetamos para proteger.<\/p>\n<h3>Tipo de produto:<\/h3>\n<p>Tira N\u00f3doas<\/p>\n<h3>Benef\u00edcios:<\/h3>\n<p>&#8211; Elimina todo o tipo de manchas da sua roupa, garantindo que a sua roupa fica higienicamente limpa;<br \/>&#8211; Elimina os maus odores dos tecidos;<br \/>&#8211; Adequado para tecidos brancos e de cores;<br \/>&#8211; Sem lix\u00edvia nem fosfatos;<br \/>&#8211; Testado dermatologicamente.<\/p>\n<h3>Conselhos de utiliza\u00e7\u00e3o:<\/h3>\n<p><strong><br \/><\/strong><strong>M\u00e1quina da Roupa: <\/strong>Adicione 30g ao detergente, para roupa mediamente suja, ou 60g, para roupa muito suja e com n\u00f3doas dif\u00edceis de sair;<\/p>\n<p><strong>De Molho:<\/strong>Adicione 60g a 4l de \u00e1gua a 40\u00baC. Para roupas coloridas, deixe atuar no m\u00e1ximo 1h. Para roupas brancas, deixe atuar no m\u00e1ximo 6h. Ap\u00f3s o tempo de imers\u00e3o, lave e enxague normalmente. Para obter melhores resultados, recomenda-se esfregar as n\u00f3doas antes de enxaguar.<\/p>\n<\/p>\n<p><\/p>\n","protected":false},"excerpt":{"rendered":"<p>Remover as n\u00f3doas pode parecer um verdadeiro desafio, mas com Lysol higi\u00e9nico tira-n\u00f3doas em p\u00f3 vai perceber que \u00e9 simples manter a roupa limpa, sem precisar de esfregar. Garanta uma higiene e frescura prolongada da sua roupa. A marca Lysol existe h\u00e1 mais de 100 anos e \u00e9 uma marca que desde o in\u00edcio est\u00e1 focada na cria\u00e7\u00e3o de produtos desinfet&#8230;<\/p>\n","protected":false},"featured_media":6654,"template":"","meta":{"spay_email":""},"product_cat":[15],"product_tag":[],"class_list":{"0":"post-6653","1":"product","2":"type-product","3":"status-publish","4":"has-post-thumbnail","6":"product_cat-sem-categoria","8":"first","9":"instock","10":"taxable","11":"shipping-taxable","12":"purchasable","13":"product-type-simple"},"acf":[],"jetpack-related-posts":[{"id":6273,"url":"https:\/\/mundo.seashell.pt\/?product=lysol-desinfetante-de-roupa-720ml","url_meta":{"origin":6653,"position":0},"title":"Lysol Desinfetante de Roupa 720ml","date":"Fevereiro 23, 2022","format":false,"excerpt":"Lysol Desinfetante T\u00eaxtil de Flor de Algod\u00e3o","rel":"","context":"Similar post","img":{"alt_text":"","src":"https:\/\/i0.wp.com\/mundo.seashell.pt\/wp-content\/uploads\/2022\/02\/Lysol_Desinfetante_de_Roupa_Li_quido_720ML_x12_5601217134455.png?resize=350%2C200&ssl=1","width":350,"height":200},"classes":[]},{"id":6579,"url":"https:\/\/mundo.seashell.pt\/?product=skip-3-em-1-42-capsulas","url_meta":{"origin":6653,"position":1},"title":"Skip 3 em 1 42 C\u00e1psulas","date":"Fevereiro 23, 2022","format":false,"excerpt":"Skip higiene foi especialmente desenvolvido para limpar e higienizar a sua roupa. Protegendo-a e eliminado os maus odores, enquanto remove as n\u00f3doas dif\u00edceis. Tipo de produto: Detergente C\u00e1psulasBenef\u00edcios: - Roupa limpa e higienizada;- Elimina os maus odores;- Protege a roupa;- Remove n\u00f3doas dif\u00edce...","rel":"","context":"Similar post","img":{"alt_text":"","src":"https:\/\/i0.wp.com\/mundo.seashell.pt\/wp-content\/uploads\/2022\/02\/SKIP_TRIO_TUB_CAPS_ULTIMATE_COLOUR_42_8720181050336.png?resize=350%2C200&ssl=1","width":350,"height":200},"classes":[]},{"id":6311,"url":"https:\/\/mundo.seashell.pt\/?product=neoblanc-gentil-lixivia-delicada","url_meta":{"origin":6653,"position":2},"title":"Neoblanc Gentil Lix\u00edvia Delicada 1L","date":"Fevereiro 23, 2022","format":false,"excerpt":"Neoblanc Gentil \u00e9 uma lix\u00edvia delicada, segura sobre todas as cores e tecidos, sint\u00e9ticos ou delicados, como l\u00e3 e seda. Adicionada em cada lavagem, tira-n\u00f3doas, higieniza e elimina os cheiros. Tipo de produto: Lix\u00edvia DelicadaBenef\u00edcios: - Remo\u00e7\u00e3o de manchas de toda a roupa;- Elimina\u00e7\u00e3o do mau cheiro;- ...","rel":"","context":"Similar post","img":{"alt_text":"","src":"https:\/\/i0.wp.com\/mundo.seashell.pt\/wp-content\/uploads\/2022\/02\/NEOBLANC_GENTIL_1L_8001480020740.png?resize=350%2C200&ssl=1","width":350,"height":200},"classes":[]},{"id":6243,"url":"https:\/\/mundo.seashell.pt\/?product=lysol-cozinha-500ml","url_meta":{"origin":6653,"position":3},"title":"Lysol Cozinha 500ml","date":"Fevereiro 23, 2022","format":false,"excerpt":"Lysol Desinfetante Cozinha Lim\u00e3o","rel":"","context":"Similar post","img":{"alt_text":"","src":"https:\/\/i0.wp.com\/mundo.seashell.pt\/wp-content\/uploads\/2022\/02\/Lysol_Desinfetante_Cozinha_Pistola_500ML_x12_5601217134424.jpeg?resize=350%2C200&ssl=1","width":350,"height":200},"classes":[]},{"id":6239,"url":"https:\/\/mundo.seashell.pt\/?product=lysol-multiusos-500ml","url_meta":{"origin":6653,"position":4},"title":"Lysol Multiusos 500ml","date":"Fevereiro 23, 2022","format":false,"excerpt":"Lysol Desinfetante Multiusos Frescura Elimina a sujidade e as manchas deixando as superf\u00edcies desinfetadas e com uma agrad\u00e1vel fragr\u00e2ncia a Ma\u00e7\u00e3....","rel":"","context":"Similar post","img":{"alt_text":"","src":"https:\/\/i0.wp.com\/mundo.seashell.pt\/wp-content\/uploads\/2022\/02\/Lysol_Desinfetante_Multiusos_Pistola_500ML_x12_5601217134806.jpeg?resize=350%2C200&ssl=1","width":350,"height":200},"classes":[]},{"id":6241,"url":"https:\/\/mundo.seashell.pt\/?product=lysol-banhos-500ml","url_meta":{"origin":6653,"position":5},"title":"Lysol Banhos 500ml","date":"Fevereiro 23, 2022","format":false,"excerpt":"Lysol Desinfetante Casa de Banho Marinho","rel":"","context":"Similar post","img":{"alt_text":"","src":"https:\/\/i0.wp.com\/mundo.seashell.pt\/wp-content\/uploads\/2022\/02\/Lysol_Desinfetante_Casa_de_Banho_Pistola_500ML_x12_5601217134400.jpeg?resize=350%2C200&ssl=1","width":350,"height":200},"classes":[]}],"_links":{"self":[{"href":"https:\/\/mundo.seashell.pt\/index.php?rest_route=\/wp\/v2\/product\/6653","targetHints":{"allow":["GET"]}}],"collection":[{"href":"https:\/\/mundo.seashell.pt\/index.php?rest_route=\/wp\/v2\/product"}],"about":[{"href":"https:\/\/mundo.seashell.pt\/index.php?rest_route=\/wp\/v2\/types\/product"}],"wp:featuredmedia":[{"embeddable":true,"href":"https:\/\/mundo.seashell.pt\/index.php?rest_route=\/wp\/v2\/media\/6654"}],"wp:attachment":[{"href":"https:\/\/mundo.seashell.pt\/index.php?rest_route=%2Fwp%2Fv2%2Fmedia&parent=6653"}],"wp:term":[{"taxonomy":"product_cat","embeddable":true,"href":"https:\/\/mundo.seashell.pt\/index.php?rest_route=%2Fwp%2Fv2%2Fproduct_cat&post=6653"},{"taxonomy":"product_tag","embeddable":true,"href":"https:\/\/mundo.seashell.pt\/index.php?rest_route=%2Fwp%2Fv2%2Fproduct_tag&post=6653"}],"curies":[{"name":"wp","href":"https:\/\/api.w.org\/{rel}","templated":true}]}}