{"id":6651,"date":"2022-02-23T18:50:10","date_gmt":"2022-02-23T18:50:10","guid":{"rendered":"https:\/\/mundo.seashell.pt\/?post_type=product&#038;p=6651"},"modified":"2022-02-23T18:50:12","modified_gmt":"2022-02-23T18:50:12","slug":"skip-tira-nodoas-bioativo-1kg","status":"publish","type":"product","link":"https:\/\/mundo.seashell.pt\/?product=skip-tira-nodoas-bioativo-1kg","title":{"rendered":"Skip Tira N\u00f3doas Bioativo 1Kg"},"content":{"rendered":"<p>Skip tira-n\u00f3doas com oxig\u00e9nio bioativo, garante uma maior remo\u00e7\u00e3o de n\u00f3doas, diretamente na m\u00e1quina. Utilize o Skip tira-n\u00f3doas em conjunto com o seu detergente Skip favorito.<\/p>\n<h3>Tipo de produto:<\/h3>\n<p>Tira N\u00f3doas<\/p>\n<h3>Benef\u00edcios:<\/h3>\n<p>&#8211; Remo\u00e7\u00e3o de n\u00f3doas, sem esfregar, diretamente na m\u00e1quina;<br \/>&#8211; Cuidado da roupa, dos tecidos e dos brancos;<br \/>&#8211; Oxig\u00e9nio bioativo que garante maior remo\u00e7\u00e3o de n\u00f3doas.<\/p>\n<h3>Conselhos de utiliza\u00e7\u00e3o:<\/h3>\n<p>Junte 100ml do produto na gaveta do detergente. Para roupa muito suja, junte 120ml. Pode tamb\u00e9m usar o doseador e colocar diretamente no tambor da m\u00e1quina, em cima da roupa.<\/p>\n","protected":false},"excerpt":{"rendered":"<p>Skip tira-n\u00f3doas com oxig\u00e9nio bioativo, garante uma maior remo\u00e7\u00e3o de n\u00f3doas, diretamente na m\u00e1quina. Utilize o Skip tira-n\u00f3doas em conjunto com o seu detergente Skip favorito.<\/p>\n<h3>Tipo de produto:<\/h3>\n<p>Tira N\u00f3doas<\/p>\n<h3>Benef\u00edcios:<\/h3>\n<p>&#8211; Remo\u00e7\u00e3o de n\u00f3doas, sem esfregar, diretamente na m\u00e1quina;<br \/>&#8211; Cuidado da roupa, dos tecidos e &#8230;<\/p>\n","protected":false},"featured_media":6652,"template":"","meta":{"spay_email":""},"product_cat":[15],"product_tag":[],"class_list":{"0":"post-6651","1":"product","2":"type-product","3":"status-publish","4":"has-post-thumbnail","6":"product_cat-sem-categoria","8":"first","9":"instock","10":"taxable","11":"shipping-taxable","12":"purchasable","13":"product-type-simple"},"acf":[],"jetpack-related-posts":[{"id":6635,"url":"https:\/\/mundo.seashell.pt\/?product=skip-gel-tira-nodoas-16l","url_meta":{"origin":6651,"position":0},"title":"Skip Gel Tira-N\u00f3doas 1,6L","date":"Fevereiro 23, 2022","format":false,"excerpt":"Skip tira-n\u00f3doas com oxig\u00e9nio bioativo, garante uma maior remo\u00e7\u00e3o de n\u00f3doas, diretamente na m\u00e1quina. Utilize o Skip tira-n\u00f3doas em conjunto com o seu detergente Skip favorito. Tipo de produto: Tira N\u00f3doasBenef\u00edcios: - Remo\u00e7\u00e3o de n\u00f3doas, sem esfregar, diretamente na m\u00e1quina;- Cuidado da roupa, dos tecidos e ...","rel":"","context":"Similar post","img":{"alt_text":"","src":"https:\/\/i0.wp.com\/mundo.seashell.pt\/wp-content\/uploads\/2022\/02\/SKIP_TIRA_NO_DOAS_GEL_1_6L_8710522322154.png?resize=350%2C200&ssl=1","width":350,"height":200},"classes":[]},{"id":6627,"url":"https:\/\/mundo.seashell.pt\/?product=skip-tira-nodoas-05l","url_meta":{"origin":6651,"position":1},"title":"Skip Tira N\u00f3doas 500ml","date":"Fevereiro 23, 2022","format":false,"excerpt":"Skip spray tira-n\u00f3doas com oxig\u00e9nio bioativo remove cuidadosamente e sem esfor\u00e7o as n\u00f3doas mais dif\u00edceis, podendo ser utilizado em roupas brancas e de cor. Tipo de produto: Tira N\u00f3doasBenef\u00edcios: - Remo\u00e7\u00e3o de n\u00f3doas, sem esfregar, diretamente na m\u00e1quina;- Cuidado da roupa, nos tecidos e nas...","rel":"","context":"Similar post","img":{"alt_text":"","src":"https:\/\/i0.wp.com\/mundo.seashell.pt\/wp-content\/uploads\/2022\/02\/SKIP_TIRA_NO_DOAS_SPRAY_500ml_8710847944420.png?resize=350%2C200&ssl=1","width":350,"height":200},"classes":[]},{"id":6647,"url":"https:\/\/mundo.seashell.pt\/?product=skip-oxigenio-bioativo-3l","url_meta":{"origin":6651,"position":2},"title":"Skip Oxig\u00eanio Bioativo 3L","date":"Fevereiro 23, 2022","format":false,"excerpt":"Skip aditivo l\u00edquido com oxig\u00e9nio bioativo remove cuidadosamente e sem esfor\u00e7o as n\u00f3doas mais dif\u00edceis, podendo ser utilizado em roupas brancas e de cor. Tipo de produto: Lix\u00edvia DelicadaBenef\u00edcios: - Remo\u00e7\u00e3o de n\u00f3doas, sem esfregar, diretamente na m\u00e1quina;- Cuidado da roupa, nos tecidos e nas cores;- O...","rel":"","context":"Similar post","img":{"alt_text":"","src":"https:\/\/i0.wp.com\/mundo.seashell.pt\/wp-content\/uploads\/2022\/02\/SKIP_ADITIVO_LIQUIDO_3L_8710847944413.png?resize=350%2C200&ssl=1","width":350,"height":200},"classes":[]},{"id":6519,"url":"https:\/\/mundo.seashell.pt\/?product=skip-det-liquido-para-maquina-de-lavar-roupa","url_meta":{"origin":6651,"position":3},"title":"Skip Det. L\u00edquido para M\u00e1quina de Lavar Roupa","date":"Fevereiro 23, 2022","format":false,"excerpt":"A a\u00e7\u00e3o extra power de Skip L\u00edquido garante a efic\u00e1cia mesmo em \u00e1gua fria e em ciclos curtos, deixando as roupas da sua fam\u00edlia limpas e frescas, uma e outra vez. A f\u00f3rmula \u00fanica de Skip dissolve-se facilmente na lavagem, garantindo toda a efic\u00e1cia, mesmo na remo\u00e7\u00e3o das n\u00f3doas mais\u2026","rel":"","context":"Similar post","img":{"alt_text":"","src":"https:\/\/i0.wp.com\/mundo.seashell.pt\/wp-content\/uploads\/2022\/02\/SKIP_LI_QUIDO_ACTIVE_CLEAN_-_1_25L_-_25D_8710847999413.png?resize=350%2C200&ssl=1","width":350,"height":200},"classes":[]},{"id":6569,"url":"https:\/\/mundo.seashell.pt\/?product=skip-3-em-1-15-capsulas","url_meta":{"origin":6651,"position":4},"title":"Skip 3 em 1 15 C\u00e1psulas","date":"Fevereiro 23, 2022","format":false,"excerpt":"A sua f\u00f3rmula \u00fanica tripla a\u00e7\u00e3o permite a remo\u00e7\u00e3o de n\u00f3doas, o cuidado da roupa e deixa uma frescura duradoura. Limpa profundamente a sua roupa, cuidando das suas cores e fibras. Tipo de produto: Detergente C\u00e1psulas Benef\u00edcios: - Remo\u00e7\u00e3o de n\u00f3doas;- Cuidado da roupa;- Frescura duradoura. Conselh...","rel":"","context":"Similar post","img":{"alt_text":"","src":"https:\/\/i0.wp.com\/mundo.seashell.pt\/wp-content\/uploads\/2022\/02\/SKIP_Trio_Tub_Caps_Ultim_Active_Clean_15_8720181050282.png?resize=350%2C200&ssl=1","width":350,"height":200},"classes":[]},{"id":6555,"url":"https:\/\/mundo.seashell.pt\/?product=skip-lavanda-58-doses","url_meta":{"origin":6651,"position":5},"title":"Skip Lavanda 58 doses","date":"Fevereiro 23, 2022","format":false,"excerpt":"Enriquecido com uma fragr\u00e2ncia mais natural, Skip lavanda proporciona \u00e0 sua roupa um delicado perfume e uma frescura duradoura, com efic\u00e1cia na remo\u00e7\u00e3o de n\u00f3doas. Tipo de produto: Detergente P\u00f3 Notas\/Frag\u00e2ncia: LavandaBenef\u00edcios: - Fragr\u00e2ncia mais natural a lavanda;- Frescura intensa e durad...","rel":"","context":"Similar post","img":{"alt_text":"","src":"https:\/\/i0.wp.com\/mundo.seashell.pt\/wp-content\/uploads\/2022\/02\/909100_1.jpeg?resize=350%2C200&ssl=1","width":350,"height":200},"classes":[]}],"_links":{"self":[{"href":"https:\/\/mundo.seashell.pt\/index.php?rest_route=\/wp\/v2\/product\/6651","targetHints":{"allow":["GET"]}}],"collection":[{"href":"https:\/\/mundo.seashell.pt\/index.php?rest_route=\/wp\/v2\/product"}],"about":[{"href":"https:\/\/mundo.seashell.pt\/index.php?rest_route=\/wp\/v2\/types\/product"}],"wp:featuredmedia":[{"embeddable":true,"href":"https:\/\/mundo.seashell.pt\/index.php?rest_route=\/wp\/v2\/media\/6652"}],"wp:attachment":[{"href":"https:\/\/mundo.seashell.pt\/index.php?rest_route=%2Fwp%2Fv2%2Fmedia&parent=6651"}],"wp:term":[{"taxonomy":"product_cat","embeddable":true,"href":"https:\/\/mundo.seashell.pt\/index.php?rest_route=%2Fwp%2Fv2%2Fproduct_cat&post=6651"},{"taxonomy":"product_tag","embeddable":true,"href":"https:\/\/mundo.seashell.pt\/index.php?rest_route=%2Fwp%2Fv2%2Fproduct_tag&post=6651"}],"curies":[{"name":"wp","href":"https:\/\/api.w.org\/{rel}","templated":true}]}}