{"id":6647,"date":"2022-02-23T18:49:52","date_gmt":"2022-02-23T18:49:52","guid":{"rendered":"https:\/\/mundo.seashell.pt\/?post_type=product&#038;p=6647"},"modified":"2022-02-23T18:49:55","modified_gmt":"2022-02-23T18:49:55","slug":"skip-oxigenio-bioativo-3l","status":"publish","type":"product","link":"https:\/\/mundo.seashell.pt\/?product=skip-oxigenio-bioativo-3l","title":{"rendered":"Skip Oxig\u00eanio Bioativo 3L"},"content":{"rendered":"<p>Skip aditivo l\u00edquido com oxig\u00e9nio bioativo remove cuidadosamente e sem esfor\u00e7o as n\u00f3doas mais dif\u00edceis, podendo ser utilizado em roupas brancas e de cor.<\/p>\n<h3>Tipo de produto:<\/h3>\n<p>Lix\u00edvia Delicada<\/p>\n<h3>Benef\u00edcios:<\/h3>\n<p>&#8211; Remo\u00e7\u00e3o de n\u00f3doas, sem esfregar, diretamente na m\u00e1quina;<br \/>&#8211; Cuidado da roupa, nos tecidos e nas cores;<br \/>&#8211; Oxig\u00e9nio bioativo que garante maior remo\u00e7\u00e3o de n\u00f3doas.<\/p>\n<h3>Conselhos de utiliza\u00e7\u00e3o:<\/h3>\n<p>Coloque 100ml de aditivo l\u00edquido no compartimento do detergente de roupa, depois do detergente ter escoado do compartimento. N\u00e3o coloque diretamente \u00e0 luz do sol as pe\u00e7as pr\u00e9-tratadas com aditivo l\u00edquido. N\u00e3o deixe que o produto seque nas etiquetas da roupa. Certos tecidos desbotam, mesmo em \u00e1gua fria. Em caso de d\u00favida, verifique a resist\u00eancia da cor numa zona n\u00e3o vis\u00edvel da roupa.<\/p>\n<p><\/p>\n","protected":false},"excerpt":{"rendered":"<p>Skip aditivo l\u00edquido com oxig\u00e9nio bioativo remove cuidadosamente e sem esfor\u00e7o as n\u00f3doas mais dif\u00edceis, podendo ser utilizado em roupas brancas e de cor.<\/p>\n<h3>Tipo de produto:<\/h3>\n<p>Lix\u00edvia Delicada<\/p>\n<h3>Benef\u00edcios:<\/h3>\n<p>&#8211; Remo\u00e7\u00e3o de n\u00f3doas, sem esfregar, diretamente na m\u00e1quina;<br \/>&#8211; Cuidado da roupa, nos tecidos e nas cores;<br \/>&#8211; O&#8230;<\/p>\n","protected":false},"featured_media":6648,"template":"","meta":{"spay_email":""},"product_cat":[15],"product_tag":[],"class_list":{"0":"post-6647","1":"product","2":"type-product","3":"status-publish","4":"has-post-thumbnail","6":"product_cat-sem-categoria","8":"first","9":"instock","10":"taxable","11":"shipping-taxable","12":"purchasable","13":"product-type-simple"},"acf":[],"jetpack-related-posts":[{"id":6627,"url":"https:\/\/mundo.seashell.pt\/?product=skip-tira-nodoas-05l","url_meta":{"origin":6647,"position":0},"title":"Skip Tira N\u00f3doas 500ml","date":"Fevereiro 23, 2022","format":false,"excerpt":"Skip spray tira-n\u00f3doas com oxig\u00e9nio bioativo remove cuidadosamente e sem esfor\u00e7o as n\u00f3doas mais dif\u00edceis, podendo ser utilizado em roupas brancas e de cor. Tipo de produto: Tira N\u00f3doasBenef\u00edcios: - Remo\u00e7\u00e3o de n\u00f3doas, sem esfregar, diretamente na m\u00e1quina;- Cuidado da roupa, nos tecidos e nas...","rel":"","context":"Similar post","img":{"alt_text":"","src":"https:\/\/i0.wp.com\/mundo.seashell.pt\/wp-content\/uploads\/2022\/02\/SKIP_TIRA_NO_DOAS_SPRAY_500ml_8710847944420.png?resize=350%2C200&ssl=1","width":350,"height":200},"classes":[]},{"id":6651,"url":"https:\/\/mundo.seashell.pt\/?product=skip-tira-nodoas-bioativo-1kg","url_meta":{"origin":6647,"position":1},"title":"Skip Tira N\u00f3doas Bioativo 1Kg","date":"Fevereiro 23, 2022","format":false,"excerpt":"Skip tira-n\u00f3doas com oxig\u00e9nio bioativo, garante uma maior remo\u00e7\u00e3o de n\u00f3doas, diretamente na m\u00e1quina. Utilize o Skip tira-n\u00f3doas em conjunto com o seu detergente Skip favorito. Tipo de produto: Tira N\u00f3doasBenef\u00edcios: - Remo\u00e7\u00e3o de n\u00f3doas, sem esfregar, diretamente na m\u00e1quina;- Cuidado da roupa, dos tecidos e ...","rel":"","context":"Similar post","img":{"alt_text":"","src":"https:\/\/i0.wp.com\/mundo.seashell.pt\/wp-content\/uploads\/2022\/02\/6517541-frente.jpeg?resize=350%2C200&ssl=1","width":350,"height":200},"classes":[]},{"id":6635,"url":"https:\/\/mundo.seashell.pt\/?product=skip-gel-tira-nodoas-16l","url_meta":{"origin":6647,"position":2},"title":"Skip Gel Tira-N\u00f3doas 1,6L","date":"Fevereiro 23, 2022","format":false,"excerpt":"Skip tira-n\u00f3doas com oxig\u00e9nio bioativo, garante uma maior remo\u00e7\u00e3o de n\u00f3doas, diretamente na m\u00e1quina. Utilize o Skip tira-n\u00f3doas em conjunto com o seu detergente Skip favorito. Tipo de produto: Tira N\u00f3doasBenef\u00edcios: - Remo\u00e7\u00e3o de n\u00f3doas, sem esfregar, diretamente na m\u00e1quina;- Cuidado da roupa, dos tecidos e ...","rel":"","context":"Similar post","img":{"alt_text":"","src":"https:\/\/i0.wp.com\/mundo.seashell.pt\/wp-content\/uploads\/2022\/02\/SKIP_TIRA_NO_DOAS_GEL_1_6L_8710522322154.png?resize=350%2C200&ssl=1","width":350,"height":200},"classes":[]},{"id":5758,"url":"https:\/\/mundo.seashell.pt\/?product=fun-oxiactivo-1kg","url_meta":{"origin":6647,"position":3},"title":"Fun Oxiactivo 1Kg","date":"Fevereiro 23, 2022","format":false,"excerpt":"O Fun Oxiactivo e\u0301 um aditivo em po\u0301 para remoc\u0327a\u0303o de no\u0301doas em todo o tipo de roupa.","rel":"","context":"Similar post","img":{"alt_text":"","src":"https:\/\/i0.wp.com\/mundo.seashell.pt\/wp-content\/uploads\/2022\/02\/Fun_Oxiactivo_PhotoRoom_20210402_103021.jpg?resize=350%2C200&ssl=1","width":350,"height":200},"classes":[]},{"id":6519,"url":"https:\/\/mundo.seashell.pt\/?product=skip-det-liquido-para-maquina-de-lavar-roupa","url_meta":{"origin":6647,"position":4},"title":"Skip Det. L\u00edquido para M\u00e1quina de Lavar Roupa","date":"Fevereiro 23, 2022","format":false,"excerpt":"A a\u00e7\u00e3o extra power de Skip L\u00edquido garante a efic\u00e1cia mesmo em \u00e1gua fria e em ciclos curtos, deixando as roupas da sua fam\u00edlia limpas e frescas, uma e outra vez. A f\u00f3rmula \u00fanica de Skip dissolve-se facilmente na lavagem, garantindo toda a efic\u00e1cia, mesmo na remo\u00e7\u00e3o das n\u00f3doas mais\u2026","rel":"","context":"Similar post","img":{"alt_text":"","src":"https:\/\/i0.wp.com\/mundo.seashell.pt\/wp-content\/uploads\/2022\/02\/SKIP_LI_QUIDO_ACTIVE_CLEAN_-_1_25L_-_25D_8710847999413.png?resize=350%2C200&ssl=1","width":350,"height":200},"classes":[]},{"id":5750,"url":"https:\/\/mundo.seashell.pt\/?product=stark-oxiblanc-10kg-lavandaria-manual","url_meta":{"origin":6647,"position":5},"title":"Branqueador Stark Oxiblanc 10Kg &#8211; Lavandaria Manual","date":"Fevereiro 23, 2022","format":false,"excerpt":"Branqueador em p\u00f3 para lavagem de roupa.","rel":"","context":"Similar post","img":{"alt_text":"","src":"https:\/\/i0.wp.com\/mundo.seashell.pt\/wp-content\/uploads\/2022\/02\/STARK_OXIBLANC_PhotoRoom_20210402_103319.jpg?resize=350%2C200&ssl=1","width":350,"height":200},"classes":[]}],"_links":{"self":[{"href":"https:\/\/mundo.seashell.pt\/index.php?rest_route=\/wp\/v2\/product\/6647","targetHints":{"allow":["GET"]}}],"collection":[{"href":"https:\/\/mundo.seashell.pt\/index.php?rest_route=\/wp\/v2\/product"}],"about":[{"href":"https:\/\/mundo.seashell.pt\/index.php?rest_route=\/wp\/v2\/types\/product"}],"wp:featuredmedia":[{"embeddable":true,"href":"https:\/\/mundo.seashell.pt\/index.php?rest_route=\/wp\/v2\/media\/6648"}],"wp:attachment":[{"href":"https:\/\/mundo.seashell.pt\/index.php?rest_route=%2Fwp%2Fv2%2Fmedia&parent=6647"}],"wp:term":[{"taxonomy":"product_cat","embeddable":true,"href":"https:\/\/mundo.seashell.pt\/index.php?rest_route=%2Fwp%2Fv2%2Fproduct_cat&post=6647"},{"taxonomy":"product_tag","embeddable":true,"href":"https:\/\/mundo.seashell.pt\/index.php?rest_route=%2Fwp%2Fv2%2Fproduct_tag&post=6647"}],"curies":[{"name":"wp","href":"https:\/\/api.w.org\/{rel}","templated":true}]}}