{"id":6641,"date":"2022-02-23T18:49:46","date_gmt":"2022-02-23T18:49:46","guid":{"rendered":"https:\/\/mundo.seashell.pt\/?post_type=product&#038;p=6641"},"modified":"2022-02-23T18:49:48","modified_gmt":"2022-02-23T18:49:48","slug":"vanish-oxi-action-odores-912gr","status":"publish","type":"product","link":"https:\/\/mundo.seashell.pt\/?product=vanish-oxi-action-odores-912gr","title":{"rendered":"Vanish Oxi Action Odores 912gr"},"content":{"rendered":"<p>Vanish Oxi Action Odores&nbsp;<\/p>\n<h3>Benef\u00edcios:<\/h3>\n<p>&#8211; Elimina n\u00f3doas em apenas 30 segundos, em algumas n\u00f3doas como vinho tinto, r\u00edmel, base de maquilhagem e molho de soja;<br \/>&#8211; F\u00f3rmula 2x mais concentrada;<br \/>&#8211; Cabe\u00e7a massajadora.<\/p>\n<p>Conselhos de utiliza\u00e7\u00e3o:<\/p>\n<p>Aplique na n\u00f3doa e espalhe em c\u00edrculos. Deixe atuar durante 1 a 5min, no m\u00e1ximo, e depois coloque a lavar normalmente. Siga sempre os conselhos de lavagem das etiquetas da roupa. Adequado em roupa branca e de cor, se usado conforme as instru\u00e7\u00f5es do fabricante da roupa. Teste sempre a resist\u00eancia da cor, aplicando o produto numa zona n\u00e3o vis\u00edvel do tecido antes de usar. Enxague e deixe secar. N\u00e3o esfregar manchas de chocolate. N\u00e3o usar em l\u00e3s, sedas ou pele. N\u00e3o colocar em superf\u00edcies polidas ou revestidas como, por exemplo, madeira, metais, entre outros. N\u00e3o usar em tecidos que exijam limpeza a seco.<\/p>\n<p><\/p>\n","protected":false},"excerpt":{"rendered":"<p>Vanish Oxi Action Odores&nbsp;<\/p>\n<h3>Benef\u00edcios:<\/h3>\n<p>&#8211; Elimina n\u00f3doas em apenas 30 segundos, em algumas n\u00f3doas como vinho tinto, r\u00edmel, base de maquilhagem e molho de soja;<br \/>&#8211; F\u00f3rmula 2x mais concentrada;<br \/>&#8211; Cabe\u00e7a massajadora.<\/p>\n<p>Conselhos de utiliza\u00e7\u00e3o:<\/p>\n<p>Aplique na n\u00f3doa e espalhe em c\u00edrculos. Deixe atuar durante 1 a 5min&#8230;<\/p>\n","protected":false},"featured_media":6642,"template":"","meta":{"spay_email":""},"product_cat":[15],"product_tag":[],"class_list":{"0":"post-6641","1":"product","2":"type-product","3":"status-publish","4":"has-post-thumbnail","6":"product_cat-sem-categoria","8":"first","9":"instock","10":"taxable","11":"shipping-taxable","12":"purchasable","13":"product-type-simple"},"acf":[],"jetpack-related-posts":[{"id":6657,"url":"https:\/\/mundo.seashell.pt\/?product=vanish-oxi-action-em-po-420gr","url_meta":{"origin":6641,"position":0},"title":"Vanish Oxi Action em P\u00f3 420Gr","date":"Fevereiro 23, 2022","format":false,"excerpt":"Depois de lavar a roupa, continua com maus odores e n\u00f3doas? Vanish oxi action p\u00f3 elimina odores \u00e9 um tira-n\u00f3doas poderoso sem lix\u00edvia que, para al\u00e9m de remover todo o tipo de n\u00f3doas, cont\u00e9m uma tecnologia de neutraliza\u00e7\u00e3o de odores. Pode ser utilizado em pr\u00e9-tratamento, de molho ou diretamente na\u2026","rel":"","context":"Similar post","img":{"alt_text":"","src":"https:\/\/i0.wp.com\/mundo.seashell.pt\/wp-content\/uploads\/2022\/02\/Vanish_Oxi_Action_Po__White_420G_4_P_x6_5601217134332.png?resize=350%2C200&ssl=1","width":350,"height":200},"classes":[]},{"id":6639,"url":"https:\/\/mundo.seashell.pt\/?product=vanix-oxi-action-08l","url_meta":{"origin":6641,"position":1},"title":"Vanix Oxi Action 800ml","date":"Fevereiro 23, 2022","format":false,"excerpt":"Problemas com a lavagem da roupa? Os detergentes nem sempre conseguem remover as n\u00f3doas, proteger as cores e eliminar maus odores. Experimente o novo Vanish oxi action gel para cores! A sua f\u00f3rmula remove n\u00f3doas, reaviva as cores e elimina maus odores. Pode ser utilizado em pr\u00e9-tratamento, de molho ou\u2026","rel":"","context":"Similar post","img":{"alt_text":"","src":"https:\/\/i0.wp.com\/mundo.seashell.pt\/wp-content\/uploads\/2022\/02\/Vanish_Oxi_Action_Gel_Pink_800ML_x6_5601217134363.png?resize=350%2C200&ssl=1","width":350,"height":200},"classes":[]},{"id":6625,"url":"https:\/\/mundo.seashell.pt\/?product=vanish-oxi-action-tira-nodoas-075l","url_meta":{"origin":6641,"position":2},"title":"Vanish Oxi Action Tira N\u00f3doas 750ml","date":"Fevereiro 23, 2022","format":false,"excerpt":"Tipo de produto: Tira N\u00f3doas Benef\u00edcios: - Remove n\u00f3doas \u00e0 primeira mesmo em \u00e1gua fria;- Brancos mais brancos, mesmo ap\u00f3s 50 lavagens;- Efic\u00e1cia em ciclos curtos;- Seguro para todos os tecidos. Conselhos de utiliza\u00e7\u00e3o: Aplique na n\u00f3doa e espalhe em c\u00edrculos. Deixe atuar durante 1 a 5min, no...","rel":"","context":"Similar post","img":{"alt_text":"","src":"https:\/\/i0.wp.com\/mundo.seashell.pt\/wp-content\/uploads\/2022\/02\/VANISH_SPRAY_ROUPABRANCA750ML_X6_8410104898496.png?resize=350%2C200&ssl=1","width":350,"height":200},"classes":[]},{"id":6659,"url":"https:\/\/mundo.seashell.pt\/?product=vanish-tira-nodoas-em-po-branqueador-600gr","url_meta":{"origin":6641,"position":3},"title":"Vanish Tira N\u00f3doas em P\u00f3 Branqueador 600Gr","date":"Fevereiro 23, 2022","format":false,"excerpt":"Frustrado com n\u00f3doas que parecem n\u00e3o sair e brancos que tendem a tornar-se cinzentos com o tempo? Vanish oxi action em p\u00f3 para roupas brancas tem uma nova f\u00f3rmula que, para al\u00e9m de remover n\u00f3doas dif\u00edceis \u00e0 primeira, garante brancos mais brancos, mesmo ap\u00f3s 50 lavagens. Vanish oxi action em\u2026","rel":"","context":"Similar post","img":{"alt_text":"","src":"https:\/\/i0.wp.com\/mundo.seashell.pt\/wp-content\/uploads\/2022\/02\/VANISH_REGULAR_PO_WHITE_14X600g_8410104884758.png?resize=350%2C200&ssl=1","width":350,"height":200},"classes":[]},{"id":6661,"url":"https:\/\/mundo.seashell.pt\/?product=vanish-tora-nodoas-em-po-600gr","url_meta":{"origin":6641,"position":4},"title":"Vanish Tora N\u00f3doas em P\u00f3 600Gr","date":"Fevereiro 23, 2022","format":false,"excerpt":"Frustrado com n\u00f3doas que parecem n\u00e3o sair e brancos que tendem a tornar-se cinzentos com o tempo? Vanish oxi action em p\u00f3 para roupas brancas tem uma nova f\u00f3rmula que, para al\u00e9m de remover n\u00f3doas dif\u00edceis \u00e0 primeira, garante brancos mais brancos, mesmo ap\u00f3s 50 lavagens. Vanish oxi action em\u2026","rel":"","context":"Similar post","img":{"alt_text":"","src":"","width":0,"height":0},"classes":[]},{"id":6643,"url":"https:\/\/mundo.seashell.pt\/?product=vanish-tira-nodoas-1l","url_meta":{"origin":6641,"position":5},"title":"Vanish Tira N\u00f3doas 1L","date":"Fevereiro 23, 2022","format":false,"excerpt":"Problemas com a lavagem da roupa? Os detergentes nem sempre conseguem remover as n\u00f3doas, proteger as cores e eliminar maus odores. Experimente o novo Vanish\u00a0para brancos e\u00a0cores! A sua f\u00f3rmula remove n\u00f3doas, reaviva as cores e elimina maus odores. Pode ser utilizado em pr\u00e9-tratamento, de molho ou diretamente na m\u00e1quina,\u2026","rel":"","context":"Similar post","img":{"alt_text":"","src":"https:\/\/i0.wp.com\/mundo.seashell.pt\/wp-content\/uploads\/2022\/02\/Vanish_Delicadas_White_1Lx12_8410104884833.png?resize=350%2C200&ssl=1","width":350,"height":200},"classes":[]}],"_links":{"self":[{"href":"https:\/\/mundo.seashell.pt\/index.php?rest_route=\/wp\/v2\/product\/6641","targetHints":{"allow":["GET"]}}],"collection":[{"href":"https:\/\/mundo.seashell.pt\/index.php?rest_route=\/wp\/v2\/product"}],"about":[{"href":"https:\/\/mundo.seashell.pt\/index.php?rest_route=\/wp\/v2\/types\/product"}],"wp:featuredmedia":[{"embeddable":true,"href":"https:\/\/mundo.seashell.pt\/index.php?rest_route=\/wp\/v2\/media\/6642"}],"wp:attachment":[{"href":"https:\/\/mundo.seashell.pt\/index.php?rest_route=%2Fwp%2Fv2%2Fmedia&parent=6641"}],"wp:term":[{"taxonomy":"product_cat","embeddable":true,"href":"https:\/\/mundo.seashell.pt\/index.php?rest_route=%2Fwp%2Fv2%2Fproduct_cat&post=6641"},{"taxonomy":"product_tag","embeddable":true,"href":"https:\/\/mundo.seashell.pt\/index.php?rest_route=%2Fwp%2Fv2%2Fproduct_tag&post=6641"}],"curies":[{"name":"wp","href":"https:\/\/api.w.org\/{rel}","templated":true}]}}