{"id":6637,"date":"2022-02-23T18:49:41","date_gmt":"2022-02-23T18:49:41","guid":{"rendered":"https:\/\/mundo.seashell.pt\/?post_type=product&#038;p=6637"},"modified":"2022-02-23T18:49:43","modified_gmt":"2022-02-23T18:49:43","slug":"k2r-tira-nodoas-liquido-13l","status":"publish","type":"product","link":"https:\/\/mundo.seashell.pt\/?product=k2r-tira-nodoas-liquido-13l","title":{"rendered":"K2R Tira N\u00f3doas L\u00edquido 1,3L"},"content":{"rendered":"<p>Tira-n\u00f3doas branqueador sem lix\u00edvia. Devolve a m\u00e1xima brancura \u00e0 sua roupa desde a primeira lavagem. Pode ser utilizado em todo o tipo de roupa, para o branqueamento e elimina\u00e7\u00e3o eficaz das n\u00f3doas sem danificar os tecidos.<\/p>\n<h3>Tipo de produto:<\/h3>\n<p>Tira N\u00f3doas<\/p>\n<h3>Benef\u00edcios:<\/h3>\n<p>&#8211; Sem lix\u00edvia;<br \/>&#8211; Devolve a m\u00e1xima brancura \u00e0 sua roupa;<br \/>&#8211; Ideal para todo o tipo de roupa.<\/p>\n<h3>Conselhos de utiliza\u00e7\u00e3o:<\/h3>\n<p><strong><br \/><\/strong><strong>M\u00e1quina:<\/strong>Introduza o detergente de forma habitual e, de seguida, adicione 85ml de K2r tira-n\u00f3doas branqueador no mesmo compartimento.<\/p>\n<p><strong>\u00c0 m\u00e3o: Adicione 85ml de produto juntamente com o detergente. N\u00e3o deixe atuar mais de 20 minutos.<\/strong><\/p>\n<p><strong><strong>Uso directo pr\u00e9-tratamento:<\/strong> Aplique o produto diretamente sobre as n\u00f3doas dif\u00edceis, com as roupas previamente molhadas. Lave imediatamente, \u00e0 m\u00e1quina ou \u00e0 m\u00e3o, com detergente.<\/strong><\/p>\n<\/p>\n<p><\/p>\n","protected":false},"excerpt":{"rendered":"<p>Tira-n\u00f3doas branqueador sem lix\u00edvia. Devolve a m\u00e1xima brancura \u00e0 sua roupa desde a primeira lavagem. Pode ser utilizado em todo o tipo de roupa, para o branqueamento e elimina\u00e7\u00e3o eficaz das n\u00f3doas sem danificar os tecidos.<\/p>\n<h3>Tipo de produto:<\/h3>\n<p>Tira N\u00f3doas<\/p>\n<h3>Benef\u00edcios:<\/h3>\n<p>&#8211; Sem lix\u00edvia;<br \/>&#8211; Devolve a m\u00e1xima brancura \u00e0 s&#8230;<\/p>\n","protected":false},"featured_media":6638,"template":"","meta":{"spay_email":""},"product_cat":[15],"product_tag":[],"class_list":{"0":"post-6637","1":"product","2":"type-product","3":"status-publish","4":"has-post-thumbnail","6":"product_cat-sem-categoria","8":"first","9":"instock","10":"taxable","11":"shipping-taxable","12":"purchasable","13":"product-type-simple"},"acf":[],"jetpack-related-posts":[{"id":6655,"url":"https:\/\/mundo.seashell.pt\/?product=k2r-oxycolor-750gr","url_meta":{"origin":6637,"position":0},"title":"K2r Oxycolor 750Gr","date":"Fevereiro 23, 2022","format":false,"excerpt":"Tira-n\u00f3doas sem lix\u00edvia para roupa branca e de cor. Devolve a m\u00e1xima brancura \u00e0 sua roupa desde a primeira lavagem. Pode ser utilizado em todo o tipo de roupa, para a elimina\u00e7\u00e3o eficaz das n\u00f3doas sem danificar os tecidos. Tipo de produto: Tira N\u00f3doasBenef\u00edcios: - Remove todo o tipo de\u2026","rel":"","context":"Similar post","img":{"alt_text":"","src":"https:\/\/i0.wp.com\/mundo.seashell.pt\/wp-content\/uploads\/2022\/02\/K2R_In-Wash_Powder_Uni_750g_8U____8410436373524.png?resize=350%2C200&ssl=1","width":350,"height":200},"classes":[]},{"id":6649,"url":"https:\/\/mundo.seashell.pt\/?product=sanytol-tira-nodoas-em-po-450gr","url_meta":{"origin":6637,"position":1},"title":"Sanytol Tira N\u00f3doas em P\u00f3 450gr","date":"Fevereiro 23, 2022","format":false,"excerpt":"Tira-N\u00f3doas Desinfetante em p\u00f3 que destr\u00f3i 99,9% dos micr\u00f3bios e que elimina eficazmente as manchas mais persistentes mesmo a baixas temperaturas. A sua f\u00f3rmula \u00fanica \u00e0 base de enzimas e oxig\u00e9nio ativo penetra no cora\u00e7\u00e3o das fibras t\u00eaxteis para remover as n\u00f3doas, eliminar o tom amarelado e reavivar o branco\u2026","rel":"","context":"Similar post","img":{"alt_text":"","src":"https:\/\/i0.wp.com\/mundo.seashell.pt\/wp-content\/uploads\/2022\/02\/SANYTOL_TIRA_NO_DOAS_BRANQUEADOR_450g_3045206382601.png?resize=350%2C200&ssl=1","width":350,"height":200},"classes":[]},{"id":6645,"url":"https:\/\/mundo.seashell.pt\/?product=vanish-cores-3l","url_meta":{"origin":6637,"position":2},"title":"Vanish Cores 3L","date":"Fevereiro 23, 2022","format":false,"excerpt":"Vanish l\u00edquido delicada \u00e9 uma alternativa \u00e0 lix\u00edvia tradicional. \u00c9 um tira-n\u00f3doas sem cloro, seguro para todas as cores e tecidos, mesmo os de cor e os mais delicados. Vanish \u00e9 o tira-n\u00f3doas n\u00ba #1 em Portugal. Tipo de produto: Lix\u00edvia DelicadaBenef\u00edcios: - Adequado para roupa branca e de cor;-\u2026","rel":"","context":"Similar post","img":{"alt_text":"","src":"https:\/\/i0.wp.com\/mundo.seashell.pt\/wp-content\/uploads\/2022\/02\/Vanish_Delicada_Pink_3L_x6_8410104252304.png?resize=350%2C200&ssl=1","width":350,"height":200},"classes":[]},{"id":6657,"url":"https:\/\/mundo.seashell.pt\/?product=vanish-oxi-action-em-po-420gr","url_meta":{"origin":6637,"position":3},"title":"Vanish Oxi Action em P\u00f3 420Gr","date":"Fevereiro 23, 2022","format":false,"excerpt":"Depois de lavar a roupa, continua com maus odores e n\u00f3doas? Vanish oxi action p\u00f3 elimina odores \u00e9 um tira-n\u00f3doas poderoso sem lix\u00edvia que, para al\u00e9m de remover todo o tipo de n\u00f3doas, cont\u00e9m uma tecnologia de neutraliza\u00e7\u00e3o de odores. Pode ser utilizado em pr\u00e9-tratamento, de molho ou diretamente na\u2026","rel":"","context":"Similar post","img":{"alt_text":"","src":"https:\/\/i0.wp.com\/mundo.seashell.pt\/wp-content\/uploads\/2022\/02\/Vanish_Oxi_Action_Po__White_420G_4_P_x6_5601217134332.png?resize=350%2C200&ssl=1","width":350,"height":200},"classes":[]},{"id":6659,"url":"https:\/\/mundo.seashell.pt\/?product=vanish-tira-nodoas-em-po-branqueador-600gr","url_meta":{"origin":6637,"position":4},"title":"Vanish Tira N\u00f3doas em P\u00f3 Branqueador 600Gr","date":"Fevereiro 23, 2022","format":false,"excerpt":"Frustrado com n\u00f3doas que parecem n\u00e3o sair e brancos que tendem a tornar-se cinzentos com o tempo? Vanish oxi action em p\u00f3 para roupas brancas tem uma nova f\u00f3rmula que, para al\u00e9m de remover n\u00f3doas dif\u00edceis \u00e0 primeira, garante brancos mais brancos, mesmo ap\u00f3s 50 lavagens. Vanish oxi action em\u2026","rel":"","context":"Similar post","img":{"alt_text":"","src":"https:\/\/i0.wp.com\/mundo.seashell.pt\/wp-content\/uploads\/2022\/02\/VANISH_REGULAR_PO_WHITE_14X600g_8410104884758.png?resize=350%2C200&ssl=1","width":350,"height":200},"classes":[]},{"id":6653,"url":"https:\/\/mundo.seashell.pt\/?product=lysol-higiene-450gr","url_meta":{"origin":6637,"position":5},"title":"Lysol Higiene 450Gr","date":"Fevereiro 23, 2022","format":false,"excerpt":"Remover as n\u00f3doas pode parecer um verdadeiro desafio, mas com Lysol higi\u00e9nico tira-n\u00f3doas em p\u00f3 vai perceber que \u00e9 simples manter a roupa limpa, sem precisar de esfregar. Garanta uma higiene e frescura prolongada da sua roupa. A marca Lysol existe h\u00e1 mais de 100 anos e \u00e9 uma marca\u2026","rel":"","context":"Similar post","img":{"alt_text":"","src":"https:\/\/i0.wp.com\/mundo.seashell.pt\/wp-content\/uploads\/2022\/02\/Lysol_Higie_nico_Tira_No_doas_Roupa_Po__450G_x6_5601217134462.png?resize=350%2C200&ssl=1","width":350,"height":200},"classes":[]}],"_links":{"self":[{"href":"https:\/\/mundo.seashell.pt\/index.php?rest_route=\/wp\/v2\/product\/6637","targetHints":{"allow":["GET"]}}],"collection":[{"href":"https:\/\/mundo.seashell.pt\/index.php?rest_route=\/wp\/v2\/product"}],"about":[{"href":"https:\/\/mundo.seashell.pt\/index.php?rest_route=\/wp\/v2\/types\/product"}],"wp:featuredmedia":[{"embeddable":true,"href":"https:\/\/mundo.seashell.pt\/index.php?rest_route=\/wp\/v2\/media\/6638"}],"wp:attachment":[{"href":"https:\/\/mundo.seashell.pt\/index.php?rest_route=%2Fwp%2Fv2%2Fmedia&parent=6637"}],"wp:term":[{"taxonomy":"product_cat","embeddable":true,"href":"https:\/\/mundo.seashell.pt\/index.php?rest_route=%2Fwp%2Fv2%2Fproduct_cat&post=6637"},{"taxonomy":"product_tag","embeddable":true,"href":"https:\/\/mundo.seashell.pt\/index.php?rest_route=%2Fwp%2Fv2%2Fproduct_tag&post=6637"}],"curies":[{"name":"wp","href":"https:\/\/api.w.org\/{rel}","templated":true}]}}