{"id":6633,"date":"2022-02-23T18:49:22","date_gmt":"2022-02-23T18:49:22","guid":{"rendered":"https:\/\/mundo.seashell.pt\/?post_type=product&#038;p=6633"},"modified":"2022-02-23T18:49:24","modified_gmt":"2022-02-23T18:49:24","slug":"iberia-espuma-tira-nodoas-a-seco-02l","status":"publish","type":"product","link":"https:\/\/mundo.seashell.pt\/?product=iberia-espuma-tira-nodoas-a-seco-02l","title":{"rendered":"Ib\u00e9ria Espuma Tira-Nodoas a Seco 200ml"},"content":{"rendered":"<p>Iberia tira n\u00f3doas a seco \u00e9 um pr\u00e1tico spray que elimina n\u00f3doas dif\u00edceis da roupa sem necessitar de \u00e1gua.<\/p>\n<h3>Tipo de produto:<\/h3>\n<p>Tira N\u00f3doas<\/p>\n<h3>Benef\u00edcios:<\/h3>\n<p>&#8211; Solu\u00e7\u00e3o pr\u00e1tica, r\u00e1pida e f\u00e1cil de usar no momento em que mais precisa;<br \/>&#8211; Escova de limpeza incorporada para resultados fant\u00e1sticos sem danificar os tecidos e sem deixar marcas.<\/p>\n<h3>Conselhos de utiliza\u00e7\u00e3o:<\/h3>\n<p>Aplique diretamente na n\u00f3doa com uma pequena vaporiza\u00e7\u00e3o. Aguarde uns minutos e, de seguida, escove com a escova incorporada na tampa.<\/p>\n<h3>Dicas:<\/h3>\n<p>N\u00e3o aplicar em seda, tecidos delicados e pe\u00e7as de roupa que indiquem lavagem a seco. Em roupas de cores intensas, realizar uma prova pr\u00e9via numa zona pouco vis\u00edvel para con\ufb01rmar se a cor \u00e9 su\ufb01cientemente s\u00f3lida.<\/p>\n","protected":false},"excerpt":{"rendered":"<p>Iberia tira n\u00f3doas a seco \u00e9 um pr\u00e1tico spray que elimina n\u00f3doas dif\u00edceis da roupa sem necessitar de \u00e1gua.<br \/>\nTipo de produto:<br \/>\nTira N\u00f3doasBenef\u00edcios:<br \/>\n&#8211; Solu\u00e7\u00e3o pr\u00e1tica, r\u00e1pida e f\u00e1cil de usar no momento em que mais precisa;- Escova de limpeza incorporada para resultados fant\u00e1sticos sem danificar os tecidos e se&#8230;<\/p>\n","protected":false},"featured_media":6634,"template":"","meta":{"spay_email":""},"product_cat":[15],"product_tag":[],"class_list":{"0":"post-6633","1":"product","2":"type-product","3":"status-publish","4":"has-post-thumbnail","6":"product_cat-sem-categoria","8":"first","9":"instock","10":"taxable","11":"shipping-taxable","12":"purchasable","13":"product-type-simple"},"acf":[],"jetpack-related-posts":[{"id":6629,"url":"https:\/\/mundo.seashell.pt\/?product=iberia-tira-nodoas-015l","url_meta":{"origin":6633,"position":0},"title":"Ib\u00e9ria Tira N\u00f3doas 150ml","date":"Fevereiro 23, 2022","format":false,"excerpt":"Descri\u00e7\u00e3o: N\u00f3doas acidentais com necessidade de pr\u00e9-tratamento? Ib\u00e9ria tira n\u00f3doas acidentais \u00e9 um produto que elimina as n\u00f3doas dif\u00edceis \u00e0 primeira. \u00c9 muito f\u00e1cil de usar, basta aplicar na roupa atrav\u00e9s do seu aplicador exclusivo. N\u00f3doas resistentes com necessidade de pr\u00e9-tratamento? Ib\u00e9ria tira n\u00f3doas di\u00e1rias \u00e9 um produto qu...","rel":"","context":"Similar post","img":{"alt_text":"","src":"https:\/\/i0.wp.com\/mundo.seashell.pt\/wp-content\/uploads\/2022\/02\/IBE_RIA_REVOLUTION_TIRA_NO_DOAS_ACIDENTAIS_150ml_8411660210036.png?resize=350%2C200&ssl=1","width":350,"height":200},"classes":[]},{"id":6627,"url":"https:\/\/mundo.seashell.pt\/?product=skip-tira-nodoas-05l","url_meta":{"origin":6633,"position":1},"title":"Skip Tira N\u00f3doas 500ml","date":"Fevereiro 23, 2022","format":false,"excerpt":"Skip spray tira-n\u00f3doas com oxig\u00e9nio bioativo remove cuidadosamente e sem esfor\u00e7o as n\u00f3doas mais dif\u00edceis, podendo ser utilizado em roupas brancas e de cor. Tipo de produto: Tira N\u00f3doasBenef\u00edcios: - Remo\u00e7\u00e3o de n\u00f3doas, sem esfregar, diretamente na m\u00e1quina;- Cuidado da roupa, nos tecidos e nas...","rel":"","context":"Similar post","img":{"alt_text":"","src":"https:\/\/i0.wp.com\/mundo.seashell.pt\/wp-content\/uploads\/2022\/02\/SKIP_TIRA_NO_DOAS_SPRAY_500ml_8710847944420.png?resize=350%2C200&ssl=1","width":350,"height":200},"classes":[]},{"id":6631,"url":"https:\/\/mundo.seashell.pt\/?product=vanish-power-gel-02l","url_meta":{"origin":6633,"position":2},"title":"Vanish Power Gel 200ml","date":"Fevereiro 23, 2022","format":false,"excerpt":"Vanish power gel \u00e9 um produto inovador com uma f\u00f3rmula 2 vezes mais concentrada, que elimina n\u00f3doas dif\u00edceis em apenas 30 segundos. \u00c9 um produto muito f\u00e1cil de utilizar, bastando aplicar na roupa atrav\u00e9s da sua cabe\u00e7a massajadora. Vanish \u00e9 o tira-n\u00f3doas n\u00ba #1 em Portugal. Tipo de produto: Tira\u2026","rel":"","context":"Similar post","img":{"alt_text":"","src":"https:\/\/i0.wp.com\/mundo.seashell.pt\/wp-content\/uploads\/2022\/02\/VANISH_POWER_GEL_200MLx8_8410104402501.png?resize=350%2C200&ssl=1","width":350,"height":200},"classes":[]},{"id":6619,"url":"https:\/\/mundo.seashell.pt\/?product=k2r-tira-nodoas-pre-wash-spray-05l","url_meta":{"origin":6633,"position":3},"title":"K2R Tira N\u00f3doas (Pre Wash Spray) 0.5L","date":"Fevereiro 23, 2022","format":false,"excerpt":"Gra\u00e7as \u00e0 sua f\u00f3rmula, K2r spray tira-n\u00f3doas pr\u00e9-lavagem \u00e9 adequado para todos os tipos de n\u00f3doas, todas as temperaturas e tamb\u00e9m para todas as cores e tecidos, incluindo l\u00e3 e seda. Especialmente adequado para eliminar n\u00f3doas de vinho, sumo e frutas, azeite, maionese, molho de tomate, caf\u00e9, ch\u00e1 e chocolate,\u2026","rel":"","context":"Similar post","img":{"alt_text":"","src":"https:\/\/i0.wp.com\/mundo.seashell.pt\/wp-content\/uploads\/2022\/02\/K2R_Pre_wash_Spray_500ml____9000101390612.png?resize=350%2C200&ssl=1","width":350,"height":200},"classes":[]},{"id":6655,"url":"https:\/\/mundo.seashell.pt\/?product=k2r-oxycolor-750gr","url_meta":{"origin":6633,"position":4},"title":"K2r Oxycolor 750Gr","date":"Fevereiro 23, 2022","format":false,"excerpt":"Tira-n\u00f3doas sem lix\u00edvia para roupa branca e de cor. Devolve a m\u00e1xima brancura \u00e0 sua roupa desde a primeira lavagem. Pode ser utilizado em todo o tipo de roupa, para a elimina\u00e7\u00e3o eficaz das n\u00f3doas sem danificar os tecidos. Tipo de produto: Tira N\u00f3doasBenef\u00edcios: - Remove todo o tipo de\u2026","rel":"","context":"Similar post","img":{"alt_text":"","src":"https:\/\/i0.wp.com\/mundo.seashell.pt\/wp-content\/uploads\/2022\/02\/K2R_In-Wash_Powder_Uni_750g_8U____8410436373524.png?resize=350%2C200&ssl=1","width":350,"height":200},"classes":[]},{"id":6625,"url":"https:\/\/mundo.seashell.pt\/?product=vanish-oxi-action-tira-nodoas-075l","url_meta":{"origin":6633,"position":5},"title":"Vanish Oxi Action Tira N\u00f3doas 750ml","date":"Fevereiro 23, 2022","format":false,"excerpt":"Tipo de produto: Tira N\u00f3doas Benef\u00edcios: - Remove n\u00f3doas \u00e0 primeira mesmo em \u00e1gua fria;- Brancos mais brancos, mesmo ap\u00f3s 50 lavagens;- Efic\u00e1cia em ciclos curtos;- Seguro para todos os tecidos. Conselhos de utiliza\u00e7\u00e3o: Aplique na n\u00f3doa e espalhe em c\u00edrculos. Deixe atuar durante 1 a 5min, no...","rel":"","context":"Similar post","img":{"alt_text":"","src":"https:\/\/i0.wp.com\/mundo.seashell.pt\/wp-content\/uploads\/2022\/02\/VANISH_SPRAY_ROUPABRANCA750ML_X6_8410104898496.png?resize=350%2C200&ssl=1","width":350,"height":200},"classes":[]}],"_links":{"self":[{"href":"https:\/\/mundo.seashell.pt\/index.php?rest_route=\/wp\/v2\/product\/6633","targetHints":{"allow":["GET"]}}],"collection":[{"href":"https:\/\/mundo.seashell.pt\/index.php?rest_route=\/wp\/v2\/product"}],"about":[{"href":"https:\/\/mundo.seashell.pt\/index.php?rest_route=\/wp\/v2\/types\/product"}],"wp:featuredmedia":[{"embeddable":true,"href":"https:\/\/mundo.seashell.pt\/index.php?rest_route=\/wp\/v2\/media\/6634"}],"wp:attachment":[{"href":"https:\/\/mundo.seashell.pt\/index.php?rest_route=%2Fwp%2Fv2%2Fmedia&parent=6633"}],"wp:term":[{"taxonomy":"product_cat","embeddable":true,"href":"https:\/\/mundo.seashell.pt\/index.php?rest_route=%2Fwp%2Fv2%2Fproduct_cat&post=6633"},{"taxonomy":"product_tag","embeddable":true,"href":"https:\/\/mundo.seashell.pt\/index.php?rest_route=%2Fwp%2Fv2%2Fproduct_tag&post=6633"}],"curies":[{"name":"wp","href":"https:\/\/api.w.org\/{rel}","templated":true}]}}