{"id":6629,"date":"2022-02-23T18:49:18","date_gmt":"2022-02-23T18:49:18","guid":{"rendered":"https:\/\/mundo.seashell.pt\/?post_type=product&#038;p=6629"},"modified":"2022-02-23T18:49:20","modified_gmt":"2022-02-23T18:49:20","slug":"iberia-tira-nodoas-015l","status":"publish","type":"product","link":"https:\/\/mundo.seashell.pt\/?product=iberia-tira-nodoas-015l","title":{"rendered":"Ib\u00e9ria Tira N\u00f3doas 150ml"},"content":{"rendered":"<h3>Descri\u00e7\u00e3o:<\/h3>\n<p>N\u00f3doas acidentais com necessidade de pr\u00e9-tratamento? Ib\u00e9ria tira n\u00f3doas acidentais \u00e9 um produto que elimina as n\u00f3doas dif\u00edceis \u00e0 primeira. \u00c9 muito f\u00e1cil de usar, basta aplicar na roupa atrav\u00e9s do seu aplicador exclusivo.<\/p>\n<p>N\u00f3doas resistentes com necessidade de pr\u00e9-tratamento? Ib\u00e9ria tira n\u00f3doas di\u00e1rias \u00e9 um produto que elimina as n\u00f3doas dif\u00edceis \u00e0 primeira. \u00c9 muito f\u00e1cil de usar, basta aplicar na roupa atrav\u00e9s do seu aplicador exclusivo.<\/p>\n<h3>Benef\u00edcios:<\/h3>\n<p>&#8211; F\u00f3rmula de m\u00e1xima efic\u00e1cia em manchas de prote\u00ednas;<br \/>&#8211; Eficaz em machas de erva, lama, papas, fruta, chocolate, iogurte e ketchup;<br \/>&#8211; Aplicador exclusivo que permite que a f\u00f3rmula penetre at\u00e9 ao interior da \ufb01bra, impregnando a mancha e eliminando-a por completo.<\/p>\n<h3>Conselhos de utiliza\u00e7\u00e3o:<\/h3>\n<p>Na primeira utiliza\u00e7\u00e3o, pressione firmemente a bola at\u00e9 sair produto.<\/p>\n<p>Trate a mancha o mais r\u00e1pido poss\u00edvel, evitando que seque. Se houver res\u00edduos, remova cuidadosamente com um guardanapo de papel, evitando espalh\u00e1-los;<\/p>\n<p>Estenda a pe\u00e7a de roupa sobre uma superf\u00edcie plana e coloque um pano branco ou papel de cozinha absorvente debaixo da mancha;<\/p>\n<p>Se estiver seca, molhe-a ligeiramente com \u00e1gua;<\/p>\n<p>Aplique o produto em ambos os lados da mancha e esfregue suavemente;<\/p>\n<p>Pressione com o pano ou papel para que absorva uma parte da mancha;<\/p>\n<p>Deixe atuar entre 2 a 5 minutos, sem deixar que o produto seque;<\/p>\n<p>Lave imediatamente, seguindo as recomenda\u00e7\u00f5es de lavagem da etiqueta da pe\u00e7a de roupa.<\/p>\n<h3>Dicas:<\/h3>\n<p>N\u00e3o aplicar em seda, tecidos delicados e pe\u00e7as de roupa que indiquem lavagem a seco. Em roupas de cores intensas, realizar uma prova pr\u00e9via numa zona pouco vis\u00edvel para con\ufb01rmar se a cor \u00e9 su\ufb01cientemente s\u00f3lida.<\/p>\n<p><\/p>\n<p><\/p>\n","protected":false},"excerpt":{"rendered":"<p>Descri\u00e7\u00e3o:<br \/>\nN\u00f3doas acidentais com necessidade de pr\u00e9-tratamento? Ib\u00e9ria tira n\u00f3doas acidentais \u00e9 um produto que elimina as n\u00f3doas dif\u00edceis \u00e0 primeira. \u00c9 muito f\u00e1cil de usar, basta aplicar na roupa atrav\u00e9s do seu aplicador exclusivo.<br \/>\nN\u00f3doas resistentes com necessidade de pr\u00e9-tratamento? Ib\u00e9ria tira n\u00f3doas di\u00e1rias \u00e9 um produto qu&#8230;<\/p>\n","protected":false},"featured_media":6630,"template":"","meta":{"spay_email":""},"product_cat":[15],"product_tag":[],"class_list":{"0":"post-6629","1":"product","2":"type-product","3":"status-publish","4":"has-post-thumbnail","6":"product_cat-sem-categoria","8":"first","9":"instock","10":"taxable","11":"shipping-taxable","12":"purchasable","13":"product-type-simple"},"acf":[],"jetpack-related-posts":[{"id":6631,"url":"https:\/\/mundo.seashell.pt\/?product=vanish-power-gel-02l","url_meta":{"origin":6629,"position":0},"title":"Vanish Power Gel 200ml","date":"Fevereiro 23, 2022","format":false,"excerpt":"Vanish power gel \u00e9 um produto inovador com uma f\u00f3rmula 2 vezes mais concentrada, que elimina n\u00f3doas dif\u00edceis em apenas 30 segundos. \u00c9 um produto muito f\u00e1cil de utilizar, bastando aplicar na roupa atrav\u00e9s da sua cabe\u00e7a massajadora. Vanish \u00e9 o tira-n\u00f3doas n\u00ba #1 em Portugal. Tipo de produto: Tira\u2026","rel":"","context":"Similar post","img":{"alt_text":"","src":"https:\/\/i0.wp.com\/mundo.seashell.pt\/wp-content\/uploads\/2022\/02\/VANISH_POWER_GEL_200MLx8_8410104402501.png?resize=350%2C200&ssl=1","width":350,"height":200},"classes":[]},{"id":6617,"url":"https:\/\/mundo.seashell.pt\/?product=kh-7-tira-nodoas-075l","url_meta":{"origin":6629,"position":1},"title":"KH-7 Tira N\u00f3doas 750ml","date":"Fevereiro 23, 2022","format":false,"excerpt":"Gra\u00e7as ao seu c\u00f3modo pulverizador, poder\u00e1 aplicar o produto facilmente em qualquer lugar, utilizando apenas a dose que necessita. KH-7 tira-nod\u00f3as, efic\u00e1cia contra as manchas para toda a sua roupa. \u00c9 um tira n\u00f3doas de pr\u00e9-lavagem especialmente formulado para todo o tipo de manchas. Pulverize KH-7 tira-n\u00f3doas sobre a roupa\u2026","rel":"","context":"Similar post","img":{"alt_text":"","src":"https:\/\/i0.wp.com\/mundo.seashell.pt\/wp-content\/uploads\/2022\/02\/KH7_TIRA_NODOAS_750ml.png?resize=350%2C200&ssl=1","width":350,"height":200},"classes":[]},{"id":6633,"url":"https:\/\/mundo.seashell.pt\/?product=iberia-espuma-tira-nodoas-a-seco-02l","url_meta":{"origin":6629,"position":2},"title":"Ib\u00e9ria Espuma Tira-Nodoas a Seco 200ml","date":"Fevereiro 23, 2022","format":false,"excerpt":"Iberia tira n\u00f3doas a seco \u00e9 um pr\u00e1tico spray que elimina n\u00f3doas dif\u00edceis da roupa sem necessitar de \u00e1gua. Tipo de produto: Tira N\u00f3doasBenef\u00edcios: - Solu\u00e7\u00e3o pr\u00e1tica, r\u00e1pida e f\u00e1cil de usar no momento em que mais precisa;- Escova de limpeza incorporada para resultados fant\u00e1sticos sem danificar os tecidos e\u2026","rel":"","context":"Similar post","img":{"alt_text":"","src":"https:\/\/i0.wp.com\/mundo.seashell.pt\/wp-content\/uploads\/2022\/02\/IBE_RIA_REVOLUTION_TIRA_NO_DOAS_SEC_200ml_8411660211118.png?resize=350%2C200&ssl=1","width":350,"height":200},"classes":[]},{"id":6643,"url":"https:\/\/mundo.seashell.pt\/?product=vanish-tira-nodoas-1l","url_meta":{"origin":6629,"position":3},"title":"Vanish Tira N\u00f3doas 1L","date":"Fevereiro 23, 2022","format":false,"excerpt":"Problemas com a lavagem da roupa? Os detergentes nem sempre conseguem remover as n\u00f3doas, proteger as cores e eliminar maus odores. Experimente o novo Vanish\u00a0para brancos e\u00a0cores! A sua f\u00f3rmula remove n\u00f3doas, reaviva as cores e elimina maus odores. Pode ser utilizado em pr\u00e9-tratamento, de molho ou diretamente na m\u00e1quina,\u2026","rel":"","context":"Similar post","img":{"alt_text":"","src":"https:\/\/i0.wp.com\/mundo.seashell.pt\/wp-content\/uploads\/2022\/02\/Vanish_Delicadas_White_1Lx12_8410104884833.png?resize=350%2C200&ssl=1","width":350,"height":200},"classes":[]},{"id":6639,"url":"https:\/\/mundo.seashell.pt\/?product=vanix-oxi-action-08l","url_meta":{"origin":6629,"position":4},"title":"Vanix Oxi Action 800ml","date":"Fevereiro 23, 2022","format":false,"excerpt":"Problemas com a lavagem da roupa? Os detergentes nem sempre conseguem remover as n\u00f3doas, proteger as cores e eliminar maus odores. Experimente o novo Vanish oxi action gel para cores! A sua f\u00f3rmula remove n\u00f3doas, reaviva as cores e elimina maus odores. Pode ser utilizado em pr\u00e9-tratamento, de molho ou\u2026","rel":"","context":"Similar post","img":{"alt_text":"","src":"https:\/\/i0.wp.com\/mundo.seashell.pt\/wp-content\/uploads\/2022\/02\/Vanish_Oxi_Action_Gel_Pink_800ML_x6_5601217134363.png?resize=350%2C200&ssl=1","width":350,"height":200},"classes":[]},{"id":5828,"url":"https:\/\/mundo.seashell.pt\/?product=rust-action-500ml-tira-nodoas","url_meta":{"origin":6629,"position":5},"title":"Rust Action 500ML &#8211; Tira-N\u00f3doas","date":"Fevereiro 23, 2022","format":false,"excerpt":"Tira-n\u00f3doas e agente de pr\u00e9-tratamento de tecidos para a remo\u00e7\u00e3o de manchas de ferrugem","rel":"","context":"Similar post","img":{"alt_text":"","src":"https:\/\/i0.wp.com\/mundo.seashell.pt\/wp-content\/uploads\/2022\/02\/rust_action.jpg?resize=350%2C200&ssl=1","width":350,"height":200},"classes":[]}],"_links":{"self":[{"href":"https:\/\/mundo.seashell.pt\/index.php?rest_route=\/wp\/v2\/product\/6629","targetHints":{"allow":["GET"]}}],"collection":[{"href":"https:\/\/mundo.seashell.pt\/index.php?rest_route=\/wp\/v2\/product"}],"about":[{"href":"https:\/\/mundo.seashell.pt\/index.php?rest_route=\/wp\/v2\/types\/product"}],"wp:featuredmedia":[{"embeddable":true,"href":"https:\/\/mundo.seashell.pt\/index.php?rest_route=\/wp\/v2\/media\/6630"}],"wp:attachment":[{"href":"https:\/\/mundo.seashell.pt\/index.php?rest_route=%2Fwp%2Fv2%2Fmedia&parent=6629"}],"wp:term":[{"taxonomy":"product_cat","embeddable":true,"href":"https:\/\/mundo.seashell.pt\/index.php?rest_route=%2Fwp%2Fv2%2Fproduct_cat&post=6629"},{"taxonomy":"product_tag","embeddable":true,"href":"https:\/\/mundo.seashell.pt\/index.php?rest_route=%2Fwp%2Fv2%2Fproduct_tag&post=6629"}],"curies":[{"name":"wp","href":"https:\/\/api.w.org\/{rel}","templated":true}]}}