{"id":6625,"date":"2022-02-23T18:49:12","date_gmt":"2022-02-23T18:49:12","guid":{"rendered":"https:\/\/mundo.seashell.pt\/?post_type=product&#038;p=6625"},"modified":"2022-02-23T18:49:15","modified_gmt":"2022-02-23T18:49:15","slug":"vanish-oxi-action-tira-nodoas-075l","status":"publish","type":"product","link":"https:\/\/mundo.seashell.pt\/?product=vanish-oxi-action-tira-nodoas-075l","title":{"rendered":"Vanish Oxi Action Tira N\u00f3doas 750ml"},"content":{"rendered":"<h3>Tipo de produto:<\/h3>\n<p>Tira N\u00f3doas<\/p>\n<h3>Benef\u00edcios:<\/h3>\n<p>&#8211; Remove n\u00f3doas \u00e0 primeira mesmo em \u00e1gua fria;<br \/>&#8211; Brancos mais brancos, mesmo ap\u00f3s 50 lavagens;<br \/>&#8211; Efic\u00e1cia em ciclos curtos;<br \/>&#8211; Seguro para todos os tecidos.<\/p>\n<h3>Conselhos de utiliza\u00e7\u00e3o:<\/h3>\n<p>Aplique na n\u00f3doa e espalhe em c\u00edrculos. Deixe atuar durante 1 a 5min, no m\u00e1ximo, e depois coloque a lavar normalmente. Siga sempre os conselhos de lavagem das etiquetas da roupa. Adequado em roupa branca e de cor, se usado conforme as instru\u00e7\u00f5es do fabricante da roupa. Teste sempre a resist\u00eancia da cor, aplicando o produto numa zona n\u00e3o vis\u00edvel do tecido antes de usar. Enxague e deixe secar. N\u00e3o esfregar manchas de chocolate. N\u00e3o usar em l\u00e3s, sedas ou pele. N\u00e3o colocar em superf\u00edcies polidas ou revestidas como, por exemplo, madeira, metais, entre outros. N\u00e3o usar em tecidos que exijam limpeza a seco.<\/p>\n<p><\/p>\n<p><\/p>\n","protected":false},"excerpt":{"rendered":"<p>Tipo de produto:<br \/>\nTira N\u00f3doas<br \/>\nBenef\u00edcios:<br \/>\n&#8211; Remove n\u00f3doas \u00e0 primeira mesmo em \u00e1gua fria;- Brancos mais brancos, mesmo ap\u00f3s 50 lavagens;- Efic\u00e1cia em ciclos curtos;- Seguro para todos os tecidos.<br \/>\nConselhos de utiliza\u00e7\u00e3o:<br \/>\nAplique na n\u00f3doa e espalhe em c\u00edrculos. Deixe atuar durante 1 a 5min, no&#8230;<\/p>\n","protected":false},"featured_media":6626,"template":"","meta":{"spay_email":""},"product_cat":[15],"product_tag":[],"class_list":{"0":"post-6625","1":"product","2":"type-product","3":"status-publish","4":"has-post-thumbnail","6":"product_cat-sem-categoria","8":"first","9":"instock","10":"taxable","11":"shipping-taxable","12":"purchasable","13":"product-type-simple"},"acf":[],"jetpack-related-posts":[{"id":6631,"url":"https:\/\/mundo.seashell.pt\/?product=vanish-power-gel-02l","url_meta":{"origin":6625,"position":0},"title":"Vanish Power Gel 200ml","date":"Fevereiro 23, 2022","format":false,"excerpt":"Vanish power gel \u00e9 um produto inovador com uma f\u00f3rmula 2 vezes mais concentrada, que elimina n\u00f3doas dif\u00edceis em apenas 30 segundos. \u00c9 um produto muito f\u00e1cil de utilizar, bastando aplicar na roupa atrav\u00e9s da sua cabe\u00e7a massajadora. Vanish \u00e9 o tira-n\u00f3doas n\u00ba #1 em Portugal. Tipo de produto: Tira\u2026","rel":"","context":"Similar post","img":{"alt_text":"","src":"https:\/\/i0.wp.com\/mundo.seashell.pt\/wp-content\/uploads\/2022\/02\/VANISH_POWER_GEL_200MLx8_8410104402501.png?resize=350%2C200&ssl=1","width":350,"height":200},"classes":[]},{"id":6627,"url":"https:\/\/mundo.seashell.pt\/?product=skip-tira-nodoas-05l","url_meta":{"origin":6625,"position":1},"title":"Skip Tira N\u00f3doas 500ml","date":"Fevereiro 23, 2022","format":false,"excerpt":"Skip spray tira-n\u00f3doas com oxig\u00e9nio bioativo remove cuidadosamente e sem esfor\u00e7o as n\u00f3doas mais dif\u00edceis, podendo ser utilizado em roupas brancas e de cor. Tipo de produto: Tira N\u00f3doasBenef\u00edcios: - Remo\u00e7\u00e3o de n\u00f3doas, sem esfregar, diretamente na m\u00e1quina;- Cuidado da roupa, nos tecidos e nas...","rel":"","context":"Similar post","img":{"alt_text":"","src":"https:\/\/i0.wp.com\/mundo.seashell.pt\/wp-content\/uploads\/2022\/02\/SKIP_TIRA_NO_DOAS_SPRAY_500ml_8710847944420.png?resize=350%2C200&ssl=1","width":350,"height":200},"classes":[]},{"id":6633,"url":"https:\/\/mundo.seashell.pt\/?product=iberia-espuma-tira-nodoas-a-seco-02l","url_meta":{"origin":6625,"position":2},"title":"Ib\u00e9ria Espuma Tira-Nodoas a Seco 200ml","date":"Fevereiro 23, 2022","format":false,"excerpt":"Iberia tira n\u00f3doas a seco \u00e9 um pr\u00e1tico spray que elimina n\u00f3doas dif\u00edceis da roupa sem necessitar de \u00e1gua. Tipo de produto: Tira N\u00f3doasBenef\u00edcios: - Solu\u00e7\u00e3o pr\u00e1tica, r\u00e1pida e f\u00e1cil de usar no momento em que mais precisa;- Escova de limpeza incorporada para resultados fant\u00e1sticos sem danificar os tecidos e\u2026","rel":"","context":"Similar post","img":{"alt_text":"","src":"https:\/\/i0.wp.com\/mundo.seashell.pt\/wp-content\/uploads\/2022\/02\/IBE_RIA_REVOLUTION_TIRA_NO_DOAS_SEC_200ml_8411660211118.png?resize=350%2C200&ssl=1","width":350,"height":200},"classes":[]},{"id":6645,"url":"https:\/\/mundo.seashell.pt\/?product=vanish-cores-3l","url_meta":{"origin":6625,"position":3},"title":"Vanish Cores 3L","date":"Fevereiro 23, 2022","format":false,"excerpt":"Vanish l\u00edquido delicada \u00e9 uma alternativa \u00e0 lix\u00edvia tradicional. \u00c9 um tira-n\u00f3doas sem cloro, seguro para todas as cores e tecidos, mesmo os de cor e os mais delicados. Vanish \u00e9 o tira-n\u00f3doas n\u00ba #1 em Portugal. Tipo de produto: Lix\u00edvia DelicadaBenef\u00edcios: - Adequado para roupa branca e de cor;-\u2026","rel":"","context":"Similar post","img":{"alt_text":"","src":"https:\/\/i0.wp.com\/mundo.seashell.pt\/wp-content\/uploads\/2022\/02\/Vanish_Delicada_Pink_3L_x6_8410104252304.png?resize=350%2C200&ssl=1","width":350,"height":200},"classes":[]},{"id":6629,"url":"https:\/\/mundo.seashell.pt\/?product=iberia-tira-nodoas-015l","url_meta":{"origin":6625,"position":4},"title":"Ib\u00e9ria Tira N\u00f3doas 150ml","date":"Fevereiro 23, 2022","format":false,"excerpt":"Descri\u00e7\u00e3o: N\u00f3doas acidentais com necessidade de pr\u00e9-tratamento? Ib\u00e9ria tira n\u00f3doas acidentais \u00e9 um produto que elimina as n\u00f3doas dif\u00edceis \u00e0 primeira. \u00c9 muito f\u00e1cil de usar, basta aplicar na roupa atrav\u00e9s do seu aplicador exclusivo. N\u00f3doas resistentes com necessidade de pr\u00e9-tratamento? Ib\u00e9ria tira n\u00f3doas di\u00e1rias \u00e9 um produto qu...","rel":"","context":"Similar post","img":{"alt_text":"","src":"https:\/\/i0.wp.com\/mundo.seashell.pt\/wp-content\/uploads\/2022\/02\/IBE_RIA_REVOLUTION_TIRA_NO_DOAS_ACIDENTAIS_150ml_8411660210036.png?resize=350%2C200&ssl=1","width":350,"height":200},"classes":[]},{"id":6641,"url":"https:\/\/mundo.seashell.pt\/?product=vanish-oxi-action-odores-912gr","url_meta":{"origin":6625,"position":5},"title":"Vanish Oxi Action Odores 912gr","date":"Fevereiro 23, 2022","format":false,"excerpt":"Vanish Oxi Action Odores\u00a0Benef\u00edcios: - Elimina n\u00f3doas em apenas 30 segundos, em algumas n\u00f3doas como vinho tinto, r\u00edmel, base de maquilhagem e molho de soja;- F\u00f3rmula 2x mais concentrada;- Cabe\u00e7a massajadora. Conselhos de utiliza\u00e7\u00e3o: Aplique na n\u00f3doa e espalhe em c\u00edrculos. Deixe atuar durante 1 a 5min...","rel":"","context":"Similar post","img":{"alt_text":"","src":"https:\/\/i0.wp.com\/mundo.seashell.pt\/wp-content\/uploads\/2022\/02\/Vanish_gel_Oxi_Odores_912ml_x6_8410104893842.png?resize=350%2C200&ssl=1","width":350,"height":200},"classes":[]}],"_links":{"self":[{"href":"https:\/\/mundo.seashell.pt\/index.php?rest_route=\/wp\/v2\/product\/6625","targetHints":{"allow":["GET"]}}],"collection":[{"href":"https:\/\/mundo.seashell.pt\/index.php?rest_route=\/wp\/v2\/product"}],"about":[{"href":"https:\/\/mundo.seashell.pt\/index.php?rest_route=\/wp\/v2\/types\/product"}],"wp:featuredmedia":[{"embeddable":true,"href":"https:\/\/mundo.seashell.pt\/index.php?rest_route=\/wp\/v2\/media\/6626"}],"wp:attachment":[{"href":"https:\/\/mundo.seashell.pt\/index.php?rest_route=%2Fwp%2Fv2%2Fmedia&parent=6625"}],"wp:term":[{"taxonomy":"product_cat","embeddable":true,"href":"https:\/\/mundo.seashell.pt\/index.php?rest_route=%2Fwp%2Fv2%2Fproduct_cat&post=6625"},{"taxonomy":"product_tag","embeddable":true,"href":"https:\/\/mundo.seashell.pt\/index.php?rest_route=%2Fwp%2Fv2%2Fproduct_tag&post=6625"}],"curies":[{"name":"wp","href":"https:\/\/api.w.org\/{rel}","templated":true}]}}