{"id":6623,"date":"2022-02-23T18:48:57","date_gmt":"2022-02-23T18:48:57","guid":{"rendered":"https:\/\/mundo.seashell.pt\/?post_type=product&#038;p=6623"},"modified":"2022-02-23T18:48:59","modified_gmt":"2022-02-23T18:48:59","slug":"vanish-tira-nodoas-dia-a-dia-05l","status":"publish","type":"product","link":"https:\/\/mundo.seashell.pt\/?product=vanish-tira-nodoas-dia-a-dia-05l","title":{"rendered":"Vanish Tira N\u00f3doas Dia-a-Dia 500ml"},"content":{"rendered":"<p>Vanish oxi action spray elimina as n\u00f3doas \u00e0 primeira lavagem e \u00e9 muito f\u00e1cil de utilizar! Vanish \u00e9 o tira-n\u00f3doas n\u00ba #1 em Portugal.<\/p>\n<h3>Tipo de produto:<\/h3>\n<p>Tira N\u00f3doas<\/p>\n<h3>Benef\u00edcios:<\/h3>\n<p>&#8211; Remove n\u00f3doas \u00e0 primeira lavagem;<br \/>&#8211; Formato f\u00e1cil de aplicar.<\/p>\n<h3>Conselhos de utiliza\u00e7\u00e3o:<\/h3>\n<p>Rode a patilha de seguran\u00e7a. Aplique sobre a n\u00f3doa. Deixe atuar 5 minutos no m\u00e1ximo. Coloque na m\u00e1quina e lave normalmente. Para obter melhores resultados, trate as n\u00f3doas o mais rapidamente poss\u00edvel, aplicando o spray em ambos os lados do tecido. Aplique diretamente nas n\u00f3doas.<\/p>\n","protected":false},"excerpt":{"rendered":"<p>Vanish oxi action spray elimina as n\u00f3doas \u00e0 primeira lavagem e \u00e9 muito f\u00e1cil de utilizar! Vanish \u00e9 o tira-n\u00f3doas n\u00ba #1 em Portugal.<br \/>\nTipo de produto:<br \/>\nTira N\u00f3doasBenef\u00edcios:<br \/>\n&#8211; Remove n\u00f3doas \u00e0 primeira lavagem;- Formato f\u00e1cil de aplicar.<br \/>\nConselhos de utiliza\u00e7\u00e3o:<br \/>\nRode a patilha de seguran\u00e7a. Apl&#8230;<\/p>\n","protected":false},"featured_media":6624,"template":"","meta":{"spay_email":""},"product_cat":[15],"product_tag":[],"class_list":{"0":"post-6623","1":"product","2":"type-product","3":"status-publish","4":"has-post-thumbnail","6":"product_cat-sem-categoria","8":"first","9":"instock","10":"taxable","11":"shipping-taxable","12":"purchasable","13":"product-type-simple"},"acf":[],"jetpack-related-posts":[{"id":6639,"url":"https:\/\/mundo.seashell.pt\/?product=vanix-oxi-action-08l","url_meta":{"origin":6623,"position":0},"title":"Vanix Oxi Action 800ml","date":"Fevereiro 23, 2022","format":false,"excerpt":"Problemas com a lavagem da roupa? Os detergentes nem sempre conseguem remover as n\u00f3doas, proteger as cores e eliminar maus odores. Experimente o novo Vanish oxi action gel para cores! A sua f\u00f3rmula remove n\u00f3doas, reaviva as cores e elimina maus odores. Pode ser utilizado em pr\u00e9-tratamento, de molho ou\u2026","rel":"","context":"Similar post","img":{"alt_text":"","src":"https:\/\/i0.wp.com\/mundo.seashell.pt\/wp-content\/uploads\/2022\/02\/Vanish_Oxi_Action_Gel_Pink_800ML_x6_5601217134363.png?resize=350%2C200&ssl=1","width":350,"height":200},"classes":[]},{"id":6657,"url":"https:\/\/mundo.seashell.pt\/?product=vanish-oxi-action-em-po-420gr","url_meta":{"origin":6623,"position":1},"title":"Vanish Oxi Action em P\u00f3 420Gr","date":"Fevereiro 23, 2022","format":false,"excerpt":"Depois de lavar a roupa, continua com maus odores e n\u00f3doas? Vanish oxi action p\u00f3 elimina odores \u00e9 um tira-n\u00f3doas poderoso sem lix\u00edvia que, para al\u00e9m de remover todo o tipo de n\u00f3doas, cont\u00e9m uma tecnologia de neutraliza\u00e7\u00e3o de odores. Pode ser utilizado em pr\u00e9-tratamento, de molho ou diretamente na\u2026","rel":"","context":"Similar post","img":{"alt_text":"","src":"https:\/\/i0.wp.com\/mundo.seashell.pt\/wp-content\/uploads\/2022\/02\/Vanish_Oxi_Action_Po__White_420G_4_P_x6_5601217134332.png?resize=350%2C200&ssl=1","width":350,"height":200},"classes":[]},{"id":6625,"url":"https:\/\/mundo.seashell.pt\/?product=vanish-oxi-action-tira-nodoas-075l","url_meta":{"origin":6623,"position":2},"title":"Vanish Oxi Action Tira N\u00f3doas 750ml","date":"Fevereiro 23, 2022","format":false,"excerpt":"Tipo de produto: Tira N\u00f3doas Benef\u00edcios: - Remove n\u00f3doas \u00e0 primeira mesmo em \u00e1gua fria;- Brancos mais brancos, mesmo ap\u00f3s 50 lavagens;- Efic\u00e1cia em ciclos curtos;- Seguro para todos os tecidos. Conselhos de utiliza\u00e7\u00e3o: Aplique na n\u00f3doa e espalhe em c\u00edrculos. Deixe atuar durante 1 a 5min, no...","rel":"","context":"Similar post","img":{"alt_text":"","src":"https:\/\/i0.wp.com\/mundo.seashell.pt\/wp-content\/uploads\/2022\/02\/VANISH_SPRAY_ROUPABRANCA750ML_X6_8410104898496.png?resize=350%2C200&ssl=1","width":350,"height":200},"classes":[]},{"id":6631,"url":"https:\/\/mundo.seashell.pt\/?product=vanish-power-gel-02l","url_meta":{"origin":6623,"position":3},"title":"Vanish Power Gel 200ml","date":"Fevereiro 23, 2022","format":false,"excerpt":"Vanish power gel \u00e9 um produto inovador com uma f\u00f3rmula 2 vezes mais concentrada, que elimina n\u00f3doas dif\u00edceis em apenas 30 segundos. \u00c9 um produto muito f\u00e1cil de utilizar, bastando aplicar na roupa atrav\u00e9s da sua cabe\u00e7a massajadora. Vanish \u00e9 o tira-n\u00f3doas n\u00ba #1 em Portugal. Tipo de produto: Tira\u2026","rel":"","context":"Similar post","img":{"alt_text":"","src":"https:\/\/i0.wp.com\/mundo.seashell.pt\/wp-content\/uploads\/2022\/02\/VANISH_POWER_GEL_200MLx8_8410104402501.png?resize=350%2C200&ssl=1","width":350,"height":200},"classes":[]},{"id":6643,"url":"https:\/\/mundo.seashell.pt\/?product=vanish-tira-nodoas-1l","url_meta":{"origin":6623,"position":4},"title":"Vanish Tira N\u00f3doas 1L","date":"Fevereiro 23, 2022","format":false,"excerpt":"Problemas com a lavagem da roupa? Os detergentes nem sempre conseguem remover as n\u00f3doas, proteger as cores e eliminar maus odores. Experimente o novo Vanish\u00a0para brancos e\u00a0cores! A sua f\u00f3rmula remove n\u00f3doas, reaviva as cores e elimina maus odores. Pode ser utilizado em pr\u00e9-tratamento, de molho ou diretamente na m\u00e1quina,\u2026","rel":"","context":"Similar post","img":{"alt_text":"","src":"https:\/\/i0.wp.com\/mundo.seashell.pt\/wp-content\/uploads\/2022\/02\/Vanish_Delicadas_White_1Lx12_8410104884833.png?resize=350%2C200&ssl=1","width":350,"height":200},"classes":[]},{"id":6467,"url":"https:\/\/mundo.seashell.pt\/?product=vanish-karpex-spray-05l","url_meta":{"origin":6623,"position":5},"title":"Vanish Karpex Spray 500ml","date":"Fevereiro 23, 2022","format":false,"excerpt":"Est\u00e1 a ter bastante dificuldade a remover a n\u00f3doa que encontrou na sua carpete? Vanish Oxi Action spray produz resultados incr\u00edveis \u00e0 primeira! Vanish Oxi Action spray consegue remover completamente at\u00e9 as n\u00f3doas mais dif\u00edceis da sua carpete e estofos.Conselhos de utiliza\u00e7\u00e3o: Pulverize Vanish Oxi Action diretamente na zona afe...","rel":"","context":"Similar post","img":{"alt_text":"","src":"https:\/\/i0.wp.com\/mundo.seashell.pt\/wp-content\/uploads\/2022\/02\/Vanish_Karpex_Spray_500mlx6_5701092110213.png?resize=350%2C200&ssl=1","width":350,"height":200},"classes":[]}],"_links":{"self":[{"href":"https:\/\/mundo.seashell.pt\/index.php?rest_route=\/wp\/v2\/product\/6623","targetHints":{"allow":["GET"]}}],"collection":[{"href":"https:\/\/mundo.seashell.pt\/index.php?rest_route=\/wp\/v2\/product"}],"about":[{"href":"https:\/\/mundo.seashell.pt\/index.php?rest_route=\/wp\/v2\/types\/product"}],"wp:featuredmedia":[{"embeddable":true,"href":"https:\/\/mundo.seashell.pt\/index.php?rest_route=\/wp\/v2\/media\/6624"}],"wp:attachment":[{"href":"https:\/\/mundo.seashell.pt\/index.php?rest_route=%2Fwp%2Fv2%2Fmedia&parent=6623"}],"wp:term":[{"taxonomy":"product_cat","embeddable":true,"href":"https:\/\/mundo.seashell.pt\/index.php?rest_route=%2Fwp%2Fv2%2Fproduct_cat&post=6623"},{"taxonomy":"product_tag","embeddable":true,"href":"https:\/\/mundo.seashell.pt\/index.php?rest_route=%2Fwp%2Fv2%2Fproduct_tag&post=6623"}],"curies":[{"name":"wp","href":"https:\/\/api.w.org\/{rel}","templated":true}]}}