{"id":6619,"date":"2022-02-23T18:48:52","date_gmt":"2022-02-23T18:48:52","guid":{"rendered":"https:\/\/mundo.seashell.pt\/?post_type=product&#038;p=6619"},"modified":"2022-02-23T18:48:54","modified_gmt":"2022-02-23T18:48:54","slug":"k2r-tira-nodoas-pre-wash-spray-05l","status":"publish","type":"product","link":"https:\/\/mundo.seashell.pt\/?product=k2r-tira-nodoas-pre-wash-spray-05l","title":{"rendered":"K2R Tira N\u00f3doas (Pre Wash Spray) 0.5L"},"content":{"rendered":"<p>Gra\u00e7as \u00e0 sua f\u00f3rmula, K2r spray tira-n\u00f3doas pr\u00e9-lavagem \u00e9 adequado para todos os tipos de n\u00f3doas, todas as temperaturas e tamb\u00e9m para todas as cores e tecidos, incluindo l\u00e3 e seda. Especialmente adequado para eliminar n\u00f3doas de vinho, sumo e frutas, azeite, maionese, molho de tomate, caf\u00e9, ch\u00e1 e chocolate, terra, maquilhagem e suor.<\/p>\n<h3>Tipo de produto:<\/h3>\n<p>Tira N\u00f3doas<\/p>\n<h3>Benef\u00edcios:<\/h3>\n<p>&#8211; Remove todo o tipo de n\u00f3doas mesmo as mais entranhadas;<br \/>&#8211; C\u00f3modo e pr\u00e1tico;<br \/>&#8211; Respeita os tecidos e as cores.<\/p>\n<h3>Conselhos de utiliza\u00e7\u00e3o:<\/h3>\n<p>Aplique diretamente em roupas e tapetes, cortinas de duche, caixotes do lixo, superficies lav\u00e1veis em \u00e1gua. Pulverize diretamente sobre a n\u00f3doa e deixe a f\u00f3rmula atuar durante 1 a 10 minutos. De seguida, aplique normalmente para lavar. No caso de l\u00e3 e seda, enxague levemente antes de lavar.<\/p>\n","protected":false},"excerpt":{"rendered":"<p>Gra\u00e7as \u00e0 sua f\u00f3rmula, K2r spray tira-n\u00f3doas pr\u00e9-lavagem \u00e9 adequado para todos os tipos de n\u00f3doas, todas as temperaturas e tamb\u00e9m para todas as cores e tecidos, incluindo l\u00e3 e seda. Especialmente adequado para eliminar n\u00f3doas de vinho, sumo e frutas, azeite, maionese, molho de tomate, caf\u00e9, ch\u00e1 e chocolate, terra, maquilhagem e suor.<\/p>\n<h3>T&#8230;<\/p>\n","protected":false},"featured_media":6620,"template":"","meta":{"spay_email":""},"product_cat":[15],"product_tag":[],"class_list":{"0":"post-6619","1":"product","2":"type-product","3":"status-publish","4":"has-post-thumbnail","6":"product_cat-sem-categoria","8":"first","9":"instock","10":"taxable","11":"shipping-taxable","12":"purchasable","13":"product-type-simple"},"acf":[],"jetpack-related-posts":[{"id":6655,"url":"https:\/\/mundo.seashell.pt\/?product=k2r-oxycolor-750gr","url_meta":{"origin":6619,"position":0},"title":"K2r Oxycolor 750Gr","date":"Fevereiro 23, 2022","format":false,"excerpt":"Tira-n\u00f3doas sem lix\u00edvia para roupa branca e de cor. Devolve a m\u00e1xima brancura \u00e0 sua roupa desde a primeira lavagem. Pode ser utilizado em todo o tipo de roupa, para a elimina\u00e7\u00e3o eficaz das n\u00f3doas sem danificar os tecidos. Tipo de produto: Tira N\u00f3doasBenef\u00edcios: - Remove todo o tipo de\u2026","rel":"","context":"Similar post","img":{"alt_text":"","src":"https:\/\/i0.wp.com\/mundo.seashell.pt\/wp-content\/uploads\/2022\/02\/K2R_In-Wash_Powder_Uni_750g_8U____8410436373524.png?resize=350%2C200&ssl=1","width":350,"height":200},"classes":[]},{"id":6637,"url":"https:\/\/mundo.seashell.pt\/?product=k2r-tira-nodoas-liquido-13l","url_meta":{"origin":6619,"position":1},"title":"K2R Tira N\u00f3doas L\u00edquido 1,3L","date":"Fevereiro 23, 2022","format":false,"excerpt":"Tira-n\u00f3doas branqueador sem lix\u00edvia. Devolve a m\u00e1xima brancura \u00e0 sua roupa desde a primeira lavagem. Pode ser utilizado em todo o tipo de roupa, para o branqueamento e elimina\u00e7\u00e3o eficaz das n\u00f3doas sem danificar os tecidos. Tipo de produto: Tira N\u00f3doasBenef\u00edcios: - Sem lix\u00edvia;- Devolve a m\u00e1xima brancura \u00e0 s...","rel":"","context":"Similar post","img":{"alt_text":"","src":"https:\/\/i0.wp.com\/mundo.seashell.pt\/wp-content\/uploads\/2022\/02\/K2R_T-No_doas_Lavagem_Branco_1_3L_8U____8410436372954.png?resize=350%2C200&ssl=1","width":350,"height":200},"classes":[]},{"id":6643,"url":"https:\/\/mundo.seashell.pt\/?product=vanish-tira-nodoas-1l","url_meta":{"origin":6619,"position":2},"title":"Vanish Tira N\u00f3doas 1L","date":"Fevereiro 23, 2022","format":false,"excerpt":"Problemas com a lavagem da roupa? Os detergentes nem sempre conseguem remover as n\u00f3doas, proteger as cores e eliminar maus odores. Experimente o novo Vanish\u00a0para brancos e\u00a0cores! A sua f\u00f3rmula remove n\u00f3doas, reaviva as cores e elimina maus odores. Pode ser utilizado em pr\u00e9-tratamento, de molho ou diretamente na m\u00e1quina,\u2026","rel":"","context":"Similar post","img":{"alt_text":"","src":"https:\/\/i0.wp.com\/mundo.seashell.pt\/wp-content\/uploads\/2022\/02\/Vanish_Delicadas_White_1Lx12_8410104884833.png?resize=350%2C200&ssl=1","width":350,"height":200},"classes":[]},{"id":6623,"url":"https:\/\/mundo.seashell.pt\/?product=vanish-tira-nodoas-dia-a-dia-05l","url_meta":{"origin":6619,"position":3},"title":"Vanish Tira N\u00f3doas Dia-a-Dia 500ml","date":"Fevereiro 23, 2022","format":false,"excerpt":"Vanish oxi action spray elimina as n\u00f3doas \u00e0 primeira lavagem e \u00e9 muito f\u00e1cil de utilizar! Vanish \u00e9 o tira-n\u00f3doas n\u00ba #1 em Portugal. Tipo de produto: Tira N\u00f3doasBenef\u00edcios: - Remove n\u00f3doas \u00e0 primeira lavagem;- Formato f\u00e1cil de aplicar. Conselhos de utiliza\u00e7\u00e3o: Rode a patilha de seguran\u00e7a. Apl...","rel":"","context":"Similar post","img":{"alt_text":"","src":"https:\/\/i0.wp.com\/mundo.seashell.pt\/wp-content\/uploads\/2022\/02\/Vanish_Spray_No_doas_Dia-a-Dia_500mlx6_5601217134981.png?resize=350%2C200&ssl=1","width":350,"height":200},"classes":[]},{"id":6639,"url":"https:\/\/mundo.seashell.pt\/?product=vanix-oxi-action-08l","url_meta":{"origin":6619,"position":4},"title":"Vanix Oxi Action 800ml","date":"Fevereiro 23, 2022","format":false,"excerpt":"Problemas com a lavagem da roupa? Os detergentes nem sempre conseguem remover as n\u00f3doas, proteger as cores e eliminar maus odores. Experimente o novo Vanish oxi action gel para cores! A sua f\u00f3rmula remove n\u00f3doas, reaviva as cores e elimina maus odores. Pode ser utilizado em pr\u00e9-tratamento, de molho ou\u2026","rel":"","context":"Similar post","img":{"alt_text":"","src":"https:\/\/i0.wp.com\/mundo.seashell.pt\/wp-content\/uploads\/2022\/02\/Vanish_Oxi_Action_Gel_Pink_800ML_x6_5601217134363.png?resize=350%2C200&ssl=1","width":350,"height":200},"classes":[]},{"id":6621,"url":"https:\/\/mundo.seashell.pt\/?product=neoblanc-gerntil-tira-nodoas-07l","url_meta":{"origin":6619,"position":5},"title":"Neoblanc Gerntil Tira N\u00f3doas 700ml","date":"Fevereiro 23, 2022","format":false,"excerpt":"Um \u00fanico spray para roupa, cozinha e quarto de banho. Gra\u00e7as \u00e0 sua f\u00f3rmula especial, combinando desengordurante e Neoblanc Gentil, Neoblanc Spray multiusos higieniza limpando a fundo as superf\u00edcies da casa. Desengordura a sujidade mais incrustada e \u00e9 eficaz na remo\u00e7\u00e3o do calc\u00e1rio. Para al\u00e9m disso, tamb\u00e9m remove as manchas\u2026","rel":"","context":"Similar post","img":{"alt_text":"","src":"https:\/\/i0.wp.com\/mundo.seashell.pt\/wp-content\/uploads\/2022\/02\/NEOBLANC_GENTIL_SPRAY_TIRA-NODOAS_700ML_8001480703001.png?resize=350%2C200&ssl=1","width":350,"height":200},"classes":[]}],"_links":{"self":[{"href":"https:\/\/mundo.seashell.pt\/index.php?rest_route=\/wp\/v2\/product\/6619","targetHints":{"allow":["GET"]}}],"collection":[{"href":"https:\/\/mundo.seashell.pt\/index.php?rest_route=\/wp\/v2\/product"}],"about":[{"href":"https:\/\/mundo.seashell.pt\/index.php?rest_route=\/wp\/v2\/types\/product"}],"wp:featuredmedia":[{"embeddable":true,"href":"https:\/\/mundo.seashell.pt\/index.php?rest_route=\/wp\/v2\/media\/6620"}],"wp:attachment":[{"href":"https:\/\/mundo.seashell.pt\/index.php?rest_route=%2Fwp%2Fv2%2Fmedia&parent=6619"}],"wp:term":[{"taxonomy":"product_cat","embeddable":true,"href":"https:\/\/mundo.seashell.pt\/index.php?rest_route=%2Fwp%2Fv2%2Fproduct_cat&post=6619"},{"taxonomy":"product_tag","embeddable":true,"href":"https:\/\/mundo.seashell.pt\/index.php?rest_route=%2Fwp%2Fv2%2Fproduct_tag&post=6619"}],"curies":[{"name":"wp","href":"https:\/\/api.w.org\/{rel}","templated":true}]}}