{"id":6617,"date":"2022-02-23T18:48:50","date_gmt":"2022-02-23T18:48:50","guid":{"rendered":"https:\/\/mundo.seashell.pt\/?post_type=product&#038;p=6617"},"modified":"2022-02-23T18:48:52","modified_gmt":"2022-02-23T18:48:52","slug":"kh-7-tira-nodoas-075l","status":"publish","type":"product","link":"https:\/\/mundo.seashell.pt\/?product=kh-7-tira-nodoas-075l","title":{"rendered":"KH-7 Tira N\u00f3doas 750ml"},"content":{"rendered":"<p>Gra\u00e7as ao seu c\u00f3modo pulverizador, poder\u00e1 aplicar o produto facilmente em qualquer lugar, utilizando apenas a dose que necessita. KH-7 tira-nod\u00f3as, efic\u00e1cia contra as manchas para toda a sua roupa. \u00c9 um tira n\u00f3doas de pr\u00e9-lavagem especialmente formulado para todo o tipo de manchas. Pulverize KH-7 tira-n\u00f3doas sobre a roupa e elimine facilmente manchas de \u00f3leo, gordura, sangue, chocolate, erva, ovo, molhos, gelados, maquilhagem, tinta, massa, gelado, iogurte, ovo, relva e batom.<\/p>\n<h3>Tipo de produto:<\/h3>\n<p>Tira N\u00f3doas<\/p>\n<h3>Benef\u00edcios:<\/h3>\n<p>&#8211; M\u00e1xima efic\u00e1cia contra as manchas;<br \/>&#8211; C\u00f3modo e pr\u00e1tico;<br \/>&#8211; Respeita os tecidos;<br \/>&#8211; Tamb\u00e9m utilizado como aditivo;<br \/>&#8211; Utilize-o em roupa branca, de cor, colarinhos e punhos.<\/p>\n<h3>Conselhos de utiliza\u00e7\u00e3o:<\/h3>\n<p>Pulverize KH-7 tira-n\u00f3doas sobre a roupa. Deixe atuar durante 5min. Lave com o programa habitual.<\/p>\n<p><\/p>\n","protected":false},"excerpt":{"rendered":"<p>Gra\u00e7as ao seu c\u00f3modo pulverizador, poder\u00e1 aplicar o produto facilmente em qualquer lugar, utilizando apenas a dose que necessita. KH-7 tira-nod\u00f3as, efic\u00e1cia contra as manchas para toda a sua roupa. \u00c9 um tira n\u00f3doas de pr\u00e9-lavagem especialmente formulado para todo o tipo de manchas. Pulverize KH-7 tira-n\u00f3doas sobre a roupa e elimine facilmente&#8230;<\/p>\n","protected":false},"featured_media":6618,"template":"","meta":{"spay_email":""},"product_cat":[15],"product_tag":[],"class_list":{"0":"post-6617","1":"product","2":"type-product","3":"status-publish","4":"has-post-thumbnail","6":"product_cat-sem-categoria","8":"first","9":"instock","10":"taxable","11":"shipping-taxable","12":"purchasable","13":"product-type-simple"},"acf":[],"jetpack-related-posts":[{"id":6399,"url":"https:\/\/mundo.seashell.pt\/?product=kh-7-tira-gorduras-075l","url_meta":{"origin":6617,"position":0},"title":"KH-7 Tira Gorduras 750ml","date":"Fevereiro 23, 2022","format":false,"excerpt":"Se procura a m\u00e1xima efici\u00eancia, fa\u00e7a do KH-7 a estrela dos seus produtos de limpeza! Gra\u00e7as ao seu c\u00f3modo pulverizador, poder\u00e1 aplicar o produto facilmente em qualquer lugar, utilizando apenas a dose que necessita. Spray KH-7 tira gorduras concentrado, produto profissional. Produto de limpeza universal para cozinha, grelhador, forno, r...","rel":"","context":"Similar post","img":{"alt_text":"","src":"https:\/\/i0.wp.com\/mundo.seashell.pt\/wp-content\/uploads\/2022\/02\/KH7_TIRA_GORDURAS_PULV._750ml.png?resize=350%2C200&ssl=1","width":350,"height":200},"classes":[]},{"id":6401,"url":"https:\/\/mundo.seashell.pt\/?product=kh-7-tira-gorduras-recarda-075l","url_meta":{"origin":6617,"position":1},"title":"KH-7 Tira Gorduras Recarda 750ml","date":"Fevereiro 23, 2022","format":false,"excerpt":"Se procura a m\u00e1xima efici\u00eancia, fa\u00e7a do KH-7 a estrela dos seus produtos de limpeza! Gra\u00e7as ao seu c\u00f3modo pulverizador, poder\u00e1 aplicar o produto facilmente em qualquer lugar, utilizando apenas a dose que necessita. Spray KH-7 tira gorduras concentrado, produto profissional. Produto de limpeza universal para cozinha, grelhador, forno, r...","rel":"","context":"Similar post","img":{"alt_text":"","src":"https:\/\/i0.wp.com\/mundo.seashell.pt\/wp-content\/uploads\/2022\/02\/KH7_TIRA_GORDURAS_REC._750ml.png?resize=350%2C200&ssl=1","width":350,"height":200},"classes":[]},{"id":6621,"url":"https:\/\/mundo.seashell.pt\/?product=neoblanc-gerntil-tira-nodoas-07l","url_meta":{"origin":6617,"position":2},"title":"Neoblanc Gerntil Tira N\u00f3doas 700ml","date":"Fevereiro 23, 2022","format":false,"excerpt":"Um \u00fanico spray para roupa, cozinha e quarto de banho. Gra\u00e7as \u00e0 sua f\u00f3rmula especial, combinando desengordurante e Neoblanc Gentil, Neoblanc Spray multiusos higieniza limpando a fundo as superf\u00edcies da casa. Desengordura a sujidade mais incrustada e \u00e9 eficaz na remo\u00e7\u00e3o do calc\u00e1rio. Para al\u00e9m disso, tamb\u00e9m remove as manchas\u2026","rel":"","context":"Similar post","img":{"alt_text":"","src":"https:\/\/i0.wp.com\/mundo.seashell.pt\/wp-content\/uploads\/2022\/02\/NEOBLANC_GENTIL_SPRAY_TIRA-NODOAS_700ML_8001480703001.png?resize=350%2C200&ssl=1","width":350,"height":200},"classes":[]},{"id":6629,"url":"https:\/\/mundo.seashell.pt\/?product=iberia-tira-nodoas-015l","url_meta":{"origin":6617,"position":3},"title":"Ib\u00e9ria Tira N\u00f3doas 150ml","date":"Fevereiro 23, 2022","format":false,"excerpt":"Descri\u00e7\u00e3o: N\u00f3doas acidentais com necessidade de pr\u00e9-tratamento? Ib\u00e9ria tira n\u00f3doas acidentais \u00e9 um produto que elimina as n\u00f3doas dif\u00edceis \u00e0 primeira. \u00c9 muito f\u00e1cil de usar, basta aplicar na roupa atrav\u00e9s do seu aplicador exclusivo. N\u00f3doas resistentes com necessidade de pr\u00e9-tratamento? Ib\u00e9ria tira n\u00f3doas di\u00e1rias \u00e9 um produto qu...","rel":"","context":"Similar post","img":{"alt_text":"","src":"https:\/\/i0.wp.com\/mundo.seashell.pt\/wp-content\/uploads\/2022\/02\/IBE_RIA_REVOLUTION_TIRA_NO_DOAS_ACIDENTAIS_150ml_8411660210036.png?resize=350%2C200&ssl=1","width":350,"height":200},"classes":[]},{"id":6387,"url":"https:\/\/mundo.seashell.pt\/?product=neoblanc-spray-mousse-floral-07l","url_meta":{"origin":6617,"position":4},"title":"Neoblanc Spray Mousse Floral 500ml","date":"Fevereiro 23, 2022","format":false,"excerpt":"Neoblanc, a lix\u00edvia que garante prote\u00e7\u00e3o da sua casa e da sua roupa. Gra\u00e7as \u00e0 sua f\u00f3rmula especial, higieniza todas as superf\u00edcies da sua casa e desengordura as bancadas da sua cozinha. Remove at\u00e9 as n\u00f3doas mais dif\u00edceis da sua roupa branca. Tipo de produto: Lix\u00edvia Gel Notas\/Frag\u00e2ncia: Floral Ben...","rel":"","context":"Similar post","img":{"alt_text":"","src":"https:\/\/i0.wp.com\/mundo.seashell.pt\/wp-content\/uploads\/2022\/02\/NEOBLANC_SPRAY_MOUSSE_FLORAL_10X700ML_8001480023277.png?resize=350%2C200&ssl=1","width":350,"height":200},"classes":[]},{"id":6631,"url":"https:\/\/mundo.seashell.pt\/?product=vanish-power-gel-02l","url_meta":{"origin":6617,"position":5},"title":"Vanish Power Gel 200ml","date":"Fevereiro 23, 2022","format":false,"excerpt":"Vanish power gel \u00e9 um produto inovador com uma f\u00f3rmula 2 vezes mais concentrada, que elimina n\u00f3doas dif\u00edceis em apenas 30 segundos. \u00c9 um produto muito f\u00e1cil de utilizar, bastando aplicar na roupa atrav\u00e9s da sua cabe\u00e7a massajadora. Vanish \u00e9 o tira-n\u00f3doas n\u00ba #1 em Portugal. Tipo de produto: Tira\u2026","rel":"","context":"Similar post","img":{"alt_text":"","src":"https:\/\/i0.wp.com\/mundo.seashell.pt\/wp-content\/uploads\/2022\/02\/VANISH_POWER_GEL_200MLx8_8410104402501.png?resize=350%2C200&ssl=1","width":350,"height":200},"classes":[]}],"_links":{"self":[{"href":"https:\/\/mundo.seashell.pt\/index.php?rest_route=\/wp\/v2\/product\/6617","targetHints":{"allow":["GET"]}}],"collection":[{"href":"https:\/\/mundo.seashell.pt\/index.php?rest_route=\/wp\/v2\/product"}],"about":[{"href":"https:\/\/mundo.seashell.pt\/index.php?rest_route=\/wp\/v2\/types\/product"}],"wp:featuredmedia":[{"embeddable":true,"href":"https:\/\/mundo.seashell.pt\/index.php?rest_route=\/wp\/v2\/media\/6618"}],"wp:attachment":[{"href":"https:\/\/mundo.seashell.pt\/index.php?rest_route=%2Fwp%2Fv2%2Fmedia&parent=6617"}],"wp:term":[{"taxonomy":"product_cat","embeddable":true,"href":"https:\/\/mundo.seashell.pt\/index.php?rest_route=%2Fwp%2Fv2%2Fproduct_cat&post=6617"},{"taxonomy":"product_tag","embeddable":true,"href":"https:\/\/mundo.seashell.pt\/index.php?rest_route=%2Fwp%2Fv2%2Fproduct_tag&post=6617"}],"curies":[{"name":"wp","href":"https:\/\/api.w.org\/{rel}","templated":true}]}}