{"id":6609,"date":"2022-02-23T18:48:40","date_gmt":"2022-02-23T18:48:40","guid":{"rendered":"https:\/\/mundo.seashell.pt\/?post_type=product&#038;p=6609"},"modified":"2022-02-23T18:48:42","modified_gmt":"2022-02-23T18:48:42","slug":"lenor-perolas-april-fresh-210gr","status":"publish","type":"product","link":"https:\/\/mundo.seashell.pt\/?product=lenor-perolas-april-fresh-210gr","title":{"rendered":"Lenor P\u00e9rolas April Fresh 210gr"},"content":{"rendered":"<p>Para uma explos\u00e3o de frescura entre lavagens, Lenor infunde as suas roupas com a fragr\u00e2ncia april fresh. Envolvido na fragr\u00e2ncia das flores de primavera e toques de patchouli natural e cedro branco, pode esperar uma experi\u00eancia revitalizante e revigorante, onde vai sentir-se revigorada e totalmente renovada. Os intensificadores de fragr\u00e2ncia para lavagem da roupa Lenor foram criados para trabalhar em perfeita harmonia com o respetivo amaciador. S\u00e3o encantadores por si s\u00f3 e irresist\u00edveis juntos.<\/p>\n<h3>Tipo de produto:<\/h3>\n<p>Amaciador Concentrado<\/p>\n<h3>Notas\/Frag\u00e2ncia:<\/h3>\n<p>Primavera<\/p>\n<h3>Benef\u00edcios:<\/h3>\n<p>&#8211; Frag\u00e2ncia duradora;<br \/>&#8211; Explos\u00e3o de frescura;<br \/>&#8211; Para utilizar em qualquer tipo de lavagem, inclusive com roupa de desporto;<br \/>&#8211; Perfume permanece na roupa ap\u00f3s passar a ferro e guardar no arm\u00e1rio.<\/p>\n<h3>Conselhos de utiliza\u00e7\u00e3o:<\/h3>\n<p>As p\u00e9rolas devem ser colocadas no tambor vazio antes de introduzir a roupa, o detergente e o amaciador.<\/p>\n<h3>Dicas:<\/h3>\n<p>Personalize a intensidade do perfume, escolhendo a quantidade de p\u00e9rolas que deseja usar.<\/p>\n","protected":false},"excerpt":{"rendered":"<p>Para uma explos\u00e3o de frescura entre lavagens, Lenor infunde as suas roupas com a fragr\u00e2ncia april fresh. Envolvido na fragr\u00e2ncia das flores de primavera e toques de patchouli natural e cedro branco, pode esperar uma experi\u00eancia revitalizante e revigorante, onde vai sentir-se revigorada e totalmente renovada. Os intensificadores de fragr\u00e2ncia &#8230;<\/p>\n","protected":false},"featured_media":6610,"template":"","meta":{"spay_email":""},"product_cat":[15],"product_tag":[],"class_list":{"0":"post-6609","1":"product","2":"type-product","3":"status-publish","4":"has-post-thumbnail","6":"product_cat-sem-categoria","8":"first","9":"instock","10":"taxable","11":"shipping-taxable","12":"purchasable","13":"product-type-simple"},"acf":[],"jetpack-related-posts":[{"id":6611,"url":"https:\/\/mundo.seashell.pt\/?product=lenor-unstoppable-perolas-fresh-210gr","url_meta":{"origin":6609,"position":0},"title":"Lenor Unstoppable P\u00e9rolas Fresh 210gr","date":"Fevereiro 23, 2022","format":false,"excerpt":"Dispon\u00edvel em diferentes fragr\u00e2ncias, Lenor Unstoppables d\u00e1 uma frescura \u00e0 sua roupa. Com a sua explos\u00e3o de perfume que perdura, as suas roupas v\u00e3o estar sempre prontas a ser usadas com o seu perfume favorito. Unstoppables Fresh tem um aroma de frutas c\u00edtricas e fruta fresca, envolvida em notas florais.\u2026","rel":"","context":"Similar post","img":{"alt_text":"","src":"https:\/\/i0.wp.com\/mundo.seashell.pt\/wp-content\/uploads\/2022\/02\/UNSTOPPABLES_LENOR_PE_ROLAS_FRESH_140G_8001841006680.png?resize=350%2C200&ssl=1","width":350,"height":200},"classes":[]},{"id":6597,"url":"https:\/\/mundo.seashell.pt\/?product=lenor-amaciador-de-roupa-37-doses","url_meta":{"origin":6609,"position":1},"title":"Lenor Amaciador de Roupa 37 Doses","date":"Fevereiro 23, 2022","format":false,"excerpt":"Com Lenor, transforme as suas tarefas di\u00e1rias em experi\u00eancias sensoriais. Com a sua exuberante combina\u00e7\u00e3o de um misterioso cocktail de bergamota e um buquet arejado da delicada fr\u00e9sia e jasmim radiante, a sua sofisticada ess\u00eancia multi-sensorial foi inspirada pelas \u00faltimas tend\u00eancias. Al\u00e9m disso, este amaciador para roupa foi desenvolvido par...","rel":"","context":"Similar post","img":{"alt_text":"","src":"https:\/\/i0.wp.com\/mundo.seashell.pt\/wp-content\/uploads\/2022\/02\/LENOR_AMACIADOR_AMETISTA_37D_8006540002957.png?resize=350%2C200&ssl=1","width":350,"height":200},"classes":[]},{"id":6567,"url":"https:\/\/mundo.seashell.pt\/?product=surf-72-doses","url_meta":{"origin":6609,"position":2},"title":"Surf 72 Doses","date":"Fevereiro 23, 2022","format":false,"excerpt":"Inspirado na natureza, Surf l\u00edrios tropicais e ylang ylang vai proporcionar \u00e0 sua roupa uma lavagem eficaz, acompanhada de uma explos\u00e3o de perfume tropical. Descobre mais sobre as fragr\u00e2ncias fabulosas de Surf! Tipo de produto: Detergente P\u00f3 Notas\/Frag\u00e2ncia: TropicalBenef\u00edcios: - Frescura durado...","rel":"","context":"Similar post","img":{"alt_text":"","src":"https:\/\/i0.wp.com\/mundo.seashell.pt\/wp-content\/uploads\/2022\/02\/media__1_.jpeg?resize=350%2C200&ssl=1","width":350,"height":200},"classes":[]},{"id":6587,"url":"https:\/\/mundo.seashell.pt\/?product=surf-detergente-50-capsulas","url_meta":{"origin":6609,"position":3},"title":"Surf Detergente 50 C\u00e1psulas","date":"Fevereiro 23, 2022","format":false,"excerpt":"Novo Surf vai proporcionar \u00e0 sua roupa uma explos\u00e3o de perfume de coco. Descobre mais sobre as v\u00e1rias fragr\u00e2ncias fabulosas de Surf! Tipo de produto: Detergente C\u00e1psulas Notas\/Frag\u00e2ncia: Tropical - Frescura duradoura;- Explos\u00e3o de perfume;- Aroma energizante. Conselhos de utiliza\u00e7\u00e3o:...","rel":"","context":"Similar post","img":{"alt_text":"","src":"https:\/\/i0.wp.com\/mundo.seashell.pt\/wp-content\/uploads\/2022\/02\/SURF_Caps_Trio_Tropical_50_8720181001154.png?resize=350%2C200&ssl=1","width":350,"height":200},"classes":[]},{"id":7028,"url":"https:\/\/mundo.seashell.pt\/?product=comfort-saquetas-perfumadas-para-armario-3un","url_meta":{"origin":6609,"position":4},"title":"Comfort Saquetas Perfumadas para Arm\u00e1rio 3un","date":"Fevereiro 23, 2022","format":false,"excerpt":"Com as saquetas perfumadas de Comfort, pode sentir durante mais tempo a fragr\u00e2ncia delicada e deliciosa dos amaciadores de roupa Comfort. Liberta gradualmente o seu aroma durante 6 semanas, para que a sua roupa fique maravilhosamente fresca como se tivesse sido acabada de lavar. Benef\u00edcios: - Fragr\u00e2ncia fresca e duradoura;...","rel":"","context":"Similar post","img":{"alt_text":"","src":"https:\/\/i0.wp.com\/mundo.seashell.pt\/wp-content\/uploads\/2022\/02\/COMFORT_SAQUETAS_PERFUMADAS_AZUL_-_3SAQ_5601068010953.jpeg?resize=350%2C200&ssl=1","width":350,"height":200},"classes":[]},{"id":6555,"url":"https:\/\/mundo.seashell.pt\/?product=skip-lavanda-58-doses","url_meta":{"origin":6609,"position":5},"title":"Skip Lavanda 58 doses","date":"Fevereiro 23, 2022","format":false,"excerpt":"Enriquecido com uma fragr\u00e2ncia mais natural, Skip lavanda proporciona \u00e0 sua roupa um delicado perfume e uma frescura duradoura, com efic\u00e1cia na remo\u00e7\u00e3o de n\u00f3doas. Tipo de produto: Detergente P\u00f3 Notas\/Frag\u00e2ncia: LavandaBenef\u00edcios: - Fragr\u00e2ncia mais natural a lavanda;- Frescura intensa e durad...","rel":"","context":"Similar post","img":{"alt_text":"","src":"https:\/\/i0.wp.com\/mundo.seashell.pt\/wp-content\/uploads\/2022\/02\/909100_1.jpeg?resize=350%2C200&ssl=1","width":350,"height":200},"classes":[]}],"_links":{"self":[{"href":"https:\/\/mundo.seashell.pt\/index.php?rest_route=\/wp\/v2\/product\/6609","targetHints":{"allow":["GET"]}}],"collection":[{"href":"https:\/\/mundo.seashell.pt\/index.php?rest_route=\/wp\/v2\/product"}],"about":[{"href":"https:\/\/mundo.seashell.pt\/index.php?rest_route=\/wp\/v2\/types\/product"}],"wp:featuredmedia":[{"embeddable":true,"href":"https:\/\/mundo.seashell.pt\/index.php?rest_route=\/wp\/v2\/media\/6610"}],"wp:attachment":[{"href":"https:\/\/mundo.seashell.pt\/index.php?rest_route=%2Fwp%2Fv2%2Fmedia&parent=6609"}],"wp:term":[{"taxonomy":"product_cat","embeddable":true,"href":"https:\/\/mundo.seashell.pt\/index.php?rest_route=%2Fwp%2Fv2%2Fproduct_cat&post=6609"},{"taxonomy":"product_tag","embeddable":true,"href":"https:\/\/mundo.seashell.pt\/index.php?rest_route=%2Fwp%2Fv2%2Fproduct_tag&post=6609"}],"curies":[{"name":"wp","href":"https:\/\/api.w.org\/{rel}","templated":true}]}}