{"id":6601,"date":"2022-02-23T18:48:15","date_gmt":"2022-02-23T18:48:15","guid":{"rendered":"https:\/\/mundo.seashell.pt\/?post_type=product&#038;p=6601"},"modified":"2022-02-23T18:48:18","modified_gmt":"2022-02-23T18:48:18","slug":"comfort-amaciador-de-roupa-58-doses","status":"publish","type":"product","link":"https:\/\/mundo.seashell.pt\/?product=comfort-amaciador-de-roupa-58-doses","title":{"rendered":"Comfort Amaciador de Roupa 58 Doses"},"content":{"rendered":"<p>Cada gota de Comfort Concentrado traz o ar livre para dentro da sua casa. Uma onda de tenta\u00e7\u00e3o e frescura, para uma suavidade \u00fanica.<\/p>\n<h3>Tipo de produto:<\/h3>\n<p>Amaciador Concentrado<\/p>\n<p>&#8211; Fragr\u00e2ncia desenvolvida por especialistas;<br \/>&#8211; Frescura duradoura;<br \/>&#8211; Extrema suavidade;<br \/>&#8211; F\u00e1cil de engomar;<br \/>&#8211; Mant\u00e9m a cor e o brilho.<\/p>\n<h3>Conselhos de utiliza\u00e7\u00e3o:<\/h3>\n<p>Verifique sempre as instru\u00e7\u00f5es de utiliza\u00e7\u00e3o encontradas na embalagem. A tampa de Comfort pode ser usada como doseador. Despeje a quantidade recomendada no doseador.<\/p>\n","protected":false},"excerpt":{"rendered":"<p>Cada gota de Comfort Concentrado traz o ar livre para dentro da sua casa. Uma onda de tenta\u00e7\u00e3o e frescura, para uma suavidade \u00fanica.<br \/>\nTipo de produto:<br \/>\nAmaciador Concentrado<br \/>\n&#8211; Fragr\u00e2ncia desenvolvida por especialistas;- Frescura duradoura;- Extrema suavidade;- F\u00e1cil de engomar;- Mant\u00e9m a cor e o brilho.<\/p>\n","protected":false},"featured_media":6602,"template":"","meta":{"spay_email":""},"product_cat":[15],"product_tag":[],"class_list":{"0":"post-6601","1":"product","2":"type-product","3":"status-publish","4":"has-post-thumbnail","6":"product_cat-sem-categoria","8":"first","9":"instock","10":"taxable","11":"shipping-taxable","12":"purchasable","13":"product-type-simple"},"acf":[],"jetpack-related-posts":[{"id":6603,"url":"https:\/\/mundo.seashell.pt\/?product=comfort-creations-50-doses","url_meta":{"origin":6601,"position":0},"title":"Comfort Creations 50 Doses","date":"Fevereiro 23, 2022","format":false,"excerpt":"Delicie-se e deleite-se com o Comfort Creations nas suas variadas fragr\u00e2ncias. Criado por especialistas, proporciona-lhe mais fragr\u00e2ncia em cada gota. Tipo de produto: Amaciador ConcentradoBenef\u00edcios: - Fragr\u00e2ncia desenvolvida por especialistas;- Frescura duradoura;- Extrema suavidade;- F\u00e1cil de eng...","rel":"","context":"Similar post","img":{"alt_text":"","src":"https:\/\/i0.wp.com\/mundo.seashell.pt\/wp-content\/uploads\/2022\/02\/COMFORT_ESS._CREAT._LIRIOS___MORANGO_-_1_25L_-_50D_8720181006937.png?resize=350%2C200&ssl=1","width":350,"height":200},"classes":[]},{"id":6605,"url":"https:\/\/mundo.seashell.pt\/?product=comfort-amaciador-de-roupa-4l","url_meta":{"origin":6601,"position":1},"title":"Comfort Amaciador de Roupa 4L","date":"Fevereiro 23, 2022","format":false,"excerpt":"Cada embalagem de Comfort capta a sensa\u00e7\u00e3o \u00fanica da vida ao ar livre. Para que possa desfrutar de uma frescura mais duradoura, bem como da super suavidade que est\u00e1 no cora\u00e7\u00e3o de todos os produtos Comfort. Tipo de produto: Amaciador Tradicional","rel":"","context":"Similar post","img":{"alt_text":"","src":"https:\/\/i0.wp.com\/mundo.seashell.pt\/wp-content\/uploads\/2022\/02\/COMFORT_AZUL_-_4L_8712561587594.png?resize=350%2C200&ssl=1","width":350,"height":200},"classes":[]},{"id":6593,"url":"https:\/\/mundo.seashell.pt\/?product=quanto-amaciador-de-roupa","url_meta":{"origin":6601,"position":2},"title":"Quanto Amaciador de Roupa","date":"Fevereiro 23, 2022","format":false,"excerpt":"Quanto \u00e9 inspirado no charme das mais raras flores. Desfrute desta elegante fragr\u00e2ncia nas suas roupas durante todo o dia. Tipo de produto: Amaciador ConcentradoBenef\u00edcios: - At\u00e9 200 dias de frescura;- Roupas frescas e macias;- Experi\u00eancia de frescura duradoura;- Sensa\u00e7\u00e3o de suavidade na pele;- ...","rel":"","context":"Similar post","img":{"alt_text":"","src":"https:\/\/i0.wp.com\/mundo.seashell.pt\/wp-content\/uploads\/2022\/02\/Quanto_Delicado_52D_x8_5601217135247.png?resize=350%2C200&ssl=1","width":350,"height":200},"classes":[]},{"id":7028,"url":"https:\/\/mundo.seashell.pt\/?product=comfort-saquetas-perfumadas-para-armario-3un","url_meta":{"origin":6601,"position":3},"title":"Comfort Saquetas Perfumadas para Arm\u00e1rio 3un","date":"Fevereiro 23, 2022","format":false,"excerpt":"Com as saquetas perfumadas de Comfort, pode sentir durante mais tempo a fragr\u00e2ncia delicada e deliciosa dos amaciadores de roupa Comfort. Liberta gradualmente o seu aroma durante 6 semanas, para que a sua roupa fique maravilhosamente fresca como se tivesse sido acabada de lavar. Benef\u00edcios: - Fragr\u00e2ncia fresca e duradoura;...","rel":"","context":"Similar post","img":{"alt_text":"","src":"https:\/\/i0.wp.com\/mundo.seashell.pt\/wp-content\/uploads\/2022\/02\/COMFORT_SAQUETAS_PERFUMADAS_AZUL_-_3SAQ_5601068010953.jpeg?resize=350%2C200&ssl=1","width":350,"height":200},"classes":[]},{"id":6607,"url":"https:\/\/mundo.seashell.pt\/?product=quanto-amaciador-de-roupa-375l","url_meta":{"origin":6601,"position":4},"title":"Quanto Amaciador de Roupa 375ml","date":"Fevereiro 23, 2022","format":false,"excerpt":"Quanto amaciador roupa concentrado proporciona uma experi\u00eancia de frescura duradoura e uma sensa\u00e7\u00e3o de suavidade na pele. Com o seu efeito anti-est\u00e1tico sobre as fibras, faz com que sinta as suas roupas sempre frescas e macias. Delicie-se com as frescuras e desfrute de uma sensa\u00e7\u00e3o de frescura at\u00e9 200 dias\u2026","rel":"","context":"Similar post","img":{"alt_text":"","src":"https:\/\/i0.wp.com\/mundo.seashell.pt\/wp-content\/uploads\/2022\/02\/Quanto_Dilui_do_Flores_Silvestres_3_75Lx4_5601217133687.png?resize=350%2C200&ssl=1","width":350,"height":200},"classes":[]},{"id":6712,"url":"https:\/\/mundo.seashell.pt\/?product=comfort-vaporese-azul-1l","url_meta":{"origin":6601,"position":5},"title":"Comfort Vaporese Azul 1L","date":"Fevereiro 23, 2022","format":false,"excerpt":"Comfort Vaporesse azul ajuda o ferro de engomar a deslizar sem esfor\u00e7o sobre os vincos da sua roupa. Para al\u00e9m disso, traz uma fragr\u00e2ncia fresca fant\u00e1stica para o seu engomar, que dura o dia todo. Desfrute da fragr\u00e2ncia fresca e duradoura e livre-se dos vincos mais facilmente, garantindo um cuidado\u2026","rel":"","context":"Similar post","img":{"alt_text":"","src":"https:\/\/i0.wp.com\/mundo.seashell.pt\/wp-content\/uploads\/2022\/02\/COMFORT_VAPORESSE_AZUL_-_1L_5000186802585.png?resize=350%2C200&ssl=1","width":350,"height":200},"classes":[]}],"_links":{"self":[{"href":"https:\/\/mundo.seashell.pt\/index.php?rest_route=\/wp\/v2\/product\/6601","targetHints":{"allow":["GET"]}}],"collection":[{"href":"https:\/\/mundo.seashell.pt\/index.php?rest_route=\/wp\/v2\/product"}],"about":[{"href":"https:\/\/mundo.seashell.pt\/index.php?rest_route=\/wp\/v2\/types\/product"}],"wp:featuredmedia":[{"embeddable":true,"href":"https:\/\/mundo.seashell.pt\/index.php?rest_route=\/wp\/v2\/media\/6602"}],"wp:attachment":[{"href":"https:\/\/mundo.seashell.pt\/index.php?rest_route=%2Fwp%2Fv2%2Fmedia&parent=6601"}],"wp:term":[{"taxonomy":"product_cat","embeddable":true,"href":"https:\/\/mundo.seashell.pt\/index.php?rest_route=%2Fwp%2Fv2%2Fproduct_cat&post=6601"},{"taxonomy":"product_tag","embeddable":true,"href":"https:\/\/mundo.seashell.pt\/index.php?rest_route=%2Fwp%2Fv2%2Fproduct_tag&post=6601"}],"curies":[{"name":"wp","href":"https:\/\/api.w.org\/{rel}","templated":true}]}}