{"id":6599,"date":"2022-02-23T18:48:13","date_gmt":"2022-02-23T18:48:13","guid":{"rendered":"https:\/\/mundo.seashell.pt\/?post_type=product&#038;p=6599"},"modified":"2022-02-23T18:48:15","modified_gmt":"2022-02-23T18:48:15","slug":"vernel-amaciador-de-roupa-57-doses","status":"publish","type":"product","link":"https:\/\/mundo.seashell.pt\/?product=vernel-amaciador-de-roupa-57-doses","title":{"rendered":"Vernel Amaciador de Roupa 57 doses"},"content":{"rendered":"<p>A gama de Vernel oferece amaciadores concentrados enriquecidos com refinados \u00f3leos relaxantes e aromas sedutores que proporcionam uma sensa\u00e7\u00e3o de bem-estar. Para al\u00e9m de deixar a roupa incrivelmente suave, a f\u00f3rmula de Frangipani Fascinante cont\u00e9m uma fragr\u00e2ncia \u00fanica que deixa a sua roupa perfumada at\u00e9 200 dias. Estimule os seus sentidos com fragr\u00e2ncias intensas e duradouras.<\/p>\n<h3>Tipo de produto:<\/h3>\n<p>Amaciador Concentrado<\/p>\n<p>&#8211; Fragr\u00e2ncia intensa e duradoura at\u00e9 200 dias;<br \/>&#8211; F\u00f3rmula enriquecida com \u00f3leos essenciais;<br \/>&#8211; Protege as fibras e facilita o engomar;<br \/>&#8211; Efeito antiest\u00e1tico na roupa;<br \/>&#8211; F\u00f3rmula amiga do meio ambiente;<br \/>&#8211; Garrafa feita com 100% pl\u00e1stico reciclado.<\/p>\n<h3>Conselhos de utiliza\u00e7\u00e3o:<\/h3>\n<p>Siga sempre as instru\u00e7\u00f5es na etiqueta do produto. A escolha da dose adequada de Vernel \u00e9 um processo simples, basta usar a tampa da garrafa para calcular a dose certa. Deite a quantidade recomendada diretamente da garrafa para a tampa e depois coloque no compartimento correspondente da sua m\u00e1quina de lavar roupa.<\/p>\n","protected":false},"excerpt":{"rendered":"<p>A gama de Vernel oferece amaciadores concentrados enriquecidos com refinados \u00f3leos relaxantes e aromas sedutores que proporcionam uma sensa\u00e7\u00e3o de bem-estar. Para al\u00e9m de deixar a roupa incrivelmente suave, a f\u00f3rmula de Frangipani Fascinante cont\u00e9m uma fragr\u00e2ncia \u00fanica que deixa a sua roupa perfumada at\u00e9 200 dias. Estimule os seus sentidos com&#8230;<\/p>\n","protected":false},"featured_media":6600,"template":"","meta":{"spay_email":""},"product_cat":[15],"product_tag":[],"class_list":{"0":"post-6599","1":"product","2":"type-product","3":"status-publish","4":"has-post-thumbnail","6":"product_cat-sem-categoria","8":"first","9":"instock","10":"taxable","11":"shipping-taxable","12":"purchasable","13":"product-type-simple"},"acf":[],"jetpack-related-posts":[{"id":6591,"url":"https:\/\/mundo.seashell.pt\/?product=soflan-amaciador-de-roupa-13-doses","url_meta":{"origin":6599,"position":0},"title":"Soflan Amaciador de Roupa 13 Doses","date":"Fevereiro 23, 2022","format":false,"excerpt":"Soflan tem uma f\u00f3rmula que ajuda a proteger a sua roupa delicada e as suas l\u00e3s preferidas, evitando o borboto e o encolhimento das suas l\u00e3s. Tipo de produto: Detergente L\u00edquidoBenef\u00edcios: - F\u00f3rmula eficaz nos tecidos mais delicados;- F\u00f3rmula anti-borboto;- Mant\u00e9m a elasticidade das fibras;- Fragr\u00e2nc...","rel":"","context":"Similar post","img":{"alt_text":"","src":"https:\/\/i0.wp.com\/mundo.seashell.pt\/wp-content\/uploads\/2022\/02\/Soflan_Rosa_Classic_650ml_8718951325807.png?resize=350%2C200&ssl=1","width":350,"height":200},"classes":[]},{"id":6593,"url":"https:\/\/mundo.seashell.pt\/?product=quanto-amaciador-de-roupa","url_meta":{"origin":6599,"position":1},"title":"Quanto Amaciador de Roupa","date":"Fevereiro 23, 2022","format":false,"excerpt":"Quanto \u00e9 inspirado no charme das mais raras flores. Desfrute desta elegante fragr\u00e2ncia nas suas roupas durante todo o dia. Tipo de produto: Amaciador ConcentradoBenef\u00edcios: - At\u00e9 200 dias de frescura;- Roupas frescas e macias;- Experi\u00eancia de frescura duradoura;- Sensa\u00e7\u00e3o de suavidade na pele;- ...","rel":"","context":"Similar post","img":{"alt_text":"","src":"https:\/\/i0.wp.com\/mundo.seashell.pt\/wp-content\/uploads\/2022\/02\/Quanto_Delicado_52D_x8_5601217135247.png?resize=350%2C200&ssl=1","width":350,"height":200},"classes":[]},{"id":6601,"url":"https:\/\/mundo.seashell.pt\/?product=comfort-amaciador-de-roupa-58-doses","url_meta":{"origin":6599,"position":2},"title":"Comfort Amaciador de Roupa 58 Doses","date":"Fevereiro 23, 2022","format":false,"excerpt":"Cada gota de Comfort Concentrado traz o ar livre para dentro da sua casa. Uma onda de tenta\u00e7\u00e3o e frescura, para uma suavidade \u00fanica. Tipo de produto: Amaciador Concentrado - Fragr\u00e2ncia desenvolvida por especialistas;- Frescura duradoura;- Extrema suavidade;- F\u00e1cil de engomar;- Mant\u00e9m a cor e o brilho.","rel":"","context":"Similar post","img":{"alt_text":"","src":"https:\/\/i0.wp.com\/mundo.seashell.pt\/wp-content\/uploads\/2022\/02\/COMFORT_ESSE_NCIA_AZUL_-1_45L_-_58D_8720181006890.png?resize=350%2C200&ssl=1","width":350,"height":200},"classes":[]},{"id":6607,"url":"https:\/\/mundo.seashell.pt\/?product=quanto-amaciador-de-roupa-375l","url_meta":{"origin":6599,"position":3},"title":"Quanto Amaciador de Roupa 375ml","date":"Fevereiro 23, 2022","format":false,"excerpt":"Quanto amaciador roupa concentrado proporciona uma experi\u00eancia de frescura duradoura e uma sensa\u00e7\u00e3o de suavidade na pele. Com o seu efeito anti-est\u00e1tico sobre as fibras, faz com que sinta as suas roupas sempre frescas e macias. Delicie-se com as frescuras e desfrute de uma sensa\u00e7\u00e3o de frescura at\u00e9 200 dias\u2026","rel":"","context":"Similar post","img":{"alt_text":"","src":"https:\/\/i0.wp.com\/mundo.seashell.pt\/wp-content\/uploads\/2022\/02\/Quanto_Dilui_do_Flores_Silvestres_3_75Lx4_5601217133687.png?resize=350%2C200&ssl=1","width":350,"height":200},"classes":[]},{"id":6555,"url":"https:\/\/mundo.seashell.pt\/?product=skip-lavanda-58-doses","url_meta":{"origin":6599,"position":4},"title":"Skip Lavanda 58 doses","date":"Fevereiro 23, 2022","format":false,"excerpt":"Enriquecido com uma fragr\u00e2ncia mais natural, Skip lavanda proporciona \u00e0 sua roupa um delicado perfume e uma frescura duradoura, com efic\u00e1cia na remo\u00e7\u00e3o de n\u00f3doas. Tipo de produto: Detergente P\u00f3 Notas\/Frag\u00e2ncia: LavandaBenef\u00edcios: - Fragr\u00e2ncia mais natural a lavanda;- Frescura intensa e durad...","rel":"","context":"Similar post","img":{"alt_text":"","src":"https:\/\/i0.wp.com\/mundo.seashell.pt\/wp-content\/uploads\/2022\/02\/909100_1.jpeg?resize=350%2C200&ssl=1","width":350,"height":200},"classes":[]},{"id":6603,"url":"https:\/\/mundo.seashell.pt\/?product=comfort-creations-50-doses","url_meta":{"origin":6599,"position":5},"title":"Comfort Creations 50 Doses","date":"Fevereiro 23, 2022","format":false,"excerpt":"Delicie-se e deleite-se com o Comfort Creations nas suas variadas fragr\u00e2ncias. Criado por especialistas, proporciona-lhe mais fragr\u00e2ncia em cada gota. Tipo de produto: Amaciador ConcentradoBenef\u00edcios: - Fragr\u00e2ncia desenvolvida por especialistas;- Frescura duradoura;- Extrema suavidade;- F\u00e1cil de eng...","rel":"","context":"Similar post","img":{"alt_text":"","src":"https:\/\/i0.wp.com\/mundo.seashell.pt\/wp-content\/uploads\/2022\/02\/COMFORT_ESS._CREAT._LIRIOS___MORANGO_-_1_25L_-_50D_8720181006937.png?resize=350%2C200&ssl=1","width":350,"height":200},"classes":[]}],"_links":{"self":[{"href":"https:\/\/mundo.seashell.pt\/index.php?rest_route=\/wp\/v2\/product\/6599","targetHints":{"allow":["GET"]}}],"collection":[{"href":"https:\/\/mundo.seashell.pt\/index.php?rest_route=\/wp\/v2\/product"}],"about":[{"href":"https:\/\/mundo.seashell.pt\/index.php?rest_route=\/wp\/v2\/types\/product"}],"wp:featuredmedia":[{"embeddable":true,"href":"https:\/\/mundo.seashell.pt\/index.php?rest_route=\/wp\/v2\/media\/6600"}],"wp:attachment":[{"href":"https:\/\/mundo.seashell.pt\/index.php?rest_route=%2Fwp%2Fv2%2Fmedia&parent=6599"}],"wp:term":[{"taxonomy":"product_cat","embeddable":true,"href":"https:\/\/mundo.seashell.pt\/index.php?rest_route=%2Fwp%2Fv2%2Fproduct_cat&post=6599"},{"taxonomy":"product_tag","embeddable":true,"href":"https:\/\/mundo.seashell.pt\/index.php?rest_route=%2Fwp%2Fv2%2Fproduct_tag&post=6599"}],"curies":[{"name":"wp","href":"https:\/\/api.w.org\/{rel}","templated":true}]}}