{"id":6597,"date":"2022-02-23T18:47:57","date_gmt":"2022-02-23T18:47:57","guid":{"rendered":"https:\/\/mundo.seashell.pt\/?post_type=product&#038;p=6597"},"modified":"2022-02-23T18:48:00","modified_gmt":"2022-02-23T18:48:00","slug":"lenor-amaciador-de-roupa-37-doses","status":"publish","type":"product","link":"https:\/\/mundo.seashell.pt\/?product=lenor-amaciador-de-roupa-37-doses","title":{"rendered":"Lenor Amaciador de Roupa 37 Doses"},"content":{"rendered":"<p>Com Lenor, transforme as suas tarefas di\u00e1rias em experi\u00eancias sensoriais. Com a sua exuberante combina\u00e7\u00e3o de um misterioso cocktail de bergamota e um buquet arejado da delicada fr\u00e9sia e jasmim radiante, a sua sofisticada ess\u00eancia multi-sensorial foi inspirada pelas \u00faltimas tend\u00eancias. Al\u00e9m disso, este amaciador para roupa foi desenvolvido para nutrir, enriquecer e ajudar a manter os tecidos desde o primeiro dia. A sua tecnologia anti-age3 ajuda a proteger a sua roupa de alargar, de desbotar e dos borbotos, mantendo as roupas deslumbrante por mais tempo, com um perfume irresist\u00edvel. Para complementar com o seu amaciador Lenor favorito, use tamb\u00e9m o intensificador de perfume para lavagem de roupa Lenor Unstoppables.<\/p>\n<h3>Tipo de produto:<\/h3>\n<p>Amaciador Concentrado<\/p>\n<h3>Notas\/Frag\u00e2ncia:<\/h3>\n<p>Ametista<\/p>\n<h3>Benef\u00edcios:<\/h3>\n<p>&#8211; Ajuda a proteger e melhorar as suas roupas dos sinais de envelhecimento;<br \/>&#8211; Reduz os vincos, facilita o engomar, reduz o tempo de secagem e diminui a electricidade est\u00e1tica;<br \/>&#8211; Torna as suas roupas macias e confort\u00e1veis;<br \/>&#8211; Liberta uma frescura ao longo do dia, sensivelmente 12 horas de uso;<br \/>&#8211; Super concentrado;<br \/>&#8211; Aroma de bergamota cintilante, fr\u00e9sia delicada e jasmim.<\/p>\n<h3>Conselhos de utiliza\u00e7\u00e3o:<\/h3>\n<p>Coloque o seu amaciador para roupa Lenor no compartimento dispensador da sua m\u00e1quina de lavar antes de iniciar a lavagem. Armazene abaixo de 25\u00baC.<\/p>\n<p><\/p>\n","protected":false},"excerpt":{"rendered":"<p>Com Lenor, transforme as suas tarefas di\u00e1rias em experi\u00eancias sensoriais. Com a sua exuberante combina\u00e7\u00e3o de um misterioso cocktail de bergamota e um buquet arejado da delicada fr\u00e9sia e jasmim radiante, a sua sofisticada ess\u00eancia multi-sensorial foi inspirada pelas \u00faltimas tend\u00eancias. Al\u00e9m disso, este amaciador para roupa foi desenvolvido par&#8230;<\/p>\n","protected":false},"featured_media":6598,"template":"","meta":{"spay_email":""},"product_cat":[15],"product_tag":[],"class_list":{"0":"post-6597","1":"product","2":"type-product","3":"status-publish","4":"has-post-thumbnail","6":"product_cat-sem-categoria","8":"first","9":"instock","10":"taxable","11":"shipping-taxable","12":"purchasable","13":"product-type-simple"},"acf":[],"jetpack-related-posts":[{"id":6609,"url":"https:\/\/mundo.seashell.pt\/?product=lenor-perolas-april-fresh-210gr","url_meta":{"origin":6597,"position":0},"title":"Lenor P\u00e9rolas April Fresh 210gr","date":"Fevereiro 23, 2022","format":false,"excerpt":"Para uma explos\u00e3o de frescura entre lavagens, Lenor infunde as suas roupas com a fragr\u00e2ncia april fresh. Envolvido na fragr\u00e2ncia das flores de primavera e toques de patchouli natural e cedro branco, pode esperar uma experi\u00eancia revitalizante e revigorante, onde vai sentir-se revigorada e totalmente renovada. Os intensificadores de fragr\u00e2ncia\u2026","rel":"","context":"Similar post","img":{"alt_text":"","src":"https:\/\/i0.wp.com\/mundo.seashell.pt\/wp-content\/uploads\/2022\/02\/LENOR_PE_ROLAS_APRIL_FRESH_140G_8001841566818.png?resize=350%2C200&ssl=1","width":350,"height":200},"classes":[]},{"id":6611,"url":"https:\/\/mundo.seashell.pt\/?product=lenor-unstoppable-perolas-fresh-210gr","url_meta":{"origin":6597,"position":1},"title":"Lenor Unstoppable P\u00e9rolas Fresh 210gr","date":"Fevereiro 23, 2022","format":false,"excerpt":"Dispon\u00edvel em diferentes fragr\u00e2ncias, Lenor Unstoppables d\u00e1 uma frescura \u00e0 sua roupa. Com a sua explos\u00e3o de perfume que perdura, as suas roupas v\u00e3o estar sempre prontas a ser usadas com o seu perfume favorito. Unstoppables Fresh tem um aroma de frutas c\u00edtricas e fruta fresca, envolvida em notas florais.\u2026","rel":"","context":"Similar post","img":{"alt_text":"","src":"https:\/\/i0.wp.com\/mundo.seashell.pt\/wp-content\/uploads\/2022\/02\/UNSTOPPABLES_LENOR_PE_ROLAS_FRESH_140G_8001841006680.png?resize=350%2C200&ssl=1","width":350,"height":200},"classes":[]},{"id":6599,"url":"https:\/\/mundo.seashell.pt\/?product=vernel-amaciador-de-roupa-57-doses","url_meta":{"origin":6597,"position":2},"title":"Vernel Amaciador de Roupa 57 doses","date":"Fevereiro 23, 2022","format":false,"excerpt":"A gama de Vernel oferece amaciadores concentrados enriquecidos com refinados \u00f3leos relaxantes e aromas sedutores que proporcionam uma sensa\u00e7\u00e3o de bem-estar. Para al\u00e9m de deixar a roupa incrivelmente suave, a f\u00f3rmula de Frangipani Fascinante cont\u00e9m uma fragr\u00e2ncia \u00fanica que deixa a sua roupa perfumada at\u00e9 200 dias. Estimule os seus\u2026","rel":"","context":"Similar post","img":{"alt_text":"","src":"https:\/\/i0.wp.com\/mundo.seashell.pt\/wp-content\/uploads\/2022\/02\/VERNEL_AT_VIOLETA_57_1L31_8UD_57D_8410436283113.png?resize=350%2C200&ssl=1","width":350,"height":200},"classes":[]},{"id":5810,"url":"https:\/\/mundo.seashell.pt\/?product=fun-perfumador-roupa-fragancy-750ml","url_meta":{"origin":6597,"position":3},"title":"Fun Perfumador Roupa Fragancy 750Ml &#8211; Lavandaria Manual","date":"Fevereiro 23, 2022","format":false,"excerpt":"O Fun Perfumador pode ser utilizado como um complemento ao amaciador, refor\u00e7ando o seu desempenho.","rel":"","context":"Similar post","img":{"alt_text":"","src":"https:\/\/i0.wp.com\/mundo.seashell.pt\/wp-content\/uploads\/2022\/02\/PERFUME_77_OK_PhotoRoom_20210402_103232.jpg?resize=350%2C200&ssl=1","width":350,"height":200},"classes":[]},{"id":5742,"url":"https:\/\/mundo.seashell.pt\/?product=soft-plus-5kg-lavandaria-automaticamanual","url_meta":{"origin":6597,"position":4},"title":"Amaciador Soft Plus &#8211; Lavandaria Autom\u00e1tica\/Manual","date":"Fevereiro 23, 2022","format":false,"excerpt":"Amaciador l\u00edquido para a lavagem de roupa","rel":"","context":"Similar post","img":{"alt_text":"","src":"https:\/\/i0.wp.com\/mundo.seashell.pt\/wp-content\/uploads\/2022\/02\/soft_plus.jpg?resize=350%2C200&ssl=1","width":350,"height":200},"classes":[]},{"id":5730,"url":"https:\/\/mundo.seashell.pt\/?product=stark-power-5l-lavandaria-automaticamanual","url_meta":{"origin":6597,"position":5},"title":"Amaciador Stark Power &#8211; Lavandaria Autom\u00e1tica\/Manual","date":"Fevereiro 23, 2022","format":false,"excerpt":"Amaciador super perfumado com microc\u00e1psulas para a roupa.","rel":"","context":"Similar post","img":{"alt_text":"","src":"https:\/\/i0.wp.com\/mundo.seashell.pt\/wp-content\/uploads\/2022\/02\/stark_power.jpg?resize=350%2C200&ssl=1","width":350,"height":200},"classes":[]}],"_links":{"self":[{"href":"https:\/\/mundo.seashell.pt\/index.php?rest_route=\/wp\/v2\/product\/6597","targetHints":{"allow":["GET"]}}],"collection":[{"href":"https:\/\/mundo.seashell.pt\/index.php?rest_route=\/wp\/v2\/product"}],"about":[{"href":"https:\/\/mundo.seashell.pt\/index.php?rest_route=\/wp\/v2\/types\/product"}],"wp:featuredmedia":[{"embeddable":true,"href":"https:\/\/mundo.seashell.pt\/index.php?rest_route=\/wp\/v2\/media\/6598"}],"wp:attachment":[{"href":"https:\/\/mundo.seashell.pt\/index.php?rest_route=%2Fwp%2Fv2%2Fmedia&parent=6597"}],"wp:term":[{"taxonomy":"product_cat","embeddable":true,"href":"https:\/\/mundo.seashell.pt\/index.php?rest_route=%2Fwp%2Fv2%2Fproduct_cat&post=6597"},{"taxonomy":"product_tag","embeddable":true,"href":"https:\/\/mundo.seashell.pt\/index.php?rest_route=%2Fwp%2Fv2%2Fproduct_tag&post=6597"}],"curies":[{"name":"wp","href":"https:\/\/api.w.org\/{rel}","templated":true}]}}