{"id":6593,"date":"2022-02-23T18:47:52","date_gmt":"2022-02-23T18:47:52","guid":{"rendered":"https:\/\/mundo.seashell.pt\/?post_type=product&#038;p=6593"},"modified":"2022-02-23T18:47:55","modified_gmt":"2022-02-23T18:47:55","slug":"quanto-amaciador-de-roupa","status":"publish","type":"product","link":"https:\/\/mundo.seashell.pt\/?product=quanto-amaciador-de-roupa","title":{"rendered":"Quanto Amaciador de Roupa"},"content":{"rendered":"<p>Quanto \u00e9 inspirado no charme das mais raras flores. Desfrute desta elegante fragr\u00e2ncia nas suas roupas durante todo o dia.<\/p>\n<h3>Tipo de produto:<\/h3>\n<p>Amaciador Concentrado<\/p>\n<h3>Benef\u00edcios:<\/h3>\n<p>&#8211; At\u00e9 200 dias de frescura;<br \/>&#8211; Roupas frescas e macias;<br \/>&#8211; Experi\u00eancia de frescura duradoura;<br \/>&#8211; Sensa\u00e7\u00e3o de suavidade na pele;<br \/>&#8211; Efeito anti-est\u00e1tico sobre as fibras.<\/p>\n<h3>Conselhos de utiliza\u00e7\u00e3o:<\/h3>\n<p>Evite a aplica\u00e7\u00e3o direta na roupa. N\u00e3o misture com outros produtos.<\/p>\n<p><\/p>\n","protected":false},"excerpt":{"rendered":"<p>Quanto \u00e9 inspirado no charme das mais raras flores. Desfrute desta elegante fragr\u00e2ncia nas suas roupas durante todo o dia.<\/p>\n<h3>Tipo de produto:<\/h3>\n<p>Amaciador Concentrado<\/p>\n<h3>Benef\u00edcios:<\/h3>\n<p>&#8211; At\u00e9 200 dias de frescura;<br \/>&#8211; Roupas frescas e macias;<br \/>&#8211; Experi\u00eancia de frescura duradoura;<br \/>&#8211; Sensa\u00e7\u00e3o de suavidade na pele;<br \/>&#8211; &#8230;<\/p>\n","protected":false},"featured_media":6594,"template":"","meta":{"spay_email":""},"product_cat":[15],"product_tag":[],"class_list":{"0":"post-6593","1":"product","2":"type-product","3":"status-publish","4":"has-post-thumbnail","6":"product_cat-sem-categoria","8":"first","9":"instock","10":"taxable","11":"shipping-taxable","12":"purchasable","13":"product-type-simple"},"acf":[],"jetpack-related-posts":[{"id":6607,"url":"https:\/\/mundo.seashell.pt\/?product=quanto-amaciador-de-roupa-375l","url_meta":{"origin":6593,"position":0},"title":"Quanto Amaciador de Roupa 375ml","date":"Fevereiro 23, 2022","format":false,"excerpt":"Quanto amaciador roupa concentrado proporciona uma experi\u00eancia de frescura duradoura e uma sensa\u00e7\u00e3o de suavidade na pele. Com o seu efeito anti-est\u00e1tico sobre as fibras, faz com que sinta as suas roupas sempre frescas e macias. Delicie-se com as frescuras e desfrute de uma sensa\u00e7\u00e3o de frescura at\u00e9 200 dias\u2026","rel":"","context":"Similar post","img":{"alt_text":"","src":"https:\/\/i0.wp.com\/mundo.seashell.pt\/wp-content\/uploads\/2022\/02\/Quanto_Dilui_do_Flores_Silvestres_3_75Lx4_5601217133687.png?resize=350%2C200&ssl=1","width":350,"height":200},"classes":[]},{"id":7028,"url":"https:\/\/mundo.seashell.pt\/?product=comfort-saquetas-perfumadas-para-armario-3un","url_meta":{"origin":6593,"position":1},"title":"Comfort Saquetas Perfumadas para Arm\u00e1rio 3un","date":"Fevereiro 23, 2022","format":false,"excerpt":"Com as saquetas perfumadas de Comfort, pode sentir durante mais tempo a fragr\u00e2ncia delicada e deliciosa dos amaciadores de roupa Comfort. Liberta gradualmente o seu aroma durante 6 semanas, para que a sua roupa fique maravilhosamente fresca como se tivesse sido acabada de lavar. Benef\u00edcios: - Fragr\u00e2ncia fresca e duradoura;...","rel":"","context":"Similar post","img":{"alt_text":"","src":"https:\/\/i0.wp.com\/mundo.seashell.pt\/wp-content\/uploads\/2022\/02\/COMFORT_SAQUETAS_PERFUMADAS_AZUL_-_3SAQ_5601068010953.jpeg?resize=350%2C200&ssl=1","width":350,"height":200},"classes":[]},{"id":6601,"url":"https:\/\/mundo.seashell.pt\/?product=comfort-amaciador-de-roupa-58-doses","url_meta":{"origin":6593,"position":2},"title":"Comfort Amaciador de Roupa 58 Doses","date":"Fevereiro 23, 2022","format":false,"excerpt":"Cada gota de Comfort Concentrado traz o ar livre para dentro da sua casa. Uma onda de tenta\u00e7\u00e3o e frescura, para uma suavidade \u00fanica. Tipo de produto: Amaciador Concentrado - Fragr\u00e2ncia desenvolvida por especialistas;- Frescura duradoura;- Extrema suavidade;- F\u00e1cil de engomar;- Mant\u00e9m a cor e o brilho.","rel":"","context":"Similar post","img":{"alt_text":"","src":"https:\/\/i0.wp.com\/mundo.seashell.pt\/wp-content\/uploads\/2022\/02\/COMFORT_ESSE_NCIA_AZUL_-1_45L_-_58D_8720181006890.png?resize=350%2C200&ssl=1","width":350,"height":200},"classes":[]},{"id":6605,"url":"https:\/\/mundo.seashell.pt\/?product=comfort-amaciador-de-roupa-4l","url_meta":{"origin":6593,"position":3},"title":"Comfort Amaciador de Roupa 4L","date":"Fevereiro 23, 2022","format":false,"excerpt":"Cada embalagem de Comfort capta a sensa\u00e7\u00e3o \u00fanica da vida ao ar livre. Para que possa desfrutar de uma frescura mais duradoura, bem como da super suavidade que est\u00e1 no cora\u00e7\u00e3o de todos os produtos Comfort. Tipo de produto: Amaciador Tradicional","rel":"","context":"Similar post","img":{"alt_text":"","src":"https:\/\/i0.wp.com\/mundo.seashell.pt\/wp-content\/uploads\/2022\/02\/COMFORT_AZUL_-_4L_8712561587594.png?resize=350%2C200&ssl=1","width":350,"height":200},"classes":[]},{"id":6611,"url":"https:\/\/mundo.seashell.pt\/?product=lenor-unstoppable-perolas-fresh-210gr","url_meta":{"origin":6593,"position":4},"title":"Lenor Unstoppable P\u00e9rolas Fresh 210gr","date":"Fevereiro 23, 2022","format":false,"excerpt":"Dispon\u00edvel em diferentes fragr\u00e2ncias, Lenor Unstoppables d\u00e1 uma frescura \u00e0 sua roupa. Com a sua explos\u00e3o de perfume que perdura, as suas roupas v\u00e3o estar sempre prontas a ser usadas com o seu perfume favorito. Unstoppables Fresh tem um aroma de frutas c\u00edtricas e fruta fresca, envolvida em notas florais.\u2026","rel":"","context":"Similar post","img":{"alt_text":"","src":"https:\/\/i0.wp.com\/mundo.seashell.pt\/wp-content\/uploads\/2022\/02\/UNSTOPPABLES_LENOR_PE_ROLAS_FRESH_140G_8001841006680.png?resize=350%2C200&ssl=1","width":350,"height":200},"classes":[]},{"id":6609,"url":"https:\/\/mundo.seashell.pt\/?product=lenor-perolas-april-fresh-210gr","url_meta":{"origin":6593,"position":5},"title":"Lenor P\u00e9rolas April Fresh 210gr","date":"Fevereiro 23, 2022","format":false,"excerpt":"Para uma explos\u00e3o de frescura entre lavagens, Lenor infunde as suas roupas com a fragr\u00e2ncia april fresh. Envolvido na fragr\u00e2ncia das flores de primavera e toques de patchouli natural e cedro branco, pode esperar uma experi\u00eancia revitalizante e revigorante, onde vai sentir-se revigorada e totalmente renovada. Os intensificadores de fragr\u00e2ncia\u2026","rel":"","context":"Similar post","img":{"alt_text":"","src":"https:\/\/i0.wp.com\/mundo.seashell.pt\/wp-content\/uploads\/2022\/02\/LENOR_PE_ROLAS_APRIL_FRESH_140G_8001841566818.png?resize=350%2C200&ssl=1","width":350,"height":200},"classes":[]}],"_links":{"self":[{"href":"https:\/\/mundo.seashell.pt\/index.php?rest_route=\/wp\/v2\/product\/6593","targetHints":{"allow":["GET"]}}],"collection":[{"href":"https:\/\/mundo.seashell.pt\/index.php?rest_route=\/wp\/v2\/product"}],"about":[{"href":"https:\/\/mundo.seashell.pt\/index.php?rest_route=\/wp\/v2\/types\/product"}],"wp:featuredmedia":[{"embeddable":true,"href":"https:\/\/mundo.seashell.pt\/index.php?rest_route=\/wp\/v2\/media\/6594"}],"wp:attachment":[{"href":"https:\/\/mundo.seashell.pt\/index.php?rest_route=%2Fwp%2Fv2%2Fmedia&parent=6593"}],"wp:term":[{"taxonomy":"product_cat","embeddable":true,"href":"https:\/\/mundo.seashell.pt\/index.php?rest_route=%2Fwp%2Fv2%2Fproduct_cat&post=6593"},{"taxonomy":"product_tag","embeddable":true,"href":"https:\/\/mundo.seashell.pt\/index.php?rest_route=%2Fwp%2Fv2%2Fproduct_tag&post=6593"}],"curies":[{"name":"wp","href":"https:\/\/api.w.org\/{rel}","templated":true}]}}