{"id":6591,"date":"2022-02-23T18:47:50","date_gmt":"2022-02-23T18:47:50","guid":{"rendered":"https:\/\/mundo.seashell.pt\/?post_type=product&#038;p=6591"},"modified":"2022-02-23T18:47:52","modified_gmt":"2022-02-23T18:47:52","slug":"soflan-amaciador-de-roupa-13-doses","status":"publish","type":"product","link":"https:\/\/mundo.seashell.pt\/?product=soflan-amaciador-de-roupa-13-doses","title":{"rendered":"Soflan Amaciador de Roupa 13 Doses"},"content":{"rendered":"<p>Soflan tem uma f\u00f3rmula que ajuda a proteger a sua roupa delicada e as suas l\u00e3s preferidas, evitando o borboto e o encolhimento das suas l\u00e3s.<\/p>\n<h3>Tipo de produto:<\/h3>\n<p>Detergente L\u00edquido<\/p>\n<h3>Benef\u00edcios:<\/h3>\n<p>&#8211; F\u00f3rmula eficaz nos tecidos mais delicados;<br \/>&#8211; F\u00f3rmula anti-borboto;<br \/>&#8211; Mant\u00e9m a elasticidade das fibras;<br \/>&#8211; Fragr\u00e2ncia delicada e duradoura;<br \/>&#8211; Conservantes \u00e0 base de plantas.<\/p>\n<h3>Conselhos de utiliza\u00e7\u00e3o:<\/h3>\n<p>Siga as instru\u00e7\u00f5es presentes na embalagem.<\/p>\n","protected":false},"excerpt":{"rendered":"<p>Soflan tem uma f\u00f3rmula que ajuda a proteger a sua roupa delicada e as suas l\u00e3s preferidas, evitando o borboto e o encolhimento das suas l\u00e3s.<br \/>\nTipo de produto:<br \/>\nDetergente L\u00edquidoBenef\u00edcios:<br \/>\n&#8211; F\u00f3rmula eficaz nos tecidos mais delicados;- F\u00f3rmula anti-borboto;- Mant\u00e9m a elasticidade das fibras;- Fragr\u00e2nc&#8230;<\/p>\n","protected":false},"featured_media":6592,"template":"","meta":{"spay_email":""},"product_cat":[15],"product_tag":[],"class_list":{"0":"post-6591","1":"product","2":"type-product","3":"status-publish","4":"has-post-thumbnail","6":"product_cat-sem-categoria","8":"first","9":"instock","10":"taxable","11":"shipping-taxable","12":"purchasable","13":"product-type-simple"},"acf":[],"jetpack-related-posts":[{"id":6539,"url":"https:\/\/mundo.seashell.pt\/?product=woolite-det-liquido-para-maquina-de-lavaer-ruopa","url_meta":{"origin":6591,"position":0},"title":"Woolite Detergente L\u00edquido 56 Doses","date":"Fevereiro 23, 2022","format":false,"excerpt":"Woolite prote\u00e7\u00e3o l\u00e3s e sedas \u00e9 um detergente l\u00edquido para a m\u00e1quina de lavar roupa. \u00c9 o \u00fanico detergente do mercado com queratina que mant\u00e9m a sua roupa delicada como nova durante mais tempo e limpa e protege sem danificar os tecidos. Woolite sport \u00e9 um detergente l\u00edquido especialmente desenvolvido\u2026","rel":"","context":"Similar post","img":{"alt_text":"","src":"https:\/\/i0.wp.com\/mundo.seashell.pt\/wp-content\/uploads\/2022\/02\/Woolite_P._Brancos_56Dx6_5601217134264.png?resize=350%2C200&ssl=1","width":350,"height":200},"classes":[]},{"id":7172,"url":"https:\/\/mundo.seashell.pt\/?product=woolite-roupa-delicada-25-doses","url_meta":{"origin":6591,"position":1},"title":"Woolite Roupa Delicada 25 Doses","date":"Fevereiro 23, 2022","format":false,"excerpt":"Woolite prote\u00e7\u00e3o l\u00e3s e sedas \u00e9 um detergente l\u00edquido para a m\u00e1quina de lavar roupa. \u00c9 o \u00fanico detergente do mercado com queratina que mant\u00e9m a sua roupa delicada como nova durante mais tempo e limpa e protege sem danificar os tecidos. Benef\u00edcios: - F\u00f3rmula com queratina;- Para roupa de\u2026","rel":"","context":"Similar post","img":{"alt_text":"","src":"https:\/\/i0.wp.com\/mundo.seashell.pt\/wp-content\/uploads\/2022\/02\/6623586-frente.jpeg?resize=350%2C200&ssl=1","width":350,"height":200},"classes":[]},{"id":6531,"url":"https:\/\/mundo.seashell.pt\/?product=norit-det-liquido-para-maquina-de-lavar-roupa","url_meta":{"origin":6591,"position":2},"title":"Norit Detergente L\u00edquido Beb\u00e9 32 doses","date":"Fevereiro 23, 2022","format":false,"excerpt":"Nem todos os detergentes s\u00e3o iguais e nem todos s\u00e3o adequados para lavar as roupas dos mais pequenos. Muitos detergentes convencionais cont\u00eam componentes que podem irritar a pele do beb\u00e9. Norit baby, gra\u00e7as \u00e0 sua f\u00f3rmula hipoalerg\u00eanica, sem conservantes sensibilizantes, sem enzimas e sem al\u00e9rgenos, faz com que seja o\u2026","rel":"","context":"Similar post","img":{"alt_text":"","src":"https:\/\/i0.wp.com\/mundo.seashell.pt\/wp-content\/uploads\/2022\/02\/NORIT_BEBE__32_DOSES_1125ml_8411660118219.png?resize=350%2C200&ssl=1","width":350,"height":200},"classes":[]},{"id":6583,"url":"https:\/\/mundo.seashell.pt\/?product=woolite-roupa-escura23-capsulas","url_meta":{"origin":6591,"position":3},"title":"Woolite Roupa Escura 23 C\u00e1psulas","date":"Fevereiro 23, 2022","format":false,"excerpt":"Woolite prote\u00e7\u00e3o escuros, gangas e pretos \u00e9 um detergente l\u00edquido para a m\u00e1quina de lavar roupa. \u00c9 o \u00fanico detergente do mercado com queratina que mant\u00e9m a sua roupa escura como nova durante mais tempo. Limpa e protege sem danificar os tecidos. Mant\u00e9m as suas roupas como novas lavagem ap\u00f3s\u2026","rel":"","context":"Similar post","img":{"alt_text":"","src":"","width":0,"height":0},"classes":[]},{"id":6607,"url":"https:\/\/mundo.seashell.pt\/?product=quanto-amaciador-de-roupa-375l","url_meta":{"origin":6591,"position":4},"title":"Quanto Amaciador de Roupa 375ml","date":"Fevereiro 23, 2022","format":false,"excerpt":"Quanto amaciador roupa concentrado proporciona uma experi\u00eancia de frescura duradoura e uma sensa\u00e7\u00e3o de suavidade na pele. Com o seu efeito anti-est\u00e1tico sobre as fibras, faz com que sinta as suas roupas sempre frescas e macias. Delicie-se com as frescuras e desfrute de uma sensa\u00e7\u00e3o de frescura at\u00e9 200 dias\u2026","rel":"","context":"Similar post","img":{"alt_text":"","src":"https:\/\/i0.wp.com\/mundo.seashell.pt\/wp-content\/uploads\/2022\/02\/Quanto_Dilui_do_Flores_Silvestres_3_75Lx4_5601217133687.png?resize=350%2C200&ssl=1","width":350,"height":200},"classes":[]},{"id":7174,"url":"https:\/\/mundo.seashell.pt\/?product=woolite-roupa-desportiva-30-doses","url_meta":{"origin":6591,"position":5},"title":"Woolite Roupa Desportiva  30 Doses","date":"Fevereiro 23, 2022","format":false,"excerpt":"Mant\u00e9m as suas roupas como novas, lavagem ap\u00f3s lavagem!Descri\u00e7\u00e3o: Woolite sport \u00e9 um detergente l\u00edquido especialmente desenvolvido para a limpeza e prote\u00e7\u00e3o de roupa desportiva. Elimina os odores mais dif\u00edceis e mant\u00e9m a elasticidade das roupas, evitando o encolher das mesmas e o desbotar das cores. Tipo de produto...","rel":"","context":"Similar post","img":{"alt_text":"","src":"https:\/\/i0.wp.com\/mundo.seashell.pt\/wp-content\/uploads\/2022\/02\/7051720-frente.jpeg?resize=350%2C200&ssl=1","width":350,"height":200},"classes":[]}],"_links":{"self":[{"href":"https:\/\/mundo.seashell.pt\/index.php?rest_route=\/wp\/v2\/product\/6591","targetHints":{"allow":["GET"]}}],"collection":[{"href":"https:\/\/mundo.seashell.pt\/index.php?rest_route=\/wp\/v2\/product"}],"about":[{"href":"https:\/\/mundo.seashell.pt\/index.php?rest_route=\/wp\/v2\/types\/product"}],"wp:featuredmedia":[{"embeddable":true,"href":"https:\/\/mundo.seashell.pt\/index.php?rest_route=\/wp\/v2\/media\/6592"}],"wp:attachment":[{"href":"https:\/\/mundo.seashell.pt\/index.php?rest_route=%2Fwp%2Fv2%2Fmedia&parent=6591"}],"wp:term":[{"taxonomy":"product_cat","embeddable":true,"href":"https:\/\/mundo.seashell.pt\/index.php?rest_route=%2Fwp%2Fv2%2Fproduct_cat&post=6591"},{"taxonomy":"product_tag","embeddable":true,"href":"https:\/\/mundo.seashell.pt\/index.php?rest_route=%2Fwp%2Fv2%2Fproduct_tag&post=6591"}],"curies":[{"name":"wp","href":"https:\/\/api.w.org\/{rel}","templated":true}]}}