{"id":6585,"date":"2022-02-23T18:47:29","date_gmt":"2022-02-23T18:47:29","guid":{"rendered":"https:\/\/mundo.seashell.pt\/?post_type=product&#038;p=6585"},"modified":"2022-02-23T18:47:32","modified_gmt":"2022-02-23T18:47:32","slug":"persil-42-capsulas","status":"publish","type":"product","link":"https:\/\/mundo.seashell.pt\/?product=persil-42-capsulas","title":{"rendered":"Persil 42 C\u00e1psulas"},"content":{"rendered":"<p>ra\u00e7as \u00e0 sua tecnologia exclusiva com dois compartimentos, Persil Duo Caps combina um tira n\u00f3doas ativo, para remover at\u00e9 as n\u00f3doas mais resistentes, com a f\u00f3rmula de luminosidade Persil, para um brilho radiante \u2013 tudo num s\u00f3 produto! Para uma lavagem completa de uma forma mais simples: basta colocar a c\u00e1psula Persil Duo-Caps no tambor vazio da sua m\u00e1quina de lavar roupa, introduzir a roupa e iniciar a lavagem.<\/p>\n<h3>Tipo de produto:<\/h3>\n<p>Detergente C\u00e1psulas<\/p>\n<h3>Benef\u00edcios:<\/h3>\n<p>&#8211; Tira-n\u00f3doas;<br \/>&#8211; Brilho;<br \/>&#8211; Lavagem duradoura;<br \/>&#8211; Gentil com os tecidos;<br \/>&#8211; Limpeza conveniente e simples;<br \/>&#8211; Facilmente recicl\u00e1vel, apenas separar o cart\u00e3o e o pl\u00e1stico.<\/p>\n<h3>Conselhos de utiliza\u00e7\u00e3o:<\/h3>\n<p>&#8211; 3 C\u00e1psula para roupa &lt;4,5 kg, adequado para todos os n\u00edveis de dureza de \u00e1gua.<br \/>&#8211; 2 C\u00e1psulas para roupa &gt;4,5 kg, adequado para todos os n\u00edveis de dureza de \u00e1gua.<\/p>\n","protected":false},"excerpt":{"rendered":"<p>ra\u00e7as \u00e0 sua tecnologia exclusiva com dois compartimentos, Persil Duo Caps combina um tira n\u00f3doas ativo, para remover at\u00e9 as n\u00f3doas mais resistentes, com a f\u00f3rmula de luminosidade Persil, para um brilho radiante \u2013 tudo num s\u00f3 produto! Para uma lavagem completa de uma forma mais simples: basta colocar a c\u00e1psula Persil Duo-Caps no tambor vazio d&#8230;<\/p>\n","protected":false},"featured_media":6586,"template":"","meta":{"spay_email":""},"product_cat":[15],"product_tag":[],"class_list":{"0":"post-6585","1":"product","2":"type-product","3":"status-publish","4":"has-post-thumbnail","6":"product_cat-sem-categoria","8":"first","9":"instock","10":"taxable","11":"shipping-taxable","12":"purchasable","13":"product-type-simple"},"acf":[],"jetpack-related-posts":[{"id":6521,"url":"https:\/\/mundo.seashell.pt\/?product=persil-det-liquido-para-maquina-de-lavar-roupa","url_meta":{"origin":6585,"position":0},"title":"Persil Det. L\u00edquido para M\u00e1quina de Lavar Roupa 25 Doses","date":"Fevereiro 23, 2022","format":false,"excerpt":"Persil com tecnologia Limpeza Ativa penetra no interior das fibras removendo at\u00e9 as n\u00f3doas mais dif\u00edceis. Tudo isto, garantindo o cuidado dos tecidos e a frescura duradoura de Persil. Tipo de produto: Detergente L\u00edquidoBenef\u00edcios: - Limpeza Profunda;- Elimina N\u00f3doas;- Frescura Duradoura. Conselh...","rel":"","context":"Similar post","img":{"alt_text":"","src":"https:\/\/i0.wp.com\/mundo.seashell.pt\/wp-content\/uploads\/2022\/02\/PERSIL_COLOR_GEL___R___25D_8410436334433.png?resize=350%2C200&ssl=1","width":350,"height":200},"classes":[]},{"id":7176,"url":"https:\/\/mundo.seashell.pt\/?product=persil-det-liquido-universal-55-doses","url_meta":{"origin":6585,"position":1},"title":"Persil Det. L\u00edquido Universal 55 Doses","date":"Fevereiro 23, 2022","format":false,"excerpt":"A op\u00e7\u00e3o em l\u00edquido para uma lavagem mais completa!Descri\u00e7\u00e3o: Persil Universal com tecnologia Limpeza Ativa penetra no interior das fibras removendo at\u00e9 as n\u00f3doas mais dif\u00edceis. Tudo isto, garantindo o cuidado dos tecidos e a frescura duradoura de Persil. Tipo de produto: Detergente L\u00edquidoBenef\u00edcios...","rel":"","context":"Similar post","img":{"alt_text":"","src":"https:\/\/i0.wp.com\/mundo.seashell.pt\/wp-content\/uploads\/2022\/02\/05228010305671____6__600x600.jpeg?resize=350%2C200&ssl=1","width":350,"height":200},"classes":[]},{"id":6561,"url":"https:\/\/mundo.seashell.pt\/?product=persil-universal-40-doses","url_meta":{"origin":6585,"position":2},"title":"Persil Universal 40 Doses","date":"Fevereiro 23, 2022","format":false,"excerpt":"Persil Universal com tecnologia Limpeza Profunda penetra no interior das fibras removendo at\u00e9 as n\u00f3doas mais dif\u00edceis. Tudo isto, garantindo o cuidado dos tecidos e a frescura duradoura de Persil. Tipo de produto: Detergente P\u00f3Benef\u00edcios: - Limpeza Profunda;- Elimina as n\u00f3doas mais dif\u00edceis;- Frescura d...","rel":"","context":"Similar post","img":{"alt_text":"","src":"https:\/\/i0.wp.com\/mundo.seashell.pt\/wp-content\/uploads\/2022\/02\/05228010102276____1__600x600.jpeg?resize=350%2C200&ssl=1","width":350,"height":200},"classes":[]},{"id":6563,"url":"https:\/\/mundo.seashell.pt\/?product=persil-universal-80-doses","url_meta":{"origin":6585,"position":3},"title":"Persil Universal 80 Doses","date":"Fevereiro 23, 2022","format":false,"excerpt":"Persil Universal com tecnologia Limpeza Profunda penetra no interior das fibras removendo at\u00e9 as n\u00f3doas mais dif\u00edceis. Tudo isto, garantindo o cuidado dos tecidos e a frescura duradoura de Persil. Tipo de produto: Detergente P\u00f3 Benef\u00edcios: - Limpeza Profunda;- Elimina as n\u00f3doas mais dif\u00edceis;- Frescura ...","rel":"","context":"Similar post","img":{"alt_text":"","src":"https:\/\/i0.wp.com\/mundo.seashell.pt\/wp-content\/uploads\/2022\/02\/PERSIL_UNIVERSAL_PO__80D_8410436357258.png?resize=350%2C200&ssl=1","width":350,"height":200},"classes":[]},{"id":6565,"url":"https:\/\/mundo.seashell.pt\/?product=persil-sabao-azul-e-branco-70-doses","url_meta":{"origin":6585,"position":4},"title":"Persil Sab\u00e3o Azul e Branco 70 Doses","date":"Fevereiro 23, 2022","format":false,"excerpt":"Desde sempre existiu algo nas nossas casas para nos ajudar na remo\u00e7\u00e3o de n\u00f3doas. Quem nunca utilizou o tradicional sab\u00e3o azul e branco para eliminar uma n\u00f3doa dificil? Persil oferece-lhe agora o poder do sab\u00e3o azul e branco, numa forma moderna e econ\u00f3mica. Tipo de produto: Detergente P\u00f3 Notas\/Fragr\u00e2ncia: Sab\u00e3o\u2026","rel":"","context":"Similar post","img":{"alt_text":"","src":"https:\/\/i0.wp.com\/mundo.seashell.pt\/wp-content\/uploads\/2022\/02\/PERSIL_SABA_O_AZUL___BRANCO_PO__70D_8410436294690.png?resize=350%2C200&ssl=1","width":350,"height":200},"classes":[]},{"id":5782,"url":"https:\/\/mundo.seashell.pt\/?product=clean-active-20-kg-lavandaria-automaticamanual","url_meta":{"origin":6585,"position":5},"title":"Detergente Clean Active &#8211; Lavandaria Autom\u00e1tica\/Manual","date":"Fevereiro 23, 2022","format":false,"excerpt":"Detergente perfumado para lavagem manual e autom\u00e1tica da roupa com efeito poderoso de lavagem para todos os tipos de sujidade e de tecido.","rel":"","context":"Similar post","img":{"alt_text":"","src":"https:\/\/i0.wp.com\/mundo.seashell.pt\/wp-content\/uploads\/2022\/02\/clean_active.jpg?resize=350%2C200&ssl=1","width":350,"height":200},"classes":[]}],"_links":{"self":[{"href":"https:\/\/mundo.seashell.pt\/index.php?rest_route=\/wp\/v2\/product\/6585","targetHints":{"allow":["GET"]}}],"collection":[{"href":"https:\/\/mundo.seashell.pt\/index.php?rest_route=\/wp\/v2\/product"}],"about":[{"href":"https:\/\/mundo.seashell.pt\/index.php?rest_route=\/wp\/v2\/types\/product"}],"wp:featuredmedia":[{"embeddable":true,"href":"https:\/\/mundo.seashell.pt\/index.php?rest_route=\/wp\/v2\/media\/6586"}],"wp:attachment":[{"href":"https:\/\/mundo.seashell.pt\/index.php?rest_route=%2Fwp%2Fv2%2Fmedia&parent=6585"}],"wp:term":[{"taxonomy":"product_cat","embeddable":true,"href":"https:\/\/mundo.seashell.pt\/index.php?rest_route=%2Fwp%2Fv2%2Fproduct_cat&post=6585"},{"taxonomy":"product_tag","embeddable":true,"href":"https:\/\/mundo.seashell.pt\/index.php?rest_route=%2Fwp%2Fv2%2Fproduct_tag&post=6585"}],"curies":[{"name":"wp","href":"https:\/\/api.w.org\/{rel}","templated":true}]}}