{"id":6583,"date":"2022-02-23T18:47:29","date_gmt":"2022-02-23T18:47:29","guid":{"rendered":"https:\/\/mundo.seashell.pt\/?post_type=product&#038;p=6583"},"modified":"2022-02-23T18:47:29","modified_gmt":"2022-02-23T18:47:29","slug":"woolite-roupa-escura23-capsulas","status":"publish","type":"product","link":"https:\/\/mundo.seashell.pt\/?product=woolite-roupa-escura23-capsulas","title":{"rendered":"Woolite Roupa Escura 23 C\u00e1psulas"},"content":{"rendered":"<p>Woolite prote\u00e7\u00e3o escuros, gangas e pretos \u00e9 um detergente l\u00edquido para a m\u00e1quina de lavar roupa. \u00c9 o \u00fanico detergente do mercado com queratina que mant\u00e9m a sua roupa escura como nova durante mais tempo. Limpa e protege sem danificar os tecidos. Mant\u00e9m as suas roupas como novas lavagem ap\u00f3s lavagem.<\/p>\n<h3>Benef\u00edcios:<\/h3>\n<p>&#8211; F\u00f3rmula com queratina;<br \/>&#8211; Pretos, gangas e escuros;<br \/>&#8211; Mant\u00e9m a intensidade das cores;<br \/>&#8211; Evita a perda das cores;<br \/>&#8211; Cuida das fibras sem danificar.<\/p>\n<p><\/p>\n","protected":false},"excerpt":{"rendered":"<p>Woolite prote\u00e7\u00e3o escuros, gangas e pretos \u00e9 um detergente l\u00edquido para a m\u00e1quina de lavar roupa. \u00c9 o \u00fanico detergente do mercado com queratina que mant\u00e9m a sua roupa escura como nova durante mais tempo. Limpa e protege sem danificar os tecidos. Mant\u00e9m as suas roupas como novas lavagem ap\u00f3s lavagem.<br \/>\nBenef\u00edcios:<br \/>\n&#8211; F\u00f3rmula com qu&#8230;<\/p>\n","protected":false},"featured_media":6584,"template":"","meta":{"spay_email":""},"product_cat":[15],"product_tag":[],"class_list":{"0":"post-6583","1":"product","2":"type-product","3":"status-publish","4":"has-post-thumbnail","6":"product_cat-sem-categoria","8":"first","9":"instock","10":"taxable","11":"shipping-taxable","12":"purchasable","13":"product-type-simple"},"acf":[],"jetpack-related-posts":[{"id":6539,"url":"https:\/\/mundo.seashell.pt\/?product=woolite-det-liquido-para-maquina-de-lavaer-ruopa","url_meta":{"origin":6583,"position":0},"title":"Woolite Detergente L\u00edquido 56 Doses","date":"Fevereiro 23, 2022","format":false,"excerpt":"Woolite prote\u00e7\u00e3o l\u00e3s e sedas \u00e9 um detergente l\u00edquido para a m\u00e1quina de lavar roupa. \u00c9 o \u00fanico detergente do mercado com queratina que mant\u00e9m a sua roupa delicada como nova durante mais tempo e limpa e protege sem danificar os tecidos. Woolite sport \u00e9 um detergente l\u00edquido especialmente desenvolvido\u2026","rel":"","context":"Similar post","img":{"alt_text":"","src":"https:\/\/i0.wp.com\/mundo.seashell.pt\/wp-content\/uploads\/2022\/02\/Woolite_P._Brancos_56Dx6_5601217134264.png?resize=350%2C200&ssl=1","width":350,"height":200},"classes":[]},{"id":7172,"url":"https:\/\/mundo.seashell.pt\/?product=woolite-roupa-delicada-25-doses","url_meta":{"origin":6583,"position":1},"title":"Woolite Roupa Delicada 25 Doses","date":"Fevereiro 23, 2022","format":false,"excerpt":"Woolite prote\u00e7\u00e3o l\u00e3s e sedas \u00e9 um detergente l\u00edquido para a m\u00e1quina de lavar roupa. \u00c9 o \u00fanico detergente do mercado com queratina que mant\u00e9m a sua roupa delicada como nova durante mais tempo e limpa e protege sem danificar os tecidos. Benef\u00edcios: - F\u00f3rmula com queratina;- Para roupa de\u2026","rel":"","context":"Similar post","img":{"alt_text":"","src":"https:\/\/i0.wp.com\/mundo.seashell.pt\/wp-content\/uploads\/2022\/02\/6623586-frente.jpeg?resize=350%2C200&ssl=1","width":350,"height":200},"classes":[]},{"id":7174,"url":"https:\/\/mundo.seashell.pt\/?product=woolite-roupa-desportiva-30-doses","url_meta":{"origin":6583,"position":2},"title":"Woolite Roupa Desportiva  30 Doses","date":"Fevereiro 23, 2022","format":false,"excerpt":"Mant\u00e9m as suas roupas como novas, lavagem ap\u00f3s lavagem!Descri\u00e7\u00e3o: Woolite sport \u00e9 um detergente l\u00edquido especialmente desenvolvido para a limpeza e prote\u00e7\u00e3o de roupa desportiva. Elimina os odores mais dif\u00edceis e mant\u00e9m a elasticidade das roupas, evitando o encolher das mesmas e o desbotar das cores. Tipo de produto...","rel":"","context":"Similar post","img":{"alt_text":"","src":"https:\/\/i0.wp.com\/mundo.seashell.pt\/wp-content\/uploads\/2022\/02\/7051720-frente.jpeg?resize=350%2C200&ssl=1","width":350,"height":200},"classes":[]},{"id":7168,"url":"https:\/\/mundo.seashell.pt\/?product=norit-detergente-liquido-roupa-escura-32-doses","url_meta":{"origin":6583,"position":3},"title":"Norit Detergente L\u00edquido Roupa Escura 32 doses","date":"Fevereiro 23, 2022","format":false,"excerpt":"Pretos t\u00e3o escuros e brilhantes como no primeiro dia, mesmo depois de v\u00e1rias lavagens.Descri\u00e7\u00e3o: As roupas escuras podem rapidamente perder o seu brilho original. Para evitar isso, \u00e9 importante lav\u00e1-los separadamente e com um detergente especial para roupas escuras. Gra\u00e7as aos seus agentes de fixa\u00e7\u00e3o e cuidados de cor, Norit\u2026","rel":"","context":"Similar post","img":{"alt_text":"","src":"https:\/\/i0.wp.com\/mundo.seashell.pt\/wp-content\/uploads\/2022\/02\/6787773-frente.jpeg?resize=350%2C200&ssl=1","width":350,"height":200},"classes":[]},{"id":6531,"url":"https:\/\/mundo.seashell.pt\/?product=norit-det-liquido-para-maquina-de-lavar-roupa","url_meta":{"origin":6583,"position":4},"title":"Norit Detergente L\u00edquido Beb\u00e9 32 doses","date":"Fevereiro 23, 2022","format":false,"excerpt":"Nem todos os detergentes s\u00e3o iguais e nem todos s\u00e3o adequados para lavar as roupas dos mais pequenos. Muitos detergentes convencionais cont\u00eam componentes que podem irritar a pele do beb\u00e9. Norit baby, gra\u00e7as \u00e0 sua f\u00f3rmula hipoalerg\u00eanica, sem conservantes sensibilizantes, sem enzimas e sem al\u00e9rgenos, faz com que seja o\u2026","rel":"","context":"Similar post","img":{"alt_text":"","src":"https:\/\/i0.wp.com\/mundo.seashell.pt\/wp-content\/uploads\/2022\/02\/NORIT_BEBE__32_DOSES_1125ml_8411660118219.png?resize=350%2C200&ssl=1","width":350,"height":200},"classes":[]},{"id":6710,"url":"https:\/\/mundo.seashell.pt\/?product=xau-limpa-maquinas-025l","url_meta":{"origin":6583,"position":5},"title":"Xau Limpa M\u00e1quinas 250ml","date":"Fevereiro 23, 2022","format":false,"excerpt":"Se a sua m\u00e1quina da roupa tem a gaveta suja, maus odores e borracha suja, utilize Xau limpa m\u00e1quinas. Este produto cont\u00e9m uma f\u00f3rmula \u00fanica que limpa e remove os res\u00edduos de sujidade e detergente do interior da m\u00e1quina da roupa. Mant\u00e9m o interior da sua m\u00e1quina limpa, garantindo um\u2026","rel":"","context":"Similar post","img":{"alt_text":"","src":"https:\/\/i0.wp.com\/mundo.seashell.pt\/wp-content\/uploads\/2022\/02\/Xau_Limpa_Ma_quinas_250mlx12_8410104033026.png?resize=350%2C200&ssl=1","width":350,"height":200},"classes":[]}],"_links":{"self":[{"href":"https:\/\/mundo.seashell.pt\/index.php?rest_route=\/wp\/v2\/product\/6583","targetHints":{"allow":["GET"]}}],"collection":[{"href":"https:\/\/mundo.seashell.pt\/index.php?rest_route=\/wp\/v2\/product"}],"about":[{"href":"https:\/\/mundo.seashell.pt\/index.php?rest_route=\/wp\/v2\/types\/product"}],"wp:featuredmedia":[{"embeddable":true,"href":"https:\/\/mundo.seashell.pt\/index.php?rest_route=\/wp\/v2\/media\/6584"}],"wp:attachment":[{"href":"https:\/\/mundo.seashell.pt\/index.php?rest_route=%2Fwp%2Fv2%2Fmedia&parent=6583"}],"wp:term":[{"taxonomy":"product_cat","embeddable":true,"href":"https:\/\/mundo.seashell.pt\/index.php?rest_route=%2Fwp%2Fv2%2Fproduct_cat&post=6583"},{"taxonomy":"product_tag","embeddable":true,"href":"https:\/\/mundo.seashell.pt\/index.php?rest_route=%2Fwp%2Fv2%2Fproduct_tag&post=6583"}],"curies":[{"name":"wp","href":"https:\/\/api.w.org\/{rel}","templated":true}]}}