{"id":6581,"date":"2022-02-23T18:47:13","date_gmt":"2022-02-23T18:47:13","guid":{"rendered":"https:\/\/mundo.seashell.pt\/?post_type=product&#038;p=6581"},"modified":"2022-02-23T18:47:15","modified_gmt":"2022-02-23T18:47:15","slug":"xau-detergente-50-capsulas","status":"publish","type":"product","link":"https:\/\/mundo.seashell.pt\/?product=xau-detergente-50-capsulas","title":{"rendered":"Xau Detergente 50 C\u00e1psulas"},"content":{"rendered":"<p>A f\u00f3rmula Xau Vanish tira-n\u00f3doas cont\u00e9m o detergente de Xau e os ingredientes tira-n\u00f3doas Vanish, que atuam em profundidade contra as n\u00f3doas dif\u00edceis, sendo eficaz ainda em mais n\u00f3doas.<\/p>\n<h3>Tipo de produto:<\/h3>\n<p>Detergente C\u00e1psulas<\/p>\n<h3>Benef\u00edcios:<\/h3>\n<p>&#8211; Com agentes tira-n\u00f3doas;<br \/>&#8211; Para roupa branca e de cores;<br \/>&#8211; Eficaz em lavagens a partir dos 20\u00baC.<\/p>\n","protected":false},"excerpt":{"rendered":"<p>A f\u00f3rmula Xau Vanish tira-n\u00f3doas cont\u00e9m o detergente de Xau e os ingredientes tira-n\u00f3doas Vanish, que atuam em profundidade contra as n\u00f3doas dif\u00edceis, sendo eficaz ainda em mais n\u00f3doas.<br \/>\nTipo de produto:<br \/>\nDetergente C\u00e1psulasBenef\u00edcios:<br \/>\n&#8211; Com agentes tira-n\u00f3doas;- Para roupa branca e de cores;- Eficaz em l&#8230;<\/p>\n","protected":false},"featured_media":6582,"template":"","meta":{"spay_email":""},"product_cat":[15],"product_tag":[],"class_list":{"0":"post-6581","1":"product","2":"type-product","3":"status-publish","4":"has-post-thumbnail","6":"product_cat-sem-categoria","8":"first","9":"instock","10":"taxable","11":"shipping-taxable","12":"purchasable","13":"product-type-simple"},"acf":[],"jetpack-related-posts":[{"id":6643,"url":"https:\/\/mundo.seashell.pt\/?product=vanish-tira-nodoas-1l","url_meta":{"origin":6581,"position":0},"title":"Vanish Tira N\u00f3doas 1L","date":"Fevereiro 23, 2022","format":false,"excerpt":"Problemas com a lavagem da roupa? Os detergentes nem sempre conseguem remover as n\u00f3doas, proteger as cores e eliminar maus odores. Experimente o novo Vanish\u00a0para brancos e\u00a0cores! A sua f\u00f3rmula remove n\u00f3doas, reaviva as cores e elimina maus odores. Pode ser utilizado em pr\u00e9-tratamento, de molho ou diretamente na m\u00e1quina,\u2026","rel":"","context":"Similar post","img":{"alt_text":"","src":"https:\/\/i0.wp.com\/mundo.seashell.pt\/wp-content\/uploads\/2022\/02\/Vanish_Delicadas_White_1Lx12_8410104884833.png?resize=350%2C200&ssl=1","width":350,"height":200},"classes":[]},{"id":6639,"url":"https:\/\/mundo.seashell.pt\/?product=vanix-oxi-action-08l","url_meta":{"origin":6581,"position":1},"title":"Vanix Oxi Action 800ml","date":"Fevereiro 23, 2022","format":false,"excerpt":"Problemas com a lavagem da roupa? Os detergentes nem sempre conseguem remover as n\u00f3doas, proteger as cores e eliminar maus odores. Experimente o novo Vanish oxi action gel para cores! A sua f\u00f3rmula remove n\u00f3doas, reaviva as cores e elimina maus odores. Pode ser utilizado em pr\u00e9-tratamento, de molho ou\u2026","rel":"","context":"Similar post","img":{"alt_text":"","src":"https:\/\/i0.wp.com\/mundo.seashell.pt\/wp-content\/uploads\/2022\/02\/Vanish_Oxi_Action_Gel_Pink_800ML_x6_5601217134363.png?resize=350%2C200&ssl=1","width":350,"height":200},"classes":[]},{"id":6659,"url":"https:\/\/mundo.seashell.pt\/?product=vanish-tira-nodoas-em-po-branqueador-600gr","url_meta":{"origin":6581,"position":2},"title":"Vanish Tira N\u00f3doas em P\u00f3 Branqueador 600Gr","date":"Fevereiro 23, 2022","format":false,"excerpt":"Frustrado com n\u00f3doas que parecem n\u00e3o sair e brancos que tendem a tornar-se cinzentos com o tempo? Vanish oxi action em p\u00f3 para roupas brancas tem uma nova f\u00f3rmula que, para al\u00e9m de remover n\u00f3doas dif\u00edceis \u00e0 primeira, garante brancos mais brancos, mesmo ap\u00f3s 50 lavagens. Vanish oxi action em\u2026","rel":"","context":"Similar post","img":{"alt_text":"","src":"https:\/\/i0.wp.com\/mundo.seashell.pt\/wp-content\/uploads\/2022\/02\/VANISH_REGULAR_PO_WHITE_14X600g_8410104884758.png?resize=350%2C200&ssl=1","width":350,"height":200},"classes":[]},{"id":6661,"url":"https:\/\/mundo.seashell.pt\/?product=vanish-tora-nodoas-em-po-600gr","url_meta":{"origin":6581,"position":3},"title":"Vanish Tora N\u00f3doas em P\u00f3 600Gr","date":"Fevereiro 23, 2022","format":false,"excerpt":"Frustrado com n\u00f3doas que parecem n\u00e3o sair e brancos que tendem a tornar-se cinzentos com o tempo? Vanish oxi action em p\u00f3 para roupas brancas tem uma nova f\u00f3rmula que, para al\u00e9m de remover n\u00f3doas dif\u00edceis \u00e0 primeira, garante brancos mais brancos, mesmo ap\u00f3s 50 lavagens. Vanish oxi action em\u2026","rel":"","context":"Similar post","img":{"alt_text":"","src":"","width":0,"height":0},"classes":[]},{"id":6657,"url":"https:\/\/mundo.seashell.pt\/?product=vanish-oxi-action-em-po-420gr","url_meta":{"origin":6581,"position":4},"title":"Vanish Oxi Action em P\u00f3 420Gr","date":"Fevereiro 23, 2022","format":false,"excerpt":"Depois de lavar a roupa, continua com maus odores e n\u00f3doas? Vanish oxi action p\u00f3 elimina odores \u00e9 um tira-n\u00f3doas poderoso sem lix\u00edvia que, para al\u00e9m de remover todo o tipo de n\u00f3doas, cont\u00e9m uma tecnologia de neutraliza\u00e7\u00e3o de odores. Pode ser utilizado em pr\u00e9-tratamento, de molho ou diretamente na\u2026","rel":"","context":"Similar post","img":{"alt_text":"","src":"https:\/\/i0.wp.com\/mundo.seashell.pt\/wp-content\/uploads\/2022\/02\/Vanish_Oxi_Action_Po__White_420G_4_P_x6_5601217134332.png?resize=350%2C200&ssl=1","width":350,"height":200},"classes":[]},{"id":6649,"url":"https:\/\/mundo.seashell.pt\/?product=sanytol-tira-nodoas-em-po-450gr","url_meta":{"origin":6581,"position":5},"title":"Sanytol Tira N\u00f3doas em P\u00f3 450gr","date":"Fevereiro 23, 2022","format":false,"excerpt":"Tira-N\u00f3doas Desinfetante em p\u00f3 que destr\u00f3i 99,9% dos micr\u00f3bios e que elimina eficazmente as manchas mais persistentes mesmo a baixas temperaturas. A sua f\u00f3rmula \u00fanica \u00e0 base de enzimas e oxig\u00e9nio ativo penetra no cora\u00e7\u00e3o das fibras t\u00eaxteis para remover as n\u00f3doas, eliminar o tom amarelado e reavivar o branco\u2026","rel":"","context":"Similar post","img":{"alt_text":"","src":"https:\/\/i0.wp.com\/mundo.seashell.pt\/wp-content\/uploads\/2022\/02\/SANYTOL_TIRA_NO_DOAS_BRANQUEADOR_450g_3045206382601.png?resize=350%2C200&ssl=1","width":350,"height":200},"classes":[]}],"_links":{"self":[{"href":"https:\/\/mundo.seashell.pt\/index.php?rest_route=\/wp\/v2\/product\/6581","targetHints":{"allow":["GET"]}}],"collection":[{"href":"https:\/\/mundo.seashell.pt\/index.php?rest_route=\/wp\/v2\/product"}],"about":[{"href":"https:\/\/mundo.seashell.pt\/index.php?rest_route=\/wp\/v2\/types\/product"}],"wp:featuredmedia":[{"embeddable":true,"href":"https:\/\/mundo.seashell.pt\/index.php?rest_route=\/wp\/v2\/media\/6582"}],"wp:attachment":[{"href":"https:\/\/mundo.seashell.pt\/index.php?rest_route=%2Fwp%2Fv2%2Fmedia&parent=6581"}],"wp:term":[{"taxonomy":"product_cat","embeddable":true,"href":"https:\/\/mundo.seashell.pt\/index.php?rest_route=%2Fwp%2Fv2%2Fproduct_cat&post=6581"},{"taxonomy":"product_tag","embeddable":true,"href":"https:\/\/mundo.seashell.pt\/index.php?rest_route=%2Fwp%2Fv2%2Fproduct_tag&post=6581"}],"curies":[{"name":"wp","href":"https:\/\/api.w.org\/{rel}","templated":true}]}}