{"id":6579,"date":"2022-02-23T18:47:11","date_gmt":"2022-02-23T18:47:11","guid":{"rendered":"https:\/\/mundo.seashell.pt\/?post_type=product&#038;p=6579"},"modified":"2022-02-23T18:47:13","modified_gmt":"2022-02-23T18:47:13","slug":"skip-3-em-1-42-capsulas","status":"publish","type":"product","link":"https:\/\/mundo.seashell.pt\/?product=skip-3-em-1-42-capsulas","title":{"rendered":"Skip 3 em 1 42 C\u00e1psulas"},"content":{"rendered":"<p>Skip higiene foi especialmente desenvolvido para limpar e higienizar a sua roupa. Protegendo-a e eliminado os maus odores, enquanto remove as n\u00f3doas dif\u00edceis.<\/p>\n<h3>Tipo de produto:<\/h3>\n<p>Detergente C\u00e1psulas<\/p>\n<h3>Benef\u00edcios:<\/h3>\n<p>&#8211; Roupa limpa e higienizada;<br \/>&#8211; Elimina os maus odores;<br \/>&#8211; Protege a roupa;<br \/>&#8211; Remove n\u00f3doas dif\u00edceis.<\/p>\n<h3>Conselhos de utiliza\u00e7\u00e3o:<\/h3>\n<p>O seu modo de utiliza\u00e7\u00e3o \u00e9 pr\u00e1tico e f\u00e1cil. Basta colocar a c\u00e1psula no tambor da m\u00e1quina, por baixo da carga de roupa.<\/p>\n","protected":false},"excerpt":{"rendered":"<p>Skip higiene foi especialmente desenvolvido para limpar e higienizar a sua roupa. Protegendo-a e eliminado os maus odores, enquanto remove as n\u00f3doas dif\u00edceis.<\/p>\n<h3>Tipo de produto:<\/h3>\n<p>Detergente C\u00e1psulas<\/p>\n<h3>Benef\u00edcios:<\/h3>\n<p>&#8211; Roupa limpa e higienizada;<br \/>&#8211; Elimina os maus odores;<br \/>&#8211; Protege a roupa;<br \/>&#8211; Remove n\u00f3doas dif\u00edce&#8230;<\/p>\n","protected":false},"featured_media":6580,"template":"","meta":{"spay_email":""},"product_cat":[15],"product_tag":[],"class_list":{"0":"post-6579","1":"product","2":"type-product","3":"status-publish","4":"has-post-thumbnail","6":"product_cat-sem-categoria","8":"first","9":"instock","10":"taxable","11":"shipping-taxable","12":"purchasable","13":"product-type-simple"},"acf":[],"jetpack-related-posts":[{"id":6653,"url":"https:\/\/mundo.seashell.pt\/?product=lysol-higiene-450gr","url_meta":{"origin":6579,"position":0},"title":"Lysol Higiene 450Gr","date":"Fevereiro 23, 2022","format":false,"excerpt":"Remover as n\u00f3doas pode parecer um verdadeiro desafio, mas com Lysol higi\u00e9nico tira-n\u00f3doas em p\u00f3 vai perceber que \u00e9 simples manter a roupa limpa, sem precisar de esfregar. Garanta uma higiene e frescura prolongada da sua roupa. A marca Lysol existe h\u00e1 mais de 100 anos e \u00e9 uma marca\u2026","rel":"","context":"Similar post","img":{"alt_text":"","src":"https:\/\/i0.wp.com\/mundo.seashell.pt\/wp-content\/uploads\/2022\/02\/Lysol_Higie_nico_Tira_No_doas_Roupa_Po__450G_x6_5601217134462.png?resize=350%2C200&ssl=1","width":350,"height":200},"classes":[]},{"id":6643,"url":"https:\/\/mundo.seashell.pt\/?product=vanish-tira-nodoas-1l","url_meta":{"origin":6579,"position":1},"title":"Vanish Tira N\u00f3doas 1L","date":"Fevereiro 23, 2022","format":false,"excerpt":"Problemas com a lavagem da roupa? Os detergentes nem sempre conseguem remover as n\u00f3doas, proteger as cores e eliminar maus odores. Experimente o novo Vanish\u00a0para brancos e\u00a0cores! A sua f\u00f3rmula remove n\u00f3doas, reaviva as cores e elimina maus odores. Pode ser utilizado em pr\u00e9-tratamento, de molho ou diretamente na m\u00e1quina,\u2026","rel":"","context":"Similar post","img":{"alt_text":"","src":"https:\/\/i0.wp.com\/mundo.seashell.pt\/wp-content\/uploads\/2022\/02\/Vanish_Delicadas_White_1Lx12_8410104884833.png?resize=350%2C200&ssl=1","width":350,"height":200},"classes":[]},{"id":6639,"url":"https:\/\/mundo.seashell.pt\/?product=vanix-oxi-action-08l","url_meta":{"origin":6579,"position":2},"title":"Vanix Oxi Action 800ml","date":"Fevereiro 23, 2022","format":false,"excerpt":"Problemas com a lavagem da roupa? Os detergentes nem sempre conseguem remover as n\u00f3doas, proteger as cores e eliminar maus odores. Experimente o novo Vanish oxi action gel para cores! A sua f\u00f3rmula remove n\u00f3doas, reaviva as cores e elimina maus odores. Pode ser utilizado em pr\u00e9-tratamento, de molho ou\u2026","rel":"","context":"Similar post","img":{"alt_text":"","src":"https:\/\/i0.wp.com\/mundo.seashell.pt\/wp-content\/uploads\/2022\/02\/Vanish_Oxi_Action_Gel_Pink_800ML_x6_5601217134363.png?resize=350%2C200&ssl=1","width":350,"height":200},"classes":[]},{"id":6657,"url":"https:\/\/mundo.seashell.pt\/?product=vanish-oxi-action-em-po-420gr","url_meta":{"origin":6579,"position":3},"title":"Vanish Oxi Action em P\u00f3 420Gr","date":"Fevereiro 23, 2022","format":false,"excerpt":"Depois de lavar a roupa, continua com maus odores e n\u00f3doas? Vanish oxi action p\u00f3 elimina odores \u00e9 um tira-n\u00f3doas poderoso sem lix\u00edvia que, para al\u00e9m de remover todo o tipo de n\u00f3doas, cont\u00e9m uma tecnologia de neutraliza\u00e7\u00e3o de odores. Pode ser utilizado em pr\u00e9-tratamento, de molho ou diretamente na\u2026","rel":"","context":"Similar post","img":{"alt_text":"","src":"https:\/\/i0.wp.com\/mundo.seashell.pt\/wp-content\/uploads\/2022\/02\/Vanish_Oxi_Action_Po__White_420G_4_P_x6_5601217134332.png?resize=350%2C200&ssl=1","width":350,"height":200},"classes":[]},{"id":6710,"url":"https:\/\/mundo.seashell.pt\/?product=xau-limpa-maquinas-025l","url_meta":{"origin":6579,"position":4},"title":"Xau Limpa M\u00e1quinas 250ml","date":"Fevereiro 23, 2022","format":false,"excerpt":"Se a sua m\u00e1quina da roupa tem a gaveta suja, maus odores e borracha suja, utilize Xau limpa m\u00e1quinas. Este produto cont\u00e9m uma f\u00f3rmula \u00fanica que limpa e remove os res\u00edduos de sujidade e detergente do interior da m\u00e1quina da roupa. Mant\u00e9m o interior da sua m\u00e1quina limpa, garantindo um\u2026","rel":"","context":"Similar post","img":{"alt_text":"","src":"https:\/\/i0.wp.com\/mundo.seashell.pt\/wp-content\/uploads\/2022\/02\/Xau_Limpa_Ma_quinas_250mlx12_8410104033026.png?resize=350%2C200&ssl=1","width":350,"height":200},"classes":[]},{"id":6543,"url":"https:\/\/mundo.seashell.pt\/?product=x-tra-det-liquido-50-doses","url_meta":{"origin":6579,"position":5},"title":"Xtra Det. L\u00edquido 50 Doses","date":"Fevereiro 23, 2022","format":false,"excerpt":"O X-tra gel oferece-lhe m\u00faltiplos benef\u00edcios num s\u00f3 detergente. A sua f\u00f3rmula penetra no interior das fibras eliminando as n\u00f3doas e dando brilho \u00e0 sua roupa. Para al\u00e9m disso, possui um efeito neutralizador de odores que funciona como \u00edman que atrai e anula os maus cheiros, proporcionando uma frescura prolongada\u2026","rel":"","context":"Similar post","img":{"alt_text":"","src":"https:\/\/i0.wp.com\/mundo.seashell.pt\/wp-content\/uploads\/2022\/02\/XTRA_UNIVERSAL_GEL__P18___50D_8410436320184.png?resize=350%2C200&ssl=1","width":350,"height":200},"classes":[]}],"_links":{"self":[{"href":"https:\/\/mundo.seashell.pt\/index.php?rest_route=\/wp\/v2\/product\/6579","targetHints":{"allow":["GET"]}}],"collection":[{"href":"https:\/\/mundo.seashell.pt\/index.php?rest_route=\/wp\/v2\/product"}],"about":[{"href":"https:\/\/mundo.seashell.pt\/index.php?rest_route=\/wp\/v2\/types\/product"}],"wp:featuredmedia":[{"embeddable":true,"href":"https:\/\/mundo.seashell.pt\/index.php?rest_route=\/wp\/v2\/media\/6580"}],"wp:attachment":[{"href":"https:\/\/mundo.seashell.pt\/index.php?rest_route=%2Fwp%2Fv2%2Fmedia&parent=6579"}],"wp:term":[{"taxonomy":"product_cat","embeddable":true,"href":"https:\/\/mundo.seashell.pt\/index.php?rest_route=%2Fwp%2Fv2%2Fproduct_cat&post=6579"},{"taxonomy":"product_tag","embeddable":true,"href":"https:\/\/mundo.seashell.pt\/index.php?rest_route=%2Fwp%2Fv2%2Fproduct_tag&post=6579"}],"curies":[{"name":"wp","href":"https:\/\/api.w.org\/{rel}","templated":true}]}}