{"id":6577,"date":"2022-02-23T18:47:08","date_gmt":"2022-02-23T18:47:08","guid":{"rendered":"https:\/\/mundo.seashell.pt\/?post_type=product&#038;p=6577"},"modified":"2022-02-23T18:47:11","modified_gmt":"2022-02-23T18:47:11","slug":"hansaplast-adesivo-classico-5m-x-125cm","status":"publish","type":"product","link":"https:\/\/mundo.seashell.pt\/?product=hansaplast-adesivo-classico-5m-x-125cm","title":{"rendered":"Hansaplast Adesivo Cl\u00e1ssico 5m x 1,25cm"},"content":{"rendered":"<h3>Fita Adesiva Hansaplast Classic<\/h3>\n<p>Esta fita adesiva \u00e9 um artigo essencial a ter em casa para primeiros socorros, uma vez que fixa pensos e compressas de forma segura e firme. \u00c9 tamb\u00e9m adequado para fixar equipamento m\u00e9dico, como tubos, cateteres, sondas e instrumentos de medi\u00e7\u00e3o. Pode ser cortada \u00e0 m\u00e3o, pelo que n\u00e3o \u00e9 necess\u00e1rio usar uma tesoura. Esta fita adesiva \u00e9 duradoura e n\u00e3o tem l\u00e1tex.<\/p>\n","protected":false},"excerpt":{"rendered":"<p>Fita Adesiva Hansaplast Classic<br \/>\nEsta fita adesiva \u00e9 um artigo essencial a ter em casa para primeiros socorros, uma vez que fixa pensos e compressas de forma segura e firme. \u00c9 tamb\u00e9m adequado para fixar equipamento m\u00e9dico, como tubos, cateteres, sondas e instrumentos de medi\u00e7\u00e3o. Pode ser cortada \u00e0 m\u00e3o, pelo que n\u00e3o \u00e9 necess\u00e1rio usar u&#8230;<\/p>\n","protected":false},"featured_media":6578,"template":"","meta":{"spay_email":""},"product_cat":[15],"product_tag":[],"class_list":{"0":"post-6577","1":"product","2":"type-product","3":"status-publish","4":"has-post-thumbnail","6":"product_cat-sem-categoria","8":"first","9":"instock","10":"taxable","11":"shipping-taxable","12":"purchasable","13":"product-type-simple"},"acf":[],"jetpack-related-posts":[{"id":6686,"url":"https:\/\/mundo.seashell.pt\/?product=hansaplast-compressas-esterilizadas-10cm","url_meta":{"origin":6577,"position":0},"title":"Hansaplast Compressas Esterilizadas &#8211; 10cm","date":"Fevereiro 23, 2022","format":false,"excerpt":"Compressas Esterilizadas Hansaplast As Compressas Esterilizadas s\u00e3o um artigo essencial dos kits de primeiros socorros dom\u00e9sticos recomendados pela Organiza\u00e7\u00e3o Mundial de Sa\u00fade e a Cruz Vermelha. As Compressas Esterilizadas Hansaplast s\u00e3o ideais para usar imediatamente ap\u00f3s um acidente. Concebidas para limpar e cobrir feridas do dia ...","rel":"","context":"Similar post","img":{"alt_text":"","src":"https:\/\/i0.wp.com\/mundo.seashell.pt\/wp-content\/uploads\/2022\/02\/Hansaplast_Compressas_Esterilizadas_5x2_compressas_10_x_10cm_4005800180729.png?resize=350%2C200&ssl=1","width":350,"height":200},"classes":[]},{"id":6571,"url":"https:\/\/mundo.seashell.pt\/?product=hansaplast-banda-universal-1m-x-6cm","url_meta":{"origin":6577,"position":1},"title":"Hansaplast Banda Universal 1m x 6cm","date":"Fevereiro 23, 2022","format":false,"excerpt":"Os pensos Hansaplast Universal s\u00e3o adequados para a cobertura e prote\u00e7\u00e3o de todos os tipos de feridas mais pequenas. Os pensos Hansaplast bloqueiam contra sujidade e bact\u00e9rias. O material \u00e9 respir\u00e1vel e resistente \u00e0 \u00e1gua. A compressa n\u00e3o aderente protege e amortece a ferida. A forte adesividade garante que o\u2026","rel":"","context":"Similar post","img":{"alt_text":"","src":"https:\/\/i0.wp.com\/mundo.seashell.pt\/wp-content\/uploads\/2022\/02\/Hansaplast_Banda_Universal_10_bandas_adesivas_1m_x_6cm_4005800174902.png?resize=350%2C200&ssl=1","width":350,"height":200},"classes":[]},{"id":7118,"url":"https:\/\/mundo.seashell.pt\/?product=agisol-fita-spanha-moscas-4-un","url_meta":{"origin":6577,"position":2},"title":"Agisol Fita Spanha Moscas 4 Un","date":"Fevereiro 23, 2022","format":false,"excerpt":"Fita adesiva em rolo, sem inseticida, para controlo de moscas. Proteja a sua fam\u00edlia. Aproveite cada momento.Descri\u00e7\u00e3o: Apanha moscas sem inseticida, at\u00e9 6 semanas de efic\u00e1cia. Conselhos de utiliza\u00e7\u00e3o: Aque\u00e7a o tubo nas m\u00e3os para ficar \u00e0 temperatura ambiente. Retire a tampa de cart\u00e3o e extraia a tira, us...","rel":"","context":"Similar post","img":{"alt_text":"","src":"https:\/\/i0.wp.com\/mundo.seashell.pt\/wp-content\/uploads\/2022\/02\/transferir__20_.jpeg?resize=350%2C200&ssl=1","width":350,"height":200},"classes":[]},{"id":7124,"url":"https:\/\/mundo.seashell.pt\/?product=sbm-armadilha-para-formigas-2-un","url_meta":{"origin":6577,"position":3},"title":"SBM Armadilha para Formigas 2 Un","date":"Fevereiro 23, 2022","format":false,"excerpt":"Antiarmadilha de formiga SBM Altamente eficaz para todas as esp\u00e9cies de formigas. Ativa\u00e7\u00e3o pressionando o centro da armadilha. Permanece ativo at\u00e9 90 dias. Inclui tiras adesivas para instala\u00e7\u00e3o nem na vertical. SBM formiga armadilha efetivamente controle de formigas e formiga gra\u00e7as a um gel ultra concentrado muito atraente. Pr\u00e1tico, \u00e9\u2026","rel":"","context":"Similar post","img":{"alt_text":"","src":"https:\/\/i0.wp.com\/mundo.seashell.pt\/wp-content\/uploads\/2022\/02\/transferir__21_.jpeg?resize=350%2C200&ssl=1","width":350,"height":200},"classes":[]},{"id":5832,"url":"https:\/\/mundo.seashell.pt\/?product=kit-oxipur-action-4x500ml","url_meta":{"origin":6577,"position":4},"title":"Kit Oxipur Action 4x500Ml &#8211; Tira N\u00f3doas","date":"Fevereiro 23, 2022","format":false,"excerpt":"Kit completo de tira-n\u00f3doas e agentes de pr\u00e9-tratamento espec\u00edfico para todos os tipos de n\u00f3doas.","rel":"","context":"Similar post","img":{"alt_text":"","src":"https:\/\/i0.wp.com\/mundo.seashell.pt\/wp-content\/uploads\/2022\/02\/oxipur_kit.jpg?resize=350%2C200&ssl=1","width":350,"height":200},"classes":[]},{"id":7120,"url":"https:\/\/mundo.seashell.pt\/?product=baygon-fita-apanha-moscas-4-un","url_meta":{"origin":6577,"position":5},"title":"Baygon Fita Apanha Moscas 4 Un","date":"Fevereiro 23, 2022","format":false,"excerpt":"Proteja a sua fam\u00edlia. Aproveite cada momento.Descri\u00e7\u00e3o: Apanha moscas sem inseticida, at\u00e9 6 semanas de efic\u00e1cia. Conselhos de utiliza\u00e7\u00e3o: Aque\u00e7a o tubo nas m\u00e3os para ficar \u00e0 temperatura ambiente. Retire a tampa de cart\u00e3o e extraia a tira, usando a fita colorida, rodando ligeiramente. Suspenda a tira, usando o ...","rel":"","context":"Similar post","img":{"alt_text":"","src":"https:\/\/i0.wp.com\/mundo.seashell.pt\/wp-content\/uploads\/2022\/02\/4383019-frente.jpeg?resize=350%2C200&ssl=1","width":350,"height":200},"classes":[]}],"_links":{"self":[{"href":"https:\/\/mundo.seashell.pt\/index.php?rest_route=\/wp\/v2\/product\/6577","targetHints":{"allow":["GET"]}}],"collection":[{"href":"https:\/\/mundo.seashell.pt\/index.php?rest_route=\/wp\/v2\/product"}],"about":[{"href":"https:\/\/mundo.seashell.pt\/index.php?rest_route=\/wp\/v2\/types\/product"}],"wp:featuredmedia":[{"embeddable":true,"href":"https:\/\/mundo.seashell.pt\/index.php?rest_route=\/wp\/v2\/media\/6578"}],"wp:attachment":[{"href":"https:\/\/mundo.seashell.pt\/index.php?rest_route=%2Fwp%2Fv2%2Fmedia&parent=6577"}],"wp:term":[{"taxonomy":"product_cat","embeddable":true,"href":"https:\/\/mundo.seashell.pt\/index.php?rest_route=%2Fwp%2Fv2%2Fproduct_cat&post=6577"},{"taxonomy":"product_tag","embeddable":true,"href":"https:\/\/mundo.seashell.pt\/index.php?rest_route=%2Fwp%2Fv2%2Fproduct_tag&post=6577"}],"curies":[{"name":"wp","href":"https:\/\/api.w.org\/{rel}","templated":true}]}}