{"id":6575,"date":"2022-02-23T18:47:05","date_gmt":"2022-02-23T18:47:05","guid":{"rendered":"https:\/\/mundo.seashell.pt\/?post_type=product&#038;p=6575"},"modified":"2022-02-23T18:47:07","modified_gmt":"2022-02-23T18:47:07","slug":"hansaplast-aqua-protect-20-pensos","status":"publish","type":"product","link":"https:\/\/mundo.seashell.pt\/?product=hansaplast-aqua-protect-20-pensos","title":{"rendered":"Hansaplast Aqua Protect &#8211; 20 pensos"},"content":{"rendered":"<h3>Aqua protect<\/h3>\n<p>Pensos 100% \u00e0 prova de \u00e1gua que cobrem e protegem pequenas feridas. O material \u00e9 flex\u00edvel e de material respir\u00e1vel, proporcionando um maior conforto e impedindo a \u00e1gua de entrar em contacto com a ferida. <\/p>\n<p>Os pensos Hansaplast bloqueiam contra sujidade e bact\u00e9rias.<\/p>\n","protected":false},"excerpt":{"rendered":"<p>Aqua protect<br \/>\nPensos 100% \u00e0 prova de \u00e1gua que cobrem e protegem pequenas feridas. O material \u00e9 flex\u00edvel e de material respir\u00e1vel, proporcionando um maior conforto e impedindo a \u00e1gua de entrar em contacto com a ferida.<br \/>\nOs pensos Hansaplast bloqueiam contra sujidade e bact\u00e9rias.<\/p>\n","protected":false},"featured_media":6576,"template":"","meta":{"spay_email":""},"product_cat":[15],"product_tag":[],"class_list":{"0":"post-6575","1":"product","2":"type-product","3":"status-publish","4":"has-post-thumbnail","6":"product_cat-sem-categoria","8":"first","9":"instock","10":"taxable","11":"shipping-taxable","12":"purchasable","13":"product-type-simple"},"acf":[],"jetpack-related-posts":[{"id":6571,"url":"https:\/\/mundo.seashell.pt\/?product=hansaplast-banda-universal-1m-x-6cm","url_meta":{"origin":6575,"position":0},"title":"Hansaplast Banda Universal 1m x 6cm","date":"Fevereiro 23, 2022","format":false,"excerpt":"Os pensos Hansaplast Universal s\u00e3o adequados para a cobertura e prote\u00e7\u00e3o de todos os tipos de feridas mais pequenas. Os pensos Hansaplast bloqueiam contra sujidade e bact\u00e9rias. O material \u00e9 respir\u00e1vel e resistente \u00e0 \u00e1gua. A compressa n\u00e3o aderente protege e amortece a ferida. A forte adesividade garante que o\u2026","rel":"","context":"Similar post","img":{"alt_text":"","src":"https:\/\/i0.wp.com\/mundo.seashell.pt\/wp-content\/uploads\/2022\/02\/Hansaplast_Banda_Universal_10_bandas_adesivas_1m_x_6cm_4005800174902.png?resize=350%2C200&ssl=1","width":350,"height":200},"classes":[]},{"id":6573,"url":"https:\/\/mundo.seashell.pt\/?product=hansaplast-pensos-universais-sortido-20","url_meta":{"origin":6575,"position":1},"title":"Hansaplast Pensos Universais &#8211; Sortido 20","date":"Fevereiro 23, 2022","format":false,"excerpt":"Mix pack para as m\u00e3os O Hansaplast Mix pack para as m\u00e3os cont\u00e9m uma variedade de pensos com diferentes formas e materiais, para v\u00e1rios fins. Os pensos Hansaplast bloqueiam contra sujidade e bact\u00e9rias. Este formato multiusos \u00e9 ideal para a aplica\u00e7\u00e3o em diferentes zonas das m\u00e3os e dos dedos. Pensos\u2026","rel":"","context":"Similar post","img":{"alt_text":"","src":"https:\/\/i0.wp.com\/mundo.seashell.pt\/wp-content\/uploads\/2022\/02\/Hansaplast_Pensos_Universal_-_20_Unid.___4_Tamanhos_20_pensos_-_4_tamanhos_4005800174889.png?resize=350%2C200&ssl=1","width":350,"height":200},"classes":[]},{"id":6686,"url":"https:\/\/mundo.seashell.pt\/?product=hansaplast-compressas-esterilizadas-10cm","url_meta":{"origin":6575,"position":2},"title":"Hansaplast Compressas Esterilizadas &#8211; 10cm","date":"Fevereiro 23, 2022","format":false,"excerpt":"Compressas Esterilizadas Hansaplast As Compressas Esterilizadas s\u00e3o um artigo essencial dos kits de primeiros socorros dom\u00e9sticos recomendados pela Organiza\u00e7\u00e3o Mundial de Sa\u00fade e a Cruz Vermelha. As Compressas Esterilizadas Hansaplast s\u00e3o ideais para usar imediatamente ap\u00f3s um acidente. Concebidas para limpar e cobrir feridas do dia ...","rel":"","context":"Similar post","img":{"alt_text":"","src":"https:\/\/i0.wp.com\/mundo.seashell.pt\/wp-content\/uploads\/2022\/02\/Hansaplast_Compressas_Esterilizadas_5x2_compressas_10_x_10cm_4005800180729.png?resize=350%2C200&ssl=1","width":350,"height":200},"classes":[]},{"id":6205,"url":"https:\/\/mundo.seashell.pt\/?product=pano-breazy-vileda-25-panos","url_meta":{"origin":6575,"position":3},"title":"Pano Breazy &#8211; Vileda (25 panos)","date":"Fevereiro 23, 2022","format":false,"excerpt":"Breazy Breazy \u00e9 o pano ideal para uso a curto prazo Supera qualquer outro pano semi-descart\u00e1vel, tanto pela componente de microfibras que cont\u00eam fibras como design ondulado da superf\u00edcie. Gra\u00e7as ao seu pre\u00e7o competitivo permite adaptar-se a qualquer objetivo. Baixo cuidadoBreazy n\u00e3o requer lavage...","rel":"","context":"Similar post","img":{"alt_text":"","src":"https:\/\/i0.wp.com\/mundo.seashell.pt\/wp-content\/uploads\/2022\/02\/01-wiping-05-semi-disposible-cloths-01-breazy-portrait_PhotoRoom_20210418_122928.jpg?resize=350%2C200&ssl=1","width":350,"height":200},"classes":[]},{"id":6433,"url":"https:\/\/mundo.seashell.pt\/?product=mistolin-tira-gorduras-desinfetante-05l","url_meta":{"origin":6575,"position":4},"title":"Mistolin Tira gorduras Desinfetante 500ml","date":"Fevereiro 23, 2022","format":false,"excerpt":"Mistolin \u00e9 uma marca portuguesa, pensada para simplificar e ajudar nas tarefas dif\u00edceis de limpeza da casa. A sua f\u00f3rmula \u00e9 \u00fanica e imbat\u00edvel na limpeza de gorduras e sujidades mais dif\u00edceis. Indicado para a limpeza de todo o tipo de pe\u00e7as e superf\u00edcies gordurosas, manchas dif\u00edceis, sujidades incrustadas e\u2026","rel":"","context":"Similar post","img":{"alt_text":"","src":"https:\/\/i0.wp.com\/mundo.seashell.pt\/wp-content\/uploads\/2022\/02\/MISTOLIN_Tira_Gorduras_Desinfetante_545ml__5600258596628.png?resize=350%2C200&ssl=1","width":350,"height":200},"classes":[]},{"id":6267,"url":"https:\/\/mundo.seashell.pt\/?product=sanytol-superficies-12l","url_meta":{"origin":6575,"position":5},"title":"Sanytol Superf\u00edcies 1,2l","date":"Fevereiro 23, 2022","format":false,"excerpt":"Limpador Desinfetante Pavimentos & Superf\u00edcies \u2013 Eucalipto DESCRI\u00c7\u00c3O Mantenha sua casa saud\u00e1vel com o SANYTOL limpador desinfetante para pavimentos e superf\u00edcies! Elimina a sujidade e desinfeta completamente sem esfor\u00e7o. Quando dilu\u00eddo, \u00e9 ideal para a limpeza de pavimentos e \u00e1reas grandes, como portas ou ladrilhos. Em...","rel":"","context":"Similar post","img":{"alt_text":"","src":"https:\/\/i0.wp.com\/mundo.seashell.pt\/wp-content\/uploads\/2022\/02\/SANYTOL_DESINFECTANTE_PAVIMENTOS_E_SUPERFI_CIES_1_2l_8411135670198.png?resize=350%2C200&ssl=1","width":350,"height":200},"classes":[]}],"_links":{"self":[{"href":"https:\/\/mundo.seashell.pt\/index.php?rest_route=\/wp\/v2\/product\/6575","targetHints":{"allow":["GET"]}}],"collection":[{"href":"https:\/\/mundo.seashell.pt\/index.php?rest_route=\/wp\/v2\/product"}],"about":[{"href":"https:\/\/mundo.seashell.pt\/index.php?rest_route=\/wp\/v2\/types\/product"}],"wp:featuredmedia":[{"embeddable":true,"href":"https:\/\/mundo.seashell.pt\/index.php?rest_route=\/wp\/v2\/media\/6576"}],"wp:attachment":[{"href":"https:\/\/mundo.seashell.pt\/index.php?rest_route=%2Fwp%2Fv2%2Fmedia&parent=6575"}],"wp:term":[{"taxonomy":"product_cat","embeddable":true,"href":"https:\/\/mundo.seashell.pt\/index.php?rest_route=%2Fwp%2Fv2%2Fproduct_cat&post=6575"},{"taxonomy":"product_tag","embeddable":true,"href":"https:\/\/mundo.seashell.pt\/index.php?rest_route=%2Fwp%2Fv2%2Fproduct_tag&post=6575"}],"curies":[{"name":"wp","href":"https:\/\/api.w.org\/{rel}","templated":true}]}}